{"id":515,"date":"2025-09-23T12:22:39","date_gmt":"2025-09-23T12:22:39","guid":{"rendered":"https:\/\/dev.lfh.edu.gr\/site\/?page_id=515"},"modified":"2025-10-04T18:41:32","modified_gmt":"2025-10-04T18:41:32","slug":"examens-panhelleniques","status":"publish","type":"page","link":"https:\/\/lfh.edu.gr\/el\/section-hellenique\/examens-panhelleniques\/","title":{"rendered":"\u03a0\u03b1\u03bd\u03b5\u03bb\u03bb\u03ae\u03bd\u03b9\u03b5\u03c2 \u03b5\u03be\u03b5\u03c4\u03ac\u03c3\u03b5\u03b9\u03c2"},"content":{"rendered":"<section class=\"bde-section-515-106 bde-section\">\n  \n  \n\t\n\n\n\n<div class=\"section-container\"><div class=\"bde-div-515-316 bde-div\">\n  \n  \n\t\n\n\n\n<div class=\"bde-div-515-327 bde-div\">\n  \n  \n\t\n\n\n\n<div class=\"bde-button-515-328 bde-button\">\n    \n                                    \n    \n    \n    \n    \n            \n                    \n            \n            \n\n    \n    \n    \n    \n    \n    <a class=\"breakdance-link button-atom button-atom--text bde-button__button\" href=\"\/el\/\" target=\"_self\" data-type=\"url\"  >\n\n    \n        <span class=\"button-atom__text\">\u0391\u03c1\u03c7\u03b9\u03ba\u03ae \u03c3\u03b5\u03bb\u03af\u03b4\u03b1<\/span>\n\n        \n        \n                <\/a>\n\n    \n\n\n<\/div><div class=\"bde-text-515-329 bde-text\">\n\"\n<\/div><div class=\"bde-text-515-332 bde-text\">\n\u0395\u03bb\u03bb\u03b7\u03bd\u03b9\u03ba\u03cc \u03a4\u03bc\u03ae\u03bc\u03b1\n<\/div><div class=\"bde-text-515-361 bde-text\">\n\"\n<\/div><div class=\"bde-text-515-360 bde-text\">\n\u039b\u03cd\u03ba\u03b5\u03b9\u03bf\n<\/div>\n<\/div><h1 class=\"bde-heading-515-318 bde-heading\">\n\u03a0\u03b1\u03bd\u03b5\u03bb\u03bb\u03b1\u03b4\u03b9\u03ba\u03ad\u03c2 \u03b5\u03be\u03b5\u03c4\u03ac\u03c3\u03b5\u03b9\u03c2\n<\/h1>\n<\/div><div class=\"bde-div-515-334 bde-div\">\n  \n  \n\t\n\n\n\n<div class=\"bde-div-515-338 bde-div\">\n  \n  \n\t\n\n\n\n<h2 class=\"bde-heading-515-339 bde-heading\">\n\u03a0\u03b1\u03bd\u03b5\u03bb\u03bb\u03b1\u03b4\u03b9\u03ba\u03ad\u03c2 \u03b5\u03be\u03b5\u03c4\u03ac\u03c3\u03b5\u03b9\u03c2\n<\/h2><div class=\"bde-rich-text-515-340 bde-rich-text breakdance-rich-text-styles\">\n<p>\u03a0\u03b1\u03c1\u03b1\u03ba\u03ac\u03c4\u03c9 \u03b8\u03b1 \u03b2\u03c1\u03b5\u03af\u03c4\u03b5 \u03cc\u03bb\u03b5\u03c2 \u03c4\u03b9\u03c2 \u03c0\u03bb\u03b7\u03c1\u03bf\u03c6\u03bf\u03c1\u03af\u03b5\u03c2 \u03c0\u03bf\u03c5 \u03c7\u03c1\u03b5\u03b9\u03ac\u03b6\u03b5\u03c3\u03c4\u03b5 \u03b3\u03b9\u03b1 \u03c4\u03b9\u03c2 \u03c4\u03b5\u03bb\u03b5\u03c5\u03c4\u03b1\u03af\u03b5\u03c2 \u03c0\u03b1\u03bd\u03b5\u03bb\u03bb\u03b1\u03b4\u03b9\u03ba\u03ad\u03c2 \u03b5\u03be\u03b5\u03c4\u03ac\u03c3\u03b5\u03b9\u03c2.<\/p>\n<\/div><div class=\"bde-accordion-515-341 bde-accordion bde-accordion--bordered-bottom\"><div class=\"bde-accordion__content-wrapper-515-342 bde-accordion__content-wrapper\">\n<h3 class=\"bde-accordion__title-tag\">\n  <button type=\"button\" class=\"bde-accordion__button\" id=\"accordion-button-342\" aria-controls=\"accordion-panel-342\" aria-expanded=\"false\">\n     <span class=\"bde-accordion__title\" >\u0395\u03b9\u03c3\u03b1\u03b3\u03c9\u03b3\u03ae \u03b1\u03c4\u03cc\u03bc\u03c9\u03bd \u03c0\u03bf\u03c5 \u03c0\u03ac\u03c3\u03c7\u03bf\u03c5\u03bd \u03b1\u03c0\u03cc \u03c3\u03bf\u03b2\u03b1\u03c1\u03ad\u03c2 \u03c0\u03b1\u03b8\u03ae\u03c3\u03b5\u03b9\u03c2<\/span>\n     <span class=\"bde-accordion__icon bde-accordion__icon--default\"><\/span>\n     <span class=\"bde-accordion__icon bde-accordion__icon--active\"><\/span>\n  <\/button>\n<\/h3>\n\n<div role=\"region\" class=\"bde-accordion__panel\" id=\"accordion-panel-342\" aria-labelledby=\"accordion-button-342\">\n    <div class=\"bde-accordion__panel-content\">\n        <div class=\"bde-div-515-363 bde-div\">\n  \n  \n\t\n\n\n\n<div class=\"bde-button-515-366 bde-button\">\n    \n                                    \n    \n    \n    \n    \n            \n                    \n            \n            \n\n    \n    \n    \n    \n    \n    <a class=\"breakdance-link button-atom button-atom--text bde-button__button\" href=\"https:\/\/lfh.edu.gr\/wordpress\/wp-content\/uploads\/2025\/10\/admission-enseignement-maladie-grave.pdf\" target=\"_blank\" data-type=\"url\"  >\n\n    \n        <span class=\"button-atom__text\">\u0394\u03b5\u03af\u03c4\u03b5 \u03c4\u03b7\u03bd \u03ad\u03ba\u03b8\u03b5\u03c3\u03b7<\/span>\n\n        \n                    \n    <span class=\"button-atom__icon-wrapper\">\n\n        \n            <svg class=\"un-arrow-icon\" width=\"10\" height=\"10\" viewbox=\"0 0 10 10\" aria-hidden=\"true\">\n                <g fill-rule=\"evenodd\">\n                    <path class=\"un-arrow-icon_line\" d=\"M0 5h7\"><\/path>\n                    <path class=\"un-arrow-icon_arrow\" d=\"M1 1l4 4-4 4\"><\/path>\n                <\/g>\n            <\/svg>\n\n        \n    <\/span>\n\n\n        \n                <\/a>\n\n    \n\n\n<\/div>\n<\/div>\n    <\/div>\n<\/div>\n\n\n\n<\/div><div class=\"bde-accordion__content-wrapper-515-368 bde-accordion__content-wrapper\">\n<h3 class=\"bde-accordion__title-tag\">\n  <button type=\"button\" class=\"bde-accordion__button\" id=\"accordion-button-368\" aria-controls=\"accordion-panel-368\" aria-expanded=\"false\">\n     <span class=\"bde-accordion__title\" >\u0391\u03c0\u03bf\u03c4\u03b5\u03bb\u03ad\u03c3\u03bc\u03b1\u03c4\u03b1 \u03c4\u03c9\u03bd \u03c0\u03b1\u03bd\u03b5\u03bb\u03bb\u03b1\u03b4\u03b9\u03ba\u03ce\u03bd \u03b5\u03be\u03b5\u03c4\u03ac\u03c3\u03b5\u03c9\u03bd \u03ba\u03b1\u03b9 \u03c4\u03c9\u03bd \u0393\u03b1\u03bb\u03bb\u03b9\u03ba\u03ce\u03bd \u03c0\u03b1\u03bd\u03b5\u03c0\u03b9\u03c3\u03c4\u03b7\u03bc\u03af\u03c9\u03bd 2025<\/span>\n     <span class=\"bde-accordion__icon bde-accordion__icon--default\"><\/span>\n     <span class=\"bde-accordion__icon bde-accordion__icon--active\"><\/span>\n  <\/button>\n<\/h3>\n\n<div role=\"region\" class=\"bde-accordion__panel\" id=\"accordion-panel-368\" aria-labelledby=\"accordion-button-368\">\n    <div class=\"bde-accordion__panel-content\">\n        <div class=\"bde-div-515-369 bde-div\">\n  \n  \n\t\n\n\n\n<div class=\"bde-button-515-370 bde-button\">\n    \n                                    \n    \n    \n    \n    \n            \n                    \n            \n            \n\n    \n    \n    \n    \n    \n    <a class=\"breakdance-link button-atom button-atom--text bde-button__button\" href=\"https:\/\/lfh.edu.gr\/wordpress\/wp-content\/uploads\/2025\/10\/lycee_statistika_2025_-2_0.pdf\" target=\"_blank\" data-type=\"url\"  >\n\n    \n        <span class=\"button-atom__text\">\u0394\u03b5\u03af\u03c4\u03b5 \u03c4\u03b1 \u03c3\u03c4\u03b1\u03c4\u03b9\u03c3\u03c4\u03b9\u03ba\u03ac \u03b1\u03c0\u03bf\u03c4\u03b5\u03bb\u03ad\u03c3\u03bc\u03b1\u03c4\u03b1<\/span>\n\n        \n                    \n    <span class=\"button-atom__icon-wrapper\">\n\n        \n            <svg class=\"un-arrow-icon\" width=\"10\" height=\"10\" viewbox=\"0 0 10 10\" aria-hidden=\"true\">\n                <g fill-rule=\"evenodd\">\n                    <path class=\"un-arrow-icon_line\" d=\"M0 5h7\"><\/path>\n                    <path class=\"un-arrow-icon_arrow\" d=\"M1 1l4 4-4 4\"><\/path>\n                <\/g>\n            <\/svg>\n\n        \n    <\/span>\n\n\n        \n                <\/a>\n\n    \n\n\n<\/div><div class=\"bde-button-515-371 bde-button\">\n    \n                                    \n    \n    \n    \n    \n            \n                    \n            \n            \n\n    \n    \n    \n    \n    \n    <a class=\"breakdance-link button-atom button-atom--text bde-button__button\" href=\"https:\/\/lfh.edu.gr\/wordpress\/wp-content\/uploads\/2025\/10\/lycee_statistika_ecoles_2025_-2_0.pdf\" target=\"_blank\" data-type=\"url\"  >\n\n    \n        <span class=\"button-atom__text\">\u0394\u03b5\u03af\u03c4\u03b5 \u03c4\u03b1 \u03c3\u03c4\u03b1\u03c4\u03b9\u03c3\u03c4\u03b9\u03ba\u03ac \u03b1\u03c0\u03bf\u03c4\u03b5\u03bb\u03ad\u03c3\u03bc\u03b1\u03c4\u03b1 \u03b3\u03b9\u03b1 \u03c4\u03b1 \u03c3\u03c7\u03bf\u03bb\u03b5\u03af\u03b1\/\u03b1\u03c0\u03bf\u03c6\u03bf\u03af\u03c4\u03bf\u03c5\u03c2<\/span>\n\n        \n                    \n    <span class=\"button-atom__icon-wrapper\">\n\n        \n            <svg class=\"un-arrow-icon\" width=\"10\" height=\"10\" viewbox=\"0 0 10 10\" aria-hidden=\"true\">\n                <g fill-rule=\"evenodd\">\n                    <path class=\"un-arrow-icon_line\" d=\"M0 5h7\"><\/path>\n                    <path class=\"un-arrow-icon_arrow\" d=\"M1 1l4 4-4 4\"><\/path>\n                <\/g>\n            <\/svg>\n\n        \n    <\/span>\n\n\n        \n                <\/a>\n\n    \n\n\n<\/div><div class=\"bde-button-515-372 bde-button\">\n    \n                                    \n    \n    \n    \n    \n            \n                    \n            \n            \n\n    \n    \n    \n    \n    \n    <a class=\"breakdance-link button-atom button-atom--text bde-button__button\" href=\"https:\/\/lfh.edu.gr\/wordpress\/wp-content\/uploads\/2025\/10\/les-resultats-dadmission-dans-les-universites-francaises-pour-lannee-scolaire-2024-2025.pdf\" target=\"_blank\" data-type=\"url\"  >\n\n    \n        <span class=\"button-atom__text\">\u0394\u03b5\u03af\u03c4\u03b5 \u03c4\u03b1 \u03b1\u03c0\u03bf\u03c4\u03b5\u03bb\u03ad\u03c3\u03bc\u03b1\u03c4\u03b1 \u03b5\u03b9\u03c3\u03b1\u03b3\u03c9\u03b3\u03ae\u03c2 \u03b3\u03b9\u03b1 \u03c4\u03b1 \u03b3\u03b1\u03bb\u03bb\u03b9\u03ba\u03ac \u03c0\u03b1\u03bd\u03b5\u03c0\u03b9\u03c3\u03c4\u03ae\u03bc\u03b9\u03b1<\/span>\n\n        \n                    \n    <span class=\"button-atom__icon-wrapper\">\n\n        \n            <svg class=\"un-arrow-icon\" width=\"10\" height=\"10\" viewbox=\"0 0 10 10\" aria-hidden=\"true\">\n                <g fill-rule=\"evenodd\">\n                    <path class=\"un-arrow-icon_line\" d=\"M0 5h7\"><\/path>\n                    <path class=\"un-arrow-icon_arrow\" d=\"M1 1l4 4-4 4\"><\/path>\n                <\/g>\n            <\/svg>\n\n        \n    <\/span>\n\n\n        \n                <\/a>\n\n    \n\n\n<\/div>\n<\/div>\n    <\/div>\n<\/div>\n\n\n\n<\/div>\r\n\r\n<\/div>\n<\/div>\n<\/div><\/div>\n<\/section>","protected":false},"excerpt":{"rendered":"<p>Accueil \u00bb Section Hell\u00e9nique \u00bb Lyc\u00e9e Les examens Panhell\u00e9niques Examens nationaux grecs Vous trouverez ci-dessous toutes les informations concernant les derniers examens panhell\u00e9niques. Admission des personnes souffrant de pathologies graves Voir le rapport R\u00e9sultat des examens Panhell\u00e9niques et Fran\u00e7ais 2025 Voir les r\u00e9sultats statistiques des examens Voir les r\u00e9sultats statistiques des \u00e9coles\/diplom\u00e9s Voir les r\u00e9sultats [&hellip;]<\/p>","protected":false},"author":1,"featured_media":0,"parent":451,"menu_order":0,"comment_status":"closed","ping_status":"closed","template":"","meta":{"inline_featured_image":false,"_breakdance_hide_in_design_set":false,"_breakdance_tags":"","footnotes":""},"class_list":["post-515","page","type-page","status-publish","hentry"],"yoast_head":"<!-- This site is optimized with the Yoast SEO plugin v24.4 - https:\/\/yoast.com\/wordpress\/plugins\/seo\/ -->\n<title>Les examens panhell\u00e9niques - Lyc\u00e9e Franco-Hell\u00e9nique Eug\u00e8ne Delacroix<\/title>\n<meta name=\"description\" content=\"Apprenez-en plus sur les examens panhell\u00e9niques au Lyc\u00e9e Franco-Hell\u00e9nique Eug\u00e8ne-Delacroix d&#039;Ath\u00e8nes (LFHED).\" \/>\n<meta name=\"robots\" content=\"index, nofollow, max-snippet:-1, max-image-preview:large, max-video-preview:-1\" \/>\n<link rel=\"canonical\" href=\"https:\/\/lfh.edu.gr\/el\/section-hellenique\/examens-panhelleniques\/\" \/>\n<meta property=\"og:locale\" content=\"el_GR\" \/>\n<meta property=\"og:type\" content=\"article\" \/>\n<meta property=\"og:title\" content=\"Les examens panhell\u00e9niques - Lyc\u00e9e Franco-Hell\u00e9nique Eug\u00e8ne Delacroix\" \/>\n<meta property=\"og:description\" content=\"Apprenez-en plus sur les examens panhell\u00e9niques au Lyc\u00e9e Franco-Hell\u00e9nique Eug\u00e8ne-Delacroix d&#039;Ath\u00e8nes (LFHED).\" \/>\n<meta property=\"og:url\" content=\"https:\/\/lfh.edu.gr\/el\/section-hellenique\/examens-panhelleniques\/\" \/>\n<meta property=\"og:site_name\" content=\"Lyc\u00e9e Franco-Hell\u00e9nique Eug\u00e8ne Delacroix\" \/>\n<meta property=\"article:modified_time\" content=\"2025-10-04T18:41:32+00:00\" \/>\n<meta name=\"twitter:card\" content=\"summary_large_image\" \/>\n<meta name=\"twitter:label1\" content=\"\u0395\u03ba\u03c4\u03b9\u03bc\u03ce\u03bc\u03b5\u03bd\u03bf\u03c2 \u03c7\u03c1\u03cc\u03bd\u03bf\u03c2 \u03b1\u03bd\u03ac\u03b3\u03bd\u03c9\u03c3\u03b7\u03c2\" \/>\n\t<meta name=\"twitter:data1\" content=\"1 \u03bb\u03b5\u03c0\u03c4\u03cc\" \/>\n<script type=\"application\/ld+json\" class=\"yoast-schema-graph\">{\"@context\":\"https:\/\/schema.org\",\"@graph\":[{\"@type\":\"WebPage\",\"@id\":\"https:\/\/lfh.edu.gr\/section-hellenique\/examens-panhelleniques\/\",\"url\":\"https:\/\/lfh.edu.gr\/section-hellenique\/examens-panhelleniques\/\",\"name\":\"Les examens panhell\u00e9niques - Lyc\u00e9e Franco-Hell\u00e9nique Eug\u00e8ne Delacroix\",\"isPartOf\":{\"@id\":\"https:\/\/lfh.edu.gr\/#website\"},\"datePublished\":\"2025-09-23T12:22:39+00:00\",\"dateModified\":\"2025-10-04T18:41:32+00:00\",\"description\":\"Apprenez-en plus sur les examens panhell\u00e9niques au Lyc\u00e9e Franco-Hell\u00e9nique Eug\u00e8ne-Delacroix d'Ath\u00e8nes (LFHED).\",\"breadcrumb\":{\"@id\":\"https:\/\/lfh.edu.gr\/section-hellenique\/examens-panhelleniques\/#breadcrumb\"},\"inLanguage\":\"el\",\"potentialAction\":[{\"@type\":\"ReadAction\",\"target\":[\"https:\/\/lfh.edu.gr\/section-hellenique\/examens-panhelleniques\/\"]}]},{\"@type\":\"BreadcrumbList\",\"@id\":\"https:\/\/lfh.edu.gr\/section-hellenique\/examens-panhelleniques\/#breadcrumb\",\"itemListElement\":[{\"@type\":\"ListItem\",\"position\":1,\"name\":\"Accueil\",\"item\":\"https:\/\/lfh.edu.gr\/\"},{\"@type\":\"ListItem\",\"position\":2,\"name\":\"SECTION HELL\u00c9NIQUE\",\"item\":\"https:\/\/lfh.edu.gr\/section-hellenique\/\"},{\"@type\":\"ListItem\",\"position\":3,\"name\":\"Les examens panhell\u00e9niques\"}]},{\"@type\":\"WebSite\",\"@id\":\"https:\/\/lfh.edu.gr\/#website\",\"url\":\"https:\/\/lfh.edu.gr\/\",\"name\":\"Lyc\u00e9e Franco-Hell\u00e9nique Eug\u00e8ne Delacroix\",\"description\":\"\",\"potentialAction\":[{\"@type\":\"SearchAction\",\"target\":{\"@type\":\"EntryPoint\",\"urlTemplate\":\"https:\/\/lfh.edu.gr\/?s={search_term_string}\"},\"query-input\":{\"@type\":\"PropertyValueSpecification\",\"valueRequired\":true,\"valueName\":\"search_term_string\"}}],\"inLanguage\":\"el\"}]}<\/script>\n<!-- \/ Yoast SEO plugin. -->","yoast_head_json":{"title":"Les examens panhell\u00e9niques - Lyc\u00e9e Franco-Hell\u00e9nique Eug\u00e8ne Delacroix","description":"Apprenez-en plus sur les examens panhell\u00e9niques au Lyc\u00e9e Franco-Hell\u00e9nique Eug\u00e8ne-Delacroix d'Ath\u00e8nes (LFHED).","robots":{"index":"index","follow":"nofollow","max-snippet":"max-snippet:-1","max-image-preview":"max-image-preview:large","max-video-preview":"max-video-preview:-1"},"canonical":"https:\/\/lfh.edu.gr\/el\/section-hellenique\/examens-panhelleniques\/","og_locale":"el_GR","og_type":"article","og_title":"Les examens panhell\u00e9niques - Lyc\u00e9e Franco-Hell\u00e9nique Eug\u00e8ne Delacroix","og_description":"Apprenez-en plus sur les examens panhell\u00e9niques au Lyc\u00e9e Franco-Hell\u00e9nique Eug\u00e8ne-Delacroix d'Ath\u00e8nes (LFHED).","og_url":"https:\/\/lfh.edu.gr\/el\/section-hellenique\/examens-panhelleniques\/","og_site_name":"Lyc\u00e9e Franco-Hell\u00e9nique Eug\u00e8ne Delacroix","article_modified_time":"2025-10-04T18:41:32+00:00","twitter_card":"summary_large_image","twitter_misc":{"\u0395\u03ba\u03c4\u03b9\u03bc\u03ce\u03bc\u03b5\u03bd\u03bf\u03c2 \u03c7\u03c1\u03cc\u03bd\u03bf\u03c2 \u03b1\u03bd\u03ac\u03b3\u03bd\u03c9\u03c3\u03b7\u03c2":"1 \u03bb\u03b5\u03c0\u03c4\u03cc"},"schema":{"@context":"https:\/\/schema.org","@graph":[{"@type":"WebPage","@id":"https:\/\/lfh.edu.gr\/section-hellenique\/examens-panhelleniques\/","url":"https:\/\/lfh.edu.gr\/section-hellenique\/examens-panhelleniques\/","name":"Les examens panhell\u00e9niques - Lyc\u00e9e Franco-Hell\u00e9nique Eug\u00e8ne Delacroix","isPartOf":{"@id":"https:\/\/lfh.edu.gr\/#website"},"datePublished":"2025-09-23T12:22:39+00:00","dateModified":"2025-10-04T18:41:32+00:00","description":"Apprenez-en plus sur les examens panhell\u00e9niques au Lyc\u00e9e Franco-Hell\u00e9nique Eug\u00e8ne-Delacroix d'Ath\u00e8nes (LFHED).","breadcrumb":{"@id":"https:\/\/lfh.edu.gr\/section-hellenique\/examens-panhelleniques\/#breadcrumb"},"inLanguage":"el","potentialAction":[{"@type":"ReadAction","target":["https:\/\/lfh.edu.gr\/section-hellenique\/examens-panhelleniques\/"]}]},{"@type":"BreadcrumbList","@id":"https:\/\/lfh.edu.gr\/section-hellenique\/examens-panhelleniques\/#breadcrumb","itemListElement":[{"@type":"ListItem","position":1,"name":"Accueil","item":"https:\/\/lfh.edu.gr\/"},{"@type":"ListItem","position":2,"name":"SECTION HELL\u00c9NIQUE","item":"https:\/\/lfh.edu.gr\/section-hellenique\/"},{"@type":"ListItem","position":3,"name":"Les examens panhell\u00e9niques"}]},{"@type":"WebSite","@id":"https:\/\/lfh.edu.gr\/#website","url":"https:\/\/lfh.edu.gr\/","name":"Lyc\u00e9e Franco-Hell\u00e9nique Eug\u00e8ne Delacroix","description":"","potentialAction":[{"@type":"SearchAction","target":{"@type":"EntryPoint","urlTemplate":"https:\/\/lfh.edu.gr\/?s={search_term_string}"},"query-input":{"@type":"PropertyValueSpecification","valueRequired":true,"valueName":"search_term_string"}}],"inLanguage":"el"}]}},"jetpack_sharing_enabled":true,"_links":{"self":[{"href":"https:\/\/lfh.edu.gr\/el\/wp-json\/wp\/v2\/pages\/515","targetHints":{"allow":["GET"]}}],"collection":[{"href":"https:\/\/lfh.edu.gr\/el\/wp-json\/wp\/v2\/pages"}],"about":[{"href":"https:\/\/lfh.edu.gr\/el\/wp-json\/wp\/v2\/types\/page"}],"author":[{"embeddable":true,"href":"https:\/\/lfh.edu.gr\/el\/wp-json\/wp\/v2\/users\/1"}],"replies":[{"embeddable":true,"href":"https:\/\/lfh.edu.gr\/el\/wp-json\/wp\/v2\/comments?post=515"}],"version-history":[{"count":6,"href":"https:\/\/lfh.edu.gr\/el\/wp-json\/wp\/v2\/pages\/515\/revisions"}],"predecessor-version":[{"id":730,"href":"https:\/\/lfh.edu.gr\/el\/wp-json\/wp\/v2\/pages\/515\/revisions\/730"}],"up":[{"embeddable":true,"href":"https:\/\/lfh.edu.gr\/el\/wp-json\/wp\/v2\/pages\/451"}],"wp:attachment":[{"href":"https:\/\/lfh.edu.gr\/el\/wp-json\/wp\/v2\/media?parent=515"}],"curies":[{"name":"wp","href":"https:\/\/api.w.org\/{rel}","templated":true}]}}