{"id":507,"date":"2025-09-23T12:24:46","date_gmt":"2025-09-23T12:24:46","guid":{"rendered":"https:\/\/dev.lfh.edu.gr\/site\/?page_id=507"},"modified":"2025-10-04T16:09:49","modified_gmt":"2025-10-04T16:09:49","slug":"activites-pedagogiques-college","status":"publish","type":"page","link":"https:\/\/lfh.edu.gr\/el\/section-hellenique\/activites-pedagogiques-college\/","title":{"rendered":"Les activit\u00e9s p\u00e9dagogiques du Coll\u00e8ge"},"content":{"rendered":"<section class=\"bde-section-507-106 bde-section\">\n  \n  \n\t\n\n\n\n<div class=\"section-container\"><div class=\"bde-div-507-316 bde-div\">\n  \n  \n\t\n\n\n\n<div class=\"bde-div-507-327 bde-div\">\n  \n  \n\t\n\n\n\n<div class=\"bde-button-507-328 bde-button\">\n    \n                                    \n    \n    \n    \n    \n            \n                    \n            \n            \n\n    \n    \n    \n    \n    \n    <a class=\"breakdance-link button-atom button-atom--text bde-button__button\" href=\"\/el\/\" target=\"_self\" data-type=\"url\"  >\n\n    \n        <span class=\"button-atom__text\">\u0391\u03c1\u03c7\u03b9\u03ba\u03ae \u03c3\u03b5\u03bb\u03af\u03b4\u03b1<\/span>\n\n        \n        \n                <\/a>\n\n    \n\n\n<\/div><div class=\"bde-text-507-329 bde-text\">\n\"\n<\/div><div class=\"bde-text-507-332 bde-text\">\n\u0395\u03bb\u03bb\u03b7\u03bd\u03b9\u03ba\u03cc \u03a4\u03bc\u03ae\u03bc\u03b1\n<\/div><div class=\"bde-text-507-338 bde-text\">\n\"\n<\/div><div class=\"bde-text-507-339 bde-text\">\n\u0393\u03c5\u03bc\u03bd\u03ac\u03c3\u03b9\u03bf\n<\/div>\n<\/div><h1 class=\"bde-heading-507-318 bde-heading\">\n\u0395\u03ba\u03c0\u03b1\u03b9\u03b4\u03b5\u03c5\u03c4\u03b9\u03ba\u03ad\u03c2 \u03b4\u03c1\u03b1\u03c3\u03c4\u03b7\u03c1\u03b9\u03cc\u03c4\u03b7\u03c4\u03b5\u03c2 \u03c4\u03bf\u03c5 \u0393\u03c5\u03bc\u03bd\u03b1\u03c3\u03af\u03bf\u03c5\n<\/h1>\n<\/div><div class=\"bde-div-507-334 bde-div\">\n  \n  \n\t\n\n\n\n<div class=\"bde-div-507-319 bde-div\">\n  \n  \n\t\n\n\n\n<h2 class=\"bde-heading-507-320 bde-heading\">\n\u0395\u03ba\u03c0\u03b1\u03b9\u03b4\u03b5\u03c5\u03c4\u03b9\u03ba\u03ad\u03c2 \u0394\u03c1\u03ac\u03c3\u03b5\u03b9\u03c2\n<\/h2><div class=\"bde-rich-text-507-321 bde-rich-text breakdance-rich-text-styles\">\n<p class=\"translation-block\">\u0395\u03ba\u03c4\u03cc\u03c2 \u03b1\u03c0\u03cc \u03c4\u03b7\u03bd \u03c4\u03c5\u03c0\u03b9\u03ba\u03ae \u03b4\u03b9\u03b4\u03b1\u03c3\u03ba\u03b1\u03bb\u03af\u03b1 \u03c4\u03c9\u03bd \u03b4\u03b9\u03b1\u03c6\u03bf\u03c1\u03b5\u03c4\u03b9\u03ba\u03ce\u03bd \u03b5\u03c0\u03b9\u03c3\u03c4\u03b7\u03bc\u03bf\u03bd\u03b9\u03ba\u03ce\u03bd \u03c0\u03b5\u03b4\u03af\u03c9\u03bd \u03bf\u03b9 \u03bc\u03b1\u03b8\u03b7\u03c4\u03ad\u03c2 \u03ba\u03ac\u03b8\u03b5 \u03c4\u03ac\u03be\u03b7\u03c2 \u03c3\u03c5\u03bc\u03bc\u03b5\u03c4\u03ad\u03c7\u03bf\u03c5\u03bd \u03c3\u03b5 \u03b5\u03ba\u03c0\u03b1\u03b9\u03b4\u03b5\u03c5\u03c4\u03b9\u03ba\u03ac \u03c0\u03c1\u03bf\u03b3\u03c1\u03ac\u03bc\u03bc\u03b1\u03c4\u03b1 \u03ba\u03b1\u03b9 \u03b5\u03ba\u03c0\u03bf\u03bd\u03bf\u03cd\u03bd \u03b4\u03b9\u03b1\u03b8\u03b5\u03bc\u03b1\u03c4\u03b9\u03ba\u03ad\u03c2 \u03b5\u03c1\u03b3\u03b1\u03c3\u03af\u03b5\u03c2. \u03a4\u03b1 \u03c0\u03c1\u03bf\u03b3\u03c1\u03ac\u03bc\u03bc\u03b1\u03c4\u03b1 \u03b1\u03c5\u03c4\u03ac \u03b1\u03c6\u03bf\u03c1\u03bf\u03cd\u03bd  \u03c0\u03bf\u03bb\u03b9\u03c4\u03b9\u03c3\u03c4\u03b9\u03ba\u03ac \u03b8\u03ad\u03bc\u03b1\u03c4\u03b1, \u03b8\u03ad\u03bc\u03b1\u03c4\u03b1 \u03b1\u03b3\u03c9\u03b3\u03ae\u03c2 \u03c5\u03b3\u03b5\u03af\u03b1\u03c2,  \u03c0\u03b5\u03c1\u03b9\u03b2\u03b1\u03bb\u03bb\u03bf\u03bd\u03c4\u03b9\u03ba\u03ae\u03c2 \u03b5\u03ba\u03c0\u03b1\u03af\u03b4\u03b5\u03c5\u03c3\u03b7\u03c2 \u03ba\u03b1\u03b9 \u03ba\u03bf\u03b9\u03bd\u03c9\u03bd\u03b9\u03ba\u03ae\u03c2 \u03b5\u03c5\u03b1\u03b9\u03c3\u03b8\u03b7\u03c4\u03bf\u03c0\u03bf\u03af\u03b7\u03c3\u03b7\u03c2.<\/p>\n<p>\u03a3\u03c4\u03b7\u03bd \u0391 \u03b3\u03c5\u03bc\u03bd\u03b1\u03c3\u03af\u03bf\u03c5 \u03bc\u03ac\u03bb\u03b9\u03c3\u03c4\u03b1 \u03c5\u03c0\u03ac\u03c1\u03c7\u03b5\u03b9 \u03b5\u03bd\u03c3\u03c9\u03bc\u03b1\u03c4\u03c9\u03bc\u03ad\u03bd\u03b7 \u03c3\u03c4\u03bf \u03c9\u03c1\u03bf\u03bb\u03cc\u03b3\u03b9\u03bf \u03c0\u03c1\u03cc\u03b3\u03c1\u03b1\u03bc\u03bc\u03b1  \u03b1\u03c5\u03c4\u03cc\u03bd\u03bf\u03bc\u03b7 \u03bc\u03af\u03b1 \u03ce\u03c1\u03b1  \u03ba\u03b1\u03c4\u03ac \u03c4\u03b7 \u03b4\u03b9\u03ac\u03c1\u03ba\u03b5\u03b9\u03b1 \u03c4\u03b7\u03c2 \u03bf\u03c0\u03bf\u03af\u03b1\u03c2 \u03bf\u03b9 \u03bc\u03b1\u03b8\u03b7\u03c4\u03ad\u03c2 \u03b1\u03bd\u03ac \u03c4\u03c1\u03b5\u03b9\u03c2 \u03bc\u03ae\u03bd\u03b5\u03c2 \u03b1\u03bb\u03bb\u03ac\u03b6\u03bf\u03c5\u03bd \u03ba\u03b1\u03b9 \u03c0\u03b5\u03b4\u03af\u03bf \u03ad\u03c1\u03b5\u03c5\u03bd\u03b1\u03c2. \u03a4\u03b1 \u03b8\u03ad\u03bc\u03b1\u03c4\u03b1 \u03c4\u03c9\u03bd \u03c0\u03c1\u03bf\u03b3\u03c1\u03b1\u03bc\u03bc\u03ac\u03c4\u03c9\u03bd \u03c0\u03c1\u03bf\u03ad\u03c1\u03c7\u03bf\u03bd\u03c4\u03b1\u03b9 \u03b1\u03c0\u03cc \u03c4\u03bf \u03ac\u03bc\u03b5\u03c3\u03bf \u03c0\u03b5\u03c1\u03b9\u03b2\u03ac\u03bb\u03bb\u03bf\u03bd \u03c4\u03bf\u03c5\u03c2, \u03b5\u03af\u03bd\u03b1\u03b9 \u03c0\u03bf\u03bb\u03cd\u03c0\u03c4\u03c5\u03c7\u03b1 \u03ba\u03b1\u03b9 \u03b4\u03af\u03bd\u03bf\u03c5\u03bd \u03b4\u03c5\u03bd\u03b1\u03c4\u03cc\u03c4\u03b7\u03c4\u03b5\u03c2 \u03b4\u03b9\u03b1\u03b8\u03b5\u03bc\u03b1\u03c4\u03b9\u03ba\u03ae\u03c2 \u03c0\u03c1\u03bf\u03c3\u03ad\u03b3\u03b3\u03b9\u03c3\u03b7\u03c2, \u03c0\u03b1\u03c1\u03ad\u03c7\u03bf\u03bd\u03c4\u03b1\u03c2 \u03bf\u03bb\u03b9\u03c3\u03c4\u03b9\u03ba\u03ae \u03c0\u03c1\u03bf\u03c3\u03ad\u03b3\u03b3\u03b9\u03c3\u03b7 \u03c4\u03b7\u03c2 \u03b3\u03bd\u03ce\u03c3\u03b7\u03c2. \u039c\u03ad\u03c3\u03b1 \u03b1\u03c0\u03cc \u03c4\u03b1 \u03c0\u03c1\u03bf\u03b3\u03c1\u03ac\u03bc\u03bc\u03b1\u03c4\u03b1 \u03b1\u03c5\u03c4\u03ac \u03b5\u03bd\u03b9\u03c3\u03c7\u03cd\u03b5\u03c4\u03b1\u03b9 \u03b7 \u03c3\u03c5\u03bd\u03b5\u03c1\u03b3\u03b1\u03c4\u03b9\u03ba\u03ae, \u03b2\u03b9\u03c9\u03bc\u03b1\u03c4\u03b9\u03ba\u03ae \u03ba\u03b1\u03b9 \u03b1\u03bd\u03b1\u03ba\u03b1\u03bb\u03c5\u03c0\u03c4\u03b9\u03ba\u03ae \u03bc\u03ac\u03b8\u03b7\u03c3\u03b7 \u03ba\u03b1\u03b9 \u03b5\u03bd\u03b8\u03b1\u03c1\u03c1\u03cd\u03bd\u03b5\u03c4\u03b1\u03b9 \u03b7 \u03b4\u03b7\u03bc\u03b9\u03bf\u03c5\u03c1\u03b3\u03b9\u03ba\u03ae \u03ba\u03b1\u03b9 \u03b5\u03bb\u03b5\u03cd\u03b8\u03b5\u03c1\u03b7 \u03ad\u03ba\u03c6\u03c1\u03b1\u03c3\u03b7.<\/p>\n<p>\u0393\u03b9\u03b1 \u03c4\u03b7\u03bd \u03c5\u03bb\u03bf\u03c0\u03bf\u03af\u03b7\u03c3\u03b7 \u03c4\u03c9\u03bd \u03c0\u03c1\u03bf\u03b3\u03c1\u03b1\u03bc\u03bc\u03ac\u03c4\u03c9\u03bd \u03b7 \u03a3\u03c7\u03bf\u03bb\u03ae \u03bc\u03b1\u03c2 \u03c3\u03c5\u03bd\u03b5\u03c1\u03b3\u03ac\u03b6\u03b5\u03c4\u03b1\u03b9  \u03bc\u03b5 \u03b4\u03b7\u03bc\u03cc\u03c3\u03b9\u03bf\u03c5\u03c2 \u03ba\u03b1\u03b9 \u03b9\u03b4\u03b9\u03c9\u03c4\u03b9\u03ba\u03bf\u03cd\u03c2 \u03c6\u03bf\u03c1\u03b5\u03af\u03c2, \u03ad\u03c7\u03b5\u03b9 \u03c3\u03c4\u03b1\u03b8\u03b5\u03c1\u03ae \u03c3\u03c5\u03bd\u03b5\u03c1\u03b3\u03b1\u03c3\u03af\u03b1 \u03bc\u03b5 \u03c4\u03bf \u03b3\u03b1\u03bb\u03bb\u03b9\u03ba\u03cc \u03b9\u03bd\u03c3\u03c4\u03b9\u03c4\u03bf\u03cd\u03c4\u03bf \u03ba\u03b1\u03b9 \u03c4\u03b7 \u0393\u03b1\u03bb\u03bb\u03b9\u03ba\u03ae \u0391\u03c1\u03c7\u03b1\u03b9\u03bf\u03bb\u03bf\u03b3\u03b9\u03ba\u03ae \u03a3\u03c7\u03bf\u03bb\u03ae, \u03c4\u03b7\u03bd \u03a0\u03cc\u03c1\u03c4\u03b1 \u0391\u03bd\u03bf\u03b9\u03c7\u03c4\u03ae \u03ba\u03b1\u03b9 \u03c4\u03b7 \u03a3\u03c7\u03bf\u03bb\u03ae \u039a\u03b1\u03bb\u03ce\u03bd \u03a4\u03b5\u03c7\u03bd\u03ce\u03bd. \u03a0\u03b1\u03c1\u03ac\u03bb\u03bb\u03b7\u03bb\u03b1  \u03bf\u03c1\u03b3\u03b1\u03bd\u03ce\u03bd\u03bf\u03bd\u03c4\u03b1\u03b9 \u03b5\u03c0\u03b9\u03c3\u03ba\u03ad\u03c8\u03b5\u03b9\u03c2 \u03c3\u03b5 \u03c7\u03ce\u03c1\u03bf\u03c5\u03c2 \u03c0\u03bf\u03bb\u03b9\u03c4\u03b9\u03c3\u03bc\u03bf\u03cd \u03ba\u03b1\u03b9 \u03b5\u03c0\u03b9\u03c3\u03c4\u03ae\u03bc\u03b7\u03c2 \u03ba\u03b1\u03b9 \u03c0\u03c1\u03bf\u03c3\u03ba\u03b1\u03bb\u03bf\u03cd\u03bd\u03c4\u03b1\u03b9 \u03b5\u03b9\u03b4\u03b9\u03ba\u03bf\u03af \u03b5\u03c0\u03b9\u03c3\u03c4\u03ae\u03bc\u03bf\u03bd\u03b5\u03c2.<\/p>\n<p>\u03a4\u03b1 \u03c0\u03bf\u03bb\u03cd\u03bc\u03b7\u03bd\u03b1 \u03b5\u03ba\u03c0\u03b1\u03b9\u03b4\u03b5\u03c5\u03c4\u03b9\u03ba\u03ac \u03c0\u03c1\u03bf\u03b3\u03c1\u03ac\u03bc\u03bc\u03b1\u03c4\u03b1 \u03c0\u03b5\u03c1\u03b9\u03bb\u03b1\u03bc\u03b2\u03ac\u03bd\u03bf\u03c5\u03bd  \u03c3\u03c5\u03bd\u03ae\u03b8\u03c9\u03c2 \u03ba\u03b1\u03b9 \u03ad\u03bd\u03b1 \u03b5\u03ba\u03c0\u03b1\u03b9\u03b4\u03b5\u03c5\u03c4\u03b9\u03ba\u03cc \u03c4\u03b1\u03be\u03af\u03b4\u03b9, \u03c4\u03bf \u03bf\u03c0\u03bf\u03af\u03bf \u03c0\u03c1\u03b1\u03b3\u03bc\u03b1\u03c4\u03bf\u03c0\u03bf\u03b9\u03b5\u03af\u03c4\u03b1\u03b9 \u03c4\u03bf \u03b4\u03b9\u03ac\u03c3\u03c4\u03b7\u03bc\u03b1 \u039c\u03b1\u03c1\u03c4\u03af\u03bf\u03c5-\u0391\u03c0\u03c1\u03b9\u03bb\u03af\u03bf\u03c5, \u03b5\u03bd\u03ce \u03c4\u03b1 \u03b1\u03c0\u03bf\u03c4\u03b5\u03bb\u03ad\u03c3\u03bc\u03b1\u03c4\u03b1 \u03c4\u03b7\u03c2 \u03ad\u03c1\u03b5\u03c5\u03bd\u03b1\u03c2 \u03c4\u03c9\u03bd \u03bc\u03b1\u03b8\u03b7\u03c4\u03ce\u03bd \u03c0\u03b1\u03c1\u03bf\u03c5\u03c3\u03b9\u03ac\u03b6\u03bf\u03bd\u03c4\u03b1\u03b9 \u03c3\u03c4\u03b7\u03bd \u03c3\u03c7\u03bf\u03bb\u03b9\u03ba\u03ae \u03ba\u03bf\u03b9\u03bd\u03cc\u03c4\u03b7\u03c4\u03b1 \u03c4\u03bf\u03bd \u039c\u03ac\u03b9\u03bf.<\/p>\n<\/div>\n<\/div>\n<\/div><\/div>\n<\/section>","protected":false},"excerpt":{"rendered":"<p>Accueil \u00bb Section Hell\u00e9nique \u00bb Coll\u00e8ge Activit\u00e9s p\u00e9dagogiques du Coll\u00e8ge Projets \u00e9ducatifs En dehors de l\u2019enseignement formel des diff\u00e9rentes disciplines scientifiques, les \u00e9l\u00e8ves de chaque classe participent \u00e0 des projets \u00e9ducatifs et r\u00e9alisent des travaux interdisciplinaires. Ces projets portent sur des th\u00e9matiques culturelles, de sant\u00e9, d\u2019\u00e9ducation \u00e0 l\u2019environnement et de sensibilisation sociale. En classe de [&hellip;]<\/p>","protected":false},"author":1,"featured_media":0,"parent":451,"menu_order":0,"comment_status":"closed","ping_status":"closed","template":"","meta":{"inline_featured_image":false,"_breakdance_hide_in_design_set":false,"_breakdance_tags":"","footnotes":""},"class_list":["post-507","page","type-page","status-publish","hentry"],"yoast_head":"<!-- This site is optimized with the Yoast SEO plugin v24.4 - https:\/\/yoast.com\/wordpress\/plugins\/seo\/ -->\n<title>Les activit\u00e9s p\u00e9dagogiques du Coll\u00e8ge - Lyc\u00e9e Franco-Hell\u00e9nique Eug\u00e8ne Delacroix<\/title>\n<meta name=\"description\" content=\"Apprenez-en plus sur les activit\u00e9s p\u00e9dagogiques au Lyc\u00e9e Franco-Hell\u00e9nique Eug\u00e8ne-Delacroix d&#039;Ath\u00e8nes (LFHED).\" \/>\n<meta name=\"robots\" content=\"index, nofollow, max-snippet:-1, max-image-preview:large, max-video-preview:-1\" \/>\n<link rel=\"canonical\" href=\"https:\/\/lfh.edu.gr\/el\/section-hellenique\/activites-pedagogiques-college\/\" \/>\n<meta property=\"og:locale\" content=\"el_GR\" \/>\n<meta property=\"og:type\" content=\"article\" \/>\n<meta property=\"og:title\" content=\"Les activit\u00e9s p\u00e9dagogiques du Coll\u00e8ge - Lyc\u00e9e Franco-Hell\u00e9nique Eug\u00e8ne Delacroix\" \/>\n<meta property=\"og:description\" content=\"Apprenez-en plus sur les activit\u00e9s p\u00e9dagogiques au Lyc\u00e9e Franco-Hell\u00e9nique Eug\u00e8ne-Delacroix d&#039;Ath\u00e8nes (LFHED).\" \/>\n<meta property=\"og:url\" content=\"https:\/\/lfh.edu.gr\/el\/section-hellenique\/activites-pedagogiques-college\/\" \/>\n<meta property=\"og:site_name\" content=\"Lyc\u00e9e Franco-Hell\u00e9nique Eug\u00e8ne Delacroix\" \/>\n<meta property=\"article:modified_time\" content=\"2025-10-04T16:09:49+00:00\" \/>\n<meta name=\"twitter:card\" content=\"summary_large_image\" \/>\n<meta name=\"twitter:label1\" content=\"\u0395\u03ba\u03c4\u03b9\u03bc\u03ce\u03bc\u03b5\u03bd\u03bf\u03c2 \u03c7\u03c1\u03cc\u03bd\u03bf\u03c2 \u03b1\u03bd\u03ac\u03b3\u03bd\u03c9\u03c3\u03b7\u03c2\" \/>\n\t<meta name=\"twitter:data1\" content=\"2 \u03bb\u03b5\u03c0\u03c4\u03ac\" \/>\n<script type=\"application\/ld+json\" class=\"yoast-schema-graph\">{\"@context\":\"https:\/\/schema.org\",\"@graph\":[{\"@type\":\"WebPage\",\"@id\":\"https:\/\/lfh.edu.gr\/section-hellenique\/activites-pedagogiques-college\/\",\"url\":\"https:\/\/lfh.edu.gr\/section-hellenique\/activites-pedagogiques-college\/\",\"name\":\"Les activit\u00e9s p\u00e9dagogiques du Coll\u00e8ge - Lyc\u00e9e Franco-Hell\u00e9nique Eug\u00e8ne Delacroix\",\"isPartOf\":{\"@id\":\"https:\/\/lfh.edu.gr\/#website\"},\"datePublished\":\"2025-09-23T12:24:46+00:00\",\"dateModified\":\"2025-10-04T16:09:49+00:00\",\"description\":\"Apprenez-en plus sur les activit\u00e9s p\u00e9dagogiques au Lyc\u00e9e Franco-Hell\u00e9nique Eug\u00e8ne-Delacroix d'Ath\u00e8nes (LFHED).\",\"breadcrumb\":{\"@id\":\"https:\/\/lfh.edu.gr\/section-hellenique\/activites-pedagogiques-college\/#breadcrumb\"},\"inLanguage\":\"el\",\"potentialAction\":[{\"@type\":\"ReadAction\",\"target\":[\"https:\/\/lfh.edu.gr\/section-hellenique\/activites-pedagogiques-college\/\"]}]},{\"@type\":\"BreadcrumbList\",\"@id\":\"https:\/\/lfh.edu.gr\/section-hellenique\/activites-pedagogiques-college\/#breadcrumb\",\"itemListElement\":[{\"@type\":\"ListItem\",\"position\":1,\"name\":\"Accueil\",\"item\":\"https:\/\/lfh.edu.gr\/\"},{\"@type\":\"ListItem\",\"position\":2,\"name\":\"SECTION HELL\u00c9NIQUE\",\"item\":\"https:\/\/lfh.edu.gr\/section-hellenique\/\"},{\"@type\":\"ListItem\",\"position\":3,\"name\":\"Les activit\u00e9s p\u00e9dagogiques du Coll\u00e8ge\"}]},{\"@type\":\"WebSite\",\"@id\":\"https:\/\/lfh.edu.gr\/#website\",\"url\":\"https:\/\/lfh.edu.gr\/\",\"name\":\"Lyc\u00e9e Franco-Hell\u00e9nique Eug\u00e8ne Delacroix\",\"description\":\"\",\"potentialAction\":[{\"@type\":\"SearchAction\",\"target\":{\"@type\":\"EntryPoint\",\"urlTemplate\":\"https:\/\/lfh.edu.gr\/?s={search_term_string}\"},\"query-input\":{\"@type\":\"PropertyValueSpecification\",\"valueRequired\":true,\"valueName\":\"search_term_string\"}}],\"inLanguage\":\"el\"}]}<\/script>\n<!-- \/ Yoast SEO plugin. -->","yoast_head_json":{"title":"Les activit\u00e9s p\u00e9dagogiques du Coll\u00e8ge - Lyc\u00e9e Franco-Hell\u00e9nique Eug\u00e8ne Delacroix","description":"Apprenez-en plus sur les activit\u00e9s p\u00e9dagogiques au Lyc\u00e9e Franco-Hell\u00e9nique Eug\u00e8ne-Delacroix d'Ath\u00e8nes (LFHED).","robots":{"index":"index","follow":"nofollow","max-snippet":"max-snippet:-1","max-image-preview":"max-image-preview:large","max-video-preview":"max-video-preview:-1"},"canonical":"https:\/\/lfh.edu.gr\/el\/section-hellenique\/activites-pedagogiques-college\/","og_locale":"el_GR","og_type":"article","og_title":"Les activit\u00e9s p\u00e9dagogiques du Coll\u00e8ge - Lyc\u00e9e Franco-Hell\u00e9nique Eug\u00e8ne Delacroix","og_description":"Apprenez-en plus sur les activit\u00e9s p\u00e9dagogiques au Lyc\u00e9e Franco-Hell\u00e9nique Eug\u00e8ne-Delacroix d'Ath\u00e8nes (LFHED).","og_url":"https:\/\/lfh.edu.gr\/el\/section-hellenique\/activites-pedagogiques-college\/","og_site_name":"Lyc\u00e9e Franco-Hell\u00e9nique Eug\u00e8ne Delacroix","article_modified_time":"2025-10-04T16:09:49+00:00","twitter_card":"summary_large_image","twitter_misc":{"\u0395\u03ba\u03c4\u03b9\u03bc\u03ce\u03bc\u03b5\u03bd\u03bf\u03c2 \u03c7\u03c1\u03cc\u03bd\u03bf\u03c2 \u03b1\u03bd\u03ac\u03b3\u03bd\u03c9\u03c3\u03b7\u03c2":"2 \u03bb\u03b5\u03c0\u03c4\u03ac"},"schema":{"@context":"https:\/\/schema.org","@graph":[{"@type":"WebPage","@id":"https:\/\/lfh.edu.gr\/section-hellenique\/activites-pedagogiques-college\/","url":"https:\/\/lfh.edu.gr\/section-hellenique\/activites-pedagogiques-college\/","name":"Les activit\u00e9s p\u00e9dagogiques du Coll\u00e8ge - Lyc\u00e9e Franco-Hell\u00e9nique Eug\u00e8ne Delacroix","isPartOf":{"@id":"https:\/\/lfh.edu.gr\/#website"},"datePublished":"2025-09-23T12:24:46+00:00","dateModified":"2025-10-04T16:09:49+00:00","description":"Apprenez-en plus sur les activit\u00e9s p\u00e9dagogiques au Lyc\u00e9e Franco-Hell\u00e9nique Eug\u00e8ne-Delacroix d'Ath\u00e8nes (LFHED).","breadcrumb":{"@id":"https:\/\/lfh.edu.gr\/section-hellenique\/activites-pedagogiques-college\/#breadcrumb"},"inLanguage":"el","potentialAction":[{"@type":"ReadAction","target":["https:\/\/lfh.edu.gr\/section-hellenique\/activites-pedagogiques-college\/"]}]},{"@type":"BreadcrumbList","@id":"https:\/\/lfh.edu.gr\/section-hellenique\/activites-pedagogiques-college\/#breadcrumb","itemListElement":[{"@type":"ListItem","position":1,"name":"Accueil","item":"https:\/\/lfh.edu.gr\/"},{"@type":"ListItem","position":2,"name":"SECTION HELL\u00c9NIQUE","item":"https:\/\/lfh.edu.gr\/section-hellenique\/"},{"@type":"ListItem","position":3,"name":"Les activit\u00e9s p\u00e9dagogiques du Coll\u00e8ge"}]},{"@type":"WebSite","@id":"https:\/\/lfh.edu.gr\/#website","url":"https:\/\/lfh.edu.gr\/","name":"Lyc\u00e9e Franco-Hell\u00e9nique Eug\u00e8ne Delacroix","description":"","potentialAction":[{"@type":"SearchAction","target":{"@type":"EntryPoint","urlTemplate":"https:\/\/lfh.edu.gr\/?s={search_term_string}"},"query-input":{"@type":"PropertyValueSpecification","valueRequired":true,"valueName":"search_term_string"}}],"inLanguage":"el"}]}},"jetpack_sharing_enabled":true,"_links":{"self":[{"href":"https:\/\/lfh.edu.gr\/el\/wp-json\/wp\/v2\/pages\/507","targetHints":{"allow":["GET"]}}],"collection":[{"href":"https:\/\/lfh.edu.gr\/el\/wp-json\/wp\/v2\/pages"}],"about":[{"href":"https:\/\/lfh.edu.gr\/el\/wp-json\/wp\/v2\/types\/page"}],"author":[{"embeddable":true,"href":"https:\/\/lfh.edu.gr\/el\/wp-json\/wp\/v2\/users\/1"}],"replies":[{"embeddable":true,"href":"https:\/\/lfh.edu.gr\/el\/wp-json\/wp\/v2\/comments?post=507"}],"version-history":[{"count":2,"href":"https:\/\/lfh.edu.gr\/el\/wp-json\/wp\/v2\/pages\/507\/revisions"}],"predecessor-version":[{"id":532,"href":"https:\/\/lfh.edu.gr\/el\/wp-json\/wp\/v2\/pages\/507\/revisions\/532"}],"up":[{"embeddable":true,"href":"https:\/\/lfh.edu.gr\/el\/wp-json\/wp\/v2\/pages\/451"}],"wp:attachment":[{"href":"https:\/\/lfh.edu.gr\/el\/wp-json\/wp\/v2\/media?parent=507"}],"curies":[{"name":"wp","href":"https:\/\/api.w.org\/{rel}","templated":true}]}}