{"id":503,"date":"2025-09-23T12:30:30","date_gmt":"2025-09-23T12:30:30","guid":{"rendered":"https:\/\/dev.lfh.edu.gr\/site\/?page_id=503"},"modified":"2025-10-04T18:41:12","modified_gmt":"2025-10-04T18:41:12","slug":"fonctionnement-lycee","status":"publish","type":"page","link":"https:\/\/lfh.edu.gr\/el\/section-hellenique\/fonctionnement-lycee\/","title":{"rendered":"\u0393\u03b5\u03bd\u03b9\u03ba\u03ae \u039b\u03b5\u03b9\u03c4\u03bf\u03c5\u03c1\u03b3\u03af\u03b1 \u03c4\u03bf\u03c5 \u039b\u03c5\u03ba\u03b5\u03af\u03bf\u03c5"},"content":{"rendered":"<section class=\"bde-section-503-106 bde-section\">\n  \n  \n\t\n\n\n\n<div class=\"section-container\"><div class=\"bde-div-503-316 bde-div\">\n  \n  \n\t\n\n\n\n<div class=\"bde-div-503-327 bde-div\">\n  \n  \n\t\n\n\n\n<div class=\"bde-button-503-328 bde-button\">\n    \n                                    \n    \n    \n    \n    \n            \n                    \n            \n            \n\n    \n    \n    \n    \n    \n    <a class=\"breakdance-link button-atom button-atom--text bde-button__button\" href=\"\/el\/\" target=\"_self\" data-type=\"url\"  >\n\n    \n        <span class=\"button-atom__text\">\u0391\u03c1\u03c7\u03b9\u03ba\u03ae \u03c3\u03b5\u03bb\u03af\u03b4\u03b1<\/span>\n\n        \n        \n                <\/a>\n\n    \n\n\n<\/div><div class=\"bde-text-503-329 bde-text\">\n\"\n<\/div><div class=\"bde-text-503-332 bde-text\">\n\u0395\u03bb\u03bb\u03b7\u03bd\u03b9\u03ba\u03cc \u03a4\u03bc\u03ae\u03bc\u03b1\n<\/div><div class=\"bde-text-503-338 bde-text\">\n\"\n<\/div><div class=\"bde-text-503-339 bde-text\">\n\u039b\u03cd\u03ba\u03b5\u03b9\u03bf\n<\/div>\n<\/div><h1 class=\"bde-heading-503-318 bde-heading\">\n\u0393\u03b5\u03bd\u03b9\u03ba\u03ae \u039b\u03b5\u03b9\u03c4\u03bf\u03c5\u03c1\u03b3\u03af\u03b1 \u03c4\u03bf\u03c5 \u039b\u03c5\u03ba\u03b5\u03af\u03bf\u03c5\n<\/h1>\n<\/div><div class=\"bde-div-503-334 bde-div\">\n  \n  \n\t\n\n\n\n<div class=\"bde-div-503-319 bde-div\">\n  \n  \n\t\n\n\n\n<h2 class=\"bde-heading-503-320 bde-heading\">\n\u03a4\u03bf \u03c0\u03c1\u03cc\u03b3\u03c1\u03b1\u03bc\u03bc\u03b1 \u03b4\u03b9\u03b4\u03b1\u03c3\u03ba\u03b1\u03bb\u03af\u03b1\u03c2\n<\/h2><div class=\"bde-rich-text-503-321 bde-rich-text breakdance-rich-text-styles\">\n<p class=\"translation-block\">\u03a4\u03bf \u039b\u03cd\u03ba\u03b5\u03b9\u03bf \u03c4\u03b7\u03c2 \u0395\u03bb\u03bb\u03b7\u03bd\u03bf\u03b3\u03b1\u03bb\u03bb\u03b9\u03ba\u03ae\u03c2 \u03a3\u03c7\u03bf\u03bb\u03ae\u03c2 \u0395\u03c5\u03b3\u03ad\u03bd\u03b9\u03bf\u03c2 \u039d\u03c4\u03b5\u03bb\u03b1\u03ba\u03c1\u03bf\u03c5\u03ac \u03b1\u03ba\u03bf\u03bb\u03bf\u03c5\u03b8\u03b5\u03af \u03c4\u03bf \u03c0\u03c1\u03cc\u03b3\u03c1\u03b1\u03bc\u03bc\u03b1 \u03c4\u03bf\u03c5 \u03b5\u03bb\u03bb\u03b7\u03bd\u03b9\u03ba\u03bf\u03cd \u03c5\u03c0\u03bf\u03c5\u03c1\u03b3\u03b5\u03af\u03bf\u03c5 \u03a0\u03b1\u03b9\u03b4\u03b5\u03af\u03b1\u03c2 \u03bc\u03b5 \u03c0\u03b1\u03c1\u03b5\u03ba\u03ba\u03bb\u03af\u03c3\u03b5\u03b9\u03c2 \u03c0\u03bf\u03c5 \u03b5\u03be\u03c5\u03c0\u03b7\u03c1\u03b5\u03c4\u03bf\u03cd\u03bd \u03c4\u03bf\u03bd \u03c7\u03b1\u03c1\u03b1\u03ba\u03c4\u03ae\u03c1\u03b1 \u03ba\u03b1\u03b9 \u03c4\u03b7 \u03c3\u03c4\u03cc\u03c7\u03b5\u03c5\u03c3\u03b7 \u03b5\u03bd\u03cc\u03c2 \u03c3\u03c7\u03bf\u03bb\u03b5\u03af\u03bf\u03c5 \u03bc\u03b5 \u03b4\u03b9\u03c4\u03c4\u03cc \u03c0\u03c1\u03bf\u03c3\u03b1\u03bd\u03b1\u03c4\u03bf\u03bb\u03b9\u03c3\u03bc\u03cc :<\/p>\n<ul>\n<li>\u03c4\u03b7\u03bd \u03c0\u03c1\u03bf\u03b5\u03c4\u03bf\u03b9\u03bc\u03b1\u03c3\u03af\u03b1 \u03b3\u03b9\u03b1 \u03c4\u03b7\u03bd \u03b5\u03b9\u03c3\u03b1\u03b3\u03c9\u03b3\u03ae \u03c3\u03c4\u03b7\u03bd \u03c4\u03c1\u03b9\u03c4\u03bf\u03b2\u03ac\u03b8\u03bc\u03b9\u03b1 \u03b5\u03ba\u03c0\u03b1\u03af\u03b4\u03b5\u03c5\u03c3\u03b7 \u03bc\u03ad\u03c3\u03c9 \u03c4\u03c9\u03bd \u03c0\u03b1\u03bd\u03b5\u03bb\u03bb\u03b7\u03bd\u03af\u03c9\u03bd \u03b5\u03be\u03b5\u03c4\u03ac\u03c3\u03b5\u03c9\u03bd<\/li>\n<li>\u03c4\u03b7\u03bd \u03c0\u03c1\u03bf\u03b5\u03c4\u03bf\u03b9\u03bc\u03b1\u03c3\u03af\u03b1 \u03b3\u03b9\u03b1 \u03b5\u03b3\u03b3\u03c1\u03b1\u03c6\u03ae \u03c3\u03c4\u03b7\u03bd \u03b7\u03bb\u03b5\u03ba\u03c4\u03c1\u03bf\u03bd\u03b9\u03ba\u03ae \u03c0\u03bb\u03b1\u03c4\u03c6\u03cc\u03c1\u03bc\u03b1 Parcousup \u03b3\u03b9\u03b1 \u03c4\u03b1 \u0393\u03b1\u03bb\u03bb\u03b9\u03ba\u03ac \u03a0\u03b1\u03bd\u03b5\u03c0\u03b9\u03c3\u03c4\u03ae\u03bc\u03b9\u03b1. <\/li>\n<\/ul>\n<p class=\"translation-block\">\u039f\u03c1\u03b9\u03c3\u03bc\u03ad\u03bd\u03b5\u03c2 \u03ba\u03b1\u03b9\u03bd\u03bf\u03c4\u03bf\u03bc\u03af\u03b5\u03c2 \u03b5\u03be\u03c5\u03c0\u03b7\u03c1\u03b5\u03c4\u03bf\u03cd\u03bd \u03c4\u03bf\u03bd \u03b3\u03b5\u03b3\u03bf\u03bd\u03cc\u03c2 \u03cc\u03c4\u03b9 \u03c4\u03bf \u03c3\u03c7\u03bf\u03bb\u03b5\u03af\u03bf \u03bc\u03b1\u03c2 \u03b5\u03af\u03bd\u03b1\u03b9 \u03c4\u03bf \u03bc\u03bf\u03bd\u03b1\u03b4\u03b9\u03ba\u03cc \u03b5\u03bb\u03bb\u03b7\u03bd\u03b9\u03ba\u03cc \u03b5\u03ba\u03c0\u03b1\u03b9\u03b4\u03b5\u03c5\u03c4\u03ae\u03c1\u03b9\u03bf \u03bc\u03b5 \u03b4\u03b9\u03b4\u03b1\u03c3\u03ba\u03b1\u03bb\u03af\u03b1 \u03c4\u03b7\u03c2 \u03b3\u03b1\u03bb\u03bb\u03b9\u03ba\u03ae\u03c2 \u03b3\u03bb\u03ce\u03c3\u03c3\u03b1\u03c2 \u03c0\u03b9\u03c3\u03c4\u03bf\u03c0\u03bf\u03b9\u03b7\u03bc\u03ad\u03bd\u03b7\u03c2 \u03b1\u03c0\u03cc \u03c4\u03bf \u03b3\u03b1\u03bb\u03bb\u03b9\u03ba\u03cc \u03ba\u03c1\u03ac\u03c4\u03bf\u03c2. \u039f\u03b9 \u03ba\u03b1\u03b9\u03bd\u03bf\u03c4\u03bf\u03bc\u03af\u03b5\u03c2 \u03c4\u03bf\u03c5 \u03c0\u03c1\u03bf\u03b3\u03c1\u03ac\u03bc\u03bc\u03b1\u03c4\u03bf\u03c2 \u03c3\u03c5\u03bc\u03c0\u03c4\u03cd\u03c3\u03c3\u03bf\u03bd\u03c4\u03b1\u03b9 \u03c3\u03c4\u03b1 \u03b1\u03ba\u03cc\u03bb\u03bf\u03c5\u03b8\u03b1:<\/p>\n<ol>\n<li>\u03b5\u03bd\u03b9\u03c3\u03c7\u03c5\u03c4\u03b9\u03ba\u03ad\u03c2 \u03ce\u03c1\u03b5\u03c2 \u03c3\u03c4\u03b1 \u03bc\u03b1\u03b8\u03ae\u03bc\u03b1\u03c4\u03b1 \u03bf\u03bc\u03ac\u03b4\u03c9\u03bd \u03c0\u03c1\u03bf\u03c3\u03b1\u03bd\u03b1\u03c4\u03bf\u03bb\u03b9\u03c3\u03bc\u03bf\u03cd<\/li>\n<li>\u03b9\u03c3\u03c7\u03c5\u03c1\u03ae \u03bf\u03bc\u03ac\u03b4\u03b1 \u03c0\u03c1\u03bf\u03c3\u03b1\u03bd\u03b1\u03c4\u03bf\u03bb\u03b9\u03c3\u03bc\u03bf\u03cd \u03ba\u03b1\u03b9 \u03c3\u03c5\u03bc\u03b2\u03bf\u03c5\u03bb\u03b5\u03c5\u03c4\u03b9\u03ba\u03ae\u03c2<\/li>\n<li>\u03a3\u03c5\u03bc\u03b2\u03ac\u03c3\u03b5\u03b9\u03c2 \u03bc\u03b5 \u03c0\u03b1\u03bd\u03b5\u03c0\u03b9\u03c3\u03c4\u03ae\u03bc\u03b9\u03b1  \u03ba\u03b1\u03b9 Grandes Ecoles \u03c4\u03b7\u03c2 \u0393\u03b1\u03bb\u03bb\u03af\u03b1\u03c2<\/li>\n<li>\u0394\u03b9\u03bf\u03c1\u03b3\u03ac\u03bd\u03c9\u03c3\u03b7 \u03ad\u03ba\u03b8\u03b5\u03c3\u03b7\u03c2 \u03be\u03ad\u03bd\u03c9\u03bd \u03c0\u03b1\u03bd\u03b5\u03c0\u03b9\u03c3\u03c4\u03b7\u03bc\u03af\u03c9\u03bd<\/li>\n<\/ol>\n<\/div>\n<\/div><div class=\"bde-div-503-346 bde-div\">\n  \n  \n\t\n\n\n\n<h2 class=\"bde-heading-503-347 bde-heading\">\n\u0395\u03b2\u03b4\u03bf\u03bc\u03b1\u03b4\u03b9\u03b1\u03af\u03b1 \u03c9\u03c1\u03ac\u03c1\u03b9\u03b1\n<\/h2><div class=\"bde-rich-text-503-348 bde-rich-text breakdance-rich-text-styles\">\n<p><strong>\u0397 \u03c0\u03c1\u03bf\u03c3\u03ad\u03bb\u03b5\u03c5\u03c3\u03b7 \u03bc\u03b1\u03b8\u03b7\u03c4\u03ce\u03bd<\/strong> \u03c0\u03c1\u03b1\u03b3\u03bc\u03b1\u03c4\u03bf\u03c0\u03bf\u03b9\u03b5\u03af\u03c4\u03b1\u03b9 \u03b1\u03c0\u03cc \u03c4\u03b9\u03c2 07:45 \u03ad\u03c9\u03c2 \u03c4\u03b9\u03c2 08:05.<\/p>\n<p><strong>\u0397 \u03c5\u03c0\u03bf\u03b4\u03bf\u03c7\u03ae<\/strong> (\u03ba\u03cd\u03c1\u03b9\u03b1 \u03b5\u03af\u03c3\u03bf\u03b4\u03bf\u03c2) \u03b5\u03af\u03bd\u03b1\u03b9 \u03b1\u03bd\u03bf\u03b9\u03c7\u03c4\u03ae \u03b1\u03c0\u03cc \u03c4\u03b9\u03c2 07.45 \u03ad\u03c9\u03c2 \u03c4\u03b9\u03c2 18.30.<\/p>\n<\/div><div class=\"bde-accordion-503-358 bde-accordion bde-accordion--bordered-bottom\"><div class=\"bde-accordion__content-wrapper-503-359 bde-accordion__content-wrapper\">\n<h3 class=\"bde-accordion__title-tag\">\n  <button type=\"button\" class=\"bde-accordion__button\" id=\"accordion-button-359\" aria-controls=\"accordion-panel-359\" aria-expanded=\"false\">\n     <span class=\"bde-accordion__title\" >A' \u039b\u03c5\u03ba\u03b5\u03af\u03bf\u03c5<\/span>\n     <span class=\"bde-accordion__icon bde-accordion__icon--default\"><\/span>\n     <span class=\"bde-accordion__icon bde-accordion__icon--active\"><\/span>\n  <\/button>\n<\/h3>\n\n<div role=\"region\" class=\"bde-accordion__panel\" id=\"accordion-panel-359\" aria-labelledby=\"accordion-button-359\">\n    <div class=\"bde-accordion__panel-content\">\n        <div class=\"bde-rich-text-503-360 bde-rich-text breakdance-rich-text-styles\">\n<ul>\n<li><strong>\u0394\u03b5\u03c5\u03c4\u03ad\u03c1\u03b1<\/strong> 08.10-14.40<\/li>\n<li><strong>\u03a4\u03c1\u03af\u03c4\u03b7<\/strong> 08.10-16.35<\/li>\n<li><strong>\u03a4\u03b5\u03c4\u03ac\u03c1\u03c4\u03b7<\/strong> 08.10-14.40<\/li>\n<li><strong>\u03a0\u03ad\u03bc\u03c0\u03c4\u03b7<\/strong>\u00a008.10-16.35<\/li>\n<li><strong>\u03a0\u03b1\u03c1\u03b1\u03c3\u03ba\u03b5\u03c5\u03ae<\/strong> 08.10-14.40<\/li>\n<\/ul>\n<\/div>\n    <\/div>\n<\/div>\n\n\n\n<\/div><div class=\"bde-accordion__content-wrapper-503-380 bde-accordion__content-wrapper\">\n<h3 class=\"bde-accordion__title-tag\">\n  <button type=\"button\" class=\"bde-accordion__button\" id=\"accordion-button-380\" aria-controls=\"accordion-panel-380\" aria-expanded=\"false\">\n     <span class=\"bde-accordion__title\" >\u0392' \u039b\u03c5\u03ba\u03b5\u03af\u03bf\u03c5<\/span>\n     <span class=\"bde-accordion__icon bde-accordion__icon--default\"><\/span>\n     <span class=\"bde-accordion__icon bde-accordion__icon--active\"><\/span>\n  <\/button>\n<\/h3>\n\n<div role=\"region\" class=\"bde-accordion__panel\" id=\"accordion-panel-380\" aria-labelledby=\"accordion-button-380\">\n    <div class=\"bde-accordion__panel-content\">\n        <div class=\"bde-rich-text-503-381 bde-rich-text breakdance-rich-text-styles\">\n<ul>\n<li><strong>\u0394\u03b5\u03c5\u03c4\u03ad\u03c1\u03b1<\/strong> 08.10-16.35<\/li>\n<li><strong>\u03a4\u03c1\u03af\u03c4\u03b7<\/strong> 08.10-14.40<\/li>\n<li><strong>\u03a4\u03b5\u03c4\u03ac\u03c1\u03c4\u03b7<\/strong> 08.10-14.40<\/li>\n<li><strong>\u03a0\u03ad\u03bc\u03c0\u03c4\u03b7<\/strong> 08.10-14.40<\/li>\n<li><strong>\u03a0\u03b1\u03c1\u03b1\u03c3\u03ba\u03b5\u03c5\u03ae<\/strong> 08.10-14.40<\/li>\n<\/ul>\n<\/div>\n    <\/div>\n<\/div>\n\n\n\n<\/div><div class=\"bde-accordion__content-wrapper-503-384 bde-accordion__content-wrapper\">\n<h3 class=\"bde-accordion__title-tag\">\n  <button type=\"button\" class=\"bde-accordion__button\" id=\"accordion-button-384\" aria-controls=\"accordion-panel-384\" aria-expanded=\"false\">\n     <span class=\"bde-accordion__title\" >\u0393' \u039b\u03c5\u03ba\u03b5\u03af\u03bf\u03c5<\/span>\n     <span class=\"bde-accordion__icon bde-accordion__icon--default\"><\/span>\n     <span class=\"bde-accordion__icon bde-accordion__icon--active\"><\/span>\n  <\/button>\n<\/h3>\n\n<div role=\"region\" class=\"bde-accordion__panel\" id=\"accordion-panel-384\" aria-labelledby=\"accordion-button-384\">\n    <div class=\"bde-accordion__panel-content\">\n        <div class=\"bde-rich-text-503-385 bde-rich-text breakdance-rich-text-styles\">\n<ul>\n<li><strong>\u039a\u03ac\u03b8\u03b5 \u03bc\u03ad\u03c1\u03b1<\/strong> 08.10-14.40<\/li>\n<\/ul>\n<\/div>\n    <\/div>\n<\/div>\n\n\n\n<\/div><div class=\"bde-accordion__content-wrapper-503-382 bde-accordion__content-wrapper\">\n<h3 class=\"bde-accordion__title-tag\">\n  <button type=\"button\" class=\"bde-accordion__button\" id=\"accordion-button-382\" aria-controls=\"accordion-panel-382\" aria-expanded=\"false\">\n     <span class=\"bde-accordion__title\" >\u03a9\u03c1\u03ac\u03c1\u03b9\u03bf \u03b5\u03be\u03c9\u03c3\u03c7\u03bf\u03bb\u03b9\u03ba\u03ce\u03bd \u03b4\u03c1\u03b1\u03c3\u03c4\u03b7\u03c1\u03b9\u03bf\u03c4\u03ae\u03c4\u03c9\u03bd \u03ba\u03b1\u03b9 \u03bc\u03b1\u03b8\u03b7\u03bc\u03ac\u03c4\u03c9\u03bd \u03be\u03ad\u03bd\u03c9\u03bd \u03b3\u03bb\u03c9\u03c3\u03c3\u03ce\u03bd<\/span>\n     <span class=\"bde-accordion__icon bde-accordion__icon--default\"><\/span>\n     <span class=\"bde-accordion__icon bde-accordion__icon--active\"><\/span>\n  <\/button>\n<\/h3>\n\n<div role=\"region\" class=\"bde-accordion__panel\" id=\"accordion-panel-382\" aria-labelledby=\"accordion-button-382\">\n    <div class=\"bde-accordion__panel-content\">\n        <div class=\"bde-rich-text-503-383 bde-rich-text breakdance-rich-text-styles\">\n<p>\u0391\u03b8\u03bb\u03b7\u03c4\u03b9\u03ba\u03ad\u03c2, \u03ba\u03b1\u03bb\u03bb\u03b9\u03c4\u03b5\u03c7\u03bd\u03b9\u03ba\u03ad\u03c2 \u03b4\u03c1\u03b1\u03c3\u03c4\u03b7\u03c1\u03b9\u03cc\u03c4\u03b7\u03c4\u03b5\u03c2, \u03cc\u03bc\u03b9\u03bb\u03bf\u03b9 \u03c6\u03c9\u03c4\u03bf\u03b3\u03c1\u03b1\u03c6\u03af\u03b1\u03c2, \u03c1\u03bf\u03bc\u03c0\u03bf\u03c4\u03b9\u03ba\u03ae\u03c2 \u03bc\u03b5\u03c4\u03b5\u03c9\u03c1\u03bf\u03bb\u03bf\u03b3\u03af\u03b1\u03c2 \u03ba.\u03c4\u03bb  \n\u0395\u03bd\u03b9\u03c3\u03c7\u03c5\u03c4\u03b9\u03ba\u03ae \u03b4\u03b9\u03b4\u03b1\u03c3\u03ba\u03b1\u03bb\u03af\u03b1 \u03b3\u03b9\u03b1 \u03b4\u03b9\u03c0\u03bb\u03ce\u03bc\u03b1\u03c4\u03b1 \u03be\u03ad\u03bd\u03c9\u03bd \u03b3\u03bb\u03c9\u03c3\u03c3\u03ce\u03bd<\/p>\n<ul>\n<li><strong>\u03a4\u03b5\u03c4\u03ac\u03c1\u03c4\u03b7<\/strong> 2.50\u03bc\u03bc-4.35\u03bc\u03bc<\/li>\n<li><strong>\u03a0\u03b1\u03c1\u03b1\u03c3\u03ba\u03b5\u03c5\u03ae<\/strong> 2.50\u03bc\u03bc-4.35\u03bc\u03bc<\/li>\n<\/ul>\n<\/div>\n    <\/div>\n<\/div>\n\n\n\n<\/div>\r\n\r\n<\/div>\n<\/div>\n<\/div><\/div>\n<\/section>","protected":false},"excerpt":{"rendered":"<p>Accueil \u00bb Section Hell\u00e9nique \u00bb Lyc\u00e9e Fonctionnement du Lyc\u00e9e Le programme d&rsquo;enseignement Le lyc\u00e9e de l\u2019\u00c9cole Franco-Hell\u00e9nique Eug\u00e8ne Delacroix suit le programme du minist\u00e8re grec de l\u2019\u00c9ducation, avec certaines d\u00e9rogations qui r\u00e9pondent au caract\u00e8re et aux objectifs d\u2019un \u00e9tablissement \u00e0 double orientation : la pr\u00e9paration \u00e0 l\u2019entr\u00e9e dans l\u2019enseignement sup\u00e9rieur en Gr\u00e8ce par le biais [&hellip;]<\/p>","protected":false},"author":1,"featured_media":0,"parent":451,"menu_order":0,"comment_status":"closed","ping_status":"closed","template":"","meta":{"inline_featured_image":false,"_breakdance_hide_in_design_set":false,"_breakdance_tags":"","footnotes":""},"class_list":["post-503","page","type-page","status-publish","hentry"],"yoast_head":"<!-- This site is optimized with the Yoast SEO plugin v24.4 - https:\/\/yoast.com\/wordpress\/plugins\/seo\/ -->\n<title>Fonctionnement du Lyc\u00e9e - Lyc\u00e9e Franco-Hell\u00e9nique Eug\u00e8ne Delacroix<\/title>\n<meta name=\"description\" content=\"Apprenez-en plus sur le fonctionnement du Lyc\u00e9e au Lyc\u00e9e Franco-Hell\u00e9nique Eug\u00e8ne-Delacroix d&#039;Ath\u00e8nes (LFHED).\" \/>\n<meta name=\"robots\" content=\"index, nofollow, max-snippet:-1, max-image-preview:large, max-video-preview:-1\" \/>\n<link rel=\"canonical\" href=\"https:\/\/lfh.edu.gr\/el\/section-hellenique\/fonctionnement-lycee\/\" \/>\n<meta property=\"og:locale\" content=\"el_GR\" \/>\n<meta property=\"og:type\" content=\"article\" \/>\n<meta property=\"og:title\" content=\"Fonctionnement du Lyc\u00e9e - Lyc\u00e9e Franco-Hell\u00e9nique Eug\u00e8ne Delacroix\" \/>\n<meta property=\"og:description\" content=\"Apprenez-en plus sur le fonctionnement du Lyc\u00e9e au Lyc\u00e9e Franco-Hell\u00e9nique Eug\u00e8ne-Delacroix d&#039;Ath\u00e8nes (LFHED).\" \/>\n<meta property=\"og:url\" content=\"https:\/\/lfh.edu.gr\/el\/section-hellenique\/fonctionnement-lycee\/\" \/>\n<meta property=\"og:site_name\" content=\"Lyc\u00e9e Franco-Hell\u00e9nique Eug\u00e8ne Delacroix\" \/>\n<meta property=\"article:modified_time\" content=\"2025-10-04T18:41:12+00:00\" \/>\n<meta name=\"twitter:card\" content=\"summary_large_image\" \/>\n<meta name=\"twitter:label1\" content=\"\u0395\u03ba\u03c4\u03b9\u03bc\u03ce\u03bc\u03b5\u03bd\u03bf\u03c2 \u03c7\u03c1\u03cc\u03bd\u03bf\u03c2 \u03b1\u03bd\u03ac\u03b3\u03bd\u03c9\u03c3\u03b7\u03c2\" \/>\n\t<meta name=\"twitter:data1\" content=\"2 \u03bb\u03b5\u03c0\u03c4\u03ac\" \/>\n<script type=\"application\/ld+json\" class=\"yoast-schema-graph\">{\"@context\":\"https:\/\/schema.org\",\"@graph\":[{\"@type\":\"WebPage\",\"@id\":\"https:\/\/lfh.edu.gr\/section-hellenique\/fonctionnement-lycee\/\",\"url\":\"https:\/\/lfh.edu.gr\/section-hellenique\/fonctionnement-lycee\/\",\"name\":\"Fonctionnement du Lyc\u00e9e - Lyc\u00e9e Franco-Hell\u00e9nique Eug\u00e8ne Delacroix\",\"isPartOf\":{\"@id\":\"https:\/\/lfh.edu.gr\/#website\"},\"datePublished\":\"2025-09-23T12:30:30+00:00\",\"dateModified\":\"2025-10-04T18:41:12+00:00\",\"description\":\"Apprenez-en plus sur le fonctionnement du Lyc\u00e9e au Lyc\u00e9e Franco-Hell\u00e9nique Eug\u00e8ne-Delacroix d'Ath\u00e8nes (LFHED).\",\"breadcrumb\":{\"@id\":\"https:\/\/lfh.edu.gr\/section-hellenique\/fonctionnement-lycee\/#breadcrumb\"},\"inLanguage\":\"el\",\"potentialAction\":[{\"@type\":\"ReadAction\",\"target\":[\"https:\/\/lfh.edu.gr\/section-hellenique\/fonctionnement-lycee\/\"]}]},{\"@type\":\"BreadcrumbList\",\"@id\":\"https:\/\/lfh.edu.gr\/section-hellenique\/fonctionnement-lycee\/#breadcrumb\",\"itemListElement\":[{\"@type\":\"ListItem\",\"position\":1,\"name\":\"Accueil\",\"item\":\"https:\/\/lfh.edu.gr\/\"},{\"@type\":\"ListItem\",\"position\":2,\"name\":\"SECTION HELL\u00c9NIQUE\",\"item\":\"https:\/\/lfh.edu.gr\/section-hellenique\/\"},{\"@type\":\"ListItem\",\"position\":3,\"name\":\"Fonctionnement du Lyc\u00e9e\"}]},{\"@type\":\"WebSite\",\"@id\":\"https:\/\/lfh.edu.gr\/#website\",\"url\":\"https:\/\/lfh.edu.gr\/\",\"name\":\"Lyc\u00e9e Franco-Hell\u00e9nique Eug\u00e8ne Delacroix\",\"description\":\"\",\"potentialAction\":[{\"@type\":\"SearchAction\",\"target\":{\"@type\":\"EntryPoint\",\"urlTemplate\":\"https:\/\/lfh.edu.gr\/?s={search_term_string}\"},\"query-input\":{\"@type\":\"PropertyValueSpecification\",\"valueRequired\":true,\"valueName\":\"search_term_string\"}}],\"inLanguage\":\"el\"}]}<\/script>\n<!-- \/ Yoast SEO plugin. -->","yoast_head_json":{"title":"Fonctionnement du Lyc\u00e9e - Lyc\u00e9e Franco-Hell\u00e9nique Eug\u00e8ne Delacroix","description":"Apprenez-en plus sur le fonctionnement du Lyc\u00e9e au Lyc\u00e9e Franco-Hell\u00e9nique Eug\u00e8ne-Delacroix d'Ath\u00e8nes (LFHED).","robots":{"index":"index","follow":"nofollow","max-snippet":"max-snippet:-1","max-image-preview":"max-image-preview:large","max-video-preview":"max-video-preview:-1"},"canonical":"https:\/\/lfh.edu.gr\/el\/section-hellenique\/fonctionnement-lycee\/","og_locale":"el_GR","og_type":"article","og_title":"Fonctionnement du Lyc\u00e9e - Lyc\u00e9e Franco-Hell\u00e9nique Eug\u00e8ne Delacroix","og_description":"Apprenez-en plus sur le fonctionnement du Lyc\u00e9e au Lyc\u00e9e Franco-Hell\u00e9nique Eug\u00e8ne-Delacroix d'Ath\u00e8nes (LFHED).","og_url":"https:\/\/lfh.edu.gr\/el\/section-hellenique\/fonctionnement-lycee\/","og_site_name":"Lyc\u00e9e Franco-Hell\u00e9nique Eug\u00e8ne Delacroix","article_modified_time":"2025-10-04T18:41:12+00:00","twitter_card":"summary_large_image","twitter_misc":{"\u0395\u03ba\u03c4\u03b9\u03bc\u03ce\u03bc\u03b5\u03bd\u03bf\u03c2 \u03c7\u03c1\u03cc\u03bd\u03bf\u03c2 \u03b1\u03bd\u03ac\u03b3\u03bd\u03c9\u03c3\u03b7\u03c2":"2 \u03bb\u03b5\u03c0\u03c4\u03ac"},"schema":{"@context":"https:\/\/schema.org","@graph":[{"@type":"WebPage","@id":"https:\/\/lfh.edu.gr\/section-hellenique\/fonctionnement-lycee\/","url":"https:\/\/lfh.edu.gr\/section-hellenique\/fonctionnement-lycee\/","name":"Fonctionnement du Lyc\u00e9e - Lyc\u00e9e Franco-Hell\u00e9nique Eug\u00e8ne Delacroix","isPartOf":{"@id":"https:\/\/lfh.edu.gr\/#website"},"datePublished":"2025-09-23T12:30:30+00:00","dateModified":"2025-10-04T18:41:12+00:00","description":"Apprenez-en plus sur le fonctionnement du Lyc\u00e9e au Lyc\u00e9e Franco-Hell\u00e9nique Eug\u00e8ne-Delacroix d'Ath\u00e8nes (LFHED).","breadcrumb":{"@id":"https:\/\/lfh.edu.gr\/section-hellenique\/fonctionnement-lycee\/#breadcrumb"},"inLanguage":"el","potentialAction":[{"@type":"ReadAction","target":["https:\/\/lfh.edu.gr\/section-hellenique\/fonctionnement-lycee\/"]}]},{"@type":"BreadcrumbList","@id":"https:\/\/lfh.edu.gr\/section-hellenique\/fonctionnement-lycee\/#breadcrumb","itemListElement":[{"@type":"ListItem","position":1,"name":"Accueil","item":"https:\/\/lfh.edu.gr\/"},{"@type":"ListItem","position":2,"name":"SECTION HELL\u00c9NIQUE","item":"https:\/\/lfh.edu.gr\/section-hellenique\/"},{"@type":"ListItem","position":3,"name":"Fonctionnement du Lyc\u00e9e"}]},{"@type":"WebSite","@id":"https:\/\/lfh.edu.gr\/#website","url":"https:\/\/lfh.edu.gr\/","name":"Lyc\u00e9e Franco-Hell\u00e9nique Eug\u00e8ne Delacroix","description":"","potentialAction":[{"@type":"SearchAction","target":{"@type":"EntryPoint","urlTemplate":"https:\/\/lfh.edu.gr\/?s={search_term_string}"},"query-input":{"@type":"PropertyValueSpecification","valueRequired":true,"valueName":"search_term_string"}}],"inLanguage":"el"}]}},"jetpack_sharing_enabled":true,"_links":{"self":[{"href":"https:\/\/lfh.edu.gr\/el\/wp-json\/wp\/v2\/pages\/503","targetHints":{"allow":["GET"]}}],"collection":[{"href":"https:\/\/lfh.edu.gr\/el\/wp-json\/wp\/v2\/pages"}],"about":[{"href":"https:\/\/lfh.edu.gr\/el\/wp-json\/wp\/v2\/types\/page"}],"author":[{"embeddable":true,"href":"https:\/\/lfh.edu.gr\/el\/wp-json\/wp\/v2\/users\/1"}],"replies":[{"embeddable":true,"href":"https:\/\/lfh.edu.gr\/el\/wp-json\/wp\/v2\/comments?post=503"}],"version-history":[{"count":3,"href":"https:\/\/lfh.edu.gr\/el\/wp-json\/wp\/v2\/pages\/503\/revisions"}],"predecessor-version":[{"id":729,"href":"https:\/\/lfh.edu.gr\/el\/wp-json\/wp\/v2\/pages\/503\/revisions\/729"}],"up":[{"embeddable":true,"href":"https:\/\/lfh.edu.gr\/el\/wp-json\/wp\/v2\/pages\/451"}],"wp:attachment":[{"href":"https:\/\/lfh.edu.gr\/el\/wp-json\/wp\/v2\/media?parent=503"}],"curies":[{"name":"wp","href":"https:\/\/api.w.org\/{rel}","templated":true}]}}