{"id":499,"date":"2025-09-23T09:14:59","date_gmt":"2025-09-23T09:14:59","guid":{"rendered":"https:\/\/dev.lfh.edu.gr\/site\/?page_id=499"},"modified":"2025-10-04T16:06:51","modified_gmt":"2025-10-04T16:06:51","slug":"bureau-orientation","status":"publish","type":"page","link":"https:\/\/lfh.edu.gr\/el\/section-hellenique\/bureau-orientation\/","title":{"rendered":"Bureau d&rsquo;orientation"},"content":{"rendered":"<section class=\"bde-section-499-106 bde-section\">\n  \n  \n\t\n\n\n\n<div class=\"section-container\"><div class=\"bde-div-499-316 bde-div\">\n  \n  \n\t\n\n\n\n<div class=\"bde-div-499-327 bde-div\">\n  \n  \n\t\n\n\n\n<div class=\"bde-button-499-328 bde-button\">\n    \n                                    \n    \n    \n    \n    \n            \n                    \n            \n            \n\n    \n    \n    \n    \n    \n    <a class=\"breakdance-link button-atom button-atom--text bde-button__button\" href=\"\/el\/\" target=\"_self\" data-type=\"url\"  >\n\n    \n        <span class=\"button-atom__text\">\u0391\u03c1\u03c7\u03b9\u03ba\u03ae \u03c3\u03b5\u03bb\u03af\u03b4\u03b1<\/span>\n\n        \n        \n                <\/a>\n\n    \n\n\n<\/div><div class=\"bde-text-499-329 bde-text\">\n\"\n<\/div><div class=\"bde-text-499-332 bde-text\">\n\u0395\u03bb\u03bb\u03b7\u03bd\u03b9\u03ba\u03cc \u03a4\u03bc\u03ae\u03bc\u03b1\n<\/div><div class=\"bde-text-499-338 bde-text\">\n\"\n<\/div><div class=\"bde-text-499-339 bde-text\">\n\u03a0\u03c1\u03bf\u03c3\u03b1\u03bd\u03b1\u03c4\u03bf\u03bb\u03b9\u03c3\u03bc\u03cc\u03c2\n<\/div>\n<\/div><h1 class=\"bde-heading-499-318 bde-heading\">\n\u0393\u03c1\u03b1\u03c6\u03b5\u03af\u03bf \u03a3\u03c4\u03b1\u03b4\u03b9\u03bf\u03b4\u03c1\u03bf\u03bc\u03af\u03b1\u03c2 \u03ba\u03b1\u03b9 \u03a3\u03c5\u03bc\u03b2\u03bf\u03c5\u03bb\u03b5\u03c5\u03c4\u03b9\u03ba\u03ae\u03c2\n<\/h1>\n<\/div><div class=\"bde-div-499-334 bde-div\">\n  \n  \n\t\n\n\n\n<div class=\"bde-div-499-319 bde-div\">\n  \n  \n\t\n\n\n\n<h2 class=\"bde-heading-499-320 bde-heading\">\n\u03a5\u03a0\u0397\u03a1\u0395\u03a3\u0399\u0395\u03a3\n<\/h2><div class=\"bde-rich-text-499-321 bde-rich-text breakdance-rich-text-styles\">\n<p>\u03a4\u039f \u0393\u03a1\u0391\u03a6\u0395\u0399\u039f \u03a3\u03a4\u0391\u0394\u0399\u039f\u0394\u03a1\u039f\u039c\u0399\u0391\u03a3 \u039a\u0391\u0399 \u03a3\u03a5\u039c\u0392\u039f\u03a5\u039b\u0395\u03a5\u03a4\u0399\u039a\u0397\u03a3 \u03a0\u0391\u03a1\u0395\u03a7\u0395\u0399 \u03a3\u03a4\u039f\u03a5\u03a3 \u039c\u0391\u0398\u0397\u03a4\u0395\u03a3:<\/p>\n<ul>\n<li>\u03a0\u03bb\u03b7\u03c1\u03bf\u03c6\u03bf\u03c1\u03af\u03b5\u03c2 \u03c3\u03c7\u03b5\u03c4\u03b9\u03ba\u03ac \u03bc\u03b5 \u03c4\u03b9\u03c2 \u03c3\u03c0\u03bf\u03c5\u03b4\u03ad\u03c2 \u03ba\u03b1\u03b9 \u03c4\u03b7\u03bd \u03b5\u03c0\u03b1\u03b3\u03b3\u03b5\u03bb\u03bc\u03b1\u03c4\u03b9\u03ba\u03ae \u03c3\u03c4\u03b1\u03b4\u03b9\u03bf\u03b4\u03c1\u03bf\u03bc\u03af\u03b1, \u03bc\u03b5 \u03c0\u03c1\u03cc\u03c3\u03b2\u03b1\u03c3\u03b7 \u03c3\u03b5 \u03b4\u03b9\u03ac\u03c6\u03bf\u03c1\u03b5\u03c2 \u03c0\u03b7\u03b3\u03ad\u03c2 (\u03b7\u03bb\u03b5\u03ba\u03c4\u03c1\u03bf\u03bd\u03b9\u03ba\u03bf\u03af \u03c5\u03c0\u03bf\u03bb\u03bf\u03b3\u03b9\u03c3\u03c4\u03ad\u03c2, \u03bf\u03b4\u03b7\u03b3\u03bf\u03af \u03b3\u03b9\u03b1 \u03b5\u03bb\u03bb\u03b7\u03bd\u03b9\u03ba\u03ac \u03ba\u03b1\u03b9 \u03be\u03ad\u03bd\u03b1 \u03c0\u03b1\u03bd\u03b5\u03c0\u03b9\u03c3\u03c4\u03ae\u03bc\u03b9\u03b1 \u03ba\u03b1\u03b9 \u03ba\u03bf\u03bb\u03ad\u03b3\u03b9\u03b1 \u03ba.\u03bb\u03c0.).<\/li>\n<li>\u03a3\u03c5\u03bc\u03b2\u03bf\u03c5\u03bb\u03ad\u03c2 \u03b3\u03b9\u03b1 \u03c3\u03c5\u03bd\u03b5\u03bd\u03c4\u03b5\u03cd\u03be\u03b5\u03b9\u03c2, \u03b2\u03b9\u03bf\u03b3\u03c1\u03b1\u03c6\u03b9\u03ba\u03ac \u03c3\u03b7\u03bc\u03b5\u03b9\u03ce\u03bc\u03b1\u03c4\u03b1, \u03c3\u03c5\u03bd\u03bf\u03b4\u03b5\u03c5\u03c4\u03b9\u03ba\u03ad\u03c2 \u03b5\u03c0\u03b9\u03c3\u03c4\u03bf\u03bb\u03ad\u03c2 \u03ba\u03b1\u03b9 \u03b5\u03c0\u03b9\u03c3\u03c4\u03bf\u03bb\u03ad\u03c2 \u03ba\u03b9\u03bd\u03ae\u03c4\u03c1\u03c9\u03bd<\/li>\n<li>\u0395\u03be\u03b1\u03c4\u03bf\u03bc\u03b9\u03ba\u03b5\u03c5\u03bc\u03ad\u03bd\u03b5\u03c2 \u03c5\u03c0\u03b7\u03c1\u03b5\u03c3\u03af\u03b5\u03c2 \u03b5\u03c0\u03b1\u03b3\u03b3\u03b5\u03bb\u03bc\u03b1\u03c4\u03b9\u03ba\u03bf\u03cd \u03c0\u03c1\u03bf\u03c3\u03b1\u03bd\u03b1\u03c4\u03bf\u03bb\u03b9\u03c3\u03bc\u03bf\u03cd<\/li>\n<li>\u0392\u03bf\u03ae\u03b8\u03b5\u03b9\u03b1 \u03b3\u03b9\u03b1 \u03c4\u03b7\u03bd \u03bf\u03c1\u03b3\u03ac\u03bd\u03c9\u03c3\u03b7 \u03c4\u03bf\u03c5 \u03c7\u03c1\u03cc\u03bd\u03bf\u03c5 \u03c3\u03b1\u03c2, \u03c4\u03b7 \u03bb\u03ae\u03c8\u03b7 \u03b1\u03c0\u03bf\u03c6\u03ac\u03c3\u03b5\u03c9\u03bd, \u03c4\u03b7 \u03b4\u03b9\u03b1\u03c7\u03b5\u03af\u03c1\u03b9\u03c3\u03b7 \u03c4\u03bf\u03c5 \u03ac\u03b3\u03c7\u03bf\u03c5\u03c2 \u03c4\u03c9\u03bd \u03b5\u03be\u03b5\u03c4\u03ac\u03c3\u03b5\u03c9\u03bd \u03ba.\u03bb\u03c0.<\/li>\n<\/ul>\n<\/div>\n<\/div><div class=\"bde-div-499-340 bde-div\">\n  \n  \n\t\n\n\n\n<h2 class=\"bde-heading-499-341 bde-heading\">\n\u0395\u03a0\u0391\u0393\u0393\u0395\u039b\u039c\u0391\u03a4\u0399\u039a\u039f\u03a3 \u03a0\u03a1\u039f\u03a3\u0391\u039d\u0391\u03a4\u039f\u039b\u0399\u03a3\u039c\u039f\u03a3\n<\/h2><div class=\"bde-rich-text-499-342 bde-rich-text breakdance-rich-text-styles\">\n<p>\u03a4\u03bf \u03c0\u03c1\u03cc\u03b3\u03c1\u03b1\u03bc\u03bc\u03b1 \u03b1\u03c4\u03bf\u03bc\u03b9\u03ba\u03ae\u03c2 \u03ba\u03b1\u03b8\u03bf\u03b4\u03ae\u03b3\u03b7\u03c3\u03b7\u03c2 \u03c0\u03b5\u03c1\u03b9\u03bb\u03b1\u03bc\u03b2\u03ac\u03bd\u03b5\u03b9:<\/p>\n<ul>\n<li>\u03a0\u03c1\u03bf\u03c3\u03c9\u03c0\u03b9\u03ba\u03ae \u03c3\u03c5\u03bd\u03ad\u03bd\u03c4\u03b5\u03c5\u03be\u03b7<\/li>\n<li>\u03a3\u03c5\u03bc\u03c0\u03bb\u03ae\u03c1\u03c9\u03c3\u03b7 \u03b5\u03c1\u03c9\u03c4\u03b7\u03bc\u03b1\u03c4\u03bf\u03bb\u03bf\u03b3\u03af\u03c9\u03bd<\/li>\n<li>\u03a3\u03c5\u03b6\u03ae\u03c4\u03b7\u03c3\u03b7 \u03c4\u03c9\u03bd \u03b1\u03c0\u03bf\u03c4\u03b5\u03bb\u03b5\u03c3\u03bc\u03ac\u03c4\u03c9\u03bd<\/li>\n<\/ul>\n<\/div>\n<\/div><div class=\"bde-div-499-343 bde-div\">\n  \n  \n\t\n\n\n\n<h2 class=\"bde-heading-499-344 bde-heading\">\n\u03a3\u03a5\u039d\u0391\u039d\u03a4\u0397\u03a3\u0395\u0399\u03a3\n<\/h2><div class=\"bde-rich-text-499-345 bde-rich-text breakdance-rich-text-styles\">\n<p>\u039f\u03b9 \u03c0\u03b5\u03c1\u03b9\u03c3\u03c3\u03cc\u03c4\u03b5\u03c1\u03bf\u03b9 \u03bc\u03b1\u03b8\u03b7\u03c4\u03ad\u03c2 \u03ba\u03b1\u03b9 \u03bc\u03b1\u03b8\u03ae\u03c4\u03c1\u03b9\u03b5\u03c2 \u03b5\u03c0\u03b9\u03c3\u03ba\u03ad\u03c0\u03c4\u03bf\u03bd\u03c4\u03b1\u03b9 \u03c4\u03bf \u03b3\u03c1\u03b1\u03c6\u03b5\u03af\u03bf \u03b3\u03b9\u03b1 \u03c3\u03c5\u03bd\u03b5\u03b4\u03c1\u03af\u03b5\u03c2 \u03b5\u03c0\u03b1\u03b3\u03b3\u03b5\u03bb\u03bc\u03b1\u03c4\u03b9\u03ba\u03bf\u03cd \u03c0\u03c1\u03bf\u03c3\u03b1\u03bd\u03b1\u03c4\u03bf\u03bb\u03b9\u03c3\u03bc\u03bf\u03cd \u03ba\u03b1\u03b9 \u03ac\u03bb\u03bb\u03bf\u03b9 \u03b3\u03b9\u03b1 \u03c0\u03bb\u03b7\u03c1\u03bf\u03c6\u03bf\u03c1\u03af\u03b5\u03c2 \u03c3\u03c7\u03b5\u03c4\u03b9\u03ba\u03ac \u03bc\u03b5 \u03c4\u03b9\u03c2 \u03b4\u03b5\u03be\u03b9\u03cc\u03c4\u03b7\u03c4\u03b5\u03c2 \u03c3\u03c5\u03bd\u03ad\u03bd\u03c4\u03b5\u03c5\u03be\u03b7\u03c2, \u03c4\u03b7 \u03c3\u03cd\u03bd\u03c4\u03b1\u03be\u03b7 \u03b2\u03b9\u03bf\u03b3\u03c1\u03b1\u03c6\u03b9\u03ba\u03bf\u03cd \u03c3\u03b7\u03bc\u03b5\u03b9\u03ce\u03bc\u03b1\u03c4\u03bf\u03c2 \u03ae \u03c4\u03b7 \u03c3\u03c5\u03b3\u03ba\u03c1\u03cc\u03c4\u03b7\u03c3\u03b7 \u03c7\u03b1\u03c1\u03c4\u03bf\u03c6\u03c5\u03bb\u03b1\u03ba\u03af\u03bf\u03c5 \u03b3\u03b9\u03b1 \u03c3\u03c0\u03bf\u03c5\u03b4\u03ad\u03c2 \u03c3\u03c4\u03bf \u03b5\u03be\u03c9\u03c4\u03b5\u03c1\u03b9\u03ba\u03cc.<\/p>\n<p>\u039a\u03b1\u03c4\u03ac \u03c4\u03b7 \u03b4\u03b9\u03ac\u03c1\u03ba\u03b5\u03b9\u03b1 \u03c4\u03c9\u03bd \u03c3\u03c5\u03bd\u03b5\u03bd\u03c4\u03b5\u03cd\u03be\u03b5\u03c9\u03bd \u03ba\u03b1\u03c1\u03b9\u03ad\u03c1\u03b1\u03c2, \u03c4\u03bf \u03ba\u03cd\u03c1\u03b9\u03bf \u03b1\u03af\u03c4\u03b7\u03bc\u03b1 \u03c4\u03c9\u03bd \u03bc\u03b1\u03b8\u03b7\u03c4\u03ce\u03bd \u03b5\u03af\u03bd\u03b1\u03b9 \u03bd\u03b1 :<\/p>\n<ul>\n<li>\u0395\u03c0\u03b9\u03b2\u03b5\u03b2\u03b1\u03b9\u03ce\u03c3\u03bf\u03c5\u03bd \u03c4\u03b9\u03c2 \u03c5\u03c0\u03ac\u03c1\u03c7\u03bf\u03c5\u03c3\u03b5\u03c2 \u03b5\u03c0\u03b9\u03bb\u03bf\u03b3\u03ad\u03c2 \u03c4\u03bf\u03c5\u03c2<\/li>\n<li>\u0391\u03bd\u03b1\u03ba\u03b1\u03bb\u03cd\u03c8\u03bf\u03c5\u03bd \u03ac\u03bb\u03bb\u03b5\u03c2 \u03b5\u03bd\u03b1\u03bb\u03bb\u03b1\u03ba\u03c4\u03b9\u03ba\u03ad\u03c2 \u03bb\u03cd\u03c3\u03b5\u03b9\u03c2<\/li>\n<li>\u0391\u03c0\u03bf\u03c3\u03b1\u03c6\u03b7\u03bd\u03af\u03c3\u03bf\u03c5\u03bd \u03c4\u03b9 \u03c0\u03c1\u03b1\u03b3\u03bc\u03b1\u03c4\u03b9\u03ba\u03ac \u03b8\u03ad\u03bb\u03bf\u03c5\u03bd \u03ba\u03b1\u03b9 \u03c0\u03ce\u03c2 \u03bd\u03b1 \u03c0\u03ac\u03c1\u03bf\u03c5\u03bd \u03bc\u03b9\u03b1 \u03b1\u03c0\u03cc\u03c6\u03b1\u03c3\u03b7<\/li>\n<\/ul>\n<\/div>\n<\/div><div class=\"bde-div-499-346 bde-div\">\n  \n  \n\t\n\n\n\n<h2 class=\"bde-heading-499-347 bde-heading\">\n\u0391\u039d\u0391\u03a4\u03a1\u039f\u03a6\u039f\u0394\u039f\u03a4\u0397\u03a3\u0397\n<\/h2><div class=\"bde-rich-text-499-348 bde-rich-text breakdance-rich-text-styles\">\n<p>\u03a3\u03c4\u03cc\u03c7\u03bf\u03c2 \u03c4\u03c9\u03bd \u03c3\u03c5\u03bd\u03b1\u03bd\u03c4\u03ae\u03c3\u03b5\u03c9\u03bd \u03b5\u03af\u03bd\u03b1\u03b9 \u03b7 \u03b2\u03b5\u03bb\u03c4\u03af\u03c9\u03c3\u03b7 \u03c4\u03b7\u03c2 \u03b1\u03c5\u03c4\u03bf\u03b3\u03bd\u03c9\u03c3\u03af\u03b1\u03c2 \u03c4\u03c9\u03bd \u03bc\u03b1\u03b8\u03b7\u03c4\u03ce\u03bd, \u03b2\u03bf\u03b7\u03b8\u03ce\u03bd\u03c4\u03b1\u03c2 \u03c4\u03bf\u03c5\u03c2 \u03bd\u03b1 \u03c3\u03c5\u03bd\u03b5\u03b9\u03b4\u03b7\u03c4\u03bf\u03c0\u03bf\u03b9\u03ae\u03c3\u03bf\u03c5\u03bd \u03c4\u03b7\u03bd \u03c0\u03c1\u03bf\u03c3\u03c9\u03c0\u03b9\u03ba\u03cc\u03c4\u03b7\u03c4\u03b1, \u03c4\u03b1 \u03b5\u03bd\u03b4\u03b9\u03b1\u03c6\u03ad\u03c1\u03bf\u03bd\u03c4\u03b1, \u03c4\u03b9\u03c2 \u03b4\u03b5\u03be\u03b9\u03cc\u03c4\u03b7\u03c4\u03b5\u03c2 \u03ba\u03b1\u03b9 \u03c4\u03b9\u03c2 \u03c6\u03b9\u03bb\u03bf\u03b4\u03bf\u03be\u03af\u03b5\u03c2 \u03c4\u03bf\u03c5\u03c2, \u03ce\u03c3\u03c4\u03b5 \u03bd\u03b1 \u03bc\u03c0\u03bf\u03c1\u03ad\u03c3\u03bf\u03c5\u03bd \u03bd\u03b1 \u03c0\u03ac\u03c1\u03bf\u03c5\u03bd \u03c4\u03b7 \u03c3\u03c9\u03c3\u03c4\u03ae \u03b1\u03c0\u03cc\u03c6\u03b1\u03c3\u03b7.<\/p>\n<p>\u03a3\u03c4\u03bf \u03c4\u03ad\u03bb\u03bf\u03c2 \u03c4\u03b7\u03c2 \u03c3\u03c5\u03bc\u03b2\u03bf\u03c5\u03bb\u03b5\u03c5\u03c4\u03b9\u03ba\u03ae\u03c2 \u03b4\u03b9\u03b1\u03b4\u03b9\u03ba\u03b1\u03c3\u03af\u03b1\u03c2, \u03bf\u03b9 \u03bc\u03b1\u03b8\u03b7\u03c4\u03ad\u03c2 \u03ba\u03b1\u03b9 \u03bf\u03b9 \u03bc\u03b1\u03b8\u03ae\u03c4\u03c1\u03b9\u03b5\u03c2 \u03b4\u03b7\u03bb\u03ce\u03bd\u03bf\u03c5\u03bd \u03b9\u03ba\u03b1\u03bd\u03bf\u03c0\u03bf\u03b9\u03b7\u03bc\u03ad\u03bd\u03bf\u03b9, \u03cc\u03c7\u03b9 \u03b5\u03c0\u03b5\u03b9\u03b4\u03ae \u03b2\u03c1\u03ae\u03ba\u03b1\u03bd \u03bc\u03b9\u03b1 \u03ad\u03c4\u03bf\u03b9\u03bc\u03b7 \u03bb\u03cd\u03c3\u03b7, \u03b1\u03bb\u03bb\u03ac \u03b5\u03c0\u03b5\u03b9\u03b4\u03ae \u03b1\u03bd\u03b1\u03ba\u03ac\u03bb\u03c5\u03c8\u03b1\u03bd \u03c0\u03b5\u03c1\u03b9\u03c3\u03c3\u03cc\u03c4\u03b5\u03c1\u03b1 \u03b3\u03b9\u03b1 \u03c4\u03bf\u03bd \u03b5\u03b1\u03c5\u03c4\u03cc \u03c4\u03bf\u03c5\u03c2 \u03ba\u03b1\u03b9 \u03b1\u03b9\u03c3\u03b8\u03ac\u03bd\u03bf\u03bd\u03c4\u03b1\u03b9 \u03ba\u03b1\u03bb\u03cd\u03c4\u03b5\u03c1\u03b1 \u03c0\u03c1\u03bf\u03b5\u03c4\u03bf\u03b9\u03bc\u03b1\u03c3\u03bc\u03ad\u03bd\u03bf\u03b9 \u03bd\u03b1 \u03b1\u03bd\u03c4\u03b9\u03bc\u03b5\u03c4\u03c9\u03c0\u03af\u03c3\u03bf\u03c5\u03bd \u03c4\u03bf \u03b4\u03cd\u03c3\u03ba\u03bf\u03bb\u03bf \u03ad\u03c1\u03b3\u03bf \u03c4\u03b7\u03c2 \u03b5\u03c0\u03b9\u03bb\u03bf\u03b3\u03ae\u03c2 \u03c4\u03c9\u03bd \u03c3\u03c0\u03bf\u03c5\u03b4\u03ce\u03bd \u03c4\u03bf\u03c5\u03c2 \u03ba\u03b1\u03b9 \u03c4\u03b7\u03c2 \u03bc\u03b5\u03bb\u03bb\u03bf\u03bd\u03c4\u03b9\u03ba\u03ae\u03c2 \u03c4\u03bf\u03c5\u03c2 \u03c3\u03c4\u03b1\u03b4\u03b9\u03bf\u03b4\u03c1\u03bf\u03bc\u03af\u03b1\u03c2.<\/p>\n<\/div>\n<\/div>\n<\/div><\/div>\n<\/section>","protected":false},"excerpt":{"rendered":"<p>Accueil \u00bb Section Hell\u00e9nique \u00bb Orientation Bureau d&rsquo;orientation Services Le Bureau d\u2019orientation (\u0393\u03a1.\u0395.\u03a0.) offre aux \u00e9l\u00e8ves : Informations sur les \u00e9tudes et les m\u00e9tiers, avec acc\u00e8s \u00e0 diverses sources (ordinateurs, guides des universit\u00e9s et \u00e9coles sup\u00e9rieures grecques et \u00e9trang\u00e8res, etc.) Conseils sur l\u2019entretien professionnel, la r\u00e9daction de CV, de lettres de motivation ou de motivation [&hellip;]<\/p>","protected":false},"author":1,"featured_media":0,"parent":451,"menu_order":0,"comment_status":"closed","ping_status":"closed","template":"","meta":{"inline_featured_image":false,"_breakdance_hide_in_design_set":false,"_breakdance_tags":"","footnotes":""},"class_list":["post-499","page","type-page","status-publish","hentry"],"yoast_head":"<!-- This site is optimized with the Yoast SEO plugin v24.4 - https:\/\/yoast.com\/wordpress\/plugins\/seo\/ -->\n<title>Bureau d&#039;orientation - Lyc\u00e9e Franco-Hell\u00e9nique Eug\u00e8ne Delacroix<\/title>\n<meta name=\"description\" content=\"Apprenez-en plus sur le bureau d&#039;orientation au Lyc\u00e9e Franco-Hell\u00e9nique Eug\u00e8ne-Delacroix d&#039;Ath\u00e8nes (LFHED).\" \/>\n<meta name=\"robots\" content=\"index, nofollow, max-snippet:-1, max-image-preview:large, max-video-preview:-1\" \/>\n<link rel=\"canonical\" href=\"https:\/\/lfh.edu.gr\/el\/section-hellenique\/bureau-orientation\/\" \/>\n<meta property=\"og:locale\" content=\"el_GR\" \/>\n<meta property=\"og:type\" content=\"article\" \/>\n<meta property=\"og:title\" content=\"Bureau d&#039;orientation - Lyc\u00e9e Franco-Hell\u00e9nique Eug\u00e8ne Delacroix\" \/>\n<meta property=\"og:description\" content=\"Apprenez-en plus sur le bureau d&#039;orientation au Lyc\u00e9e Franco-Hell\u00e9nique Eug\u00e8ne-Delacroix d&#039;Ath\u00e8nes (LFHED).\" \/>\n<meta property=\"og:url\" content=\"https:\/\/lfh.edu.gr\/el\/section-hellenique\/bureau-orientation\/\" \/>\n<meta property=\"og:site_name\" content=\"Lyc\u00e9e Franco-Hell\u00e9nique Eug\u00e8ne Delacroix\" \/>\n<meta property=\"article:modified_time\" content=\"2025-10-04T16:06:51+00:00\" \/>\n<meta name=\"twitter:card\" content=\"summary_large_image\" \/>\n<meta name=\"twitter:label1\" content=\"\u0395\u03ba\u03c4\u03b9\u03bc\u03ce\u03bc\u03b5\u03bd\u03bf\u03c2 \u03c7\u03c1\u03cc\u03bd\u03bf\u03c2 \u03b1\u03bd\u03ac\u03b3\u03bd\u03c9\u03c3\u03b7\u03c2\" \/>\n\t<meta name=\"twitter:data1\" content=\"2 \u03bb\u03b5\u03c0\u03c4\u03ac\" \/>\n<script type=\"application\/ld+json\" class=\"yoast-schema-graph\">{\"@context\":\"https:\/\/schema.org\",\"@graph\":[{\"@type\":\"WebPage\",\"@id\":\"https:\/\/lfh.edu.gr\/section-hellenique\/bureau-orientation\/\",\"url\":\"https:\/\/lfh.edu.gr\/section-hellenique\/bureau-orientation\/\",\"name\":\"Bureau d'orientation - Lyc\u00e9e Franco-Hell\u00e9nique Eug\u00e8ne Delacroix\",\"isPartOf\":{\"@id\":\"https:\/\/lfh.edu.gr\/#website\"},\"datePublished\":\"2025-09-23T09:14:59+00:00\",\"dateModified\":\"2025-10-04T16:06:51+00:00\",\"description\":\"Apprenez-en plus sur le bureau d'orientation au Lyc\u00e9e Franco-Hell\u00e9nique Eug\u00e8ne-Delacroix d'Ath\u00e8nes (LFHED).\",\"breadcrumb\":{\"@id\":\"https:\/\/lfh.edu.gr\/section-hellenique\/bureau-orientation\/#breadcrumb\"},\"inLanguage\":\"el\",\"potentialAction\":[{\"@type\":\"ReadAction\",\"target\":[\"https:\/\/lfh.edu.gr\/section-hellenique\/bureau-orientation\/\"]}]},{\"@type\":\"BreadcrumbList\",\"@id\":\"https:\/\/lfh.edu.gr\/section-hellenique\/bureau-orientation\/#breadcrumb\",\"itemListElement\":[{\"@type\":\"ListItem\",\"position\":1,\"name\":\"Accueil\",\"item\":\"https:\/\/lfh.edu.gr\/\"},{\"@type\":\"ListItem\",\"position\":2,\"name\":\"SECTION HELL\u00c9NIQUE\",\"item\":\"https:\/\/lfh.edu.gr\/section-hellenique\/\"},{\"@type\":\"ListItem\",\"position\":3,\"name\":\"Bureau d&rsquo;orientation\"}]},{\"@type\":\"WebSite\",\"@id\":\"https:\/\/lfh.edu.gr\/#website\",\"url\":\"https:\/\/lfh.edu.gr\/\",\"name\":\"Lyc\u00e9e Franco-Hell\u00e9nique Eug\u00e8ne Delacroix\",\"description\":\"\",\"potentialAction\":[{\"@type\":\"SearchAction\",\"target\":{\"@type\":\"EntryPoint\",\"urlTemplate\":\"https:\/\/lfh.edu.gr\/?s={search_term_string}\"},\"query-input\":{\"@type\":\"PropertyValueSpecification\",\"valueRequired\":true,\"valueName\":\"search_term_string\"}}],\"inLanguage\":\"el\"}]}<\/script>\n<!-- \/ Yoast SEO plugin. -->","yoast_head_json":{"title":"Bureau d'orientation - Lyc\u00e9e Franco-Hell\u00e9nique Eug\u00e8ne Delacroix","description":"Apprenez-en plus sur le bureau d'orientation au Lyc\u00e9e Franco-Hell\u00e9nique Eug\u00e8ne-Delacroix d'Ath\u00e8nes (LFHED).","robots":{"index":"index","follow":"nofollow","max-snippet":"max-snippet:-1","max-image-preview":"max-image-preview:large","max-video-preview":"max-video-preview:-1"},"canonical":"https:\/\/lfh.edu.gr\/el\/section-hellenique\/bureau-orientation\/","og_locale":"el_GR","og_type":"article","og_title":"Bureau d'orientation - Lyc\u00e9e Franco-Hell\u00e9nique Eug\u00e8ne Delacroix","og_description":"Apprenez-en plus sur le bureau d'orientation au Lyc\u00e9e Franco-Hell\u00e9nique Eug\u00e8ne-Delacroix d'Ath\u00e8nes (LFHED).","og_url":"https:\/\/lfh.edu.gr\/el\/section-hellenique\/bureau-orientation\/","og_site_name":"Lyc\u00e9e Franco-Hell\u00e9nique Eug\u00e8ne Delacroix","article_modified_time":"2025-10-04T16:06:51+00:00","twitter_card":"summary_large_image","twitter_misc":{"\u0395\u03ba\u03c4\u03b9\u03bc\u03ce\u03bc\u03b5\u03bd\u03bf\u03c2 \u03c7\u03c1\u03cc\u03bd\u03bf\u03c2 \u03b1\u03bd\u03ac\u03b3\u03bd\u03c9\u03c3\u03b7\u03c2":"2 \u03bb\u03b5\u03c0\u03c4\u03ac"},"schema":{"@context":"https:\/\/schema.org","@graph":[{"@type":"WebPage","@id":"https:\/\/lfh.edu.gr\/section-hellenique\/bureau-orientation\/","url":"https:\/\/lfh.edu.gr\/section-hellenique\/bureau-orientation\/","name":"Bureau d'orientation - Lyc\u00e9e Franco-Hell\u00e9nique Eug\u00e8ne Delacroix","isPartOf":{"@id":"https:\/\/lfh.edu.gr\/#website"},"datePublished":"2025-09-23T09:14:59+00:00","dateModified":"2025-10-04T16:06:51+00:00","description":"Apprenez-en plus sur le bureau d'orientation au Lyc\u00e9e Franco-Hell\u00e9nique Eug\u00e8ne-Delacroix d'Ath\u00e8nes (LFHED).","breadcrumb":{"@id":"https:\/\/lfh.edu.gr\/section-hellenique\/bureau-orientation\/#breadcrumb"},"inLanguage":"el","potentialAction":[{"@type":"ReadAction","target":["https:\/\/lfh.edu.gr\/section-hellenique\/bureau-orientation\/"]}]},{"@type":"BreadcrumbList","@id":"https:\/\/lfh.edu.gr\/section-hellenique\/bureau-orientation\/#breadcrumb","itemListElement":[{"@type":"ListItem","position":1,"name":"Accueil","item":"https:\/\/lfh.edu.gr\/"},{"@type":"ListItem","position":2,"name":"SECTION HELL\u00c9NIQUE","item":"https:\/\/lfh.edu.gr\/section-hellenique\/"},{"@type":"ListItem","position":3,"name":"Bureau d&rsquo;orientation"}]},{"@type":"WebSite","@id":"https:\/\/lfh.edu.gr\/#website","url":"https:\/\/lfh.edu.gr\/","name":"Lyc\u00e9e Franco-Hell\u00e9nique Eug\u00e8ne Delacroix","description":"","potentialAction":[{"@type":"SearchAction","target":{"@type":"EntryPoint","urlTemplate":"https:\/\/lfh.edu.gr\/?s={search_term_string}"},"query-input":{"@type":"PropertyValueSpecification","valueRequired":true,"valueName":"search_term_string"}}],"inLanguage":"el"}]}},"jetpack_sharing_enabled":true,"_links":{"self":[{"href":"https:\/\/lfh.edu.gr\/el\/wp-json\/wp\/v2\/pages\/499","targetHints":{"allow":["GET"]}}],"collection":[{"href":"https:\/\/lfh.edu.gr\/el\/wp-json\/wp\/v2\/pages"}],"about":[{"href":"https:\/\/lfh.edu.gr\/el\/wp-json\/wp\/v2\/types\/page"}],"author":[{"embeddable":true,"href":"https:\/\/lfh.edu.gr\/el\/wp-json\/wp\/v2\/users\/1"}],"replies":[{"embeddable":true,"href":"https:\/\/lfh.edu.gr\/el\/wp-json\/wp\/v2\/comments?post=499"}],"version-history":[{"count":1,"href":"https:\/\/lfh.edu.gr\/el\/wp-json\/wp\/v2\/pages\/499\/revisions"}],"predecessor-version":[{"id":522,"href":"https:\/\/lfh.edu.gr\/el\/wp-json\/wp\/v2\/pages\/499\/revisions\/522"}],"up":[{"embeddable":true,"href":"https:\/\/lfh.edu.gr\/el\/wp-json\/wp\/v2\/pages\/451"}],"wp:attachment":[{"href":"https:\/\/lfh.edu.gr\/el\/wp-json\/wp\/v2\/media?parent=499"}],"curies":[{"name":"wp","href":"https:\/\/api.w.org\/{rel}","templated":true}]}}