{"id":488,"date":"2025-09-23T12:32:27","date_gmt":"2025-09-23T12:32:27","guid":{"rendered":"https:\/\/dev.lfh.edu.gr\/site\/?page_id=488"},"modified":"2025-10-04T16:11:48","modified_gmt":"2025-10-04T16:11:48","slug":"partenariats-avec-universites-france","status":"publish","type":"page","link":"https:\/\/lfh.edu.gr\/el\/section-hellenique\/partenariats-avec-universites-france\/","title":{"rendered":"\u03a3\u03c5\u03bc\u03c0\u03c1\u03ac\u03be\u03b5\u03b9\u03c2 \u03bc\u03b5 \u03b3\u03b1\u03bb\u03bb\u03b9\u03ba\u03ac \u03c0\u03b1\u03bd\u03b5\u03c0\u03b9\u03c3\u03c4\u03ae\u03bc\u03b9\u03b1"},"content":{"rendered":"<section class=\"bde-section-488-106 bde-section\">\n  \n  \n\t\n\n\n\n<div class=\"section-container\"><div class=\"bde-div-488-316 bde-div\">\n  \n  \n\t\n\n\n\n<div class=\"bde-div-488-327 bde-div\">\n  \n  \n\t\n\n\n\n<div class=\"bde-button-488-328 bde-button\">\n    \n                                    \n    \n    \n    \n    \n            \n                    \n            \n            \n\n    \n    \n    \n    \n    \n    <a class=\"breakdance-link button-atom button-atom--text bde-button__button\" href=\"\/el\/\" target=\"_self\" data-type=\"url\"  >\n\n    \n        <span class=\"button-atom__text\">\u0391\u03c1\u03c7\u03b9\u03ba\u03ae \u03c3\u03b5\u03bb\u03af\u03b4\u03b1<\/span>\n\n        \n        \n                <\/a>\n\n    \n\n\n<\/div><div class=\"bde-text-488-329 bde-text\">\n\"\n<\/div><div class=\"bde-text-488-332 bde-text\">\n\u0395\u03bb\u03bb\u03b7\u03bd\u03b9\u03ba\u03cc \u03a4\u03bc\u03ae\u03bc\u03b1\n<\/div><div class=\"bde-text-488-338 bde-text\">\n\"\n<\/div><div class=\"bde-text-488-339 bde-text\">\n\u03a0\u03c1\u03bf\u03c3\u03b1\u03bd\u03b1\u03c4\u03bf\u03bb\u03b9\u03c3\u03bc\u03cc\u03c2\n<\/div>\n<\/div><h1 class=\"bde-heading-488-318 bde-heading\">\n\u03a3\u03c5\u03bc\u03c0\u03c1\u03ac\u03be\u03b5\u03b9\u03c2 \u03bc\u03b5 \u03b3\u03b1\u03bb\u03bb\u03b9\u03ba\u03ac \u03c0\u03b1\u03bd\u03b5\u03c0\u03b9\u03c3\u03c4\u03ae\u03bc\u03b9\u03b1\n<\/h1>\n<\/div><div class=\"bde-div-488-334 bde-div\">\n  \n  \n\t\n\n\n\n<div class=\"bde-div-488-319 bde-div\">\n  \n  \n\t\n\n\n\n<h2 class=\"bde-heading-488-320 bde-heading\">\n\u03a3\u03c4\u03cc\u03c7\u03bf\u03c2 \u03c4\u03bf\u03c5 \u039b\u03c5\u03ba\u03b5\u03af\u03bf\u03c5\n<\/h2><div class=\"bde-rich-text-488-321 bde-rich-text breakdance-rich-text-styles\">\n<p class=\"translation-block\">\u03a3\u03c4\u03cc\u03c7\u03bf\u03c2 \u03c4\u03b7\u03c2 \u03a3\u03c7\u03bf\u03bb\u03ae\u03c2 \u03bc\u03b1\u03c2 \u03c0\u03b1\u03c1\u03b1\u03bc\u03ad\u03bd\u03b5\u03b9 \u03c0\u03ac\u03bd\u03c4\u03b1 \u03b7 \u03c0\u03b1\u03c1\u03bf\u03c7\u03ae \u03b2\u03bf\u03ae\u03b8\u03b5\u03b9\u03b1\u03c2 \u03c3\u03c4\u03bf\u03c5\u03c2 \u03bc\u03b1\u03b8\u03b7\u03c4\u03ad\u03c2 \u03bc\u03b1\u03c2 \u03b3\u03b9\u03b1 \u03c4\u03b7\u03bd \u03b5\u03c0\u03b9\u03c4\u03c5\u03c7\u03ae \u03c0\u03c1\u03cc\u03c3\u03b2\u03b1\u03c3\u03ae \u03c4\u03bf\u03c5\u03c2 \u03c3\u03b5 \u03c0\u03b1\u03bd\u03b5\u03c0\u03b9\u03c3\u03c4\u03ae\u03bc\u03b9\u03b1 \u03c5\u03c8\u03b7\u03bb\u03bf\u03cd \u03b5\u03c0\u03b9\u03c0\u03ad\u03b4\u03bf\u03c5 \u03b5\u03af\u03c4\u03b5 \u03c3\u03c4\u03b7 \u03c7\u03ce\u03c1\u03b1 \u03bc\u03b1\u03c2 \u03b5\u03af\u03c4\u03b5 \u03c3\u03c4\u03b7 \u0393\u03b1\u03bb\u03bb\u03af\u03b1.<\/p>\n<p class=\"translation-block\">\u039f\u03b9 \u03b5\u03c0\u03b9\u03c4\u03c5\u03c7\u03af\u03b5\u03c2 \u03c4\u03bf\u03c5\u03c2 \u03c4\u03cc\u03c3\u03bf \u03c3\u03c4\u03b9\u03c2 \u03a0\u03b1\u03bd\u03b5\u03bb\u03bb\u03b1\u03b4\u03b9\u03ba\u03ad\u03c2 \u03b5\u03be\u03b5\u03c4\u03ac\u03c3\u03b5\u03b9\u03c2 \u03cc\u03c3\u03bf \u03ba\u03b1\u03b9 \u03b7 \u03b5\u03b9\u03c3\u03b1\u03b3\u03c9\u03b3\u03ae \u03c4\u03bf\u03c5\u03c2  \u03c3\u03b5 \u03c3\u03c5\u03b3\u03ba\u03b5\u03ba\u03c1\u03b9\u03bc\u03ad\u03bd\u03b1 \u03c0\u03b1\u03bd\u03b5\u03c0\u03b9\u03c3\u03c4\u03ae\u03bc\u03b9\u03b1 \u03c4\u03bf\u03c5 \u03b5\u03be\u03c9\u03c4\u03b5\u03c1\u03b9\u03ba\u03bf\u03cd, \u03b1\u03c0\u03bf\u03b4\u03b5\u03b9\u03ba\u03bd\u03cd\u03bf\u03c5\u03bd \u03cc\u03c4\u03b9 \u03bf \u03c4\u03c1\u03cc\u03c0\u03bf\u03c2 \u03c0\u03bf\u03c5 \u03c4\u03bf \u03c3\u03c7\u03bf\u03bb\u03b5\u03af\u03bf \u03c4\u03bf\u03c5\u03c2 \u03ad\u03c7\u03b5\u03b9 \u03bc\u03ac\u03b8\u03b5\u03b9, \u03ce\u03c3\u03c4\u03b5 \u03bd\u03b1 \u00ab\u03bc\u03b1\u03b8\u03b1\u03af\u03bd\u03bf\u03c5\u03bd\u00bb \u03b5\u03af\u03bd\u03b1\u03b9 \u03b1\u03c0\u03bf\u03c4\u03b5\u03bb\u03b5\u03c3\u03bc\u03b1\u03c4\u03b9\u03ba\u03cc\u03c2. \u03a3\u03b5 \u03b1\u03c5\u03c4\u03ae \u03c4\u03b7 \u03b4\u03cd\u03c3\u03ba\u03bf\u03bb\u03b7 \u03c3\u03c5\u03b3\u03ba\u03c5\u03c1\u03af\u03b1 \u03b8\u03b5\u03c9\u03c1\u03bf\u03cd\u03bc\u03b5 \u03cc\u03c4\u03b9 \u03b7 \u03b4\u03c5\u03bd\u03b1\u03c4\u03cc\u03c4\u03b7\u03c4\u03b1 \u03c3\u03c5\u03bd\u03ad\u03c7\u03b9\u03c3\u03b7\u03c2 \u03c4\u03c9\u03bd \u03c3\u03c0\u03bf\u03c5\u03b4\u03ce\u03bd \u03c4\u03bf\u03c5\u03c2 \u03c3\u03c4\u03b1 \u03b3\u03b1\u03bb\u03bb\u03b9\u03ba\u03ac \u03c0\u03b1\u03bd\u03b5\u03c0\u03b9\u03c3\u03c4\u03ae\u03bc\u03b9\u03b1, \u03b3\u03bd\u03c9\u03c3\u03c4\u03ac \u03b3\u03b9\u03b1 \u03c4\u03b7\u03bd \u03c0\u03bf\u03b9\u03cc\u03c4\u03b7\u03c4\u03b1 \u03c4\u03bf\u03c5 \u03c0\u03b5\u03c1\u03b9\u03b5\u03c7\u03bf\u03bc\u03ad\u03bd\u03bf\u03c5 \u03b5\u03ba\u03c0\u03b1\u03af\u03b4\u03b5\u03c5\u03c3\u03b7\u03c2 \u03b1\u03bb\u03bb\u03ac \u03ba\u03b1\u03b9 \u03c4\u03b7\u03bd \u03b1\u03c0\u03bf\u03c5\u03c3\u03af\u03b1 \u03b4\u03b9\u03b4\u03ac\u03ba\u03c4\u03c1\u03c9\u03bd \u03c3\u03b5 \u03c3\u03c5\u03bd\u03b4\u03c5\u03b1\u03c3\u03bc\u03cc \u03bc\u03b5 \u03c4\u03bf \u03c7\u03b1\u03bc\u03b7\u03bb\u03cc \u03ba\u03cc\u03c3\u03c4\u03bf\u03c2 \u03b4\u03b9\u03b1\u03bc\u03bf\u03bd\u03ae\u03c2, \u03b5\u03af\u03bd\u03b1\u03b9 \u03c0\u03c1\u03b1\u03b3\u03bc\u03b1\u03c4\u03b9\u03ba\u03ae \u03c0\u03c1\u03cc\u03ba\u03bb\u03b7\u03c3\u03b7. \u0395\u03b4\u03ce \u03ba\u03b1\u03b9 \u03c7\u03c1\u03cc\u03bd\u03b9\u03b1 \u03ad\u03c7\u03bf\u03c5\u03bc\u03b5 \u03b5\u03b3\u03ba\u03b1\u03b9\u03bd\u03b9\u03ac\u03c3\u03b5\u03b9 \u03ad\u03bd\u03b1\u03bd \u03c0\u03b9\u03bf \u03b4\u03c1\u03b1\u03c3\u03c4\u03b9\u03ba\u03cc \u03c4\u03c1\u03cc\u03c0\u03bf \u03b3\u03b9\u03b1 \u03bd\u03b1 \u03c3\u03c4\u03b7\u03c1\u03af\u03be\u03bf\u03c5\u03bc\u03b5 \u03c4\u03bf\u03c5\u03c2 \u03bc\u03b1\u03b8\u03b7\u03c4\u03ad\u03c2 \u03ba\u03b1\u03b9 \u03c4\u03b9\u03c2 \u03bf\u03b9\u03ba\u03bf\u03b3\u03ad\u03bd\u03b5\u03b9\u03ad\u03c2 \u03c4\u03bf\u03c5\u03c2 \u03c3\u03b5 \u03b1\u03c5\u03c4\u03cc \u03c4\u03bf \u03b8\u03ad\u03bc\u03b1.<\/p>\n<p>\u0397 \u03b5\u03c0\u03b9\u03c4\u03c5\u03c7\u03ae\u03c2 \u03c0\u03bf\u03c1\u03b5\u03af\u03b1 \u03c4\u03c9\u03bd \u03bc\u03b1\u03b8\u03b7\u03c4\u03ce\u03bd \u03bc\u03b1\u03c2 \u03c0\u03bf\u03c5 \u03ad\u03c7\u03bf\u03c5\u03bd \u03b5\u03c0\u03b9\u03bb\u03ad\u03be\u03b5\u03b9 \u03c9\u03c2 \u03b1\u03ba\u03b1\u03b4\u03b7\u03bc\u03b1\u03ca\u03ba\u03cc \u03c0\u03b5\u03c1\u03b9\u03b2\u03ac\u03bb\u03bb\u03bf\u03bd \u03c4\u03b1 \u03b3\u03b1\u03bb\u03bb\u03b9\u03ba\u03ac \u03c0\u03b1\u03bd\u03b5\u03c0\u03b9\u03c3\u03c4\u03ae\u03bc\u03b9\u03b1 \u03ae \u03c4\u03b9\u03c2 Sciences Po, \u03bc\u03af\u03b1 \u03b1\u03c0\u03cc \u03c4\u03b9\u03c2 \u03c6\u03b7\u03bc\u03b9\u03c3\u03bc\u03ad\u03bd\u03b5\u03c2 \u03c0\u03b1\u03b3\u03ba\u03bf\u03c3\u03bc\u03af\u03c9\u03c2 grandes \u00e9coles, \u03b1\u03c0\u03bf\u03b4\u03b5\u03b9\u03ba\u03bd\u03cd\u03b5\u03b9 \u03c4\u03b7\u03bd \u03c0\u03bf\u03b9\u03cc\u03c4\u03b7\u03c4\u03b1 \u03c0\u03c1\u03bf\u03b5\u03c4\u03bf\u03b9\u03bc\u03b1\u03c3\u03af\u03b1\u03c2 \u03c4\u03bf\u03c5\u03c2 \u03c4\u03cc\u03c3\u03bf \u03c3\u03b5 \u03b5\u03c0\u03af\u03c0\u03b5\u03b4\u03bf \u03b3\u03b1\u03bb\u03bb\u03b9\u03ba\u03ae\u03c2 \u03b3\u03bb\u03ce\u03c3\u03c3\u03b1\u03c2, \u03ba\u03b1\u03b9 \u03b1\u03ba\u03b1\u03b4\u03b7\u03bc\u03b1\u03ca\u03ba\u03ce\u03bd \u03b3\u03bd\u03ce\u03c3\u03b5\u03c9\u03bd \u03b3\u03b5\u03bd\u03b9\u03ba\u03cc\u03c4\u03b5\u03c1\u03b1, \u03cc\u03c3\u03bf \u03ba\u03b1\u03b9 \u03c3\u03b5 \u03b5\u03c0\u03af\u03c0\u03b5\u03b4\u03bf \u03ba\u03b1\u03bb\u03bb\u03b9\u03ad\u03c1\u03b3\u03b5\u03b9\u03b1\u03c2 \u03c4\u03c9\u03bd \u03b1\u03c4\u03bf\u03bc\u03b9\u03ba\u03ce\u03bd \u03c4\u03bf\u03c5\u03c2 \u03b4\u03b5\u03be\u03b9\u03bf\u03c4\u03ae\u03c4\u03c9\u03bd.<\/p>\n<\/div><div class=\"bde-gallery-488-373 bde-gallery\">\n\n\n  \n\n\n\n\n\n\n\n  \n\n  <div class=\"ee-gallery-swiper breakdance-swiper-wrapper\" data-swiper-id=\"373\">\n    <div class=\"swiper\">\n\n<div class=\"ee-gallery ee-gallery--gallery-slider ee-gallery--slider ee-gallery--single ee-gallery--none ee-gallery-- ee-gallery--caption- ee-gallery--caption-none ee-gallery--ratio swiper-wrapper\">\n                  \n      <div class=\"ee-gallery-item ee-gallery-item--image ee-gallery-item--single swiper-slide\" href=\"https:\/\/lfh.edu.gr\/wordpress\/wp-content\/uploads\/2025\/09\/lfhed-campus-grenoble.jpg\"  data-sub-html=\"\" data-category=\"1\"                  data-lg-size=\"1460-973\"\n\n      >\n        <figure class=\"ee-gallery-item-figure\">\n                        <img decoding=\"async\" class=\"breakdance-image-object\" src=\"https:\/\/lfh.edu.gr\/wordpress\/wp-content\/uploads\/2025\/09\/lfhed-campus-grenoble-1024x682.jpg\" width=\"1024\" height=\"682\" srcset=\"https:\/\/lfh.edu.gr\/wordpress\/wp-content\/uploads\/2025\/09\/lfhed-campus-grenoble.jpg 1460w, https:\/\/lfh.edu.gr\/wordpress\/wp-content\/uploads\/2025\/09\/lfhed-campus-grenoble-300x200.jpg 300w, https:\/\/lfh.edu.gr\/wordpress\/wp-content\/uploads\/2025\/09\/lfhed-campus-grenoble-1024x682.jpg 1024w, https:\/\/lfh.edu.gr\/wordpress\/wp-content\/uploads\/2025\/09\/lfhed-campus-grenoble-768x512.jpg 768w\" sizes=\"auto, (max-width: 1460px) 100vw, 1460px\" loading=\"lazy\">\n          \n                  <\/figure>\n      <\/div>\n\n        \n  <\/div>\n\n    <\/div>\n                <div class=\"swiper-button-prev\">\n            \n        <\/div>\n        <div class=\"swiper-button-next\">\n            \n        <\/div>\n    \n    \n  <\/div>\n\n\n<\/div>\n<\/div><div class=\"bde-div-488-370 bde-div\">\n  \n  \n\t\n\n\n\n<h2 class=\"bde-heading-488-371 bde-heading\">\n\u03a0\u03b9\u03bf \u03c3\u03c5\u03b3\u03ba\u03b5\u03ba\u03c1\u03b9\u03bc\u03ad\u03bd\u03b1\n<\/h2><div class=\"bde-rich-text-488-372 bde-rich-text breakdance-rich-text-styles\">\n<ul>\n<li>\u03a3\u03c5\u03bd\u03c4\u03bf\u03bd\u03b9\u03c3\u03bc\u03ad\u03bd\u03b7 \u03c0\u03c1\u03bf\u03b5\u03c4\u03bf\u03b9\u03bc\u03b1\u03c3\u03af\u03b1 \u03c4\u03c9\u03bd \u03bc\u03b1\u03b8\u03b7\u03c4\u03ce\u03bd \u03bc\u03b1\u03c2 \u03c3\u03c4\u03b9\u03c2 2 \u03c4\u03b5\u03bb\u03b5\u03c5\u03c4\u03b1\u03af\u03b5\u03c2 \u03c4\u03ac\u03be\u03b5\u03b9\u03c2 \u03c4\u03bf\u03c5 \u039b\u03c5\u03ba\u03b5\u03af\u03bf\u03c5 \u03b3\u03b9\u03b1 \u03c4\u03b9\u03c2 \u03c3\u03c0\u03bf\u03c5\u03b4\u03ad\u03c2 \u03ba\u03b1\u03b9 \u03c4\u03b7\u03bd \u03ba\u03b1\u03b8\u03b7\u03bc\u03b5\u03c1\u03b9\u03bd\u03ae \u03b6\u03c9\u03ae \u03c3\u03c4\u03b7 \u0393\u03b1\u03bb\u03bb\u03af\u03b1<\/li>\n<li>\u03a3\u03c7\u03b5\u03b4\u03b9\u03b1\u03c3\u03bc\u03cc\u03c2 \u03bc\u03b9\u03b1\u03c2 \u03b5\u03c5\u03c1\u03cd\u03c4\u03b5\u03c1\u03b7\u03c2 \u03ba\u03b1\u03b9 \u03c3\u03c5\u03bd\u03b5\u03c7\u03bf\u03cd\u03c2 \u03b5\u03c0\u03b9\u03bc\u03cc\u03c1\u03c6\u03c9\u03c3\u03b7\u03c2 \u03c4\u03c9\u03bd \u03b5\u03ba\u03c0\u03b1\u03b9\u03b4\u03b5\u03c5\u03c4\u03b9\u03ba\u03ce\u03bd \u03bc\u03b1\u03c2 \u03bc\u03b5 \u03c3\u03c4\u03cc\u03c7\u03bf \u03c4\u03b7\u03bd \u03b5\u03c6\u03b1\u03c1\u03bc\u03bf\u03b3\u03ae \u03c0\u03c1\u03bf\u03c0\u03b1\u03c1\u03b1\u03c3\u03ba\u03b5\u03c5\u03b1\u03c3\u03c4\u03b9\u03ba\u03ce\u03bd \u03b4\u03b9\u03b4\u03b1\u03ba\u03c4\u03b9\u03ba\u03ce\u03bd \u03bc\u03b5\u03b8\u03cc\u03b4\u03c9\u03bd \u03b1\u03c0\u03cc \u03c4\u03b1 \u03c3\u03c5\u03b3\u03ba\u03b5\u03ba\u03c1\u03b9\u03bc\u03ad\u03bd\u03b1 \u03c0\u03b1\u03bd\u03b5\u03c0\u03b9\u03c3\u03c4\u03ae\u03bc\u03b9\u03b1<\/li>\n<li>\u0386\u03bd\u03bf\u03b9\u03b3\u03bc\u03b1 \u03c4\u03c9\u03bd \u03b5\u03c1\u03b3\u03b1\u03c3\u03b9\u03ce\u03bd \u03c4\u03bf\u03c5 Campus France \u03c3\u03c4\u03bf \u0393\u03b1\u03bb\u03bb\u03b9\u03ba\u03cc \u0399\u03bd\u03c3\u03c4\u03b9\u03c4\u03bf\u03cd\u03c4\u03bf \u03bc\u03b5 \u03c4\u03b7\u03bd \u03b5\u03c0\u03af\u03c3\u03ba\u03b5\u03c8\u03b7 \u03bc\u03b1\u03b8\u03b7\u03c4\u03ce\u03bd \u03c4\u03b7\u03c2 \u0392\u0384 \u03ba\u03b1\u03b9 \u0393\u0384 \u039b\u03c5\u03ba\u03b5\u03af\u03bf\u03c5<\/li>\n<li>\u0395\u03bd\u03b7\u03bc\u03ad\u03c1\u03c9\u03c3\u03b7 \u03b3\u03bf\u03bd\u03ad\u03c9\u03bd \u03ba\u03b1\u03b9 \u03bc\u03b1\u03b8\u03b7\u03c4\u03ce\u03bd \u03b3\u03b9\u03b1 \u03c4\u03b1 \u0393\u03b1\u03bb\u03bb\u03b9\u03ba\u03ac \u03a0\u03b1\u03bd\u03b5\u03c0\u03b9\u03c3\u03c4\u03ae\u03bc\u03b9\u03b1 \u03b1\u03c0\u03cc \u03c4\u03bf Campus France \u03ae \u03b5\u03ba\u03c0\u03c1\u03bf\u03c3\u03ce\u03c0\u03bf\u03c5\u03c2 \u03b1\u03c0\u03cc \u03c4\u03b1 \u03b3\u03b1\u03bb\u03bb\u03b9\u03ba\u03ac \u03c0\u03b1\u03bd\u03b5\u03c0\u03b9\u03c3\u03c4\u03ae\u03bc\u03b9\u03b1 \u03ba\u03b1\u03b9 \u03c4\u03b9\u03c2 Grandes Ecoles<\/li>\n<li>\u0395\u03be\u03b1\u03c4\u03bf\u03bc\u03b9\u03ba\u03b5\u03c5\u03bc\u03ad\u03bd\u03b7 \u03b2\u03bf\u03ae\u03b8\u03b5\u03b9\u03b1 \u03b3\u03b9\u03b1 \u03c4\u03bf\u03c5\u03c2 \u03c6\u03bf\u03b9\u03c4\u03b7\u03c4\u03ad\u03c2 \u03ce\u03c3\u03c4\u03b5 \u03bd\u03b1 \u03bf\u03bb\u03bf\u03ba\u03bb\u03b7\u03c1\u03ce\u03c3\u03bf\u03c5\u03bd \u03c4\u03b9\u03c2 \u03b1\u03b9\u03c4\u03ae\u03c3\u03b5\u03b9\u03c2 \u03c4\u03bf\u03c5\u03c2 \u03c3\u03c4\u03b1 \u03b3\u03b1\u03bb\u03bb\u03b9\u03ba\u03ac \u03c0\u03b1\u03bd\u03b5\u03c0\u03b9\u03c3\u03c4\u03ae\u03bc\u03b9\u03b1<\/li>\n<li>\u0395\u03c0\u03af\u03c3\u03ba\u03b5\u03c8\u03b7 \u03c3\u03b5 \u03b3\u03b1\u03bb\u03bb\u03b9\u03ba\u03ac \u03c0\u03b1\u03bd\u03b5\u03c0\u03b9\u03c3\u03c4\u03ae\u03bc\u03b9\u03b1<\/li>\n<li>\u03a0\u03c1\u03c9\u03c4\u03cc\u03ba\u03bf\u03bb\u03bb\u03b1 \u03c3\u03c5\u03bd\u03b5\u03c1\u03b3\u03b1\u03c3\u03af\u03b1\u03c2 \u03bc\u03b5 \u03a0\u03b1\u03bd\u03b5\u03c0\u03b9\u03c3\u03c4\u03ae\u03bc\u03b9\u03b1 (Grenoble, Lyon I - IUT, Lyon III, ESCEM ) \u03bc\u03b5 \u03c3\u03ba\u03bf\u03c0\u03cc \u03c4\u03b7\u03bd \u03c0\u03c1\u03bf\u03bd\u03bf\u03bc\u03b9\u03bf\u03cd\u03c7\u03bf \u03b5\u03be\u03c5\u03c0\u03b7\u03c1\u03ad\u03c4\u03b7\u03c3\u03b7 \u03c4\u03c9\u03bd \u03bc\u03b1\u03b8\u03b7\u03c4\u03ce\u03bd \u03bc\u03b1\u03c2 \u03c4\u03cc\u03c3\u03bf \u03c3\u03c4\u03b9\u03c2 \u03b5\u03b3\u03b3\u03c1\u03b1\u03c6\u03ad\u03c2 \u03cc\u03c3\u03bf \u03ba\u03b1\u03b9 \u03c3\u03c4\u03b7\u03bd \u03b5\u03be\u03b5\u03cd\u03c1\u03b5\u03c3\u03b7 \u03c3\u03c4\u03ad\u03b3\u03b7\u03c2 \u03ba\u03b1\u03b9 \u03c0\u03b1\u03c1\u03b1\u03ba\u03bf\u03bb\u03bf\u03cd\u03b8\u03b7\u03c3\u03b7\u03c2 (tutorat), \u03ad\u03c4\u03c3\u03b9 \u03ce\u03c3\u03c4\u03b5 \u03c4\u03b7\u03bd \u03c0\u03b5\u03c1\u03af\u03bf\u03b4\u03bf \u03c4\u03b7\u03c2 \u03bc\u03b5\u03c4\u03b1\u03b2\u03b1\u03c4\u03b9\u03ba\u03ae\u03c2 \u03c6\u03ac\u03c3\u03b7\u03c2 \u03b1\u03c0\u03cc \u03c4\u03bf \u039b\u03cd\u03ba\u03b5\u03b9\u03bf \u03c3\u03c4\u03bf \u03a0\u03b1\u03bd\u03b5\u03c0\u03b9\u03c3\u03c4\u03ae\u03bc\u03b9\u03bf \u03bd\u03b1 \u03ad\u03c7\u03bf\u03c5\u03bd \u03c4\u03b7 \u03b2\u03bf\u03ae\u03b8\u03b5\u03b9\u03b1 \u03c0\u03bf\u03c5 \u03c7\u03c1\u03b5\u03b9\u03ac\u03b6\u03bf\u03bd\u03c4\u03b1\u03b9 \u03ba\u03b1\u03b9 \u03b7 \u03bf\u03c0\u03bf\u03af\u03b1 \u03b1\u03c0\u03bf\u03c4\u03b5\u03bb\u03b5\u03af \u03ba\u03bb\u03b5\u03b9\u03b4\u03af \u03b3\u03b9\u03b1 \u03c4\u03b7\u03bd \u03bc\u03b5\u03c4\u03ad\u03c0\u03b5\u03b9\u03c4\u03b1 \u03c0\u03bf\u03c1\u03b5\u03af\u03b1 \u03c4\u03c9\u03bd \u03c3\u03c0\u03bf\u03c5\u03b4\u03ce\u03bd \u03c4\u03bf\u03c5\u03c2.<\/li>\n<\/ul>\n<\/div>\n<\/div>\n<\/div><\/div>\n<\/section>","protected":false},"excerpt":{"rendered":"<p>Accueil \u00bb Section Hell\u00e9nique \u00bb Orientation Partenariats avec les universit\u00e9s fran\u00e7aises L&rsquo;objectif du Lyc\u00e9e L\u2019objectif de notre \u00e9tablissement reste toujours d\u2019aider nos \u00e9l\u00e8ves \u00e0 acc\u00e9der avec succ\u00e8s \u00e0 des universit\u00e9s de haut niveau, que ce soit dans notre pays ou en France. Leur r\u00e9ussite, tant aux examens nationaux grecs qu\u2019\u00e0 l\u2019admission dans certaines universit\u00e9s \u00e0 [&hellip;]<\/p>","protected":false},"author":1,"featured_media":0,"parent":451,"menu_order":0,"comment_status":"closed","ping_status":"closed","template":"","meta":{"inline_featured_image":false,"_breakdance_hide_in_design_set":false,"_breakdance_tags":"","footnotes":""},"class_list":["post-488","page","type-page","status-publish","hentry"],"yoast_head":"<!-- This site is optimized with the Yoast SEO plugin v24.4 - https:\/\/yoast.com\/wordpress\/plugins\/seo\/ -->\n<title>Partenariats avec les universit\u00e9s fran\u00e7aises - Lyc\u00e9e Franco-Hell\u00e9nique Eug\u00e8ne Delacroix<\/title>\n<meta name=\"description\" content=\"Apprenez-en plus sur les universit\u00e9s partenaires du Lyc\u00e9e Franco-Hell\u00e9nique Eug\u00e8ne-Delacroix d&#039;Ath\u00e8nes (LFHED).\" \/>\n<meta name=\"robots\" content=\"index, nofollow, max-snippet:-1, max-image-preview:large, max-video-preview:-1\" \/>\n<link rel=\"canonical\" href=\"https:\/\/lfh.edu.gr\/el\/section-hellenique\/partenariats-avec-universites-france\/\" \/>\n<meta property=\"og:locale\" content=\"el_GR\" \/>\n<meta property=\"og:type\" content=\"article\" \/>\n<meta property=\"og:title\" content=\"Partenariats avec les universit\u00e9s fran\u00e7aises - Lyc\u00e9e Franco-Hell\u00e9nique Eug\u00e8ne Delacroix\" \/>\n<meta property=\"og:description\" content=\"Apprenez-en plus sur les universit\u00e9s partenaires du Lyc\u00e9e Franco-Hell\u00e9nique Eug\u00e8ne-Delacroix d&#039;Ath\u00e8nes (LFHED).\" \/>\n<meta property=\"og:url\" content=\"https:\/\/lfh.edu.gr\/el\/section-hellenique\/partenariats-avec-universites-france\/\" \/>\n<meta property=\"og:site_name\" content=\"Lyc\u00e9e Franco-Hell\u00e9nique Eug\u00e8ne Delacroix\" \/>\n<meta property=\"article:modified_time\" content=\"2025-10-04T16:11:48+00:00\" \/>\n<meta name=\"twitter:card\" content=\"summary_large_image\" \/>\n<meta name=\"twitter:label1\" content=\"\u0395\u03ba\u03c4\u03b9\u03bc\u03ce\u03bc\u03b5\u03bd\u03bf\u03c2 \u03c7\u03c1\u03cc\u03bd\u03bf\u03c2 \u03b1\u03bd\u03ac\u03b3\u03bd\u03c9\u03c3\u03b7\u03c2\" \/>\n\t<meta name=\"twitter:data1\" content=\"2 \u03bb\u03b5\u03c0\u03c4\u03ac\" \/>\n<script type=\"application\/ld+json\" class=\"yoast-schema-graph\">{\"@context\":\"https:\/\/schema.org\",\"@graph\":[{\"@type\":\"WebPage\",\"@id\":\"https:\/\/lfh.edu.gr\/section-hellenique\/partenariats-avec-universites-france\/\",\"url\":\"https:\/\/lfh.edu.gr\/section-hellenique\/partenariats-avec-universites-france\/\",\"name\":\"Partenariats avec les universit\u00e9s fran\u00e7aises - Lyc\u00e9e Franco-Hell\u00e9nique Eug\u00e8ne Delacroix\",\"isPartOf\":{\"@id\":\"https:\/\/lfh.edu.gr\/#website\"},\"datePublished\":\"2025-09-23T12:32:27+00:00\",\"dateModified\":\"2025-10-04T16:11:48+00:00\",\"description\":\"Apprenez-en plus sur les universit\u00e9s partenaires du Lyc\u00e9e Franco-Hell\u00e9nique Eug\u00e8ne-Delacroix d'Ath\u00e8nes (LFHED).\",\"breadcrumb\":{\"@id\":\"https:\/\/lfh.edu.gr\/section-hellenique\/partenariats-avec-universites-france\/#breadcrumb\"},\"inLanguage\":\"el\",\"potentialAction\":[{\"@type\":\"ReadAction\",\"target\":[\"https:\/\/lfh.edu.gr\/section-hellenique\/partenariats-avec-universites-france\/\"]}]},{\"@type\":\"BreadcrumbList\",\"@id\":\"https:\/\/lfh.edu.gr\/section-hellenique\/partenariats-avec-universites-france\/#breadcrumb\",\"itemListElement\":[{\"@type\":\"ListItem\",\"position\":1,\"name\":\"Accueil\",\"item\":\"https:\/\/lfh.edu.gr\/\"},{\"@type\":\"ListItem\",\"position\":2,\"name\":\"SECTION HELL\u00c9NIQUE\",\"item\":\"https:\/\/lfh.edu.gr\/section-hellenique\/\"},{\"@type\":\"ListItem\",\"position\":3,\"name\":\"Partenariats avec les universit\u00e9s fran\u00e7aises\"}]},{\"@type\":\"WebSite\",\"@id\":\"https:\/\/lfh.edu.gr\/#website\",\"url\":\"https:\/\/lfh.edu.gr\/\",\"name\":\"Lyc\u00e9e Franco-Hell\u00e9nique Eug\u00e8ne Delacroix\",\"description\":\"\",\"potentialAction\":[{\"@type\":\"SearchAction\",\"target\":{\"@type\":\"EntryPoint\",\"urlTemplate\":\"https:\/\/lfh.edu.gr\/?s={search_term_string}\"},\"query-input\":{\"@type\":\"PropertyValueSpecification\",\"valueRequired\":true,\"valueName\":\"search_term_string\"}}],\"inLanguage\":\"el\"}]}<\/script>\n<!-- \/ Yoast SEO plugin. -->","yoast_head_json":{"title":"Partenariats avec les universit\u00e9s fran\u00e7aises - Lyc\u00e9e Franco-Hell\u00e9nique Eug\u00e8ne Delacroix","description":"Apprenez-en plus sur les universit\u00e9s partenaires du Lyc\u00e9e Franco-Hell\u00e9nique Eug\u00e8ne-Delacroix d'Ath\u00e8nes (LFHED).","robots":{"index":"index","follow":"nofollow","max-snippet":"max-snippet:-1","max-image-preview":"max-image-preview:large","max-video-preview":"max-video-preview:-1"},"canonical":"https:\/\/lfh.edu.gr\/el\/section-hellenique\/partenariats-avec-universites-france\/","og_locale":"el_GR","og_type":"article","og_title":"Partenariats avec les universit\u00e9s fran\u00e7aises - Lyc\u00e9e Franco-Hell\u00e9nique Eug\u00e8ne Delacroix","og_description":"Apprenez-en plus sur les universit\u00e9s partenaires du Lyc\u00e9e Franco-Hell\u00e9nique Eug\u00e8ne-Delacroix d'Ath\u00e8nes (LFHED).","og_url":"https:\/\/lfh.edu.gr\/el\/section-hellenique\/partenariats-avec-universites-france\/","og_site_name":"Lyc\u00e9e Franco-Hell\u00e9nique Eug\u00e8ne Delacroix","article_modified_time":"2025-10-04T16:11:48+00:00","twitter_card":"summary_large_image","twitter_misc":{"\u0395\u03ba\u03c4\u03b9\u03bc\u03ce\u03bc\u03b5\u03bd\u03bf\u03c2 \u03c7\u03c1\u03cc\u03bd\u03bf\u03c2 \u03b1\u03bd\u03ac\u03b3\u03bd\u03c9\u03c3\u03b7\u03c2":"2 \u03bb\u03b5\u03c0\u03c4\u03ac"},"schema":{"@context":"https:\/\/schema.org","@graph":[{"@type":"WebPage","@id":"https:\/\/lfh.edu.gr\/section-hellenique\/partenariats-avec-universites-france\/","url":"https:\/\/lfh.edu.gr\/section-hellenique\/partenariats-avec-universites-france\/","name":"Partenariats avec les universit\u00e9s fran\u00e7aises - Lyc\u00e9e Franco-Hell\u00e9nique Eug\u00e8ne Delacroix","isPartOf":{"@id":"https:\/\/lfh.edu.gr\/#website"},"datePublished":"2025-09-23T12:32:27+00:00","dateModified":"2025-10-04T16:11:48+00:00","description":"Apprenez-en plus sur les universit\u00e9s partenaires du Lyc\u00e9e Franco-Hell\u00e9nique Eug\u00e8ne-Delacroix d'Ath\u00e8nes (LFHED).","breadcrumb":{"@id":"https:\/\/lfh.edu.gr\/section-hellenique\/partenariats-avec-universites-france\/#breadcrumb"},"inLanguage":"el","potentialAction":[{"@type":"ReadAction","target":["https:\/\/lfh.edu.gr\/section-hellenique\/partenariats-avec-universites-france\/"]}]},{"@type":"BreadcrumbList","@id":"https:\/\/lfh.edu.gr\/section-hellenique\/partenariats-avec-universites-france\/#breadcrumb","itemListElement":[{"@type":"ListItem","position":1,"name":"Accueil","item":"https:\/\/lfh.edu.gr\/"},{"@type":"ListItem","position":2,"name":"SECTION HELL\u00c9NIQUE","item":"https:\/\/lfh.edu.gr\/section-hellenique\/"},{"@type":"ListItem","position":3,"name":"Partenariats avec les universit\u00e9s fran\u00e7aises"}]},{"@type":"WebSite","@id":"https:\/\/lfh.edu.gr\/#website","url":"https:\/\/lfh.edu.gr\/","name":"Lyc\u00e9e Franco-Hell\u00e9nique Eug\u00e8ne Delacroix","description":"","potentialAction":[{"@type":"SearchAction","target":{"@type":"EntryPoint","urlTemplate":"https:\/\/lfh.edu.gr\/?s={search_term_string}"},"query-input":{"@type":"PropertyValueSpecification","valueRequired":true,"valueName":"search_term_string"}}],"inLanguage":"el"}]}},"jetpack_sharing_enabled":true,"_links":{"self":[{"href":"https:\/\/lfh.edu.gr\/el\/wp-json\/wp\/v2\/pages\/488","targetHints":{"allow":["GET"]}}],"collection":[{"href":"https:\/\/lfh.edu.gr\/el\/wp-json\/wp\/v2\/pages"}],"about":[{"href":"https:\/\/lfh.edu.gr\/el\/wp-json\/wp\/v2\/types\/page"}],"author":[{"embeddable":true,"href":"https:\/\/lfh.edu.gr\/el\/wp-json\/wp\/v2\/users\/1"}],"replies":[{"embeddable":true,"href":"https:\/\/lfh.edu.gr\/el\/wp-json\/wp\/v2\/comments?post=488"}],"version-history":[{"count":2,"href":"https:\/\/lfh.edu.gr\/el\/wp-json\/wp\/v2\/pages\/488\/revisions"}],"predecessor-version":[{"id":494,"href":"https:\/\/lfh.edu.gr\/el\/wp-json\/wp\/v2\/pages\/488\/revisions\/494"}],"up":[{"embeddable":true,"href":"https:\/\/lfh.edu.gr\/el\/wp-json\/wp\/v2\/pages\/451"}],"wp:attachment":[{"href":"https:\/\/lfh.edu.gr\/el\/wp-json\/wp\/v2\/media?parent=488"}],"curies":[{"name":"wp","href":"https:\/\/api.w.org\/{rel}","templated":true}]}}