{"id":485,"date":"2025-09-23T09:18:03","date_gmt":"2025-09-23T09:18:03","guid":{"rendered":"https:\/\/dev.lfh.edu.gr\/site\/?page_id=485"},"modified":"2025-10-04T16:07:28","modified_gmt":"2025-10-04T16:07:28","slug":"conseils-orientation","status":"publish","type":"page","link":"https:\/\/lfh.edu.gr\/el\/section-hellenique\/conseils-orientation\/","title":{"rendered":"\u03a3\u03c5\u03bc\u03b2\u03bf\u03c5\u03bb\u03b5\u03c5\u03c4\u03b9\u03ba\u03ae \u03ba\u03b1\u03b8'\u03cc\u03bb\u03b7 \u03c4\u03b7 \u03c6\u03bf\u03af\u03c4\u03b7\u03c3\u03b7 \u03c4\u03c9\u03bd \u03bc\u03b1\u03b8\u03b7\u03c4\u03ce\u03bd -\u03c4\u03c1\u03b9\u03ce\u03bd"},"content":{"rendered":"<section class=\"bde-section-485-106 bde-section\">\n  \n  \n\t\n\n\n\n<div class=\"section-container\"><div class=\"bde-div-485-316 bde-div\">\n  \n  \n\t\n\n\n\n<div class=\"bde-div-485-327 bde-div\">\n  \n  \n\t\n\n\n\n<div class=\"bde-button-485-328 bde-button\">\n    \n                                    \n    \n    \n    \n    \n            \n                    \n            \n            \n\n    \n    \n    \n    \n    \n    <a class=\"breakdance-link button-atom button-atom--text bde-button__button\" href=\"\/el\/\" target=\"_self\" data-type=\"url\"  >\n\n    \n        <span class=\"button-atom__text\">\u0391\u03c1\u03c7\u03b9\u03ba\u03ae \u03c3\u03b5\u03bb\u03af\u03b4\u03b1<\/span>\n\n        \n        \n                <\/a>\n\n    \n\n\n<\/div><div class=\"bde-text-485-329 bde-text\">\n\"\n<\/div><div class=\"bde-text-485-332 bde-text\">\n\u0395\u03bb\u03bb\u03b7\u03bd\u03b9\u03ba\u03cc \u03a4\u03bc\u03ae\u03bc\u03b1\n<\/div><div class=\"bde-text-485-338 bde-text\">\n\"\n<\/div><div class=\"bde-text-485-339 bde-text\">\n\u03a0\u03c1\u03bf\u03c3\u03b1\u03bd\u03b1\u03c4\u03bf\u03bb\u03b9\u03c3\u03bc\u03cc\u03c2\n<\/div>\n<\/div><h1 class=\"bde-heading-485-318 bde-heading\">\n\u03a3\u03c5\u03bc\u03b2\u03bf\u03c5\u03bb\u03b5\u03c5\u03c4\u03b9\u03ba\u03ae \u03ba\u03b1\u03b8'\u03cc\u03bb\u03b7 \u03c4\u03b7 \u03c6\u03bf\u03af\u03c4\u03b7\u03c3\u03b7 \u03c4\u03c9\u03bd \u03bc\u03b1\u03b8\u03b7\u03c4\u03ce\u03bd -\u03c4\u03c1\u03b9\u03ce\u03bd\n<\/h1>\n<\/div><div class=\"bde-div-485-334 bde-div\">\n  \n  \n\t\n\n\n\n<div class=\"bde-div-485-319 bde-div\">\n  \n  \n\t\n\n\n\n<h2 class=\"bde-heading-485-320 bde-heading\">\n\u0391'-\u0392' \u0393\u03c5\u03bc\u03bd\u03b1\u03c3\u03af\u03bf\u03c5\n<\/h2><div class=\"bde-rich-text-485-321 bde-rich-text breakdance-rich-text-styles\">\n<ul>\n<li>\u0393\u03bd\u03c9\u03c1\u03b9\u03bc\u03af\u03b1 \u03bc\u03b5 \u03b4\u03b9\u03ac\u03c6\u03bf\u03c1\u03b1 \u03b5\u03c0\u03b1\u03b3\u03b3\u03ad\u03bb\u03bc\u03b1\u03c4\u03b1 \u03bc\u03ad\u03c3\u03b1 \u03b1\u03c0\u03cc \u03b4\u03b9\u03b1\u03b8\u03b5\u03bc\u03b1\u03c4\u03b9\u03ba\u03ad\u03c2 \u03b5\u03c1\u03b3\u03b1\u03c3\u03af\u03b5\u03c2<\/li>\n<li>\u0395\u03c0\u03b1\u03b3\u03b3\u03ad\u03bb\u03bc\u03b1\u03c4\u03b1 \u03c4\u03bf\u03c5 \u03c0\u03b1\u03c1\u03b5\u03bb\u03b8\u03cc\u03bd\u03c4\u03bf\u03c2, \u03c4\u03bf\u03c5 \u03c0\u03b1\u03c1\u03cc\u03bd\u03c4\u03bf\u03c2 \u03ba\u03b1\u03b9 \u03c4\u03bf\u03c5 \u03bc\u03ad\u03bb\u03bb\u03bf\u03bd\u03c4\u03bf\u03c2<\/li>\n<li>\u0391\u03bd\u03c4\u03b9\u03bb\u03ae\u03c8\u03b5\u03b9\u03c2 \u03c3\u03c7\u03b5\u03c4\u03b9\u03ba\u03ac \u03bc\u03b5 \u03b4\u03b9\u03ac\u03c6\u03bf\u03c1\u03b1 \u03b5\u03c0\u03b1\u03b3\u03b3\u03ad\u03bb\u03bc\u03b1\u03c4\u03b1<\/li>\n<li>\u0395\u03ba\u03bc\u03ac\u03b8\u03b7\u03c3\u03b7 \u03c4\u03b7\u03c2 \u03c7\u03c1\u03ae\u03c3\u03b7\u03c2 \u03c4\u03c9\u03bd \u03b5\u03c1\u03b3\u03b1\u03bb\u03b5\u03af\u03c9\u03bd \u03c0\u03bb\u03b7\u03c1\u03bf\u03c6\u03cc\u03c1\u03b7\u03c3\u03b7\u03c2 \u03c4\u03bf\u03c5 \u03b3\u03c1\u03b1\u03c6\u03b5\u03af\u03bf\u03c5 \u03c0\u03c1\u03bf\u03c3\u03b1\u03bd\u03b1\u03c4\u03bf\u03bb\u03b9\u03c3\u03bc\u03bf\u03cd<\/li>\n<\/ul>\n<\/div>\n<\/div><div class=\"bde-div-485-358 bde-div\">\n  \n  \n\t\n\n\n\n<h2 class=\"bde-heading-485-359 bde-heading\">\n\u0393' \u0393\u03c5\u03bc\u03bd\u03b1\u03c3\u03af\u03bf\u03c5\n<\/h2><div class=\"bde-rich-text-485-360 bde-rich-text breakdance-rich-text-styles\">\n<ul>\n<li>\u0391\u03c5\u03c4\u03bf\u03b3\u03bd\u03c9\u03c3\u03af\u03b1 \u2013 \u0391\u03c5\u03c4\u03bf\u03b1\u03bd\u03c4\u03af\u03bb\u03b7\u03c8\u03b7 \u2013 \u0391\u03c5\u03c4\u03bf\u03b5\u03ba\u03c4\u03af\u03bc\u03b7\u03c3\u03b7 (\u03bc\u03ad\u03c3\u03c9 \u03c8\u03c5\u03c7\u03bf\u03bc\u03b5\u03c4\u03c1\u03b9\u03ba\u03ce\u03bd \u03bc\u03b5\u03b8\u03cc\u03b4\u03c9\u03bd)<\/li>\n<li>\u0395\u03c0\u03b1\u03b3\u03b3\u03b5\u03bb\u03bc\u03b1\u03c4\u03b9\u03ba\u03ad\u03c2 \u03b1\u03be\u03af\u03b5\u03c2 \u2013 \u03b5\u03c0\u03b1\u03b3\u03b3\u03b5\u03bb\u03bc\u03b1\u03c4\u03b9\u03ba\u03ac \u03b5\u03bd\u03b4\u03b9\u03b1\u03c6\u03ad\u03c1\u03bf\u03bd\u03c4\u03b1<\/li>\n<li>\u0393\u03b5\u03bd\u03b9\u03ba\u03cc\u03c2 \u03b4\u03b9\u03b1\u03c7\u03c9\u03c1\u03b9\u03c3\u03bc\u03cc\u03c2 \u03b5\u03c0\u03b1\u03b3\u03b3\u03b5\u03bb\u03bc\u03ac\u03c4\u03c9\u03bd<\/li>\n<li>\u0395\u03c0\u03b1\u03b3\u03b3\u03b5\u03bb\u03bc\u03b1\u03c4\u03b9\u03ba\u03ad\u03c2 \u03bc\u03bf\u03bd\u03bf\u03b3\u03c1\u03b1\u03c6\u03af\u03b5\u03c2 (\u03c0\u03bb\u03b7\u03c1\u03bf\u03c6\u03bf\u03c1\u03af\u03b5\u03c2 \u03b3\u03b9\u03b1 \u03b5\u03c0\u03b1\u03b3\u03b3\u03b5\u03bb\u03bc\u03b1\u03c4\u03b9\u03ba\u03ad\u03c2 \u03b5\u03bd\u03b1\u03c3\u03c7\u03bf\u03bb\u03ae\u03c3\u03b5\u03b9\u03c2 \u03ba\u03c5\u03c1\u03af\u03c9\u03c2 \u03c3\u03c4\u03b1 \u03bc\u03b7 \u03c0\u03b1\u03c1\u03b1\u03b4\u03bf\u03c3\u03b9\u03b1\u03ba\u03ac \u2013 \u03b3\u03bd\u03c9\u03c3\u03c4\u03ac \u03b5\u03c0\u03b1\u03b3\u03b3\u03ad\u03bb\u03bc\u03b1\u03c4\u03b1, \u03b5\u03c0\u03b1\u03b3\u03b3\u03b5\u03bb\u03bc\u03b1\u03c4\u03b9\u03ba\u03ad\u03c2 \u03b4\u03b9\u03ad\u03be\u03bf\u03b4\u03bf\u03b9, \u03b1\u03b3\u03bf\u03c1\u03ac \u03b5\u03c1\u03b3\u03b1\u03c3\u03af\u03b1\u03c2)<\/li>\n<li>\u0392\u03b9\u03c9\u03bc\u03b1\u03c4\u03b9\u03ba\u03ae \u03c0\u03c1\u03bf\u03c3\u03ad\u03b3\u03b3\u03b9\u03c3\u03b7 \u03bc\u03ad\u03c3\u03c9 \u03c3\u03c5\u03bd\/\u03be\u03b5\u03c9\u03bd \u03b3\u03b9\u03b1 \u03b5\u03cd\u03c1\u03b5\u03c3\u03b7 \u03b5\u03c1\u03b3\u03b1\u03c3\u03af\u03b1\u03c2<\/li>\n<li>\u03a3\u03cd\u03c3\u03c4\u03b7\u03bc\u03b1 \u03c0\u03c1\u03cc\u03c3\u03b2\u03b1\u03c3\u03b7\u03c2 \u03c3\u03c4\u03b7\u03bd \u03a4\u03c1\u03b9\u03c4\u03bf\u03b2\u03ac\u03b8\u03bc\u03b9\u03b1 \u03b5\u03ba\u03c0\u03b1\u03af\u03b4\u03b5\u03c5\u03c3\u03b7<\/li>\n<\/ul>\n<\/div>\n<\/div><div class=\"bde-div-485-361 bde-div\">\n  \n  \n\t\n\n\n\n<h2 class=\"bde-heading-485-362 bde-heading\">\n\u0391' \u039b\u03c5\u03ba\u03b5\u03af\u03bf\u03c5\n<\/h2><div class=\"bde-rich-text-485-363 bde-rich-text breakdance-rich-text-styles\">\n<ul>\n<li>\u0394\u03b9\u03b5\u03c1\u03b5\u03cd\u03bd\u03b7\u03c3\u03b7 \u03b5\u03bd\u03b4\u03b9\u03b1\u03c6\u03b5\u03c1\u03cc\u03bd\u03c4\u03c9\u03bd \u03ba\u03b1\u03b9 \u03b5\u03c0\u03b1\u03b3\u03b3\u03b5\u03bb\u03bc\u03b1\u03c4\u03b9\u03ba\u03ce\u03bd \u03b1\u03be\u03b9\u03ce\u03bd \u03bc\u03b5 \u03b9\u03b4\u03b9\u03b1\u03af\u03c4\u03b5\u03c1\u03b7 \u03b1\u03bd\u03b1\u03c6\u03bf\u03c1\u03ac \u03c3\u03c4\u03b9\u03c2 \u03b4\u03b5\u03be\u03b9\u03cc\u03c4\u03b7\u03c4\u03b5\u03c2 \u03b6\u03c9\u03ae\u03c2 (\u03b5\u03c0\u03b9\u03ba\u03bf\u03b9\u03bd\u03c9\u03bd\u03af\u03b1, \u03bb\u03ae\u03c8\u03b7 \u03b1\u03c0\u03bf\u03c6\u03ac\u03c3\u03b5\u03c9\u03bd)<\/li>\n<li>\u0394\u03b9\u03b1\u03b4\u03b9\u03ba\u03b1\u03c3\u03af\u03b1 \u03bb\u03ae\u03c8\u03b7\u03c2 \u03b1\u03c0\u03cc\u03c6\u03b1\u03c3\u03b7\u03c2<\/li>\n<li>\u0394\u03b9\u03b1\u03bc\u03cc\u03c1\u03c6\u03c9\u03c3\u03b7 \u201c\u03c0\u03bb\u03ac\u03bd\u03bf\u03c5 \u03b6\u03c9\u03ae\u03c2\u201d<\/li>\n<\/ul>\n<\/div>\n<\/div><div class=\"bde-div-485-364 bde-div\">\n  \n  \n\t\n\n\n\n<h2 class=\"bde-heading-485-365 bde-heading\">\n\u0392'-\u0393' \u039b\u03c5\u03ba\u03b5\u03af\u03bf\u03c5\n<\/h2><div class=\"bde-rich-text-485-366 bde-rich-text breakdance-rich-text-styles\">\n<ul>\n<li>\u0395\u03bd\u03b7\u03bc\u03ad\u03c1\u03c9\u03c3\u03b7 \u03b3\u03b9\u03b1 \u03c3\u03c7\u03bf\u03bb\u03ad\u03c2 \u03ba\u03b1\u03b9 \u03c3\u03c0\u03bf\u03c5\u03b4\u03ad\u03c2 \u03c3\u03c4\u03b7\u03bd \u0395\u03bb\u03bb\u03ac\u03b4\u03b1 \u03ba\u03b1\u03b9 \u03c3\u03c4\u03bf \u03b5\u03be\u03c9\u03c4\u03b5\u03c1\u03b9\u03ba\u03cc<\/li>\n<li>\u0392\u03b9\u03bf\u03b3\u03c1\u03b1\u03c6\u03b9\u03ba\u03cc \u03c3\u03b7\u03bc\u03b5\u03af\u03c9\u03bc\u03b1<\/li>\n<li>\u03a3\u03c5\u03bd\u03ad\u03bd\u03c4\u03b5\u03c5\u03be\u03b7<\/li>\n<\/ul>\n<\/div>\n<\/div><div class=\"bde-div-485-367 bde-div\">\n  \n  \n\t\n\n\n\n<h2 class=\"bde-heading-485-368 bde-heading\">\n\u0393' \u039b\u03c5\u03ba\u03b5\u03af\u03bf\u03c5\n<\/h2><div class=\"bde-rich-text-485-369 bde-rich-text breakdance-rich-text-styles\">\n<ul>\n<li>\u039f\u03b4\u03b7\u03b3\u03af\u03b5\u03c2 \u03c3\u03c5\u03bc\u03c0\u03bb\u03ae\u03c1\u03c9\u03c3\u03b7\u03c2 \u03bc\u03b7\u03c7\u03b1\u03bd\u03bf\u03b3\u03c1\u03b1\u03c6\u03b9\u03ba\u03bf\u03cd \u03b4\u03b5\u03bb\u03c4\u03af\u03bf\u03c5<\/li>\n<\/ul>\n<\/div>\n<\/div><div class=\"bde-div-485-370 bde-div\">\n  \n  \n\t\n\n\n\n<h2 class=\"bde-heading-485-371 bde-heading\">\n\u0391\u03c0\u03bf\u03c3\u03ba\u03bf\u03c0\u03ce\u03bd\u03c4\u03b1\u03c2 \u03c3\u03c4\u03b1 \u03c0\u03b1\u03c1\u03b1\u03c0\u03ac\u03bd\u03c9\n<\/h2><div class=\"bde-rich-text-485-372 bde-rich-text breakdance-rich-text-styles\">\n<ul>\n<li>\u03a5\u03c0\u03ac\u03c1\u03c7\u03b5\u03b9 \u03c0\u03bf\u03bb\u03c5\u03b5\u03c0\u03af\u03c0\u03b5\u03b4\u03b7 \u03c3\u03c5\u03bd\u03b5\u03c1\u03b3\u03b1\u03c3\u03af\u03b1 \u03c4\u03bf\u03c5 \u03c3\u03c7\u03bf\u03bb\u03b5\u03af\u03bf\u03c5 \u03bc\u03b1\u03c2 \u03bc\u03b5 \u03c4\u03bf \u03a3\u03c9\u03bc\u03b1\u03c4\u03b5\u03af\u03bf \u0395\u03c0\u03b9\u03c7\u03b5\u03b9\u03c1\u03b7\u03bc\u03b1\u03c4\u03b9\u03ba\u03cc\u03c4\u03b7\u03c4\u03b1\u03c2 \u039d\u03ad\u03c9\u03bd (\u03a3\u0395\u039d)<\/li>\n<li>\u03a4\u03ad\u03c7\u03bd\u03b7 \u03ba\u03b1\u03b9 \u03b5\u03c0\u03b1\u03b3\u03b3\u03b5\u03bb\u03bc\u03b1\u03c4\u03b9\u03ba\u03cc\u03c2 \u03c0\u03c1\u03bf\u03c3\u03b1\u03bd\u03b1\u03c4\u03bf\u03bb\u03b9\u03c3\u03bc\u03cc\u03c2<\/li>\n<li>\u039f\u03c1\u03b3\u03b1\u03bd\u03ce\u03bd\u03bf\u03bd\u03c4\u03b1\u03b9 \u00ab\u0397\u03bc\u03ad\u03c1\u03b5\u03c2 \u039a\u03b1\u03c1\u03b9\u03ad\u03c1\u03b1\u03c2\u00bb, \u03bc\u03b5 \u03bf\u03bc\u03b9\u03bb\u03af\u03b5\u03c2 \u03b1\u03c0\u03cc \u03b5\u03b9\u03b4\u03b9\u03ba\u03bf\u03cd\u03c2 \u03c3\u03c4\u03bf \u03c7\u03ce\u03c1\u03bf \u03c4\u03b7\u03c2 \u03b5\u03c1\u03b3\u03b1\u03c3\u03af\u03b1\u03c2 \u03ba\u03b1\u03b9 \u03c4\u03b7\u03c2 \u03a3\u03c5\u03bc\u03b2\u03bf\u03c5\u03bb\u03b5\u03c5\u03c4\u03b9\u03ba\u03ae\u03c2 \u03a3\u03c4\u03b1\u03b4\u03b9\u03bf\u03b4\u03c1\u03bf\u03bc\u03af\u03b1\u03c2 \u03ba\u03b1\u03b9 \u03bc\u03b5 \u03c3\u03c5\u03bd\u03b1\u03bd\u03c4\u03ae\u03c3\u03b5\u03b9\u03c2 \u03c4\u03c9\u03bd \u03bc\u03b1\u03b8\u03b7\u03c4\u03ce\u03bd \u03bc\u03b5 \u03b5\u03c0\u03b1\u03b3\u03b3\u03b5\u03bb\u03bc\u03b1\u03c4\u03af\u03b5\u03c2<\/li>\n<li>\u0393\u03af\u03bd\u03bf\u03bd\u03c4\u03b1\u03b9 \u03b5\u03bd\u03b7\u03bc\u03b5\u03c1\u03ce\u03c3\u03b5\u03b9\u03c2 \u03c3\u03c7\u03b5\u03c4\u03b9\u03ba\u03ac \u03bc\u03b5 \u03c4\u03b9\u03c2 \u03c3\u03c0\u03bf\u03c5\u03b4\u03ad\u03c2 \u03c3\u03c4\u03bf \u03b5\u03be\u03c9\u03c4\u03b5\u03c1\u03b9\u03ba\u03cc \u03ba\u03b1\u03b9 \u03c5\u03c0\u03ac\u03c1\u03c7\u03b5\u03b9 \u03b5\u03c0\u03b9\u03bc\u03cc\u03c1\u03c6\u03c9\u03c3\u03b7 \u03c4\u03bf\u03c5 \u03c5\u03c0\u03b5\u03cd\u03b8\u03c5\u03bd\u03bf\u03c5 \u03b1\u03c4\u03cc\u03bc\u03bf\u03c5 \u03ba\u03b1\u03b9 \u03c3\u03c5\u03bd\u03b5\u03c1\u03b3\u03b1\u03c3\u03af\u03b1 \u03bc\u03b5 \u03b5\u03be\u03c9\u03c4\u03b5\u03c1\u03b9\u03ba\u03bf\u03cd\u03c2 \u03c6\u03bf\u03c1\u03b5\u03af\u03c2 \u03c3\u03c5\u03bc\u03b2\u03bf\u03c5\u03bb\u03b5\u03c5\u03c4\u03b9\u03ba\u03ae\u03c2.<\/li>\n<\/ul>\n<\/div>\n<\/div>\n<\/div><\/div>\n<\/section>","protected":false},"excerpt":{"rendered":"<p>Accueil \u00bb Section Hell\u00e9nique \u00bb Orientation Conseils de carri\u00e8re Coll\u00e8ge \u00b7 Classes de 1re et 2e (\u0391\u2019-\u0392\u2019 Gymnasio) D\u00e9couverte de diff\u00e9rents m\u00e9tiers \u00e0 travers des travaux interdisciplinaires M\u00e9tiers du pass\u00e9, du pr\u00e9sent et du futur Perceptions et repr\u00e9sentations des diff\u00e9rents m\u00e9tiers Apprentissage de l\u2019utilisation des outils d\u2019information du bureau d\u2019orientation Coll\u00e8ge \u00b7 Classe de 3e [&hellip;]<\/p>","protected":false},"author":1,"featured_media":0,"parent":451,"menu_order":0,"comment_status":"closed","ping_status":"closed","template":"","meta":{"inline_featured_image":false,"_breakdance_hide_in_design_set":false,"_breakdance_tags":"","footnotes":""},"class_list":["post-485","page","type-page","status-publish","hentry"],"yoast_head":"<!-- This site is optimized with the Yoast SEO plugin v24.4 - https:\/\/yoast.com\/wordpress\/plugins\/seo\/ -->\n<title>Conseils de carri\u00e8re - Lyc\u00e9e Franco-Hell\u00e9nique Eug\u00e8ne Delacroix<\/title>\n<meta name=\"description\" content=\"Apprenez-en plus sur les conseils de carri\u00e8re au Lyc\u00e9e Franco-Hell\u00e9nique Eug\u00e8ne-Delacroix d&#039;Ath\u00e8nes (LFHED).\" \/>\n<meta name=\"robots\" content=\"index, nofollow, max-snippet:-1, max-image-preview:large, max-video-preview:-1\" \/>\n<link rel=\"canonical\" href=\"https:\/\/lfh.edu.gr\/el\/section-hellenique\/conseils-orientation\/\" \/>\n<meta property=\"og:locale\" content=\"el_GR\" \/>\n<meta property=\"og:type\" content=\"article\" \/>\n<meta property=\"og:title\" content=\"Conseils de carri\u00e8re - Lyc\u00e9e Franco-Hell\u00e9nique Eug\u00e8ne Delacroix\" \/>\n<meta property=\"og:description\" content=\"Apprenez-en plus sur les conseils de carri\u00e8re au Lyc\u00e9e Franco-Hell\u00e9nique Eug\u00e8ne-Delacroix d&#039;Ath\u00e8nes (LFHED).\" \/>\n<meta property=\"og:url\" content=\"https:\/\/lfh.edu.gr\/el\/section-hellenique\/conseils-orientation\/\" \/>\n<meta property=\"og:site_name\" content=\"Lyc\u00e9e Franco-Hell\u00e9nique Eug\u00e8ne Delacroix\" \/>\n<meta property=\"article:modified_time\" content=\"2025-10-04T16:07:28+00:00\" \/>\n<meta name=\"twitter:card\" content=\"summary_large_image\" \/>\n<meta name=\"twitter:label1\" content=\"\u0395\u03ba\u03c4\u03b9\u03bc\u03ce\u03bc\u03b5\u03bd\u03bf\u03c2 \u03c7\u03c1\u03cc\u03bd\u03bf\u03c2 \u03b1\u03bd\u03ac\u03b3\u03bd\u03c9\u03c3\u03b7\u03c2\" \/>\n\t<meta name=\"twitter:data1\" content=\"2 \u03bb\u03b5\u03c0\u03c4\u03ac\" \/>\n<script type=\"application\/ld+json\" class=\"yoast-schema-graph\">{\"@context\":\"https:\/\/schema.org\",\"@graph\":[{\"@type\":\"WebPage\",\"@id\":\"https:\/\/lfh.edu.gr\/section-hellenique\/conseils-orientation\/\",\"url\":\"https:\/\/lfh.edu.gr\/section-hellenique\/conseils-orientation\/\",\"name\":\"Conseils de carri\u00e8re - Lyc\u00e9e Franco-Hell\u00e9nique Eug\u00e8ne Delacroix\",\"isPartOf\":{\"@id\":\"https:\/\/lfh.edu.gr\/#website\"},\"datePublished\":\"2025-09-23T09:18:03+00:00\",\"dateModified\":\"2025-10-04T16:07:28+00:00\",\"description\":\"Apprenez-en plus sur les conseils de carri\u00e8re au Lyc\u00e9e Franco-Hell\u00e9nique Eug\u00e8ne-Delacroix d'Ath\u00e8nes (LFHED).\",\"breadcrumb\":{\"@id\":\"https:\/\/lfh.edu.gr\/section-hellenique\/conseils-orientation\/#breadcrumb\"},\"inLanguage\":\"el\",\"potentialAction\":[{\"@type\":\"ReadAction\",\"target\":[\"https:\/\/lfh.edu.gr\/section-hellenique\/conseils-orientation\/\"]}]},{\"@type\":\"BreadcrumbList\",\"@id\":\"https:\/\/lfh.edu.gr\/section-hellenique\/conseils-orientation\/#breadcrumb\",\"itemListElement\":[{\"@type\":\"ListItem\",\"position\":1,\"name\":\"Accueil\",\"item\":\"https:\/\/lfh.edu.gr\/\"},{\"@type\":\"ListItem\",\"position\":2,\"name\":\"SECTION HELL\u00c9NIQUE\",\"item\":\"https:\/\/lfh.edu.gr\/section-hellenique\/\"},{\"@type\":\"ListItem\",\"position\":3,\"name\":\"Conseils de carri\u00e8re\"}]},{\"@type\":\"WebSite\",\"@id\":\"https:\/\/lfh.edu.gr\/#website\",\"url\":\"https:\/\/lfh.edu.gr\/\",\"name\":\"Lyc\u00e9e Franco-Hell\u00e9nique Eug\u00e8ne Delacroix\",\"description\":\"\",\"potentialAction\":[{\"@type\":\"SearchAction\",\"target\":{\"@type\":\"EntryPoint\",\"urlTemplate\":\"https:\/\/lfh.edu.gr\/?s={search_term_string}\"},\"query-input\":{\"@type\":\"PropertyValueSpecification\",\"valueRequired\":true,\"valueName\":\"search_term_string\"}}],\"inLanguage\":\"el\"}]}<\/script>\n<!-- \/ Yoast SEO plugin. -->","yoast_head_json":{"title":"Conseils de carri\u00e8re - Lyc\u00e9e Franco-Hell\u00e9nique Eug\u00e8ne Delacroix","description":"Apprenez-en plus sur les conseils de carri\u00e8re au Lyc\u00e9e Franco-Hell\u00e9nique Eug\u00e8ne-Delacroix d'Ath\u00e8nes (LFHED).","robots":{"index":"index","follow":"nofollow","max-snippet":"max-snippet:-1","max-image-preview":"max-image-preview:large","max-video-preview":"max-video-preview:-1"},"canonical":"https:\/\/lfh.edu.gr\/el\/section-hellenique\/conseils-orientation\/","og_locale":"el_GR","og_type":"article","og_title":"Conseils de carri\u00e8re - Lyc\u00e9e Franco-Hell\u00e9nique Eug\u00e8ne Delacroix","og_description":"Apprenez-en plus sur les conseils de carri\u00e8re au Lyc\u00e9e Franco-Hell\u00e9nique Eug\u00e8ne-Delacroix d'Ath\u00e8nes (LFHED).","og_url":"https:\/\/lfh.edu.gr\/el\/section-hellenique\/conseils-orientation\/","og_site_name":"Lyc\u00e9e Franco-Hell\u00e9nique Eug\u00e8ne Delacroix","article_modified_time":"2025-10-04T16:07:28+00:00","twitter_card":"summary_large_image","twitter_misc":{"\u0395\u03ba\u03c4\u03b9\u03bc\u03ce\u03bc\u03b5\u03bd\u03bf\u03c2 \u03c7\u03c1\u03cc\u03bd\u03bf\u03c2 \u03b1\u03bd\u03ac\u03b3\u03bd\u03c9\u03c3\u03b7\u03c2":"2 \u03bb\u03b5\u03c0\u03c4\u03ac"},"schema":{"@context":"https:\/\/schema.org","@graph":[{"@type":"WebPage","@id":"https:\/\/lfh.edu.gr\/section-hellenique\/conseils-orientation\/","url":"https:\/\/lfh.edu.gr\/section-hellenique\/conseils-orientation\/","name":"Conseils de carri\u00e8re - Lyc\u00e9e Franco-Hell\u00e9nique Eug\u00e8ne Delacroix","isPartOf":{"@id":"https:\/\/lfh.edu.gr\/#website"},"datePublished":"2025-09-23T09:18:03+00:00","dateModified":"2025-10-04T16:07:28+00:00","description":"Apprenez-en plus sur les conseils de carri\u00e8re au Lyc\u00e9e Franco-Hell\u00e9nique Eug\u00e8ne-Delacroix d'Ath\u00e8nes (LFHED).","breadcrumb":{"@id":"https:\/\/lfh.edu.gr\/section-hellenique\/conseils-orientation\/#breadcrumb"},"inLanguage":"el","potentialAction":[{"@type":"ReadAction","target":["https:\/\/lfh.edu.gr\/section-hellenique\/conseils-orientation\/"]}]},{"@type":"BreadcrumbList","@id":"https:\/\/lfh.edu.gr\/section-hellenique\/conseils-orientation\/#breadcrumb","itemListElement":[{"@type":"ListItem","position":1,"name":"Accueil","item":"https:\/\/lfh.edu.gr\/"},{"@type":"ListItem","position":2,"name":"SECTION HELL\u00c9NIQUE","item":"https:\/\/lfh.edu.gr\/section-hellenique\/"},{"@type":"ListItem","position":3,"name":"Conseils de carri\u00e8re"}]},{"@type":"WebSite","@id":"https:\/\/lfh.edu.gr\/#website","url":"https:\/\/lfh.edu.gr\/","name":"Lyc\u00e9e Franco-Hell\u00e9nique Eug\u00e8ne Delacroix","description":"","potentialAction":[{"@type":"SearchAction","target":{"@type":"EntryPoint","urlTemplate":"https:\/\/lfh.edu.gr\/?s={search_term_string}"},"query-input":{"@type":"PropertyValueSpecification","valueRequired":true,"valueName":"search_term_string"}}],"inLanguage":"el"}]}},"jetpack_sharing_enabled":true,"_links":{"self":[{"href":"https:\/\/lfh.edu.gr\/el\/wp-json\/wp\/v2\/pages\/485","targetHints":{"allow":["GET"]}}],"collection":[{"href":"https:\/\/lfh.edu.gr\/el\/wp-json\/wp\/v2\/pages"}],"about":[{"href":"https:\/\/lfh.edu.gr\/el\/wp-json\/wp\/v2\/types\/page"}],"author":[{"embeddable":true,"href":"https:\/\/lfh.edu.gr\/el\/wp-json\/wp\/v2\/users\/1"}],"replies":[{"embeddable":true,"href":"https:\/\/lfh.edu.gr\/el\/wp-json\/wp\/v2\/comments?post=485"}],"version-history":[{"count":6,"href":"https:\/\/lfh.edu.gr\/el\/wp-json\/wp\/v2\/pages\/485\/revisions"}],"predecessor-version":[{"id":523,"href":"https:\/\/lfh.edu.gr\/el\/wp-json\/wp\/v2\/pages\/485\/revisions\/523"}],"up":[{"embeddable":true,"href":"https:\/\/lfh.edu.gr\/el\/wp-json\/wp\/v2\/pages\/451"}],"wp:attachment":[{"href":"https:\/\/lfh.edu.gr\/el\/wp-json\/wp\/v2\/media?parent=485"}],"curies":[{"name":"wp","href":"https:\/\/api.w.org\/{rel}","templated":true}]}}