{"id":477,"date":"2025-09-23T12:30:36","date_gmt":"2025-09-23T12:30:36","guid":{"rendered":"https:\/\/dev.lfh.edu.gr\/site\/?page_id=477"},"modified":"2026-03-19T11:55:50","modified_gmt":"2026-03-19T09:55:50","slug":"ecole-inclusive","status":"publish","type":"page","link":"https:\/\/lfh.edu.gr\/el\/section-hellenique\/ecole-inclusive\/","title":{"rendered":"L&rsquo;\u00e9cole inclusive"},"content":{"rendered":"<section class=\"bde-section-477-106 bde-section\">\n  \n  \n\t\n\n\n\n<div class=\"section-container\"><div class=\"bde-div-477-316 bde-div\">\n  \n  \n\t\n\n\n\n<div class=\"bde-div-477-327 bde-div\">\n  \n  \n\t\n\n\n\n<div class=\"bde-button-477-328 bde-button\">\n    \n                                    \n    \n    \n    \n    \n            \n                    \n            \n            \n\n    \n    \n    \n    \n    \n    <a class=\"breakdance-link button-atom button-atom--text bde-button__button\" href=\"\/el\/\" target=\"_self\" data-type=\"url\"  >\n\n    \n        <span class=\"button-atom__text\">\u0391\u03c1\u03c7\u03b9\u03ba\u03ae \u03c3\u03b5\u03bb\u03af\u03b4\u03b1<\/span>\n\n        \n        \n                <\/a>\n\n    \n\n\n<\/div><div class=\"bde-text-477-329 bde-text\">\n\"\n<\/div><div class=\"bde-text-477-332 bde-text\">\n\u0395\u03bb\u03bb\u03b7\u03bd\u03b9\u03ba\u03cc \u03a4\u03bc\u03ae\u03bc\u03b1\n<\/div><div class=\"bde-text-477-338 bde-text\">\n\"\n<\/div><div class=\"bde-text-477-339 bde-text\">\n\u03a4\u03bf \u03b5\u03bb\u03bb\u03b7\u03bd\u03b9\u03ba\u03cc \u03b5\u03ba\u03c0\u03b1\u03b9\u03b4\u03b5\u03c5\u03c4\u03b9\u03ba\u03cc \u03c3\u03cd\u03c3\u03c4\u03b7\u03bc\u03b1\n<\/div>\n<\/div><h1 class=\"bde-heading-477-318 bde-heading\">\n\u03a3\u03c7\u03bf\u03bb\u03b5\u03af\u03bf \u03c7\u03c9\u03c1\u03af\u03c2 \u03b1\u03c0\u03bf\u03ba\u03bb\u03b5\u03b9\u03c3\u03bc\u03bf\u03cd\u03c2\n<\/h1>\n<\/div><div class=\"bde-div-477-334 bde-div\">\n  \n  \n\t\n\n\n\n<div class=\"bde-div-477-319 bde-div\">\n  \n  \n\t\n\n\n\n<h2 class=\"bde-heading-477-320 bde-heading\">\n\u0395\u03b2\u03b4\u03bf\u03bc\u03ac\u03b4\u03b1 \u0394\u03c1\u03ac\u03c3\u03b5\u03c9\u03bd \u03a3\u03c5\u03bc\u03c0\u03b5\u03c1\u03af\u03bb\u03b7\u03c8\u03b7\u03c2 \n<\/h2><div class=\"bde-rich-text-477-321 bde-rich-text breakdance-rich-text-styles\">\n<div><b data-olk-copy-source=\"MessageBody\">La Semaine \u00c9cole Inclusive<\/b><\/div><div>\u00a0<\/div><div>La Semaine \u00c9cole Inclusive, institu\u00e9e depuis trois ans dans notre \u00e9tablissement, est d\u00e9sormais un v\u00e9ritable pilier. Elle laisse une empreinte profonde et positive non-seulement chez les \u00e9l\u00e8ves, mais aussi aupr\u00e8s du personnel enseignant ainsi que de toute la communaut\u00e9 scolaire. Nous vous invitons \u00e0 consulter le mat\u00e9riel de chaque ann\u00e9e afin de d\u00e9couvrir les th\u00e8mes qui y ont \u00e9t\u00e9 consacr\u00e9s.<br \/><br \/>La SEI constitue un atelier collaboratif exemplaire r\u00e9unissant tous les acteurs de notre communaut\u00e9 scolaire\u00a0; Un effort qui remet en question les st\u00e9r\u00e9otypes et les id\u00e9es fausses concernant les diff\u00e9rences neurologiques\u00a0; Une invitation \u00e0 cr\u00e9er des cultures plus inclusives et \u00e9galitaires, qui valorisent les diff\u00e9rences et renforcent chaque individu pouvant aujourd\u2019hui subir exclusion ou discrimination dans le cadre scolaire pour diverses raisons.<\/div><div>L\u2019\u00e9cole inclusive, est une organisation scolaire con\u00e7ue pour prendre en compte la diversit\u00e9 des profils des \u00e9l\u00e8ves, afin que chacun puisse b\u00e9n\u00e9ficier de son droit \u00e0 une \u00e9ducation scolaire de qualit\u00e9.<\/div><div>\u00c0 travers une multitude d\u2019actions, avec la participation de professionnels, du personnel \u00e9ducatif, de parents, d\u2019\u00e9l\u00e8ves, de d\u00e9fenseurs des droits \u00e0 l\u2019inclusion, mais aussi d\u2019acteurs du monde de l\u2019art et des lettres, nous avons abord\u00e9 le th\u00e8me sous diff\u00e9rents angles.<\/div><div>Nous sommes ainsi en mesure de mettre en \u0153uvre la Semaine de l\u2019\u00c9cole Inclusive 2026, afin que, tous ensemble, nous franchissions une \u00e9tape suppl\u00e9mentaire qui nous rapproche de notre objectif : une \u00e9cole riche de\u00a0<b>tous<\/b>\u00a0ses \u00e9l\u00e8ves.<\/div>\n<\/div><div class=\"bde-button-477-340 bde-button\">\n    \n                                    \n    \n    \n    \n    \n            \n                    \n            \n            \n\n    \n    \n    \n    \n    \n    <a class=\"breakdance-link button-atom button-atom--text bde-button__button\" href=\"https:\/\/padlet.com\/lfhed\/semaine-ecole-inclusive-au-lfhed-lfhed-6t3cq1zezmm0?fbclid=IwY2xjawQnS3RleHRuA2FlbQIxMABicmlkETBMRDg0ZVh2TWhEYnhaTUh3c3J0YwZhcHBfaWQQMjIyMDM5MTc4ODIwMDg5MgABHu2UBOzRw338PJJlX_7ZXSIeDbt62HoLK5Q-LtoLZ3mR8zifs-pEPp-n9B8U_aem_2ZwedwVR6TtMwFHV1RL-Aw\" target=\"_self\" data-type=\"url\"  >\n\n    \n        <span class=\"button-atom__text\">Les actions de la Semaine de l\u2019\u00e9cole inclusive \u00e0 partir de 2023<\/span>\n\n        \n                    \n    <span class=\"button-atom__icon-wrapper\">\n\n        \n            <svg class=\"un-arrow-icon\" width=\"10\" height=\"10\" viewbox=\"0 0 10 10\" aria-hidden=\"true\">\n                <g fill-rule=\"evenodd\">\n                    <path class=\"un-arrow-icon_line\" d=\"M0 5h7\"><\/path>\n                    <path class=\"un-arrow-icon_arrow\" d=\"M1 1l4 4-4 4\"><\/path>\n                <\/g>\n            <\/svg>\n\n        \n    <\/span>\n\n\n        \n                <\/a>\n\n    \n\n\n<\/div>\n<\/div>\n<\/div><\/div>\n<\/section>","protected":false},"excerpt":{"rendered":"<p>Accueil \u00bb Section Hell\u00e9nique \u00bb Le syst\u00e8me \u00e9ducatif grec L&rsquo;\u00c9cole Inclusive La Semaine de l&rsquo;\u00c9cole Inclusive La Semaine \u00c9cole Inclusive\u00a0La Semaine \u00c9cole Inclusive, institu\u00e9e depuis trois ans dans notre \u00e9tablissement, est d\u00e9sormais un v\u00e9ritable pilier. Elle laisse une empreinte profonde et positive non-seulement chez les \u00e9l\u00e8ves, mais aussi aupr\u00e8s du personnel enseignant ainsi que de [&hellip;]<\/p>","protected":false},"author":1,"featured_media":0,"parent":451,"menu_order":0,"comment_status":"closed","ping_status":"closed","template":"","meta":{"inline_featured_image":false,"_breakdance_hide_in_design_set":false,"_breakdance_tags":"","footnotes":""},"class_list":["post-477","page","type-page","status-publish","hentry"],"yoast_head":"<!-- This site is optimized with the Yoast SEO plugin v24.4 - https:\/\/yoast.com\/wordpress\/plugins\/seo\/ -->\n<title>L&#039;\u00e9cole inclusive - Lyc\u00e9e Franco-Hell\u00e9nique Eug\u00e8ne Delacroix<\/title>\n<meta name=\"description\" content=\"Apprenez-en plus sur l&#039;\u00e9cole inclusive au Lyc\u00e9e Franco-Hell\u00e9nique Eug\u00e8ne-Delacroix d&#039;Ath\u00e8nes (LFHED).\" \/>\n<meta name=\"robots\" content=\"index, nofollow, max-snippet:-1, max-image-preview:large, max-video-preview:-1\" \/>\n<link rel=\"canonical\" href=\"https:\/\/lfh.edu.gr\/el\/section-hellenique\/ecole-inclusive\/\" \/>\n<meta property=\"og:locale\" content=\"el_GR\" \/>\n<meta property=\"og:type\" content=\"article\" \/>\n<meta property=\"og:title\" content=\"L&#039;\u00e9cole inclusive - Lyc\u00e9e Franco-Hell\u00e9nique Eug\u00e8ne Delacroix\" \/>\n<meta property=\"og:description\" content=\"Apprenez-en plus sur l&#039;\u00e9cole inclusive au Lyc\u00e9e Franco-Hell\u00e9nique Eug\u00e8ne-Delacroix d&#039;Ath\u00e8nes (LFHED).\" \/>\n<meta property=\"og:url\" content=\"https:\/\/lfh.edu.gr\/el\/section-hellenique\/ecole-inclusive\/\" \/>\n<meta property=\"og:site_name\" content=\"Lyc\u00e9e Franco-Hell\u00e9nique Eug\u00e8ne Delacroix\" \/>\n<meta property=\"article:modified_time\" content=\"2026-03-19T09:55:50+00:00\" \/>\n<meta name=\"twitter:card\" content=\"summary_large_image\" \/>\n<meta name=\"twitter:label1\" content=\"\u0395\u03ba\u03c4\u03b9\u03bc\u03ce\u03bc\u03b5\u03bd\u03bf\u03c2 \u03c7\u03c1\u03cc\u03bd\u03bf\u03c2 \u03b1\u03bd\u03ac\u03b3\u03bd\u03c9\u03c3\u03b7\u03c2\" \/>\n\t<meta name=\"twitter:data1\" content=\"2 \u03bb\u03b5\u03c0\u03c4\u03ac\" \/>\n<script type=\"application\/ld+json\" class=\"yoast-schema-graph\">{\"@context\":\"https:\/\/schema.org\",\"@graph\":[{\"@type\":\"WebPage\",\"@id\":\"https:\/\/lfh.edu.gr\/section-hellenique\/ecole-inclusive\/\",\"url\":\"https:\/\/lfh.edu.gr\/section-hellenique\/ecole-inclusive\/\",\"name\":\"L'\u00e9cole inclusive - Lyc\u00e9e Franco-Hell\u00e9nique Eug\u00e8ne Delacroix\",\"isPartOf\":{\"@id\":\"https:\/\/lfh.edu.gr\/#website\"},\"datePublished\":\"2025-09-23T12:30:36+00:00\",\"dateModified\":\"2026-03-19T09:55:50+00:00\",\"description\":\"Apprenez-en plus sur l'\u00e9cole inclusive au Lyc\u00e9e Franco-Hell\u00e9nique Eug\u00e8ne-Delacroix d'Ath\u00e8nes (LFHED).\",\"breadcrumb\":{\"@id\":\"https:\/\/lfh.edu.gr\/section-hellenique\/ecole-inclusive\/#breadcrumb\"},\"inLanguage\":\"el\",\"potentialAction\":[{\"@type\":\"ReadAction\",\"target\":[\"https:\/\/lfh.edu.gr\/section-hellenique\/ecole-inclusive\/\"]}]},{\"@type\":\"BreadcrumbList\",\"@id\":\"https:\/\/lfh.edu.gr\/section-hellenique\/ecole-inclusive\/#breadcrumb\",\"itemListElement\":[{\"@type\":\"ListItem\",\"position\":1,\"name\":\"Accueil\",\"item\":\"https:\/\/lfh.edu.gr\/\"},{\"@type\":\"ListItem\",\"position\":2,\"name\":\"SECTION HELL\u00c9NIQUE\",\"item\":\"https:\/\/lfh.edu.gr\/section-hellenique\/\"},{\"@type\":\"ListItem\",\"position\":3,\"name\":\"L&rsquo;\u00e9cole inclusive\"}]},{\"@type\":\"WebSite\",\"@id\":\"https:\/\/lfh.edu.gr\/#website\",\"url\":\"https:\/\/lfh.edu.gr\/\",\"name\":\"Lyc\u00e9e Franco-Hell\u00e9nique Eug\u00e8ne Delacroix\",\"description\":\"\",\"potentialAction\":[{\"@type\":\"SearchAction\",\"target\":{\"@type\":\"EntryPoint\",\"urlTemplate\":\"https:\/\/lfh.edu.gr\/?s={search_term_string}\"},\"query-input\":{\"@type\":\"PropertyValueSpecification\",\"valueRequired\":true,\"valueName\":\"search_term_string\"}}],\"inLanguage\":\"el\"}]}<\/script>\n<!-- \/ Yoast SEO plugin. -->","yoast_head_json":{"title":"L'\u00e9cole inclusive - Lyc\u00e9e Franco-Hell\u00e9nique Eug\u00e8ne Delacroix","description":"Apprenez-en plus sur l'\u00e9cole inclusive au Lyc\u00e9e Franco-Hell\u00e9nique Eug\u00e8ne-Delacroix d'Ath\u00e8nes (LFHED).","robots":{"index":"index","follow":"nofollow","max-snippet":"max-snippet:-1","max-image-preview":"max-image-preview:large","max-video-preview":"max-video-preview:-1"},"canonical":"https:\/\/lfh.edu.gr\/el\/section-hellenique\/ecole-inclusive\/","og_locale":"el_GR","og_type":"article","og_title":"L'\u00e9cole inclusive - Lyc\u00e9e Franco-Hell\u00e9nique Eug\u00e8ne Delacroix","og_description":"Apprenez-en plus sur l'\u00e9cole inclusive au Lyc\u00e9e Franco-Hell\u00e9nique Eug\u00e8ne-Delacroix d'Ath\u00e8nes (LFHED).","og_url":"https:\/\/lfh.edu.gr\/el\/section-hellenique\/ecole-inclusive\/","og_site_name":"Lyc\u00e9e Franco-Hell\u00e9nique Eug\u00e8ne Delacroix","article_modified_time":"2026-03-19T09:55:50+00:00","twitter_card":"summary_large_image","twitter_misc":{"\u0395\u03ba\u03c4\u03b9\u03bc\u03ce\u03bc\u03b5\u03bd\u03bf\u03c2 \u03c7\u03c1\u03cc\u03bd\u03bf\u03c2 \u03b1\u03bd\u03ac\u03b3\u03bd\u03c9\u03c3\u03b7\u03c2":"2 \u03bb\u03b5\u03c0\u03c4\u03ac"},"schema":{"@context":"https:\/\/schema.org","@graph":[{"@type":"WebPage","@id":"https:\/\/lfh.edu.gr\/section-hellenique\/ecole-inclusive\/","url":"https:\/\/lfh.edu.gr\/section-hellenique\/ecole-inclusive\/","name":"L'\u00e9cole inclusive - Lyc\u00e9e Franco-Hell\u00e9nique Eug\u00e8ne Delacroix","isPartOf":{"@id":"https:\/\/lfh.edu.gr\/#website"},"datePublished":"2025-09-23T12:30:36+00:00","dateModified":"2026-03-19T09:55:50+00:00","description":"Apprenez-en plus sur l'\u00e9cole inclusive au Lyc\u00e9e Franco-Hell\u00e9nique Eug\u00e8ne-Delacroix d'Ath\u00e8nes (LFHED).","breadcrumb":{"@id":"https:\/\/lfh.edu.gr\/section-hellenique\/ecole-inclusive\/#breadcrumb"},"inLanguage":"el","potentialAction":[{"@type":"ReadAction","target":["https:\/\/lfh.edu.gr\/section-hellenique\/ecole-inclusive\/"]}]},{"@type":"BreadcrumbList","@id":"https:\/\/lfh.edu.gr\/section-hellenique\/ecole-inclusive\/#breadcrumb","itemListElement":[{"@type":"ListItem","position":1,"name":"Accueil","item":"https:\/\/lfh.edu.gr\/"},{"@type":"ListItem","position":2,"name":"SECTION HELL\u00c9NIQUE","item":"https:\/\/lfh.edu.gr\/section-hellenique\/"},{"@type":"ListItem","position":3,"name":"L&rsquo;\u00e9cole inclusive"}]},{"@type":"WebSite","@id":"https:\/\/lfh.edu.gr\/#website","url":"https:\/\/lfh.edu.gr\/","name":"Lyc\u00e9e Franco-Hell\u00e9nique Eug\u00e8ne Delacroix","description":"","potentialAction":[{"@type":"SearchAction","target":{"@type":"EntryPoint","urlTemplate":"https:\/\/lfh.edu.gr\/?s={search_term_string}"},"query-input":{"@type":"PropertyValueSpecification","valueRequired":true,"valueName":"search_term_string"}}],"inLanguage":"el"}]}},"jetpack_sharing_enabled":true,"_links":{"self":[{"href":"https:\/\/lfh.edu.gr\/el\/wp-json\/wp\/v2\/pages\/477","targetHints":{"allow":["GET"]}}],"collection":[{"href":"https:\/\/lfh.edu.gr\/el\/wp-json\/wp\/v2\/pages"}],"about":[{"href":"https:\/\/lfh.edu.gr\/el\/wp-json\/wp\/v2\/types\/page"}],"author":[{"embeddable":true,"href":"https:\/\/lfh.edu.gr\/el\/wp-json\/wp\/v2\/users\/1"}],"replies":[{"embeddable":true,"href":"https:\/\/lfh.edu.gr\/el\/wp-json\/wp\/v2\/comments?post=477"}],"version-history":[{"count":6,"href":"https:\/\/lfh.edu.gr\/el\/wp-json\/wp\/v2\/pages\/477\/revisions"}],"predecessor-version":[{"id":2614,"href":"https:\/\/lfh.edu.gr\/el\/wp-json\/wp\/v2\/pages\/477\/revisions\/2614"}],"up":[{"embeddable":true,"href":"https:\/\/lfh.edu.gr\/el\/wp-json\/wp\/v2\/pages\/451"}],"wp:attachment":[{"href":"https:\/\/lfh.edu.gr\/el\/wp-json\/wp\/v2\/media?parent=477"}],"curies":[{"name":"wp","href":"https:\/\/api.w.org\/{rel}","templated":true}]}}