{"id":455,"date":"2025-09-23T12:30:54","date_gmt":"2025-09-23T12:30:54","guid":{"rendered":"https:\/\/dev.lfh.edu.gr\/site\/?page_id=455"},"modified":"2025-11-26T07:09:43","modified_gmt":"2025-11-26T07:09:43","slug":"vie-scolaire","status":"publish","type":"page","link":"https:\/\/lfh.edu.gr\/el\/section-hellenique\/vie-scolaire\/","title":{"rendered":"\u03a3\u03c7\u03bf\u03bb\u03b9\u03ba\u03ae \u03b6\u03c9\u03ae"},"content":{"rendered":"<section class=\"bde-section-455-106 bde-section\">\n  \n  \n\t\n\n\n\n<div class=\"section-container\"><div class=\"bde-div-455-316 bde-div\">\n  \n  \n\t\n\n\n\n<div class=\"bde-div-455-327 bde-div\">\n  \n  \n\t\n\n\n\n<div class=\"bde-button-455-328 bde-button\">\n    \n                                    \n    \n    \n    \n    \n            \n                    \n            \n            \n\n    \n    \n    \n    \n    \n    <a class=\"breakdance-link button-atom button-atom--text bde-button__button\" href=\"\/el\/\" target=\"_self\" data-type=\"url\"  >\n\n    \n        <span class=\"button-atom__text\">\u0391\u03c1\u03c7\u03b9\u03ba\u03ae \u03c3\u03b5\u03bb\u03af\u03b4\u03b1<\/span>\n\n        \n        \n                <\/a>\n\n    \n\n\n<\/div><div class=\"bde-text-455-329 bde-text\">\n\"\n<\/div><div class=\"bde-text-455-332 bde-text\">\n\u0395\u03bb\u03bb\u03b7\u03bd\u03b9\u03ba\u03cc \u03a4\u03bc\u03ae\u03bc\u03b1\n<\/div><div class=\"bde-text-455-338 bde-text\">\n\"\n<\/div><div class=\"bde-text-455-337 bde-text\">\n\u03a4\u03bf \u03b5\u03bb\u03bb\u03b7\u03bd\u03b9\u03ba\u03cc \u03b5\u03ba\u03c0\u03b1\u03b9\u03b4\u03b5\u03c5\u03c4\u03b9\u03ba\u03cc \u03c3\u03cd\u03c3\u03c4\u03b7\u03bc\u03b1\n<\/div>\n<\/div><h1 class=\"bde-heading-455-318 bde-heading\">\n\u03a3\u03c7\u03bf\u03bb\u03b9\u03ba\u03ae \u03b6\u03c9\u03ae\n<\/h1>\n<\/div><div class=\"bde-div-455-334 bde-div\">\n  \n  \n\t\n\n\n\n<div class=\"bde-div-455-319 bde-div\">\n  \n  \n\t\n\n\n\n<h2 class=\"bde-heading-455-320 bde-heading\">\n\u039c\u03b9\u03b1 \u03b3\u03b1\u03bb\u03bb\u03b9\u03ba\u03ae \u03b9\u03b4\u03b9\u03b1\u03b9\u03c4\u03b5\u03c1\u03cc\u03c4\u03b7\u03c4\u03b1\n<\/h2><div class=\"bde-rich-text-455-321 bde-rich-text breakdance-rich-text-styles\">\n<p>\u03a4\u03bf \u0393\u03c1\u03b1\u03c6\u03b5\u03af\u03bf \u03a3\u03c7\u03bf\u03bb\u03b9\u03ba\u03ae\u03c2 \u0396\u03c9\u03ae\u03c2 (Vie Scolaire) \u03b5\u03af\u03bd\u03b1\u03b9 \u03ad\u03bd\u03b1 \u03bc\u03bf\u03bd\u03b1\u03b4\u03b9\u03ba\u03cc \u03b3\u03b1\u03bb\u03bb\u03b9\u03ba\u03cc \u03c7\u03b1\u03c1\u03b1\u03ba\u03c4\u03b7\u03c1\u03b9\u03c3\u03c4\u03b9\u03ba\u03cc \u03c4\u03b7\u03c2  \u0395\u03bb\u03bb\u03b7\u03bd\u03bf\u03b3\u03b1\u03bb\u03bb\u03b9\u03ba\u03ae\u03c2 \u03a3\u03c7\u03bf\u03bb\u03ae\u03c2 \u0395\u03c5\u03b3\u03ad\u03bd\u03b9\u03bf\u03c2 \u039d\u03c4\u03b5\u03bb\u03b1\u03ba\u03c1\u03bf\u03c5\u03ac. \u039a\u03cd\u03c1\u03b9\u03b1 \u03b1\u03c0\u03bf\u03c3\u03c4\u03bf\u03bb\u03ae \u03c4\u03bf\u03c5 \u03b5\u03af\u03bd\u03b1\u03b9 <strong>\u03bd\u03b1 \u03b4\u03b9\u03b1\u03c3\u03c6\u03b1\u03bb\u03af\u03b6\u03b5\u03b9 \u03c4\u03b7\u03bd \u03b5\u03c5\u03b7\u03bc\u03b5\u03c1\u03af\u03b1 \u03c4\u03c9\u03bd \u03bc\u03b1\u03b8\u03b7\u03c4\u03ce\u03bd \u03ba\u03b1\u03b9 \u03c4\u03b7\u03bd \u03b1\u03c1\u03bc\u03bf\u03bd\u03b9\u03ba\u03ae \u03c3\u03c5\u03bc\u03b2\u03af\u03c9\u03c3\u03ae \u03c4\u03bf\u03c5\u03c2.<\/strong>\u0391\u03c5\u03c4\u03ad\u03c2 \u03b5\u03af\u03bd\u03b1\u03b9 \u03b2\u03b1\u03c3\u03b9\u03ba\u03ad\u03c2 \u03c0\u03c1\u03bf\u03cb\u03c0\u03bf\u03b8\u03ad\u03c3\u03b5\u03b9\u03c2 \u03b3\u03b9\u03b1 \u03c4\u03b7\u03bd \u03b5\u03c0\u03b9\u03c4\u03c5\u03c7\u03ae \u03c3\u03c7\u03bf\u03bb\u03b9\u03ba\u03ae \u03b5\u03ba\u03c0\u03b1\u03af\u03b4\u03b5\u03c5\u03c3\u03b7.<\/p>\n<p><strong>\u039f \u03ba\u03cd\u03c1\u03b9\u03bf\u03c2 \u03b5\u03ba\u03c0\u03b1\u03b9\u03b4\u03b5\u03c5\u03c4\u03b9\u03ba\u03cc\u03c2 \u03c3\u03cd\u03bc\u03b2\u03bf\u03c5\u03bb\u03bf\u03c2 <\/strong>(CPE) <strong>\u03b5\u03af\u03bd\u03b1\u03b9 \u03bf \u03b5\u03b3\u03b3\u03c5\u03b7\u03c4\u03ae\u03c2 \u03c4\u03c9\u03bd \u03b5\u03c3\u03c9\u03c4\u03b5\u03c1\u03b9\u03ba\u03ce\u03bd \u03ba\u03b1\u03bd\u03bf\u03bd\u03b9\u03c3\u03bc\u03ce\u03bd<\/strong> (RI), \u03b4\u03b9\u03b1\u03b8\u03ad\u03c3\u03b9\u03bc\u03bf \u03c3\u03c4\u03bf\u03bd \u03b9\u03c3\u03c4\u03cc\u03c4\u03bf\u03c0\u03bf \u03c4\u03bf\u03c5 \u03c3\u03c7\u03bf\u03bb\u03b5\u03af\u03bf\u03c5. \u0395\u03be\u03b1\u03c3\u03c6\u03b1\u03bb\u03af\u03b6\u03b5\u03b9 \u03c4\u03b7\u03bd \u03bf\u03bc\u03b1\u03bb\u03ae \u03bb\u03b5\u03b9\u03c4\u03bf\u03c5\u03c1\u03b3\u03af\u03b1 \u03c4\u03bf\u03c5 \u0393\u03c1\u03b1\u03c6\u03b5\u03af\u03bf\u03c5 \u03bc\u03b1\u03b8\u03b7\u03c4\u03b9\u03ba\u03ae\u03c2 \u03b6\u03c9\u03ae\u03c2 \u03bf\u03c1\u03b3\u03b1\u03bd\u03ce\u03bd\u03bf\u03bd\u03c4\u03b1\u03c2 \u03ba\u03b1\u03b9 \u03c3\u03c5\u03bd\u03c4\u03bf\u03bd\u03af\u03b6\u03bf\u03bd\u03c4\u03b1\u03c2 \u03c4\u03bf \u03ad\u03c1\u03b3\u03bf \u03c4\u03c9\u03bd \u03ad\u03bd\u03c4\u03b5\u03ba\u03b1 \u03b5\u03ba\u03c0\u03b1\u03b9\u03b4\u03b5\u03c5\u03c4\u03b9\u03ba\u03ce\u03bd \u03b2\u03bf\u03b7\u03b8\u03ce\u03bd \u03c0\u03bf\u03c5 \u03b5\u03c1\u03b3\u03ac\u03b6\u03bf\u03bd\u03c4\u03b1\u03b9 \u03c3\u03c4\u03bf \u03c3\u03c7\u03bf\u03bb\u03b5\u03af\u03bf.<\/p>\n<\/div>\n<\/div><div class=\"bde-div-455-339 bde-div\">\n  \n  \n\t\n\n\n\n<h2 class=\"bde-heading-455-340 bde-heading\">\n\u039f\u03b9 \u03c0\u03ad\u03bd\u03c4\u03b5 \u03b1\u03c0\u03bf\u03c3\u03c4\u03bf\u03bb\u03ad\u03c2 \u03c4\u03b7\u03c2 \u03a3\u03c7\u03bf\u03bb\u03b9\u03ba\u03ae\u03c2 \u0396\u03c9\u03ae\u03c2\n<\/h2><div class=\"bde-rich-text-455-341 bde-rich-text breakdance-rich-text-styles\">\n<p>\u0394\u03ad\u03ba\u03b1 \u03b5\u03c0\u03b9\u03c4\u03b7\u03c1\u03b7\u03c4\u03ad\u03c2-\u03c4\u03c1\u03b9\u03b5\u03c2 \u03b5\u03c1\u03b3\u03ac\u03b6\u03bf\u03bd\u03c4\u03b1\u03b9 \u03c3\u03c4\u03bf \u03c3\u03c7\u03bf\u03bb\u03b5\u03af\u03bf \u03b3\u03b9\u03b1 \u03bd\u03b1 \u03b5\u03be\u03b1\u03c3\u03c6\u03b1\u03bb\u03af\u03c3\u03bf\u03c5\u03bd <strong>\u03b5\u03c5\u03b7\u03bc\u03b5\u03c1\u03af\u03b1 \u03c4\u03c9\u03bd \u03bc\u03b1\u03b8\u03b7\u03c4\u03ce\u03bd-\u03c4\u03c1\u03b9\u03ce\u03bd \u03ba\u03b1\u03b9 \u03b5\u03c0\u03b9\u03c4\u03c5\u03c7\u03b5\u03af\u03c2 \u03c3\u03c0\u03bf\u03c5\u03b4\u03ad\u03c2<\/strong>.<\/p>\n<p><strong>1. \u0395\u03c0\u03bf\u03c0\u03c4\u03b5\u03af\u03b1 \u03ba\u03b1\u03b9 \u03b1\u03c3\u03c6\u03ac\u03bb\u03b5\u03b9\u03b1 \u03c4\u03c9\u03bd \u03bc\u03b1\u03b8\u03b7\u03c4\u03ce\u03bd<\/strong> \u03b5\u03ba\u03c4\u03cc\u03c2 \u03c3\u03c7\u03bf\u03bb\u03b9\u03ba\u03ce\u03bd \u03c9\u03c1\u03ce\u03bd:<\/p>\n<ul>\n<li>\u03c3\u03c4\u03b9\u03c2 \u03b5\u03b9\u03c3\u03cc\u03b4\u03bf\u03c5\u03c2 \u03ba\u03b1\u03b9 \u03b5\u03be\u03cc\u03b4\u03bf\u03c5\u03c2 \u03c4\u03bf\u03c5 \u03c3\u03c7\u03bf\u03bb\u03b5\u03af\u03bf\u03c5<\/li>\n<li>\u03ba\u03b1\u03c4\u03ac \u03c4\u03b7 \u03b4\u03b9\u03ac\u03c1\u03ba\u03b5\u03b9\u03b1 \u03c4\u03c9\u03bd \u03b4\u03b9\u03b1\u03bb\u03b5\u03b9\u03bc\u03bc\u03ac\u03c4\u03c9\u03bd \u03ba\u03b1\u03b9 \u03c4\u03c9\u03bd \u03b3\u03b5\u03c5\u03bc\u03ac\u03c4\u03c9\u03bd<\/li>\n<li>\u03ba\u03b1\u03c4\u03ac \u03c4\u03b7 \u03b4\u03b9\u03ac\u03c1\u03ba\u03b5\u03b9\u03b1 \u03ad\u03ba\u03c4\u03b1\u03ba\u03c4\u03c9\u03bd \u03c3\u03c5\u03bd\u03b5\u03b4\u03c1\u03b9\u03ac\u03c3\u03b5\u03c9\u03bd \u03ae \u03cc\u03c4\u03b1\u03bd \u03bf\u03b9 \u03b5\u03ba\u03c0\u03b1\u03b9\u03b4\u03b5\u03c5\u03c4\u03b9\u03ba\u03bf\u03af \u03b1\u03c0\u03bf\u03c5\u03c3\u03b9\u03ac\u03b6\u03bf\u03c5\u03bd<br \/><br \/>\u03a3\u03c4\u03b7\u03bd \u0395\u03bb\u03bb\u03b7\u03bd\u03bf\u03b3\u03b1\u03bb\u03bb\u03b9\u03ba\u03ae \u03a3\u03c7\u03bf\u03bb\u03ae \u0395\u03c5\u03b3\u03ad\u03bd\u03b9\u03bf\u03c2 \u039d\u03c4\u03b5\u03bb\u03b1\u03ba\u03c1\u03bf\u03c5\u03ac \u03bf\u03b9 \u03b5\u03c0\u03b9\u03c4\u03b7\u03c1\u03b7\u03c4\u03ad\u03c2 \u03b5\u03c0\u03bf\u03c0\u03c4\u03b5\u03cd\u03bf\u03c5\u03bd \u03b5\u03c0\u03af\u03c3\u03b7\u03c2 \u03c4\u03bf\u03c5\u03c2 \u03bc\u03b1\u03b8\u03b7\u03c4\u03ad\u03c2 \u03c4\u03bf\u03c5 \u03b4\u03b7\u03bc\u03bf\u03c4\u03b9\u03ba\u03bf\u03cd \u03c3\u03c7\u03bf\u03bb\u03b5\u03af\u03bf\u03c5 \u03ba\u03b1\u03c4\u03ac \u03c4\u03b7 \u03b4\u03b9\u03ac\u03c1\u03ba\u03b5\u03b9\u03b1 \u03c4\u03c9\u03bd \u03b3\u03b5\u03c5\u03bc\u03ac\u03c4\u03c9\u03bd \u03b1\u03c0\u03cc \u03c4\u03b9\u03c2 11 \u03c0.\u03bc. \u03ad\u03c9\u03c2 \u03c4\u03b7 1.30 \u03bc.\u03bc. \u03c3\u03c4\u03b7\u03bd \u03c0\u03b1\u03b9\u03b4\u03b9\u03ba\u03ae \u03c7\u03b1\u03c1\u03ac \u03ba\u03b1\u03b9 \u03c3\u03c4\u03b7 \u03bc\u03b5\u03b3\u03ac\u03bb\u03b7 \u03c4\u03c1\u03b1\u03c0\u03b5\u03b6\u03b1\u03c1\u03af\u03b1.<\/li>\n<\/ul>\n<p><strong>2. \u0394\u03b9\u03b1\u03c7\u03b5\u03af\u03c1\u03b9\u03c3\u03b7 \u03b1\u03c0\u03bf\u03c5\u03c3\u03b9\u03ce\u03bd \u03ba\u03b1\u03b9 \u03ba\u03b1\u03b8\u03c5\u03c3\u03c4\u03b5\u03c1\u03b7\u03bc\u03ad\u03bd\u03c9\u03bd \u03b1\u03c6\u03af\u03be\u03b5\u03c9\u03bd<\/strong><\/p>\n<ul>\n<li>\u039f\u03b9 \u03b3\u03bf\u03bd\u03b5\u03af\u03c2 \u03c0\u03c1\u03ad\u03c0\u03b5\u03b9 \u03bd\u03b1 \u03b5\u03bd\u03b7\u03bc\u03b5\u03c1\u03ce\u03bd\u03bf\u03c5\u03bd \u03c4\u03bf \u03c3\u03c5\u03bd\u03c4\u03bf\u03bc\u03cc\u03c4\u03b5\u03c1\u03bf \u03b4\u03c5\u03bd\u03b1\u03c4\u03cc \u03c4\u03bf \u03b3\u03c1\u03b1\u03c6\u03b5\u03af\u03bf \u03c3\u03c7\u03bf\u03bb\u03b9\u03ba\u03ae\u03c2 \u03b6\u03c9\u03ae\u03c2 \u03b3\u03b9\u03b1 \u03c4\u03b7\u03bd \u03b1\u03c0\u03bf\u03c5\u03c3\u03af\u03b1 \u03c4\u03bf\u03c5 \u03c0\u03b1\u03b9\u03b4\u03b9\u03bf\u03cd \u03c4\u03bf\u03c5\u03c2 \u03ba\u03b1\u03b9 \u03bd\u03b1 \u03c3\u03c5\u03bc\u03c0\u03bb\u03b7\u03c1\u03ce\u03bd\u03bf\u03c5\u03bd \u03c4\u03bf \u03c4\u03b5\u03c4\u03c1\u03ac\u03b4\u03b9\u03bf \u03b5\u03c0\u03b9\u03ba\u03bf\u03b9\u03bd\u03c9\u03bd\u03af\u03b1\u03c2.<\/li>\n<li>\u039a\u03b1\u03c4\u03ac \u03c4\u03b7\u03bd \u03b5\u03c0\u03b9\u03c3\u03c4\u03c1\u03bf\u03c6\u03ae \u03c4\u03bf\u03c5\u03c2, \u03bf\u03b9 \u03bc\u03b1\u03b8\u03b7\u03c4\u03ad\u03c2 \u03c0\u03b7\u03b3\u03b1\u03af\u03bd\u03bf\u03c5\u03bd \u03c3\u03c4\u03bf \u03b3\u03c1\u03b1\u03c6\u03b5\u03af\u03bf \u03c3\u03c7\u03bf\u03bb\u03b9\u03ba\u03ae\u03c2 \u03b6\u03c9\u03ae\u03c2 \u03b3\u03b9\u03b1 \u03bd\u03b1 \u03b5\u03c0\u03b9\u03ba\u03c5\u03c1\u03ce\u03c3\u03bf\u03c5\u03bd \u03c4\u03bf \u03c4\u03b5\u03c4\u03c1\u03ac\u03b4\u03b9\u03bf \u03b5\u03c0\u03b9\u03ba\u03bf\u03b9\u03bd\u03c9\u03bd\u03af\u03b1\u03c2.<\/li>\n<li>\u03a3\u03b5 \u03c0\u03b5\u03c1\u03af\u03c0\u03c4\u03c9\u03c3\u03b7 \u03c0\u03c1\u03bf\u03b2\u03bb\u03ad\u03c8\u03b9\u03bc\u03b7\u03c2 \u03b1\u03c0\u03bf\u03c5\u03c3\u03af\u03b1\u03c2: \u03b9\u03b1\u03c4\u03c1\u03b9\u03ba\u03cc \u03ae \u03ac\u03bb\u03bb\u03bf \u03c1\u03b1\u03bd\u03c4\u03b5\u03b2\u03bf\u03cd, \u03c4\u03bf \u03c4\u03b5\u03c4\u03c1\u03ac\u03b4\u03b9\u03bf \u03b5\u03c0\u03b9\u03ba\u03bf\u03b9\u03bd\u03c9\u03bd\u03af\u03b1\u03c2 \u03c0\u03c1\u03ad\u03c0\u03b5\u03b9 \u03bd\u03b1 \u03c3\u03c5\u03bc\u03c0\u03bb\u03b7\u03c1\u03c9\u03b8\u03b5\u03af \u03b5\u03ba \u03c4\u03c9\u03bd \u03c0\u03c1\u03bf\u03c4\u03ad\u03c1\u03c9\u03bd \u03ba\u03b1\u03b9 \u03bd\u03b1 \u03c0\u03b1\u03c1\u03b1\u03b4\u03bf\u03b8\u03b5\u03af \u03c3\u03c4\u03bf \u03b3\u03c1\u03b1\u03c6\u03b5\u03af\u03bf \u03c3\u03c7\u03bf\u03bb\u03b9\u03ba\u03ae\u03c2 \u03b6\u03c9\u03ae\u03c2.<br \/>\u03a4\u03bf \u03b5\u03c0\u03bf\u03c0\u03c4\u03b9\u03ba\u03cc \u03c0\u03c1\u03bf\u03c3\u03c9\u03c0\u03b9\u03ba\u03cc \u03b5\u03c0\u03b9\u03ba\u03bf\u03b9\u03bd\u03c9\u03bd\u03b5\u03af \u03ba\u03b1\u03b8\u03b7\u03bc\u03b5\u03c1\u03b9\u03bd\u03ac \u03bc\u03b5 \u03c4\u03b9\u03c2 \u03bf\u03b9\u03ba\u03bf\u03b3\u03ad\u03bd\u03b5\u03b9\u03b5\u03c2 \u03c4\u03c9\u03bd \u03b1\u03c0\u03bf\u03c5\u03c3\u03b9\u03ac\u03b6\u03bf\u03bd\u03c4\u03c9\u03bd \u03bc\u03b1\u03b8\u03b7\u03c4\u03ce\u03bd, \u03b5\u03c6\u03cc\u03c3\u03bf\u03bd \u03bf\u03b9 \u03b3\u03bf\u03bd\u03b5\u03af\u03c2 \u03b4\u03b5\u03bd \u03ad\u03c7\u03bf\u03c5\u03bd \u03b5\u03bd\u03b7\u03bc\u03b5\u03c1\u03ce\u03c3\u03b5\u03b9 \u03c4\u03bf \u03c3\u03c7\u03bf\u03bb\u03b5\u03af\u03bf.<\/li>\n<\/ul>\n<p><strong>3.<\/strong> <strong>\u0397 CPE \u03b5\u03af\u03bd\u03b1\u03b9 \u03bf \u03b5\u03b3\u03b3\u03c5\u03b7\u03c4\u03ae\u03c2 \u03c4\u03bf\u03c5 \u03b5\u03c3\u03c9\u03c4\u03b5\u03c1\u03b9\u03ba\u03bf\u03cd \u03ba\u03b1\u03bd\u03bf\u03bd\u03b9\u03c3\u03bc\u03bf\u03cd.<\/strong>\u0391\u03c5\u03c4\u03cc \u03b5\u03af\u03bd\u03b1\u03b9 \u03b4\u03b9\u03b1\u03b8\u03ad\u03c3\u03b9\u03bc\u03bf \u03c3\u03c4\u03b7\u03bd \u03b9\u03c3\u03c4\u03bf\u03c3\u03b5\u03bb\u03af\u03b4\u03b1 \u03c4\u03bf\u03c5 \u03c3\u03c7\u03bf\u03bb\u03b5\u03af\u03bf\u03c5 \u03ba\u03b1\u03b9 \u03c3\u03c4\u03bf \u03c4\u03b5\u03c4\u03c1\u03ac\u03b4\u03b9\u03bf \u03b5\u03c0\u03b9\u03ba\u03bf\u03b9\u03bd\u03c9\u03bd\u03af\u03b1\u03c2 \u03ba\u03ac\u03b8\u03b5 \u03bc\u03b1\u03b8\u03b7\u03c4\u03ae, \u03c3\u03c4\u03b1 \u03b5\u03bb\u03bb\u03b7\u03bd\u03b9\u03ba\u03ac \u03ba\u03b1\u03b9 \u03c3\u03c4\u03b1 \u03b3\u03b1\u03bb\u03bb\u03b9\u03ba\u03ac. \u0395\u03c0\u03b9\u03c0\u03bb\u03ad\u03bf\u03bd, \u03bf\u03c0\u03bf\u03b9\u03bf\u03c3\u03b4\u03ae\u03c0\u03bf\u03c4\u03b5 \u03b5\u03bd\u03ae\u03bb\u03b9\u03ba\u03b1\u03c2 \u03b5\u03c1\u03b3\u03b1\u03b6\u03cc\u03bc\u03b5\u03bd\u03bf\u03c2 \u03c4\u03bf\u03c5 \u03c3\u03c7\u03bf\u03bb\u03b5\u03af\u03bf\u03c5 \u03bc\u03c0\u03bf\u03c1\u03b5\u03af \u03ba\u03b1\u03b9 \u03c0\u03c1\u03ad\u03c0\u03b5\u03b9 \u03bd\u03b1 \u03c0\u03b1\u03c1\u03ad\u03bc\u03b2\u03b5\u03b9 \u03c3\u03b5 \u03c0\u03b5\u03c1\u03af\u03c0\u03c4\u03c9\u03c3\u03b7 \u03b1\u03bd\u03ac\u03c1\u03bc\u03bf\u03c3\u03c4\u03b7\u03c2 \u03c3\u03c5\u03bc\u03c0\u03b5\u03c1\u03b9\u03c6\u03bf\u03c1\u03ac\u03c2.<\/p>\n<p><strong>4. \u0395\u03ba\u03c0\u03b1\u03af\u03b4\u03b5\u03c5\u03c3\u03b7 \u03b3\u03b9\u03b1 \u03c4\u03b7\u03bd \u03b9\u03b4\u03b9\u03cc\u03c4\u03b7\u03c4\u03b1 \u03c4\u03bf\u03c5 \u03c0\u03bf\u03bb\u03af\u03c4\u03b7 (\u03c3\u03c4\u03bf \u03c1\u03cc\u03bb\u03bf \u03c4\u03bf\u03c5 \u03c0\u03bf\u03bb\u03af\u03c4\u03b7)<\/strong> \u03ba\u03b1\u03b9 \u03c8\u03c5\u03c7\u03b1\u03b3\u03c9\u03b3\u03b9\u03ba\u03ad\u03c2 \u03b4\u03c1\u03b1\u03c3\u03c4\u03b7\u03c1\u03b9\u03cc\u03c4\u03b7\u03c4\u03b5\u03c2 :<\/p>\n<ul>\n<li>\u03bd\u03b1 \u03b5\u03bd\u03b8\u03b1\u03c1\u03c1\u03cd\u03bd\u03bf\u03c5\u03bd \u03c4\u03bf\u03c5\u03c2 \u03bc\u03b1\u03b8\u03b7\u03c4\u03ad\u03c2 \u03bd\u03b1 \u03c3\u03c5\u03bc\u03bc\u03b5\u03c4\u03ad\u03c7\u03bf\u03c5\u03bd \u03b5\u03bd\u03b5\u03c1\u03b3\u03ac \u03c3\u03c4\u03b7 \u03c3\u03c7\u03bf\u03bb\u03b9\u03ba\u03ae \u03ba\u03b1\u03b9 \u03b1\u03c1\u03b3\u03cc\u03c4\u03b5\u03c1\u03b1 \u03c3\u03c4\u03b7\u03bd \u03ba\u03bf\u03b9\u03bd\u03c9\u03bd\u03b9\u03ba\u03ae \u03b6\u03c9\u03ae<\/li>\n<li>\u03b5\u03ba\u03c0\u03b1\u03af\u03b4\u03b5\u03c5\u03c3\u03b7 \u03c4\u03c9\u03bd \u03b1\u03bd\u03c4\u03b9\u03c0\u03c1\u03bf\u03c3\u03ce\u03c0\u03c9\u03bd \u03c4\u03b7\u03c2 \u03c4\u03ac\u03be\u03b7\u03c2, \u03c3\u03b7\u03bc\u03b1\u03c3\u03af\u03b1 \u03c4\u03b7\u03c2 \u03b5\u03c0\u03b9\u03bb\u03bf\u03b3\u03ae\u03c2 \u03c4\u03c9\u03bd \u03b1\u03bd\u03c4\u03b9\u03c0\u03c1\u03bf\u03c3\u03ce\u03c0\u03c9\u03bd<br \/><br \/><\/li>\n<\/ul>\n<p><strong>5.<\/strong> <strong>\u03a0\u03c1\u03bf\u03c3\u03c9\u03c0\u03b9\u03ba\u03ae \u03c0\u03b1\u03c1\u03b1\u03ba\u03bf\u03bb\u03bf\u03cd\u03b8\u03b7\u03c3\u03b7 \u03c4\u03c9\u03bd \u03bc\u03b1\u03b8\u03b7\u03c4\u03ce\u03bd\u00a0<\/strong>:<\/p>\n<ul>\n<li>\u03c0\u03c1\u03bf\u03c3\u03c9\u03c0\u03b9\u03ba\u03ad\u03c2 \u03c3\u03c5\u03bd\u03b1\u03bd\u03c4\u03ae\u03c3\u03b5\u03b9\u03c2<\/li>\n<li>\u03c3\u03c5\u03bc\u03b2\u03bf\u03cd\u03bb\u03b9\u03bf \u03c4\u03ac\u03be\u03b7\u03c2<\/li>\n<li>\u03b5\u03c0\u03b1\u03c6\u03ae \u03bc\u03b5 \u03c4\u03bf\u03bd \u03b3\u03b9\u03b1\u03c4\u03c1\u03cc \u03c4\u03bf\u03c5 \u03c3\u03c7\u03bf\u03bb\u03b5\u03af\u03bf\u03c5, \u03c4\u03bf\u03bd \u03bd\u03bf\u03c3\u03b7\u03bb\u03b5\u03c5\u03c4\u03ae, \u03c4\u03bf\u03bd \u03c5\u03c0\u03b5\u03cd\u03b8\u03c5\u03bd\u03bf \u03b5\u03ba\u03c0\u03b1\u03b9\u03b4\u03b5\u03c5\u03c4\u03b9\u03ba\u03cc, \u03c4\u03b7 \u03b4\u03b9\u03b5\u03cd\u03b8\u03c5\u03bd\u03c3\u03b7 \u03c4\u03bf\u03c5 \u03c3\u03c7\u03bf\u03bb\u03b5\u03af\u03bf\u03c5 \u03ba\u03b1\u03b9 \u03c4\u03b9\u03c2 \u03b4\u03b9\u03bf\u03b9\u03ba\u03b7\u03c4\u03b9\u03ba\u03ad\u03c2 \u03c5\u03c0\u03b7\u03c1\u03b5\u03c3\u03af\u03b5\u03c2<br \/>\u0395\u03c1\u03b3\u03b1\u03b6\u03cc\u03bc\u03b1\u03c3\u03c4\u03b5 \u03c3\u03b5 \u03ad\u03bd\u03b1 \u03b5\u03c5\u03c1\u03cd \u03c6\u03ac\u03c3\u03bc\u03b1 \u03c4\u03bf\u03bc\u03ad\u03c9\u03bd.<\/li>\n<\/ul>\n<\/div>\n<\/div>\n<\/div><\/div>\n<\/section>","protected":false},"excerpt":{"rendered":"<p>Accueil \u00bb Section Hell\u00e9nique \u00bb Le syst\u00e8me \u00e9ducatif grec La Vie Scolaire Une particularit\u00e9 fran\u00e7aise Le Bureau de la Vie Scolaire constitue une particularit\u00e9 fran\u00e7aise au sein du Lyc\u00e9e Franco-Hell\u00e9nique Eug\u00e8ne Delacroix. Sa mission principale est de veiller au bien-\u00eatre des \u00e9l\u00e8ves et \u00e0 leur cohabitation harmonieuse, conditions indispensables \u00e0 une scolarit\u00e9 r\u00e9ussie. Le Conseiller [&hellip;]<\/p>","protected":false},"author":1,"featured_media":0,"parent":451,"menu_order":0,"comment_status":"closed","ping_status":"closed","template":"","meta":{"inline_featured_image":false,"_breakdance_hide_in_design_set":false,"_breakdance_tags":"","footnotes":""},"class_list":["post-455","page","type-page","status-publish","hentry"],"yoast_head":"<!-- This site is optimized with the Yoast SEO plugin v24.4 - https:\/\/yoast.com\/wordpress\/plugins\/seo\/ -->\n<title>La Vie Scolaire - Lyc\u00e9e Franco-Hell\u00e9nique Eug\u00e8ne Delacroix<\/title>\n<meta name=\"description\" content=\"Apprenez-en plus sur la vie scolaire du Lyc\u00e9e Franco-Hell\u00e9nique Eug\u00e8ne-Delacroix d&#039;Ath\u00e8nes (LFHED).\" \/>\n<meta name=\"robots\" content=\"index, nofollow, max-snippet:-1, max-image-preview:large, max-video-preview:-1\" \/>\n<link rel=\"canonical\" href=\"https:\/\/lfh.edu.gr\/el\/section-hellenique\/vie-scolaire\/\" \/>\n<meta property=\"og:locale\" content=\"el_GR\" \/>\n<meta property=\"og:type\" content=\"article\" \/>\n<meta property=\"og:title\" content=\"La Vie Scolaire - Lyc\u00e9e Franco-Hell\u00e9nique Eug\u00e8ne Delacroix\" \/>\n<meta property=\"og:description\" content=\"Apprenez-en plus sur la vie scolaire du Lyc\u00e9e Franco-Hell\u00e9nique Eug\u00e8ne-Delacroix d&#039;Ath\u00e8nes (LFHED).\" \/>\n<meta property=\"og:url\" content=\"https:\/\/lfh.edu.gr\/el\/section-hellenique\/vie-scolaire\/\" \/>\n<meta property=\"og:site_name\" content=\"Lyc\u00e9e Franco-Hell\u00e9nique Eug\u00e8ne Delacroix\" \/>\n<meta property=\"article:modified_time\" content=\"2025-11-26T07:09:43+00:00\" \/>\n<meta name=\"twitter:card\" content=\"summary_large_image\" \/>\n<meta name=\"twitter:label1\" content=\"\u0395\u03ba\u03c4\u03b9\u03bc\u03ce\u03bc\u03b5\u03bd\u03bf\u03c2 \u03c7\u03c1\u03cc\u03bd\u03bf\u03c2 \u03b1\u03bd\u03ac\u03b3\u03bd\u03c9\u03c3\u03b7\u03c2\" \/>\n\t<meta name=\"twitter:data1\" content=\"3 \u03bb\u03b5\u03c0\u03c4\u03ac\" \/>\n<script type=\"application\/ld+json\" class=\"yoast-schema-graph\">{\"@context\":\"https:\/\/schema.org\",\"@graph\":[{\"@type\":\"WebPage\",\"@id\":\"https:\/\/lfh.edu.gr\/section-hellenique\/vie-scolaire\/\",\"url\":\"https:\/\/lfh.edu.gr\/section-hellenique\/vie-scolaire\/\",\"name\":\"La Vie Scolaire - Lyc\u00e9e Franco-Hell\u00e9nique Eug\u00e8ne Delacroix\",\"isPartOf\":{\"@id\":\"https:\/\/lfh.edu.gr\/#website\"},\"datePublished\":\"2025-09-23T12:30:54+00:00\",\"dateModified\":\"2025-11-26T07:09:43+00:00\",\"description\":\"Apprenez-en plus sur la vie scolaire du Lyc\u00e9e Franco-Hell\u00e9nique Eug\u00e8ne-Delacroix d'Ath\u00e8nes (LFHED).\",\"breadcrumb\":{\"@id\":\"https:\/\/lfh.edu.gr\/section-hellenique\/vie-scolaire\/#breadcrumb\"},\"inLanguage\":\"el\",\"potentialAction\":[{\"@type\":\"ReadAction\",\"target\":[\"https:\/\/lfh.edu.gr\/section-hellenique\/vie-scolaire\/\"]}]},{\"@type\":\"BreadcrumbList\",\"@id\":\"https:\/\/lfh.edu.gr\/section-hellenique\/vie-scolaire\/#breadcrumb\",\"itemListElement\":[{\"@type\":\"ListItem\",\"position\":1,\"name\":\"Accueil\",\"item\":\"https:\/\/lfh.edu.gr\/\"},{\"@type\":\"ListItem\",\"position\":2,\"name\":\"SECTION HELL\u00c9NIQUE\",\"item\":\"https:\/\/lfh.edu.gr\/section-hellenique\/\"},{\"@type\":\"ListItem\",\"position\":3,\"name\":\"La Vie Scolaire\"}]},{\"@type\":\"WebSite\",\"@id\":\"https:\/\/lfh.edu.gr\/#website\",\"url\":\"https:\/\/lfh.edu.gr\/\",\"name\":\"Lyc\u00e9e Franco-Hell\u00e9nique Eug\u00e8ne Delacroix\",\"description\":\"\",\"potentialAction\":[{\"@type\":\"SearchAction\",\"target\":{\"@type\":\"EntryPoint\",\"urlTemplate\":\"https:\/\/lfh.edu.gr\/?s={search_term_string}\"},\"query-input\":{\"@type\":\"PropertyValueSpecification\",\"valueRequired\":true,\"valueName\":\"search_term_string\"}}],\"inLanguage\":\"el\"}]}<\/script>\n<!-- \/ Yoast SEO plugin. -->","yoast_head_json":{"title":"La Vie Scolaire - Lyc\u00e9e Franco-Hell\u00e9nique Eug\u00e8ne Delacroix","description":"Apprenez-en plus sur la vie scolaire du Lyc\u00e9e Franco-Hell\u00e9nique Eug\u00e8ne-Delacroix d'Ath\u00e8nes (LFHED).","robots":{"index":"index","follow":"nofollow","max-snippet":"max-snippet:-1","max-image-preview":"max-image-preview:large","max-video-preview":"max-video-preview:-1"},"canonical":"https:\/\/lfh.edu.gr\/el\/section-hellenique\/vie-scolaire\/","og_locale":"el_GR","og_type":"article","og_title":"La Vie Scolaire - Lyc\u00e9e Franco-Hell\u00e9nique Eug\u00e8ne Delacroix","og_description":"Apprenez-en plus sur la vie scolaire du Lyc\u00e9e Franco-Hell\u00e9nique Eug\u00e8ne-Delacroix d'Ath\u00e8nes (LFHED).","og_url":"https:\/\/lfh.edu.gr\/el\/section-hellenique\/vie-scolaire\/","og_site_name":"Lyc\u00e9e Franco-Hell\u00e9nique Eug\u00e8ne Delacroix","article_modified_time":"2025-11-26T07:09:43+00:00","twitter_card":"summary_large_image","twitter_misc":{"\u0395\u03ba\u03c4\u03b9\u03bc\u03ce\u03bc\u03b5\u03bd\u03bf\u03c2 \u03c7\u03c1\u03cc\u03bd\u03bf\u03c2 \u03b1\u03bd\u03ac\u03b3\u03bd\u03c9\u03c3\u03b7\u03c2":"3 \u03bb\u03b5\u03c0\u03c4\u03ac"},"schema":{"@context":"https:\/\/schema.org","@graph":[{"@type":"WebPage","@id":"https:\/\/lfh.edu.gr\/section-hellenique\/vie-scolaire\/","url":"https:\/\/lfh.edu.gr\/section-hellenique\/vie-scolaire\/","name":"La Vie Scolaire - Lyc\u00e9e Franco-Hell\u00e9nique Eug\u00e8ne Delacroix","isPartOf":{"@id":"https:\/\/lfh.edu.gr\/#website"},"datePublished":"2025-09-23T12:30:54+00:00","dateModified":"2025-11-26T07:09:43+00:00","description":"Apprenez-en plus sur la vie scolaire du Lyc\u00e9e Franco-Hell\u00e9nique Eug\u00e8ne-Delacroix d'Ath\u00e8nes (LFHED).","breadcrumb":{"@id":"https:\/\/lfh.edu.gr\/section-hellenique\/vie-scolaire\/#breadcrumb"},"inLanguage":"el","potentialAction":[{"@type":"ReadAction","target":["https:\/\/lfh.edu.gr\/section-hellenique\/vie-scolaire\/"]}]},{"@type":"BreadcrumbList","@id":"https:\/\/lfh.edu.gr\/section-hellenique\/vie-scolaire\/#breadcrumb","itemListElement":[{"@type":"ListItem","position":1,"name":"Accueil","item":"https:\/\/lfh.edu.gr\/"},{"@type":"ListItem","position":2,"name":"SECTION HELL\u00c9NIQUE","item":"https:\/\/lfh.edu.gr\/section-hellenique\/"},{"@type":"ListItem","position":3,"name":"La Vie Scolaire"}]},{"@type":"WebSite","@id":"https:\/\/lfh.edu.gr\/#website","url":"https:\/\/lfh.edu.gr\/","name":"Lyc\u00e9e Franco-Hell\u00e9nique Eug\u00e8ne Delacroix","description":"","potentialAction":[{"@type":"SearchAction","target":{"@type":"EntryPoint","urlTemplate":"https:\/\/lfh.edu.gr\/?s={search_term_string}"},"query-input":{"@type":"PropertyValueSpecification","valueRequired":true,"valueName":"search_term_string"}}],"inLanguage":"el"}]}},"jetpack_sharing_enabled":true,"_links":{"self":[{"href":"https:\/\/lfh.edu.gr\/el\/wp-json\/wp\/v2\/pages\/455","targetHints":{"allow":["GET"]}}],"collection":[{"href":"https:\/\/lfh.edu.gr\/el\/wp-json\/wp\/v2\/pages"}],"about":[{"href":"https:\/\/lfh.edu.gr\/el\/wp-json\/wp\/v2\/types\/page"}],"author":[{"embeddable":true,"href":"https:\/\/lfh.edu.gr\/el\/wp-json\/wp\/v2\/users\/1"}],"replies":[{"embeddable":true,"href":"https:\/\/lfh.edu.gr\/el\/wp-json\/wp\/v2\/comments?post=455"}],"version-history":[{"count":5,"href":"https:\/\/lfh.edu.gr\/el\/wp-json\/wp\/v2\/pages\/455\/revisions"}],"predecessor-version":[{"id":556,"href":"https:\/\/lfh.edu.gr\/el\/wp-json\/wp\/v2\/pages\/455\/revisions\/556"}],"up":[{"embeddable":true,"href":"https:\/\/lfh.edu.gr\/el\/wp-json\/wp\/v2\/pages\/451"}],"wp:attachment":[{"href":"https:\/\/lfh.edu.gr\/el\/wp-json\/wp\/v2\/media?parent=455"}],"curies":[{"name":"wp","href":"https:\/\/api.w.org\/{rel}","templated":true}]}}