{"id":431,"date":"2025-08-31T15:42:37","date_gmt":"2025-08-31T15:42:37","guid":{"rendered":"https:\/\/dev.lfh.edu.gr\/site\/?page_id=431"},"modified":"2026-01-12T12:48:53","modified_gmt":"2026-01-12T12:48:53","slug":"resultats-examens","status":"publish","type":"page","link":"https:\/\/lfh.edu.gr\/el\/section-francaise\/resultats-examens\/","title":{"rendered":"Les r\u00e9sultats aux examens"},"content":{"rendered":"<section class=\"bde-section-431-106 bde-section\">\n  \n  \n\t\n\n\n\n<div class=\"section-container\"><div class=\"bde-div-431-316 bde-div\">\n  \n  \n\t\n\n\n\n<div class=\"bde-div-431-327 bde-div\">\n  \n  \n\t\n\n\n\n<div class=\"bde-button-431-328 bde-button\">\n    \n                                    \n    \n    \n    \n    \n            \n                    \n            \n            \n\n    \n    \n    \n    \n    \n    <a class=\"breakdance-link button-atom button-atom--text bde-button__button\" href=\"\/el\/\" target=\"_self\" data-type=\"url\"  >\n\n    \n        <span class=\"button-atom__text\">\u0391\u03c1\u03c7\u03b9\u03ba\u03ae \u03c3\u03b5\u03bb\u03af\u03b4\u03b1<\/span>\n\n        \n        \n                <\/a>\n\n    \n\n\n<\/div><div class=\"bde-text-431-329 bde-text\">\n\"\n<\/div><div class=\"bde-text-431-332 bde-text\">\n\u038a\u03b4\u03c1\u03c5\u03c3\u03b7\n<\/div>\n<\/div><h1 class=\"bde-heading-431-318 bde-heading\">\nLes r\u00e9sultats aux examens \n<\/h1>\n<\/div><h2 class=\"bde-heading-431-320 bde-heading\">\n\n<\/h2><div class=\"bde-div-431-334 bde-div\">\n  \n  \n\t\n\n\n\n<img decoding=\"async\" class=\"bde-image2-431-570 bde-image2\" src=\"https:\/\/lfh.edu.gr\/wordpress\/wp-content\/uploads\/2026\/01\/Presentation1.jpg\" loading=\"lazy\" srcset=\"https:\/\/lfh.edu.gr\/wordpress\/wp-content\/uploads\/2026\/01\/Presentation1.jpg 1280w, https:\/\/lfh.edu.gr\/wordpress\/wp-content\/uploads\/2026\/01\/Presentation1-300x169.jpg 300w, https:\/\/lfh.edu.gr\/wordpress\/wp-content\/uploads\/2026\/01\/Presentation1-1024x576.jpg 1024w, https:\/\/lfh.edu.gr\/wordpress\/wp-content\/uploads\/2026\/01\/Presentation1-768x432.jpg 768w, https:\/\/lfh.edu.gr\/wordpress\/wp-content\/uploads\/2026\/01\/Presentation1-18x10.jpg 18w\" sizes=\"(max-width: 1280px) 100vw, 1280px\">\n<\/div><\/div>\n<\/section><section class=\"bde-section-431-571 bde-section\">\n  \n  \n\t\n\n\n\n<div class=\"section-container\"><div class=\"bde-div-431-572 bde-div\">\n  \n  \n\t\n\n\n\n<div class=\"bde-div-431-573 bde-div\">\n  \n  \n\t\n\n\n\n<div class=\"bde-button-431-574 bde-button\">\n    \n                                    \n    \n    \n    \n    \n            \n                    \n            \n            \n\n    \n    \n    \n    \n    \n    <a class=\"breakdance-link button-atom button-atom--text bde-button__button\" href=\"\/el\/\" target=\"_self\" data-type=\"url\"  >\n\n    \n        <span class=\"button-atom__text\">\u0391\u03c1\u03c7\u03b9\u03ba\u03ae \u03c3\u03b5\u03bb\u03af\u03b4\u03b1<\/span>\n\n        \n        \n                <\/a>\n\n    \n\n\n<\/div><div class=\"bde-text-431-575 bde-text\">\n\"\n<\/div><div class=\"bde-text-431-576 bde-text\">\n\u038a\u03b4\u03c1\u03c5\u03c3\u03b7\n<\/div>\n<\/div><h1 class=\"bde-heading-431-577 bde-heading\">\nLes r\u00e9sultats aux examens \n<\/h1>\n<\/div><h2 class=\"bde-heading-431-578 bde-heading\">\n\n<\/h2><div class=\"bde-div-431-579 bde-div\">\n  \n  \n\t\n\n\n\n<img decoding=\"async\" class=\"bde-image2-431-580 bde-image2\" src=\"https:\/\/lfh.edu.gr\/wordpress\/wp-content\/uploads\/2026\/01\/Presentation2.jpg\" loading=\"lazy\" srcset=\"https:\/\/lfh.edu.gr\/wordpress\/wp-content\/uploads\/2026\/01\/Presentation2.jpg 1280w, https:\/\/lfh.edu.gr\/wordpress\/wp-content\/uploads\/2026\/01\/Presentation2-300x169.jpg 300w, https:\/\/lfh.edu.gr\/wordpress\/wp-content\/uploads\/2026\/01\/Presentation2-1024x576.jpg 1024w, https:\/\/lfh.edu.gr\/wordpress\/wp-content\/uploads\/2026\/01\/Presentation2-768x432.jpg 768w, https:\/\/lfh.edu.gr\/wordpress\/wp-content\/uploads\/2026\/01\/Presentation2-18x10.jpg 18w\" sizes=\"(max-width: 1280px) 100vw, 1280px\">\n<\/div><\/div>\n<\/section>","protected":false},"excerpt":{"rendered":"<p>Accueil \u00bb \u00c9tablissement Les r\u00e9sultats aux examens Accueil \u00bb \u00c9tablissement Les r\u00e9sultats aux examens<\/p>","protected":false},"author":1,"featured_media":0,"parent":361,"menu_order":0,"comment_status":"closed","ping_status":"closed","template":"","meta":{"inline_featured_image":false,"_breakdance_hide_in_design_set":false,"_breakdance_tags":"","footnotes":""},"class_list":["post-431","page","type-page","status-publish","hentry"],"yoast_head":"<!-- This site is optimized with the Yoast SEO plugin v24.4 - https:\/\/yoast.com\/wordpress\/plugins\/seo\/ -->\n<title>Les r\u00e9sultats aux examens - Lyc\u00e9e Franco-Hell\u00e9nique d&#039;Ath\u00e8nes | LFHED<\/title>\n<meta name=\"description\" content=\"Apprenez-en plus sur les instances du Lyc\u00e9e Franco-Hell\u00e9nique Eug\u00e8ne-Delacroix d&#039;Ath\u00e8nes (LFHED) et acc\u00e9dez aux rapports de conseils.\" \/>\n<meta name=\"robots\" content=\"index, nofollow, max-snippet:-1, max-image-preview:large, max-video-preview:-1\" \/>\n<link rel=\"canonical\" href=\"https:\/\/lfh.edu.gr\/el\/section-francaise\/resultats-examens\/\" \/>\n<meta property=\"og:locale\" content=\"el_GR\" \/>\n<meta property=\"og:type\" content=\"article\" \/>\n<meta property=\"og:title\" content=\"Les r\u00e9sultats aux examens - Lyc\u00e9e Franco-Hell\u00e9nique d&#039;Ath\u00e8nes | LFHED\" \/>\n<meta property=\"og:description\" content=\"Apprenez-en plus sur les instances du Lyc\u00e9e Franco-Hell\u00e9nique Eug\u00e8ne-Delacroix d&#039;Ath\u00e8nes (LFHED) et acc\u00e9dez aux rapports de conseils.\" \/>\n<meta property=\"og:url\" content=\"https:\/\/lfh.edu.gr\/el\/section-francaise\/resultats-examens\/\" \/>\n<meta property=\"og:site_name\" content=\"Lyc\u00e9e Franco-Hell\u00e9nique Eug\u00e8ne Delacroix\" \/>\n<meta property=\"article:modified_time\" content=\"2026-01-12T12:48:53+00:00\" \/>\n<meta name=\"twitter:card\" content=\"summary_large_image\" \/>\n<meta name=\"twitter:label1\" content=\"\u0395\u03ba\u03c4\u03b9\u03bc\u03ce\u03bc\u03b5\u03bd\u03bf\u03c2 \u03c7\u03c1\u03cc\u03bd\u03bf\u03c2 \u03b1\u03bd\u03ac\u03b3\u03bd\u03c9\u03c3\u03b7\u03c2\" \/>\n\t<meta name=\"twitter:data1\" content=\"1 \u03bb\u03b5\u03c0\u03c4\u03cc\" \/>\n<script type=\"application\/ld+json\" class=\"yoast-schema-graph\">{\"@context\":\"https:\/\/schema.org\",\"@graph\":[{\"@type\":\"WebPage\",\"@id\":\"https:\/\/lfh.edu.gr\/section-francaise\/resultats-examens\/\",\"url\":\"https:\/\/lfh.edu.gr\/section-francaise\/resultats-examens\/\",\"name\":\"Les r\u00e9sultats aux examens - Lyc\u00e9e Franco-Hell\u00e9nique d'Ath\u00e8nes | LFHED\",\"isPartOf\":{\"@id\":\"https:\/\/lfh.edu.gr\/#website\"},\"datePublished\":\"2025-08-31T15:42:37+00:00\",\"dateModified\":\"2026-01-12T12:48:53+00:00\",\"description\":\"Apprenez-en plus sur les instances du Lyc\u00e9e Franco-Hell\u00e9nique Eug\u00e8ne-Delacroix d'Ath\u00e8nes (LFHED) et acc\u00e9dez aux rapports de conseils.\",\"breadcrumb\":{\"@id\":\"https:\/\/lfh.edu.gr\/section-francaise\/resultats-examens\/#breadcrumb\"},\"inLanguage\":\"el\",\"potentialAction\":[{\"@type\":\"ReadAction\",\"target\":[\"https:\/\/lfh.edu.gr\/section-francaise\/resultats-examens\/\"]}]},{\"@type\":\"BreadcrumbList\",\"@id\":\"https:\/\/lfh.edu.gr\/section-francaise\/resultats-examens\/#breadcrumb\",\"itemListElement\":[{\"@type\":\"ListItem\",\"position\":1,\"name\":\"Accueil\",\"item\":\"https:\/\/lfh.edu.gr\/\"},{\"@type\":\"ListItem\",\"position\":2,\"name\":\"SECTION FRAN\u00c7AISE\",\"item\":\"https:\/\/lfh.edu.gr\/section-francaise\/\"},{\"@type\":\"ListItem\",\"position\":3,\"name\":\"Les r\u00e9sultats aux examens\"}]},{\"@type\":\"WebSite\",\"@id\":\"https:\/\/lfh.edu.gr\/#website\",\"url\":\"https:\/\/lfh.edu.gr\/\",\"name\":\"Lyc\u00e9e Franco-Hell\u00e9nique Eug\u00e8ne Delacroix\",\"description\":\"\",\"potentialAction\":[{\"@type\":\"SearchAction\",\"target\":{\"@type\":\"EntryPoint\",\"urlTemplate\":\"https:\/\/lfh.edu.gr\/?s={search_term_string}\"},\"query-input\":{\"@type\":\"PropertyValueSpecification\",\"valueRequired\":true,\"valueName\":\"search_term_string\"}}],\"inLanguage\":\"el\"}]}<\/script>\n<!-- \/ Yoast SEO plugin. -->","yoast_head_json":{"title":"Les r\u00e9sultats aux examens - Lyc\u00e9e Franco-Hell\u00e9nique d'Ath\u00e8nes | LFHED","description":"Apprenez-en plus sur les instances du Lyc\u00e9e Franco-Hell\u00e9nique Eug\u00e8ne-Delacroix d'Ath\u00e8nes (LFHED) et acc\u00e9dez aux rapports de conseils.","robots":{"index":"index","follow":"nofollow","max-snippet":"max-snippet:-1","max-image-preview":"max-image-preview:large","max-video-preview":"max-video-preview:-1"},"canonical":"https:\/\/lfh.edu.gr\/el\/section-francaise\/resultats-examens\/","og_locale":"el_GR","og_type":"article","og_title":"Les r\u00e9sultats aux examens - Lyc\u00e9e Franco-Hell\u00e9nique d'Ath\u00e8nes | LFHED","og_description":"Apprenez-en plus sur les instances du Lyc\u00e9e Franco-Hell\u00e9nique Eug\u00e8ne-Delacroix d'Ath\u00e8nes (LFHED) et acc\u00e9dez aux rapports de conseils.","og_url":"https:\/\/lfh.edu.gr\/el\/section-francaise\/resultats-examens\/","og_site_name":"Lyc\u00e9e Franco-Hell\u00e9nique Eug\u00e8ne Delacroix","article_modified_time":"2026-01-12T12:48:53+00:00","twitter_card":"summary_large_image","twitter_misc":{"\u0395\u03ba\u03c4\u03b9\u03bc\u03ce\u03bc\u03b5\u03bd\u03bf\u03c2 \u03c7\u03c1\u03cc\u03bd\u03bf\u03c2 \u03b1\u03bd\u03ac\u03b3\u03bd\u03c9\u03c3\u03b7\u03c2":"1 \u03bb\u03b5\u03c0\u03c4\u03cc"},"schema":{"@context":"https:\/\/schema.org","@graph":[{"@type":"WebPage","@id":"https:\/\/lfh.edu.gr\/section-francaise\/resultats-examens\/","url":"https:\/\/lfh.edu.gr\/section-francaise\/resultats-examens\/","name":"Les r\u00e9sultats aux examens - Lyc\u00e9e Franco-Hell\u00e9nique d'Ath\u00e8nes | LFHED","isPartOf":{"@id":"https:\/\/lfh.edu.gr\/#website"},"datePublished":"2025-08-31T15:42:37+00:00","dateModified":"2026-01-12T12:48:53+00:00","description":"Apprenez-en plus sur les instances du Lyc\u00e9e Franco-Hell\u00e9nique Eug\u00e8ne-Delacroix d'Ath\u00e8nes (LFHED) et acc\u00e9dez aux rapports de conseils.","breadcrumb":{"@id":"https:\/\/lfh.edu.gr\/section-francaise\/resultats-examens\/#breadcrumb"},"inLanguage":"el","potentialAction":[{"@type":"ReadAction","target":["https:\/\/lfh.edu.gr\/section-francaise\/resultats-examens\/"]}]},{"@type":"BreadcrumbList","@id":"https:\/\/lfh.edu.gr\/section-francaise\/resultats-examens\/#breadcrumb","itemListElement":[{"@type":"ListItem","position":1,"name":"Accueil","item":"https:\/\/lfh.edu.gr\/"},{"@type":"ListItem","position":2,"name":"SECTION FRAN\u00c7AISE","item":"https:\/\/lfh.edu.gr\/section-francaise\/"},{"@type":"ListItem","position":3,"name":"Les r\u00e9sultats aux examens"}]},{"@type":"WebSite","@id":"https:\/\/lfh.edu.gr\/#website","url":"https:\/\/lfh.edu.gr\/","name":"Lyc\u00e9e Franco-Hell\u00e9nique Eug\u00e8ne Delacroix","description":"","potentialAction":[{"@type":"SearchAction","target":{"@type":"EntryPoint","urlTemplate":"https:\/\/lfh.edu.gr\/?s={search_term_string}"},"query-input":{"@type":"PropertyValueSpecification","valueRequired":true,"valueName":"search_term_string"}}],"inLanguage":"el"}]}},"jetpack_sharing_enabled":true,"_links":{"self":[{"href":"https:\/\/lfh.edu.gr\/el\/wp-json\/wp\/v2\/pages\/431","targetHints":{"allow":["GET"]}}],"collection":[{"href":"https:\/\/lfh.edu.gr\/el\/wp-json\/wp\/v2\/pages"}],"about":[{"href":"https:\/\/lfh.edu.gr\/el\/wp-json\/wp\/v2\/types\/page"}],"author":[{"embeddable":true,"href":"https:\/\/lfh.edu.gr\/el\/wp-json\/wp\/v2\/users\/1"}],"replies":[{"embeddable":true,"href":"https:\/\/lfh.edu.gr\/el\/wp-json\/wp\/v2\/comments?post=431"}],"version-history":[{"count":5,"href":"https:\/\/lfh.edu.gr\/el\/wp-json\/wp\/v2\/pages\/431\/revisions"}],"predecessor-version":[{"id":1206,"href":"https:\/\/lfh.edu.gr\/el\/wp-json\/wp\/v2\/pages\/431\/revisions\/1206"}],"up":[{"embeddable":true,"href":"https:\/\/lfh.edu.gr\/el\/wp-json\/wp\/v2\/pages\/361"}],"wp:attachment":[{"href":"https:\/\/lfh.edu.gr\/el\/wp-json\/wp\/v2\/media?parent=431"}],"curies":[{"name":"wp","href":"https:\/\/api.w.org\/{rel}","templated":true}]}}