{"id":405,"date":"2025-08-31T14:22:55","date_gmt":"2025-08-31T14:22:55","guid":{"rendered":"https:\/\/dev.lfh.edu.gr\/site\/?page_id=405"},"modified":"2026-01-04T15:11:40","modified_gmt":"2026-01-04T15:11:40","slug":"contact","status":"publish","type":"page","link":"https:\/\/lfh.edu.gr\/el\/contact\/","title":{"rendered":"\u0395\u03c0\u03b9\u03ba\u03bf\u03b9\u03bd\u03c9\u03bd\u03af\u03b1"},"content":{"rendered":"<section class=\"bde-section-405-106 bde-section\">\n  \n  \n\t\n\n\n\n<div class=\"section-container\"><div class=\"bde-div-405-316 bde-div\">\n  \n  \n\t\n\n\n\n<div class=\"bde-div-405-327 bde-div\">\n  \n  \n\t\n\n\n\n<div class=\"bde-button-405-328 bde-button\">\n    \n                                    \n    \n    \n    \n    \n            \n                    \n            \n            \n\n    \n    \n    \n    \n    \n    <a class=\"breakdance-link button-atom button-atom--text bde-button__button\" href=\"\/el\/\" target=\"_self\" data-type=\"url\"  >\n\n    \n        <span class=\"button-atom__text\">\u0391\u03c1\u03c7\u03b9\u03ba\u03ae \u03c3\u03b5\u03bb\u03af\u03b4\u03b1<\/span>\n\n        \n        \n                <\/a>\n\n    \n\n\n<\/div><div class=\"bde-text-405-329 bde-text\">\n\"\n<\/div><div class=\"bde-text-405-332 bde-text\">\n\u0395\u03c0\u03b9\u03ba\u03bf\u03b9\u03bd\u03c9\u03bd\u03af\u03b1\n<\/div>\n<\/div><h1 class=\"bde-heading-405-318 bde-heading\">\n\u0395\u03c0\u03b9\u03ba\u03bf\u03b9\u03bd\u03c9\u03bd\u03ae\u03c3\u03c4\u03b5 \u03bc\u03b1\u03b6\u03af \u03bc\u03b1\u03c2\n<\/h1>\n<\/div><div class=\"bde-div-405-334 bde-div\">\n  \n  \n\t\n\n\n\n<div class=\"bde-div-405-593 bde-div\">\n  \n  \n\t\n\n\n\n<h2 class=\"bde-heading-405-594 bde-heading\">\n\u03a0\u03c1\u03bf\u03b5\u03b3\u03b3\u03c1\u03b1\u03c6\u03ae \u03c3\u03c4\u03bf \u0393\u03c5\u03bc\u03bd\u03ac\u03c3\u03b9\u03bf \u03b3\u03b9\u03b1 \u03c4\u03bf \u03b5\u03c0\u03cc\u03bc\u03b5\u03bd\u03bf \u03ad\u03c4\u03bf\u03c2\n<\/h2><div class=\"bde-rich-text-405-595 bde-rich-text breakdance-rich-text-styles\">\n<p>\u03a0\u03b1\u03c1\u03b1\u03ba\u03ac\u03c4\u03c9 \u03b8\u03b1 \u03b2\u03c1\u03b5\u03af\u03c4\u03b5 \u03cc\u03bb\u03b5\u03c2 \u03c4\u03b9\u03c2 \u03c0\u03bb\u03b7\u03c1\u03bf\u03c6\u03bf\u03c1\u03af\u03b5\u03c2 \u03c0\u03bf\u03c5 \u03c7\u03c1\u03b5\u03b9\u03ac\u03b6\u03b5\u03c3\u03c4\u03b5 \u03b3\u03b9\u03b1 \u03bd\u03b1 \u03b5\u03b3\u03b3\u03c1\u03b1\u03c6\u03b5\u03af\u03c4\u03b5 \u03c3\u03c4\u03bf \u0393\u03c5\u03bc\u03bd\u03ac\u03c3\u03b9\u03bf \u03b3\u03b9\u03b1 \u03c4\u03b7\u03bd \u03b5\u03c0\u03cc\u03bc\u03b5\u03bd\u03b7 \u03c7\u03c1\u03bf\u03bd\u03b9\u03ac.<\/p>\n<\/div><div class=\"bde-accordion-405-596 bde-accordion bde-accordion--bordered-bottom\"><div class=\"bde-accordion__content-wrapper-405-597 bde-accordion__content-wrapper\">\n<h3 class=\"bde-accordion__title-tag\">\n  <button type=\"button\" class=\"bde-accordion__button\" id=\"accordion-button-597\" aria-controls=\"accordion-panel-597\" aria-expanded=\"false\">\n     <span class=\"bde-accordion__title\" >\u0395\u03b3\u03b3\u03c1\u03b1\u03c6\u03ae \u03c3\u03c4\u03bf \u03c0\u03c1\u03ce\u03c4\u03bf \u03ad\u03c4\u03bf\u03c2 \u03c4\u03bf\u03c5 \u039b\u03c5\u03ba\u03b5\u03af\u03bf\u03c5 \u03c3\u03c4\u03bf \u0395\u03bb\u03bb\u03b7\u03bd\u03b9\u03ba\u03cc \u03a4\u03bc\u03ae\u03bc\u03b1<\/span>\n     <span class=\"bde-accordion__icon bde-accordion__icon--default\"><\/span>\n     <span class=\"bde-accordion__icon bde-accordion__icon--active\"><\/span>\n  <\/button>\n<\/h3>\n\n<div role=\"region\" class=\"bde-accordion__panel\" id=\"accordion-panel-597\" aria-labelledby=\"accordion-button-597\">\n    <div class=\"bde-accordion__panel-content\">\n        <div class=\"bde-rich-text-405-598 bde-rich-text breakdance-rich-text-styles\">\n<p>\u03a0\u03b1\u03c1\u03b1\u03ba\u03ac\u03c4\u03c9 \u03b8\u03b1 \u03b2\u03c1\u03b5\u03af\u03c4\u03b5 \u03cc\u03bb\u03b5\u03c2 \u03c4\u03b9\u03c2 \u03c0\u03bb\u03b7\u03c1\u03bf\u03c6\u03bf\u03c1\u03af\u03b5\u03c2 \u03c0\u03bf\u03c5 \u03c7\u03c1\u03b5\u03b9\u03ac\u03b6\u03b5\u03c3\u03c4\u03b5 \u03b3\u03b9\u03b1 \u03bd\u03b1 \u03b5\u03b3\u03b3\u03c1\u03b1\u03c6\u03b5\u03af\u03c4\u03b5 \u03c3\u03c4\u03bf \u03c0\u03c1\u03ce\u03c4\u03bf \u03ad\u03c4\u03bf\u03c2 \u03c4\u03bf\u03c5 \u039b\u03c5\u03ba\u03b5\u03af\u03bf\u03c5 \u03c3\u03c4\u03bf \u0395\u03bb\u03bb\u03b7\u03bd\u03b9\u03ba\u03cc \u03a4\u03bc\u03ae\u03bc\u03b1.<\/p>\n<\/div><div class=\"bde-div-405-599 bde-div\">\n  \n  \n\t\n\n\n\n<div class=\"bde-button-405-600 bde-button\">\n    \n                                    \n    \n    \n    \n    \n            \n                    \n            \n            \n\n    \n    \n    \n    \n    \n    <a class=\"breakdance-link button-atom button-atom--text bde-button__button\" href=\"\/el\/\" target=\"_self\" data-type=\"url\"  >\n\n    \n        <span class=\"button-atom__text\">\u0394\u0399\u0391\u0394\u0399\u039a\u0391\u03a3\u0399\u0391 \u0395\u0393\u0393\u03a1\u0391\u03a6\u0397\u03a3 \u03a3\u03a4\u039f \u0393\u03a5\u039c\u039d\u0391\u03a3\u0399\u039f \u03a4\u039f\u03a5 \u0395\u039b\u039b\u0397\u039d\u0399\u039a\u039f\u03a5 \u03a4\u039c\u0397\u039c\u0391\u03a4\u039f\u03a3<\/span>\n\n        \n                    \n    <span class=\"button-atom__icon-wrapper\">\n\n        \n            <svg class=\"un-arrow-icon\" width=\"10\" height=\"10\" viewbox=\"0 0 10 10\" aria-hidden=\"true\">\n                <g fill-rule=\"evenodd\">\n                    <path class=\"un-arrow-icon_line\" d=\"M0 5h7\"><\/path>\n                    <path class=\"un-arrow-icon_arrow\" d=\"M1 1l4 4-4 4\"><\/path>\n                <\/g>\n            <\/svg>\n\n        \n    <\/span>\n\n\n        \n                <\/a>\n\n    \n\n\n<\/div>\n<\/div>\n    <\/div>\n<\/div>\n\n\n\n<\/div><div class=\"bde-accordion__content-wrapper-405-602 bde-accordion__content-wrapper\">\n<h3 class=\"bde-accordion__title-tag\">\n  <button type=\"button\" class=\"bde-accordion__button\" id=\"accordion-button-602\" aria-controls=\"accordion-panel-602\" aria-expanded=\"false\">\n     <span class=\"bde-accordion__title\" >\u0398\u03ad\u03bc\u03b1\u03c4\u03b1 \u03b5\u03b9\u03c3\u03b1\u03b3\u03c9\u03b3\u03b9\u03ba\u03ce\u03bd \u03b5\u03be\u03b5\u03c4\u03ac\u03c3\u03b5\u03c9\u03bd<\/span>\n     <span class=\"bde-accordion__icon bde-accordion__icon--default\"><\/span>\n     <span class=\"bde-accordion__icon bde-accordion__icon--active\"><\/span>\n  <\/button>\n<\/h3>\n\n<div role=\"region\" class=\"bde-accordion__panel\" id=\"accordion-panel-602\" aria-labelledby=\"accordion-button-602\">\n    <div class=\"bde-accordion__panel-content\">\n        <div class=\"bde-rich-text-405-603 bde-rich-text breakdance-rich-text-styles\">\n<p>\u03a0\u03b1\u03c1\u03b1\u03ba\u03ac\u03c4\u03c9 \u03b8\u03b1 \u03b2\u03c1\u03b5\u03af\u03c4\u03b5 \u03ad\u03bd\u03b1 \u03c0\u03b1\u03c1\u03ac\u03b4\u03b5\u03b9\u03b3\u03bc\u03b1 \u03b5\u03be\u03b5\u03c4\u03ac\u03c3\u03b5\u03c9\u03bd \u03c3\u03c4\u03bf \u03c0\u03c1\u03ce\u03c4\u03bf \u03ad\u03c4\u03bf\u03c2 \u03c4\u03bf\u03c5 \u039b\u03c5\u03ba\u03b5\u03af\u03bf\u03c5 \u03c3\u03c4\u03bf \u0395\u03bb\u03bb\u03b7\u03bd\u03b9\u03ba\u03cc \u03a4\u03bc\u03ae\u03bc\u03b1.<\/p>\n<\/div><div class=\"bde-div-405-604 bde-div\">\n  \n  \n\t\n\n\n\n<div class=\"bde-button-405-605 bde-button\">\n    \n                                    \n    \n    \n    \n    \n            \n                    \n            \n            \n\n    \n    \n    \n    \n    \n    <a class=\"breakdance-link button-atom button-atom--text bde-button__button\" href=\"\/el\/\" target=\"_self\" data-type=\"url\"  >\n\n    \n        <span class=\"button-atom__text\">\u0394\u03b5\u03af\u03c4\u03b5 \u03c4\u03b9\u03c2 \u03b5\u03b9\u03c3\u03b1\u03b3\u03c9\u03b3\u03b9\u03ba\u03ad\u03c2 \u03b5\u03be\u03b5\u03c4\u03ac\u03c3\u03b5\u03b9\u03c2<\/span>\n\n        \n                    \n    <span class=\"button-atom__icon-wrapper\">\n\n        \n            <svg class=\"un-arrow-icon\" width=\"10\" height=\"10\" viewbox=\"0 0 10 10\" aria-hidden=\"true\">\n                <g fill-rule=\"evenodd\">\n                    <path class=\"un-arrow-icon_line\" d=\"M0 5h7\"><\/path>\n                    <path class=\"un-arrow-icon_arrow\" d=\"M1 1l4 4-4 4\"><\/path>\n                <\/g>\n            <\/svg>\n\n        \n    <\/span>\n\n\n        \n                <\/a>\n\n    \n\n\n<\/div>\n<\/div>\n    <\/div>\n<\/div>\n\n\n\n<\/div>\r\n\r\n<\/div>\n<\/div><div class=\"bde-div-405-620 bde-div\">\n  \n  \n\t\n\n\n\n<div class=\"bde-rich-text-405-622 bde-rich-text breakdance-rich-text-styles\">\n<p>\u0395\u03ac\u03bd \u03ad\u03c7\u03b5\u03c4\u03b5 \u03bf\u03c0\u03bf\u03b9\u03b1\u03b4\u03ae\u03c0\u03bf\u03c4\u03b5 \u03b1\u03c0\u03bf\u03c1\u03af\u03b1, \u03bc\u03b7 \u03b4\u03b9\u03c3\u03c4\u03ac\u03c3\u03b5\u03c4\u03b5 \u03bd\u03b1 \u03b5\u03c0\u03b9\u03ba\u03bf\u03b9\u03bd\u03c9\u03bd\u03ae\u03c3\u03b5\u03c4\u03b5 \u03bc\u03b5 <strong>\u03b5\u03c0\u03b9\u03ba\u03bf\u03b9\u03bd\u03c9\u03bd\u03ae\u03c3\u03c4\u03b5 \u03bc\u03b1\u03b6\u03af \u03bc\u03b1\u03c2 \u03c0\u03b1\u03c1\u03b1\u03ba\u03ac\u03c4\u03c9<\/strong> \u03c0\u03b5\u03c1\u03b9\u03c3\u03c3\u03cc\u03c4\u03b5\u03c1\u03b5\u03c2 <strong>\u03c3\u03c4\u03bf 211 300 91 00<\/strong>.<br \/>\u0397 \u03bf\u03bc\u03ac\u03b4\u03b1 \u03bc\u03b1\u03c2 \u03b8\u03b1 \u03c7\u03b1\u03c1\u03b5\u03af \u03bd\u03b1 \u03c3\u03b1\u03c2 \u03b2\u03bf\u03b7\u03b8\u03ae\u03c3\u03b5\u03b9 \u03c4\u03bf \u03c3\u03c5\u03bd\u03c4\u03bf\u03bc\u03cc\u03c4\u03b5\u03c1\u03bf \u03b4\u03c5\u03bd\u03b1\u03c4\u03cc.<\/p>\n<\/div><div class=\"bde-div-405-656 bde-div\">\n  \n  \n\t\n\n\n\n<div class=\"bde-google-map-405-657 bde-google-map\">\n\r\n<iframe width=\"100%\" height=\"100%\" style=\"border:0\" loading=\"lazy\" title=\"\u03a7\u03ac\u03c1\u03c4\u03b7\u03c2\" src=\"https:\/\/maps.google.com\/maps?q=153+01+rues+Chlois%2C+Trikalon+%26%2C+Ag.+Paraskevi+153+42%2C+Gr%C3%A8ce&t=m&z=13&output=embed&iwloc=near\" allowfullscreen><\/iframe>\n\n<\/div><div class=\"bde-div-405-658 bde-div\">\n  \n  \n\t\n\n\n\n<div class=\"bde-form-builder-405-659 bde-form-builder\">\n\n\n<form id=\"formulaire-de-contact659\" class=\"breakdance-form breakdance-form--vertical\" data-options=\"{&quot;slug&quot;:&quot;custom&quot;,&quot;name&quot;:&quot;Formulaire de contact&quot;,&quot;ajaxUrl&quot;:&quot;https:\\\/\\\/lfh.edu.gr\\\/wordpress\\\/wp-admin\\\/admin-ajax.php&quot;,&quot;clearOnSuccess&quot;:true,&quot;hideOnSuccess&quot;:true,&quot;successMessage&quot;:&quot;Merci, votre message a bien \\u00e9t\\u00e9 envoy\\u00e9 !&quot;,&quot;errorMessage&quot;:&quot;Veuillez r\\u00e9essayer, une erreur est survenue.&quot;,&quot;redirect&quot;:false,&quot;redirectUrl&quot;:&quot;&quot;,&quot;customJavaScript&quot;:&quot;&quot;,&quot;recaptcha&quot;:{&quot;key&quot;:&quot;&quot;,&quot;enabled&quot;:false},&quot;honeypot_enabled&quot;:false,&quot;popupsOnSuccess&quot;:[],&quot;popupsOnError&quot;:[]}\" data-steps=\"0\" action=\"\" >\n  \n  \n  \n<div class=\"breakdance-form-field breakdance-form-field--text\" >\n    \n    \n            <label class=\"breakdance-form-field__label\" for=\"name\">\n            \u038c\u03bd\u03bf\u03bc\u03b1<span class=\"breakdance-form-field__required\">*<\/span>\n        <\/label>\n    \n    <input\n    class=\"breakdance-form-field__input\"\n    id=\"name\"\n    aria-describedby=\"name\"\n    type=\"text\"\n    name=\"fields[name]\"\n    placeholder=\"\"\n    value=\"\"\n                \n        \n        \n    required\n>\n\n\n    \n    \n<\/div>\n\n\n<div class=\"breakdance-form-field breakdance-form-field--email\" >\n    \n    \n            <label class=\"breakdance-form-field__label\" for=\"email\">\n            \u0397\u03bb\u03b5\u03ba\u03c4\u03c1\u03bf\u03bd\u03b9\u03ba\u03cc \u03c4\u03b1\u03c7\u03c5\u03b4\u03c1\u03bf\u03bc\u03b5\u03af\u03bf<span class=\"breakdance-form-field__required\">*<\/span>\n        <\/label>\n    \n    <input\n    class=\"breakdance-form-field__input\"\n    id=\"email\"\n    aria-describedby=\"email\"\n    type=\"email\"\n    name=\"fields[email]\"\n    placeholder=\"\"\n    value=\"\"\n                \n        \n        \n    required\n>\n\n\n    \n    \n<\/div>\n\n\n<div class=\"breakdance-form-field breakdance-form-field--text\" >\n    \n    \n            <label class=\"breakdance-form-field__label\" for=\"object\">\n            \u0398\u03ad\u03bc\u03b1 \u03bc\u03b7\u03bd\u03cd\u03bc\u03b1\u03c4\u03bf\u03c2\n        <\/label>\n    \n    <input\n    class=\"breakdance-form-field__input\"\n    id=\"object\"\n    aria-describedby=\"object\"\n    type=\"text\"\n    name=\"fields[object]\"\n    placeholder=\"\"\n    value=\"\"\n                \n        \n        \n    \n    \n    \n>\n\n\n    \n    \n<\/div>\n\n\n<div class=\"breakdance-form-field breakdance-form-field--textarea\" >\n    \n    \n            <label class=\"breakdance-form-field__label\" for=\"message\">\n            \u039c\u03ae\u03bd\u03c5\u03bc\u03b1<span class=\"breakdance-form-field__required\">*<\/span>\n        <\/label>\n    \n    <textarea\n    class=\"breakdance-form-field__input\"\n    id=\"message\"\n    aria-describedby=\"message\"\n    type=\"textarea\"\n    name=\"fields[message]\"\n        placeholder=\"\"\n    required\n>\n<\/textarea>\n\n\n    \n    \n<\/div>\n\n\n<div class=\"breakdance-form-field breakdance-form-field--html\" >\n    \n    \n    \n    <div class=\"form-input-html\"\n    >\n  <span style=\"font-size:12px;line-height:1!important;\">\u039a\u03ac\u03bd\u03bf\u03bd\u03c4\u03b1\u03c2 \u03ba\u03bb\u03b9\u03ba \u03c3\u03c4\u03bf \u03c0\u03b1\u03c1\u03b1\u03ba\u03ac\u03c4\u03c9 \u03ba\u03bf\u03c5\u03bc\u03c0\u03af, \u03b5\u03c0\u03b9\u03b2\u03b5\u03b2\u03b1\u03b9\u03ce\u03bd\u03b5\u03c4\u03b5 \u03cc\u03c4\u03b9 \u03bc\u03b1\u03c2 \u03b5\u03c0\u03b9\u03c4\u03c1\u03ad\u03c0\u03b5\u03c4\u03b5 \u03bd\u03b1 \u03b4\u03b9\u03b1\u03c7\u03b5\u03b9\u03c1\u03b9\u03b6\u03cc\u03bc\u03b1\u03c3\u03c4\u03b5 \u03c4\u03b1 \u03c0\u03c1\u03bf\u03c3\u03c9\u03c0\u03b9\u03ba\u03ac \u03c3\u03b1\u03c2 \u03b4\u03b5\u03b4\u03bf\u03bc\u03ad\u03bd\u03b1 \u03ba\u03b1\u03b9 \u03c4\u03b1 \u03b4\u03b5\u03b4\u03bf\u03bc\u03ad\u03bd\u03b1 \u03c4\u03bf\u03c5 \u03c0\u03b1\u03b9\u03b4\u03b9\u03bf\u03cd \u03c3\u03b1\u03c2. \u0395\u03c0\u03b9\u03b2\u03b5\u03b2\u03b1\u03b9\u03ce\u03bd\u03b5\u03c4\u03b5 \u03cc\u03c4\u03b9 \u03ad\u03c7\u03b5\u03c4\u03b5 \u03b4\u03b9\u03b1\u03b2\u03ac\u03c3\u03b5\u03b9 <a href=\"https:\/\/lfh.edu.gr\/el\/politique-de-confidentialite\/\" target =\"_blank\">\u03b7 \u03c0\u03bf\u03bb\u03b9\u03c4\u03b9\u03ba\u03ae \u03bc\u03b1\u03c2 \u03b3\u03b9\u03b1 \u03c4\u03b7\u03bd \u03c0\u03c1\u03bf\u03c3\u03c4\u03b1\u03c3\u03af\u03b1 \u03c4\u03c9\u03bd \u03c0\u03c1\u03bf\u03c3\u03c9\u03c0\u03b9\u03ba\u03ce\u03bd \u03b4\u03b5\u03b4\u03bf\u03bc\u03ad\u03bd\u03c9\u03bd<\/a>.<\/span>\n<\/div>\n\n\n    \n    \n<\/div>\n\n\n  \n\n<div class=\"breakdance-form-field breakdance-form-footer\">\n    \n    \n                                    \n    \n    \n    \n    \n            \n            <button type=\"submit\" class=\"button-atom button-atom--primary breakdance-form-button breakdance-form-button__submit\"  >\n    \n        <span class=\"button-atom__text\">\u03a3\u03c4\u03b5\u03af\u03bb\u03c4\u03b5<\/span>\n\n        \n        \n            <\/button>\n    \n    <input type=\"hidden\" name=\"form_id\" value=\"659\">\n    <input type=\"hidden\" name=\"post_id\" value=\"405\">\n<\/div>\n\n  \n<input type=\"hidden\" name=\"trp-form-language\" value=\"el\"\/><\/form>\n\n\n\n<\/div>\n<\/div>\n<\/div><div class=\"bde-accordion-405-660 bde-accordion bde-accordion--bordered-bottom\"><div class=\"bde-accordion__content-wrapper-405-661 bde-accordion__content-wrapper\">\n<h3 class=\"bde-accordion__title-tag\">\n  <button type=\"button\" class=\"bde-accordion__button\" id=\"accordion-button-661\" aria-controls=\"accordion-panel-661\" aria-expanded=\"false\">\n     <span class=\"bde-accordion__title\" >\u03a7\u03c1\u03ae\u03c3\u03b9\u03bc\u03b5\u03c2 \u03b5\u03c0\u03b1\u03c6\u03ad\u03c2<\/span>\n     <span class=\"bde-accordion__icon bde-accordion__icon--default\"><\/span>\n     <span class=\"bde-accordion__icon bde-accordion__icon--active\"><\/span>\n  <\/button>\n<\/h3>\n\n<div role=\"region\" class=\"bde-accordion__panel\" id=\"accordion-panel-661\" aria-labelledby=\"accordion-button-661\">\n    <div class=\"bde-accordion__panel-content\">\n        <div class=\"bde-rich-text-405-662 bde-rich-text breakdance-rich-text-styles\">\n<ul>\n<li><strong>\u0393\u03c1\u03b1\u03bc\u03bc\u03b1\u03c4\u03b5\u03af\u03b1 \u03c4\u03bf\u03c5 \u03b4\u03b9\u03b5\u03c5\u03b8\u03c5\u03bd\u03c4\u03ae<br \/><\/strong>211 3009116 \/ 211 3009111<br \/>info@lfh.gr<br \/><br \/><\/li>\n<li><strong>\u0393\u03c1\u03b1\u03bc\u03bc\u03b1\u03c4\u03b5\u03af\u03b1 \u03b2\u03bf\u03b7\u03b8\u03bf\u03cd \u03b4\u03b9\u03b5\u03c5\u03b8\u03c5\u03bd\u03c4\u03ae<br \/><\/strong>2113009114<br \/>secprovisadj@lfh.gr<br \/><br \/><\/li>\n<li><strong>\u0393\u03c1\u03b1\u03bc\u03bc\u03b1\u03c4\u03b5\u03af\u03b1 \u03a0\u03c1\u03c9\u03c4\u03bf\u03b2\u03ac\u03b8\u03bc\u03b9\u03bf\u03c5 \u0394\u03b9\u03b5\u03c5\u03b8\u03c5\u03bd\u03c4\u03ae<br \/><\/strong>2113009131<strong><br \/><\/strong>secdirprim@lfh.gr<br \/><strong><br \/><\/strong><\/li>\n<li><strong>\u03a3\u03c7\u03bf\u03bb\u03b9\u03ba\u03ae \u03b6\u03c9\u03ae<\/strong><br \/>2113009150<br \/>viescolaire@lfh.gr<br \/><strong><br \/><\/strong><\/li>\n<li><strong>\u0393\u03c1\u03b1\u03bc\u03bc\u03b1\u03c4\u03b5\u03af\u03b1 \u0395\u03bb\u03bb\u03b7\u03bd\u03b9\u03ba\u03bf\u03cd \u03a3\u03c7\u03bf\u03bb\u03b5\u03af\u03bf\u03c5<\/strong><br \/>2113009119<br \/>secdlyceegr@lfh.gr<\/li>\n<li><strong>\u0393\u03c1\u03b1\u03bc\u03bc\u03b1\u03c4\u03b5\u03af\u03b1 Gymnase Hell\u00e9nique<\/strong><br \/>2113009124<br \/>secdgymnase@lfh.gr<br \/><strong><br \/><\/strong><\/li>\n<li><strong>\u0393\u03c1\u03b1\u03c6\u03b5\u03af\u03bf \u03a4\u03b1\u03bc\u03af\u03b1\u03c2<br \/><\/strong>2113009141<br \/>secintendant@lfh.gr<br \/><strong><br \/><\/strong><\/li>\n<li><strong>Caisse - \u0394\u03af\u03b4\u03b1\u03ba\u03c4\u03c1\u03b1<\/strong><br \/>2113009162 \/ 2113009143<br \/>caisse@lfh.gr<br \/><br \/><\/li>\n<li><strong>\u03a3\u03c7\u03bf\u03bb\u03b9\u03ba\u03ae \u03bc\u03b5\u03c4\u03b1\u03c6\u03bf\u03c1\u03ac<br \/><\/strong>2113009144<br \/>lfh@panolympia.gr<br \/><br \/><\/li>\n<li><strong>\u0393\u03c1\u03b1\u03bc\u03bc\u03b1\u03c4\u03b5\u03af\u03b1 \u03b5\u03b3\u03b3\u03c1\u03b1\u03c6\u03ae\u03c2 - \u0393\u03b1\u03bb\u03bb\u03b9\u03ba\u03cc \u03c4\u03bc\u03ae\u03bc\u03b1<\/strong><br \/>2113009135<br \/>secinscriptions@lfh.gr<br \/><strong><br \/><\/strong><\/li>\n<li><strong>\u0393\u03c1\u03b1\u03c6\u03b5\u03af\u03bf \u03b5\u03be\u03c9\u03c3\u03c7\u03bf\u03bb\u03b9\u03ba\u03ce\u03bd \u03b4\u03c1\u03b1\u03c3\u03c4\u03b7\u03c1\u03b9\u03bf\u03c4\u03ae\u03c4\u03c9\u03bd\u00a0<\/strong><br \/>2113009133<br \/>secaes@lfh.gr<strong><br \/><\/strong><\/li>\n<\/ul>\n<\/div>\n    <\/div>\n<\/div>\n\n\n\n<\/div>\r\n\r\n<\/div>\n<\/div>\n<\/div><\/div>\n<\/section>","protected":false},"excerpt":{"rendered":"<p>Accueil \u00bb Contact Nous contacter Pr\u00e9-inscription au Gymnase pour l&rsquo;ann\u00e9e prochaine Vous trouverez ci-dessous toutes les informations concernant l&rsquo;inscription au Gymnase pour l&rsquo;ann\u00e9e prochaine. Inscription en premi\u00e8re ann\u00e9e du Lyc\u00e9e en Section Hell\u00e9nique Vous trouverez ci-dessous toutes les informations concernant l&rsquo;inscription en premi\u00e8re ann\u00e9e du Lyc\u00e9e en Section Hell\u00e9nique. Lire la proc\u00e9dure d&rsquo;inscription Th\u00e8mes des [&hellip;]<\/p>","protected":false},"author":1,"featured_media":0,"parent":0,"menu_order":0,"comment_status":"closed","ping_status":"closed","template":"","meta":{"inline_featured_image":false,"_breakdance_hide_in_design_set":false,"_breakdance_tags":"","footnotes":""},"class_list":["post-405","page","type-page","status-publish","hentry"],"yoast_head":"<!-- This site is optimized with the Yoast SEO plugin v24.4 - https:\/\/yoast.com\/wordpress\/plugins\/seo\/ -->\n<title>Contact - Lyc\u00e9e Franco-Hell\u00e9nique d&#039;Ath\u00e8nes | LFHED<\/title>\n<meta name=\"description\" content=\"Contactez le secr\u00e9tariat du Lyc\u00e9e Franco-Hell\u00e9nique Eug\u00e8ne-Delacroix d&#039;Ath\u00e8nes.\" \/>\n<meta name=\"robots\" content=\"index, nofollow, max-snippet:-1, max-image-preview:large, max-video-preview:-1\" \/>\n<link rel=\"canonical\" href=\"https:\/\/lfh.edu.gr\/el\/contact\/\" \/>\n<meta property=\"og:locale\" content=\"el_GR\" \/>\n<meta property=\"og:type\" content=\"article\" \/>\n<meta property=\"og:title\" content=\"Contact - Lyc\u00e9e Franco-Hell\u00e9nique d&#039;Ath\u00e8nes | LFHED\" \/>\n<meta property=\"og:description\" content=\"Contactez le secr\u00e9tariat du Lyc\u00e9e Franco-Hell\u00e9nique Eug\u00e8ne-Delacroix d&#039;Ath\u00e8nes.\" \/>\n<meta property=\"og:url\" content=\"https:\/\/lfh.edu.gr\/el\/contact\/\" \/>\n<meta property=\"og:site_name\" content=\"Lyc\u00e9e Franco-Hell\u00e9nique Eug\u00e8ne Delacroix\" \/>\n<meta property=\"article:modified_time\" content=\"2026-01-04T15:11:40+00:00\" \/>\n<meta name=\"twitter:card\" content=\"summary_large_image\" \/>\n<meta name=\"twitter:label1\" content=\"\u0395\u03ba\u03c4\u03b9\u03bc\u03ce\u03bc\u03b5\u03bd\u03bf\u03c2 \u03c7\u03c1\u03cc\u03bd\u03bf\u03c2 \u03b1\u03bd\u03ac\u03b3\u03bd\u03c9\u03c3\u03b7\u03c2\" \/>\n\t<meta name=\"twitter:data1\" content=\"1 \u03bb\u03b5\u03c0\u03c4\u03cc\" \/>\n<script type=\"application\/ld+json\" class=\"yoast-schema-graph\">{\"@context\":\"https:\/\/schema.org\",\"@graph\":[{\"@type\":\"WebPage\",\"@id\":\"https:\/\/lfh.edu.gr\/contact\/\",\"url\":\"https:\/\/lfh.edu.gr\/contact\/\",\"name\":\"Contact - Lyc\u00e9e Franco-Hell\u00e9nique d'Ath\u00e8nes | LFHED\",\"isPartOf\":{\"@id\":\"https:\/\/lfh.edu.gr\/#website\"},\"datePublished\":\"2025-08-31T14:22:55+00:00\",\"dateModified\":\"2026-01-04T15:11:40+00:00\",\"description\":\"Contactez le secr\u00e9tariat du Lyc\u00e9e Franco-Hell\u00e9nique Eug\u00e8ne-Delacroix d'Ath\u00e8nes.\",\"breadcrumb\":{\"@id\":\"https:\/\/lfh.edu.gr\/contact\/#breadcrumb\"},\"inLanguage\":\"el\",\"potentialAction\":[{\"@type\":\"ReadAction\",\"target\":[\"https:\/\/lfh.edu.gr\/contact\/\"]}]},{\"@type\":\"BreadcrumbList\",\"@id\":\"https:\/\/lfh.edu.gr\/contact\/#breadcrumb\",\"itemListElement\":[{\"@type\":\"ListItem\",\"position\":1,\"name\":\"Accueil\",\"item\":\"https:\/\/lfh.edu.gr\/\"},{\"@type\":\"ListItem\",\"position\":2,\"name\":\"Contact\"}]},{\"@type\":\"WebSite\",\"@id\":\"https:\/\/lfh.edu.gr\/#website\",\"url\":\"https:\/\/lfh.edu.gr\/\",\"name\":\"Lyc\u00e9e Franco-Hell\u00e9nique Eug\u00e8ne Delacroix\",\"description\":\"\",\"potentialAction\":[{\"@type\":\"SearchAction\",\"target\":{\"@type\":\"EntryPoint\",\"urlTemplate\":\"https:\/\/lfh.edu.gr\/?s={search_term_string}\"},\"query-input\":{\"@type\":\"PropertyValueSpecification\",\"valueRequired\":true,\"valueName\":\"search_term_string\"}}],\"inLanguage\":\"el\"}]}<\/script>\n<!-- \/ Yoast SEO plugin. -->","yoast_head_json":{"title":"Contact - Lyc\u00e9e Franco-Hell\u00e9nique d'Ath\u00e8nes | LFHED","description":"Contactez le secr\u00e9tariat du Lyc\u00e9e Franco-Hell\u00e9nique Eug\u00e8ne-Delacroix d'Ath\u00e8nes.","robots":{"index":"index","follow":"nofollow","max-snippet":"max-snippet:-1","max-image-preview":"max-image-preview:large","max-video-preview":"max-video-preview:-1"},"canonical":"https:\/\/lfh.edu.gr\/el\/contact\/","og_locale":"el_GR","og_type":"article","og_title":"Contact - Lyc\u00e9e Franco-Hell\u00e9nique d'Ath\u00e8nes | LFHED","og_description":"Contactez le secr\u00e9tariat du Lyc\u00e9e Franco-Hell\u00e9nique Eug\u00e8ne-Delacroix d'Ath\u00e8nes.","og_url":"https:\/\/lfh.edu.gr\/el\/contact\/","og_site_name":"Lyc\u00e9e Franco-Hell\u00e9nique Eug\u00e8ne Delacroix","article_modified_time":"2026-01-04T15:11:40+00:00","twitter_card":"summary_large_image","twitter_misc":{"\u0395\u03ba\u03c4\u03b9\u03bc\u03ce\u03bc\u03b5\u03bd\u03bf\u03c2 \u03c7\u03c1\u03cc\u03bd\u03bf\u03c2 \u03b1\u03bd\u03ac\u03b3\u03bd\u03c9\u03c3\u03b7\u03c2":"1 \u03bb\u03b5\u03c0\u03c4\u03cc"},"schema":{"@context":"https:\/\/schema.org","@graph":[{"@type":"WebPage","@id":"https:\/\/lfh.edu.gr\/contact\/","url":"https:\/\/lfh.edu.gr\/contact\/","name":"Contact - Lyc\u00e9e Franco-Hell\u00e9nique d'Ath\u00e8nes | LFHED","isPartOf":{"@id":"https:\/\/lfh.edu.gr\/#website"},"datePublished":"2025-08-31T14:22:55+00:00","dateModified":"2026-01-04T15:11:40+00:00","description":"Contactez le secr\u00e9tariat du Lyc\u00e9e Franco-Hell\u00e9nique Eug\u00e8ne-Delacroix d'Ath\u00e8nes.","breadcrumb":{"@id":"https:\/\/lfh.edu.gr\/contact\/#breadcrumb"},"inLanguage":"el","potentialAction":[{"@type":"ReadAction","target":["https:\/\/lfh.edu.gr\/contact\/"]}]},{"@type":"BreadcrumbList","@id":"https:\/\/lfh.edu.gr\/contact\/#breadcrumb","itemListElement":[{"@type":"ListItem","position":1,"name":"Accueil","item":"https:\/\/lfh.edu.gr\/"},{"@type":"ListItem","position":2,"name":"Contact"}]},{"@type":"WebSite","@id":"https:\/\/lfh.edu.gr\/#website","url":"https:\/\/lfh.edu.gr\/","name":"Lyc\u00e9e Franco-Hell\u00e9nique Eug\u00e8ne Delacroix","description":"","potentialAction":[{"@type":"SearchAction","target":{"@type":"EntryPoint","urlTemplate":"https:\/\/lfh.edu.gr\/?s={search_term_string}"},"query-input":{"@type":"PropertyValueSpecification","valueRequired":true,"valueName":"search_term_string"}}],"inLanguage":"el"}]}},"jetpack_sharing_enabled":true,"_links":{"self":[{"href":"https:\/\/lfh.edu.gr\/el\/wp-json\/wp\/v2\/pages\/405","targetHints":{"allow":["GET"]}}],"collection":[{"href":"https:\/\/lfh.edu.gr\/el\/wp-json\/wp\/v2\/pages"}],"about":[{"href":"https:\/\/lfh.edu.gr\/el\/wp-json\/wp\/v2\/types\/page"}],"author":[{"embeddable":true,"href":"https:\/\/lfh.edu.gr\/el\/wp-json\/wp\/v2\/users\/1"}],"replies":[{"embeddable":true,"href":"https:\/\/lfh.edu.gr\/el\/wp-json\/wp\/v2\/comments?post=405"}],"version-history":[{"count":8,"href":"https:\/\/lfh.edu.gr\/el\/wp-json\/wp\/v2\/pages\/405\/revisions"}],"predecessor-version":[{"id":1155,"href":"https:\/\/lfh.edu.gr\/el\/wp-json\/wp\/v2\/pages\/405\/revisions\/1155"}],"wp:attachment":[{"href":"https:\/\/lfh.edu.gr\/el\/wp-json\/wp\/v2\/media?parent=405"}],"curies":[{"name":"wp","href":"https:\/\/api.w.org\/{rel}","templated":true}]}}