{"id":320,"date":"2025-08-31T15:26:13","date_gmt":"2025-08-31T15:26:13","guid":{"rendered":"https:\/\/dev.lfh.edu.gr\/site\/?page_id=320"},"modified":"2025-10-05T10:13:11","modified_gmt":"2025-10-05T10:13:11","slug":"presentation-primaire","status":"publish","type":"page","link":"https:\/\/lfh.edu.gr\/el\/section-francaise\/presentation-primaire\/","title":{"rendered":"La pr\u00e9sentation du Primaire"},"content":{"rendered":"<section class=\"bde-section-320-106 bde-section\">\n  \n  \n\t\n\n\n\n<div class=\"section-container\"><div class=\"bde-div-320-316 bde-div\">\n  \n  \n\t\n\n\n\n<div class=\"bde-div-320-327 bde-div\">\n  \n  \n\t\n\n\n\n<div class=\"bde-button-320-328 bde-button\">\n    \n                                    \n    \n    \n    \n    \n            \n                    \n            \n            \n\n    \n    \n    \n    \n    \n    <a class=\"breakdance-link button-atom button-atom--text bde-button__button\" href=\"\/el\/\" target=\"_self\" data-type=\"url\"  >\n\n    \n        <span class=\"button-atom__text\">\u0391\u03c1\u03c7\u03b9\u03ba\u03ae \u03c3\u03b5\u03bb\u03af\u03b4\u03b1<\/span>\n\n        \n        \n                <\/a>\n\n    \n\n\n<\/div><div class=\"bde-text-320-329 bde-text\">\n\"\n<\/div><div class=\"bde-text-320-332 bde-text\">\n\u0393\u03b1\u03bb\u03bb\u03b9\u03ba\u03cc \u03c4\u03bc\u03ae\u03bc\u03b1\n<\/div><div class=\"bde-text-320-331 bde-text\">\n\"\n<\/div><div class=\"bde-text-320-407 bde-text\">\n\u03a0\u03c1\u03c9\u03c4\u03bf\u03b3\u03b5\u03bd\u03ad\u03c2\n<\/div>\n<\/div><h1 class=\"bde-heading-320-318 bde-heading\">\n\u03a0\u03c1\u03c9\u03c4\u03bf\u03b2\u03ac\u03b8\u03bc\u03b9\u03b1 \u03c3\u03c4\u03bf LFHED\n<\/h1>\n<\/div><div class=\"bde-div-320-334 bde-div\">\n  \n  \n\t\n\n\n\n<div class=\"bde-div-320-565 bde-div\">\n  \n  \n\t\n\n\n\n<h2 class=\"bde-heading-320-566 bde-heading\">\n\u03a4\u03bf \u03c3\u03c7\u03bf\u03bb\u03b9\u03ba\u03cc \u03c0\u03c1\u03cc\u03b3\u03c1\u03b1\u03bc\u03bc\u03b1\n<\/h2><div class=\"bde-rich-text-320-567 bde-rich-text breakdance-rich-text-styles\">\n<p>\u03a4\u03bf \u03c3\u03c7\u03bf\u03bb\u03b9\u03ba\u03cc \u03c0\u03c1\u03cc\u03b3\u03c1\u03b1\u03bc\u03bc\u03b1 \u03b5\u03af\u03bd\u03b1\u03b9 \u03b4\u03bf\u03bc\u03b7\u03bc\u03ad\u03bd\u03bf \u03b3\u03cd\u03c1\u03c9 \u03b1\u03c0\u03cc <strong>\u03b3\u03cd\u03c1\u03c9 \u03b1\u03c0\u03cc 3 \u03c0\u03c1\u03bf\u03c4\u03b5\u03c1\u03b1\u03b9\u03cc\u03c4\u03b7\u03c4\u03b5\u03c2<\/strong> :<\/p>\n<ul>\n<li>\u0393\u03bb\u03c9\u03c3\u03c3\u03b9\u03ba\u03ae \u03c0\u03bf\u03bb\u03b9\u03c4\u03b9\u03ba\u03ae<\/li>\n<li>\u0396\u03ce\u03bd\u03c4\u03b1\u03c2 \u03bc\u03b1\u03b6\u03af<\/li>\n<li>\u0395\u03c0\u03b9\u03c4\u03c5\u03c7\u03af\u03b1 \u03b3\u03b9\u03b1 \u03cc\u03bb\u03bf\u03c5\u03c2 \u03c4\u03bf\u03c5\u03c2 \u03bc\u03b1\u03b8\u03b7\u03c4\u03ad\u03c2<\/li>\n<\/ul>\n<\/div>\n<\/div><div class=\"bde-div-320-571 bde-div\">\n  \n  \n\t\n\n\n\n<h2 class=\"bde-heading-320-572 bde-heading\">\n\u0395\u03c3\u03c9\u03c4\u03b5\u03c1\u03b9\u03ba\u03cc\u03c2 \u03ba\u03b1\u03bd\u03bf\u03bd\u03b9\u03c3\u03bc\u03cc\u03c2 \u03c4\u03bf\u03c5 \u03b4\u03b7\u03bc\u03bf\u03c4\u03b9\u03ba\u03bf\u03cd \u03c3\u03c7\u03bf\u03bb\u03b5\u03af\u03bf\u03c5\n<\/h2><div class=\"bde-rich-text-320-573 bde-rich-text breakdance-rich-text-styles\">\n<p>\u039f \u03c3\u03c7\u03bf\u03bb\u03b9\u03ba\u03cc\u03c2 \u03ba\u03b1\u03bd\u03bf\u03bd\u03b9\u03c3\u03bc\u03cc\u03c2 \u03b5\u03b3\u03ba\u03c1\u03af\u03bd\u03b5\u03c4\u03b1\u03b9 \u03ba\u03ac\u03b8\u03b5 \u03c7\u03c1\u03cc\u03bd\u03bf \u03c3\u03c4\u03b7\u03bd \u03c0\u03c1\u03ce\u03c4\u03b7 \u03c3\u03c5\u03bd\u03b5\u03b4\u03c1\u03af\u03b1\u03c3\u03b7 \u03c4\u03bf\u03c5 \u03c3\u03c7\u03bf\u03bb\u03b9\u03ba\u03bf\u03cd \u03c3\u03c5\u03bc\u03b2\u03bf\u03c5\u03bb\u03af\u03bf\u03c5, \u03b7 \u03bf\u03c0\u03bf\u03af\u03b1 \u03c3\u03c5\u03bd\u03ae\u03b8\u03c9\u03c2 \u03c0\u03c1\u03b1\u03b3\u03bc\u03b1\u03c4\u03bf\u03c0\u03bf\u03b9\u03b5\u03af\u03c4\u03b1\u03b9 \u03c4\u03bf\u03bd \u039f\u03ba\u03c4\u03ce\u03b2\u03c1\u03b9\u03bf.<\/p>\n<\/div><div class=\"bde-div-320-574 bde-div\">\n  \n  \n\t\n\n\n\n<div class=\"bde-button-320-575 bde-button\">\n    \n                                    \n    \n    \n    \n    \n            \n                    \n            \n            \n\n    \n    \n    \n    \n    \n    <a class=\"breakdance-link button-atom button-atom--text bde-button__button\" href=\"https:\/\/lfh.edu.gr\/wordpress\/wp-content\/uploads\/2025\/10\/ri_2024.pdf\" target=\"_blank\" data-type=\"url\"  >\n\n    \n        <span class=\"button-atom__text\">\u0394\u03b9\u03b1\u03b2\u03ac\u03c3\u03c4\u03b5 \u03c4\u03bf\u03c5\u03c2 \u03b5\u03c3\u03c9\u03c4\u03b5\u03c1\u03b9\u03ba\u03bf\u03cd\u03c2 \u03ba\u03b1\u03bd\u03cc\u03bd\u03b5\u03c2<\/span>\n\n        \n                    \n    <span class=\"button-atom__icon-wrapper\">\n\n        \n            <svg class=\"un-arrow-icon\" width=\"10\" height=\"10\" viewbox=\"0 0 10 10\" aria-hidden=\"true\">\n                <g fill-rule=\"evenodd\">\n                    <path class=\"un-arrow-icon_line\" d=\"M0 5h7\"><\/path>\n                    <path class=\"un-arrow-icon_arrow\" d=\"M1 1l4 4-4 4\"><\/path>\n                <\/g>\n            <\/svg>\n\n        \n    <\/span>\n\n\n        \n                <\/a>\n\n    \n\n\n<\/div><div class=\"bde-button-320-576 bde-button\">\n    \n                                    \n    \n    \n    \n    \n            \n                    \n            \n            \n\n    \n    \n    \n    \n    \n    <a class=\"breakdance-link button-atom button-atom--text bde-button__button\" href=\"https:\/\/lfh.edu.gr\/wordpress\/wp-content\/uploads\/2025\/10\/primaire_charte_des_usages_des_groupes_whatsapp_lfhed_primaire.pdf\" target=\"_blank\" data-type=\"url\"  >\n\n    \n        <span class=\"button-atom__text\">\u0394\u03b9\u03b1\u03b2\u03ac\u03c3\u03c4\u03b5 \u03c4\u03bf \u03c7\u03ac\u03c1\u03c4\u03b7 \u03b3\u03b9\u03b1 \u03c4\u03b9\u03c2 \u03bf\u03bc\u03ac\u03b4\u03b5\u03c2 \u03c3\u03c5\u03b6\u03ae\u03c4\u03b7\u03c3\u03b7\u03c2 \u03b3\u03b9\u03b1 \u03b3\u03bf\u03bd\u03b5\u03af\u03c2<\/span>\n\n        \n                    \n    <span class=\"button-atom__icon-wrapper\">\n\n        \n            <svg class=\"un-arrow-icon\" width=\"10\" height=\"10\" viewbox=\"0 0 10 10\" aria-hidden=\"true\">\n                <g fill-rule=\"evenodd\">\n                    <path class=\"un-arrow-icon_line\" d=\"M0 5h7\"><\/path>\n                    <path class=\"un-arrow-icon_arrow\" d=\"M1 1l4 4-4 4\"><\/path>\n                <\/g>\n            <\/svg>\n\n        \n    <\/span>\n\n\n        \n                <\/a>\n\n    \n\n\n<\/div>\n<\/div>\n<\/div><div class=\"bde-div-320-547 bde-div\">\n  \n  \n\t\n\n\n\n<h2 class=\"bde-heading-320-548 bde-heading\">\n\u03a3\u03c5\u03bc\u03b2\u03bf\u03cd\u03bb\u03b9\u03bf \u03a3\u03c7\u03bf\u03bb\u03b9\u03ba\u03ae\u03c2 \u0392\u03b5\u03bb\u03c4\u03af\u03c9\u03c3\u03b7\u03c2 (SAC)\n<\/h2><div class=\"bde-rich-text-320-549 bde-rich-text breakdance-rich-text-styles\">\n<p>\u03a4\u03bf \u03a3\u03c5\u03bc\u03b2\u03bf\u03cd\u03bb\u03b9\u03bf \u03a3\u03c7\u03bf\u03bb\u03b9\u03ba\u03ae\u03c2 \u0392\u03b5\u03bb\u03c4\u03af\u03c9\u03c3\u03b7\u03c2 \u03b4\u03b7\u03bc\u03b9\u03bf\u03c5\u03c1\u03b3\u03ae\u03b8\u03b7\u03ba\u03b5 \u03c4\u03bf\u03bd \u0394\u03b5\u03ba\u03ad\u03bc\u03b2\u03c1\u03b9\u03bf \u03c4\u03bf\u03c5 2024 \u03b3\u03b9\u03b1 \u03bd\u03b1 <strong>\u03bd\u03b1 \u03c0\u03c1\u03bf\u03c3\u03c6\u03ad\u03c1\u03bf\u03c5\u03bd \u03c3\u03c4\u03bf\u03c5\u03c2 \u03bc\u03b1\u03b8\u03b7\u03c4\u03ad\u03c2 \u039a\u039c1 \u03ba\u03b1\u03b9 \u039a\u039c2 \u03c4\u03b7\u03bd \u03b5\u03c5\u03ba\u03b1\u03b9\u03c1\u03af\u03b1 \u03bd\u03b1 \u03c3\u03c5\u03bc\u03bc\u03b5\u03c4\u03ad\u03c7\u03bf\u03c5\u03bd \u03ac\u03bc\u03b5\u03c3\u03b1 \u03c3\u03c4\u03b7 \u03b2\u03b5\u03bb\u03c4\u03af\u03c9\u03c3\u03b7 \u03c4\u03b7\u03c2 \u03b6\u03c9\u03ae\u03c2 \u03c4\u03bf\u03c5\u03c2 \u03c3\u03c4\u03bf \u03c3\u03c7\u03bf\u03bb\u03b5\u03af\u03bf<\/strong>\u03ba\u03b1\u03b9 \u03c4\u03c9\u03bd \u03c3\u03c5\u03bd\u03bf\u03bc\u03b7\u03bb\u03af\u03ba\u03c9\u03bd \u03c4\u03bf\u03c5\u03c2.<\/p>\n<p>\u03a5\u03c0\u03cc \u03c4\u03b7\u03bd \u03b5\u03c0\u03bf\u03c0\u03c4\u03b5\u03af\u03b1 \u03c4\u03bf\u03c5 \u0394\u03b9\u03b5\u03c5\u03b8\u03c5\u03bd\u03c4\u03ae, <strong>\u03bf\u03b9 \u03b5\u03ba\u03c0\u03c1\u03cc\u03c3\u03c9\u03c0\u03bf\u03b9 \u03c4\u03c9\u03bd \u03c4\u03ac\u03be\u03b5\u03c9\u03bd \u039a\u039c1 \u03ba\u03b1\u03b9 \u039a\u039c2 \u03b1\u03bd\u03c4\u03b1\u03bb\u03bb\u03ac\u03c3\u03c3\u03bf\u03c5\u03bd \u03b9\u03b4\u03ad\u03b5\u03c2 \u03b4\u03b7\u03bc\u03bf\u03ba\u03c1\u03b1\u03c4\u03b9\u03ba\u03ac<\/strong> \u03b3\u03cd\u03c1\u03c9 \u03b1\u03c0\u03cc \u03c4\u03b9\u03c2 \u03b4\u03b9\u03ac\u03c6\u03bf\u03c1\u03b5\u03c2 \u03b9\u03b4\u03ad\u03b5\u03c2, \u03c4\u03b9\u03c2 \u03b1\u03bd\u03b7\u03c3\u03c5\u03c7\u03af\u03b5\u03c2 \u03ba\u03b1\u03b9 \u03c4\u03b9\u03c2 \u03c4\u03c1\u03ad\u03c7\u03bf\u03c5\u03c3\u03b5\u03c2 \u03b9\u03b4\u03ad\u03b5\u03c2 \u03c4\u03bf\u03c5\u03c2 \u03b3\u03b9\u03b1 \u03b2\u03b5\u03bb\u03c4\u03af\u03c9\u03c3\u03b7.<\/p>\n<p>\u03a3\u03c4\u03bf \u03c4\u03ad\u03bb\u03bf\u03c2 \u03ba\u03ac\u03b8\u03b5 \u03c3\u03c5\u03bd\u03ac\u03bd\u03c4\u03b7\u03c3\u03b7\u03c2, \u03bf\u03b9 \u03bc\u03b1\u03b8\u03b7\u03c4\u03ad\u03c2 \u03ba\u03b1\u03bb\u03bf\u03cd\u03bd\u03c4\u03b1\u03b9 \u03bd\u03b1 \u03c5\u03c0\u03bf\u03b2\u03ac\u03bb\u03bf\u03c5\u03bd \u03ad\u03ba\u03b8\u03b5\u03c3\u03b7 \u03c3\u03c4\u03b9\u03c2 \u03b1\u03bd\u03c4\u03af\u03c3\u03c4\u03bf\u03b9\u03c7\u03b5\u03c2 \u03c4\u03ac\u03be\u03b5\u03b9\u03c2 \u03c4\u03bf\u03c5\u03c2.<\/p>\n<\/div>\n<\/div><div class=\"bde-div-320-557 bde-div\">\n  \n  \n\t\n\n\n\n<h2 class=\"bde-heading-320-558 bde-heading\">\n\u039a\u03ad\u03bd\u03c4\u03c1\u03bf \u0392\u03b9\u03b2\u03bb\u03b9\u03bf\u03b8\u03ae\u03ba\u03b7\u03c2 \u03ba\u03b1\u03b9 \u03a4\u03b5\u03ba\u03bc\u03b7\u03c1\u03af\u03c9\u03c3\u03b7\u03c2 (BCD)\n<\/h2><div class=\"bde-rich-text-320-559 bde-rich-text breakdance-rich-text-styles\">\n<p>\u0397 \u03b2\u03b9\u03b2\u03bb\u03b9\u03bf\u03b8\u03ae\u03ba\u03b7 \u03b5\u03af\u03bd\u03b1\u03b9 \u03b1\u03bd\u03bf\u03b9\u03c7\u03c4\u03ae \u03c3\u03b5 \u03cc\u03bb\u03bf\u03c5\u03c2 \u03c4\u03bf\u03c5\u03c2 \u03bc\u03b1\u03b8\u03b7\u03c4\u03ad\u03c2 \u03c4\u03bf\u03c5 \u03b4\u03b7\u03bc\u03bf\u03c4\u03b9\u03ba\u03bf\u03cd \u03c3\u03c7\u03bf\u03bb\u03b5\u03af\u03bf\u03c5, <strong>\u03c0\u03c1\u03bf\u03c3\u03c6\u03ad\u03c1\u03b5\u03b9 \u03b4\u03b9\u03b1\u03c3\u03ba\u03b5\u03b4\u03b1\u03c3\u03c4\u03b9\u03ba\u03ad\u03c2 \u03ba\u03b1\u03b9 \u03b5\u03ba\u03c0\u03b1\u03b9\u03b4\u03b5\u03c5\u03c4\u03b9\u03ba\u03ad\u03c2 \u03b5\u03ba\u03b4\u03b7\u03bb\u03ce\u03c3\u03b5\u03b9\u03c2 \u03ba\u03b1\u03b9 \u03b4\u03c1\u03b1\u03c3\u03c4\u03b7\u03c1\u03b9\u03cc\u03c4\u03b7\u03c4\u03b5\u03c2<\/strong> \u03b4\u03c1\u03b1\u03c3\u03c4\u03b7\u03c1\u03b9\u03cc\u03c4\u03b7\u03c4\u03b5\u03c2 \u03b1\u03bd\u03ac\u03b3\u03bd\u03c9\u03c3\u03b7\u03c2.<\/p>\n<p>\u0395\u03af\u03bd\u03b1\u03b9 \u03b5\u03c0\u03af\u03c3\u03b7\u03c2 <strong>\u03ad\u03bd\u03b1 \u03c3\u03b7\u03bc\u03b5\u03af\u03bf \u03c3\u03c5\u03bd\u03ac\u03bd\u03c4\u03b7\u03c3\u03b7\u03c2 \u03b3\u03b9\u03b1 \u03c4\u03bf\u03c5\u03c2 \u03b5\u03c0\u03b1\u03b3\u03b3\u03b5\u03bb\u03bc\u03b1\u03c4\u03af\u03b5\u03c2 \u03c4\u03b7\u03c2 \u03c0\u03b1\u03b9\u03b4\u03b9\u03ba\u03ae\u03c2 \u03bb\u03bf\u03b3\u03bf\u03c4\u03b5\u03c7\u03bd\u03af\u03b1\u03c2<\/strong> \u03cc\u03c0\u03bf\u03c5 \u03c0\u03c1\u03bf\u03c3\u03ba\u03b1\u03bb\u03bf\u03cd\u03bd\u03c4\u03b1\u03b9 \u03c0\u03b1\u03c1\u03b1\u03bc\u03c5\u03b8\u03ac\u03b4\u03b5\u03c2, \u03c3\u03c5\u03b3\u03b3\u03c1\u03b1\u03c6\u03b5\u03af\u03c2, \u03b5\u03b9\u03ba\u03bf\u03bd\u03bf\u03b3\u03c1\u03ac\u03c6\u03bf\u03b9 \u03ba\u03b1\u03b9 \u03b4\u03b7\u03bc\u03bf\u03c3\u03b9\u03bf\u03b3\u03c1\u03ac\u03c6\u03bf\u03b9.<\/p>\n<p>\u03a4\u03ad\u03bb\u03bf\u03c2, \u03b5\u03af\u03bd\u03b1\u03b9 <strong>\u03ad\u03bd\u03b1\u03c2 \u03c7\u03ce\u03c1\u03bf\u03c2 \u03ad\u03ba\u03b8\u03b5\u03c3\u03b7\u03c2 \u03ba\u03b1\u03b9 \u03c3\u03c5\u03b6\u03ae\u03c4\u03b7\u03c3\u03b7\u03c2 \u03b3\u03b9\u03b1 \u03c4\u03b9\u03c2 \u03b4\u03b9\u03ac\u03c6\u03bf\u03c1\u03b5\u03c2 \u03bc\u03b1\u03b8\u03b7\u03c4\u03b9\u03ba\u03ad\u03c2 \u03c0\u03b1\u03c1\u03b1\u03b3\u03c9\u03b3\u03ad\u03c2<\/strong>.<\/p>\n<p>\u0397 \u03b2\u03b9\u03b2\u03bb\u03b9\u03bf\u03b8\u03ae\u03ba\u03b7 \u03c5\u03c0\u03ac\u03c1\u03c7\u03b5\u03b9 \u03c3\u03c4\u03bf LFHED \u03b1\u03c0\u03cc \u03c4\u03bf 1999, \u03b1\u03bb\u03bb\u03ac \u03b1\u03bd\u03b1\u03ba\u03b1\u03b9\u03bd\u03af\u03c3\u03c4\u03b7\u03ba\u03b5 \u03c4\u03bf \u03ba\u03b1\u03bb\u03bf\u03ba\u03b1\u03af\u03c1\u03b9 \u03c4\u03bf\u03c5 2015 \u03ba\u03b1\u03b9 \u03c3\u03ae\u03bc\u03b5\u03c1\u03b1 \u03b4\u03b9\u03b1\u03b8\u03ad\u03c4\u03b5\u03b9 \u03c3\u03c7\u03b5\u03b4\u03cc\u03bd 12.000 \u03b2\u03b9\u03b2\u03bb\u03af\u03b1, \u03c3\u03c5\u03bc\u03c0\u03b5\u03c1\u03b9\u03bb\u03b1\u03bc\u03b2\u03b1\u03bd\u03bf\u03bc\u03ad\u03bd\u03c9\u03bd \u03b5\u03ba\u03b5\u03af\u03bd\u03c9\u03bd \u03c0\u03bf\u03c5 \u03c3\u03c5\u03bd\u03b9\u03c3\u03c4\u03ce\u03bd\u03c4\u03b1\u03b9 \u03b1\u03c0\u03cc \u03c4\u03bf \u03a5\u03c0\u03bf\u03c5\u03c1\u03b3\u03b5\u03af\u03bf \u03a0\u03b1\u03b9\u03b4\u03b5\u03af\u03b1\u03c2.<\/p>\n<ul>\n<li>1\/3 \u03bc\u03b7 \u03c6\u03b1\u03bd\u03c4\u03b1\u03c3\u03c4\u03b9\u03ba\u03ac \u03b2\u03b9\u03b2\u03bb\u03af\u03b1<\/li>\n<li>2\/3 \u03bc\u03c5\u03b8\u03bf\u03c0\u03bb\u03b1\u03c3\u03af\u03b1.<\/li>\n<li>\u03a0\u03b5\u03c1\u03b9\u03bf\u03b4\u03b9\u03ba\u03ac (\u03c3\u03c4\u03b1 \u03b3\u03b1\u03bb\u03bb\u03b9\u03ba\u03ac, \u03b5\u03bb\u03bb\u03b7\u03bd\u03b9\u03ba\u03ac \u03ba\u03b1\u03b9 \u03b1\u03b3\u03b3\u03bb\u03b9\u03ba\u03ac)<\/li>\n<li>DVDs<\/li>\n<li>\u039c\u03b9\u03b1 \u03b2\u03b9\u03b2\u03bb\u03b9\u03bf\u03b8\u03ae\u03ba\u03b7 \u03ae\u03c7\u03bf\u03c5<\/li>\n<\/ul>\n<\/div>\n<\/div>\n<\/div><\/div>\n<\/section>","protected":false},"excerpt":{"rendered":"<p>Accueil \u00bb Section Fran\u00e7aise \u00bb Primaire Le Primaire au LFHED Le projet d&rsquo;\u00e9cole Le projet d&rsquo;\u00e9cole est articul\u00e9 autour de 3 axes prioritaires : La politique des langues Le vivre ensemble La r\u00e9ussite de tous les \u00e9l\u00e8ves R\u00e8glement int\u00e9rieur de l&rsquo;\u00e9cole primaire Le r\u00e8glement int\u00e9rieur est adopt\u00e9 chaque ann\u00e9e lors du premier conseil d&rsquo;\u00e9cole qui [&hellip;]<\/p>","protected":false},"author":1,"featured_media":0,"parent":361,"menu_order":0,"comment_status":"closed","ping_status":"closed","template":"","meta":{"inline_featured_image":false,"_breakdance_hide_in_design_set":false,"_breakdance_tags":"","footnotes":""},"class_list":["post-320","page","type-page","status-publish","hentry"],"yoast_head":"<!-- This site is optimized with the Yoast SEO plugin v24.4 - https:\/\/yoast.com\/wordpress\/plugins\/seo\/ -->\n<title>La pr\u00e9sentation du Primaire - Lyc\u00e9e Franco-Hell\u00e9nique Eug\u00e8ne Delacroix<\/title>\n<meta name=\"description\" content=\"Apprenez-en plus sur le Primaire au Lyc\u00e9e Franco-Hell\u00e9nique Eug\u00e8ne-Delacroix d&#039;Ath\u00e8nes (LFHED).\" \/>\n<meta name=\"robots\" content=\"index, nofollow, max-snippet:-1, max-image-preview:large, max-video-preview:-1\" \/>\n<link rel=\"canonical\" href=\"https:\/\/lfh.edu.gr\/el\/section-francaise\/presentation-primaire\/\" \/>\n<meta property=\"og:locale\" content=\"el_GR\" \/>\n<meta property=\"og:type\" content=\"article\" \/>\n<meta property=\"og:title\" content=\"La pr\u00e9sentation du Primaire - Lyc\u00e9e Franco-Hell\u00e9nique Eug\u00e8ne Delacroix\" \/>\n<meta property=\"og:description\" content=\"Apprenez-en plus sur le Primaire au Lyc\u00e9e Franco-Hell\u00e9nique Eug\u00e8ne-Delacroix d&#039;Ath\u00e8nes (LFHED).\" \/>\n<meta property=\"og:url\" content=\"https:\/\/lfh.edu.gr\/el\/section-francaise\/presentation-primaire\/\" \/>\n<meta property=\"og:site_name\" content=\"Lyc\u00e9e Franco-Hell\u00e9nique Eug\u00e8ne Delacroix\" \/>\n<meta property=\"article:modified_time\" content=\"2025-10-05T10:13:11+00:00\" \/>\n<meta name=\"twitter:card\" content=\"summary_large_image\" \/>\n<meta name=\"twitter:label1\" content=\"\u0395\u03ba\u03c4\u03b9\u03bc\u03ce\u03bc\u03b5\u03bd\u03bf\u03c2 \u03c7\u03c1\u03cc\u03bd\u03bf\u03c2 \u03b1\u03bd\u03ac\u03b3\u03bd\u03c9\u03c3\u03b7\u03c2\" \/>\n\t<meta name=\"twitter:data1\" content=\"2 \u03bb\u03b5\u03c0\u03c4\u03ac\" \/>\n<script type=\"application\/ld+json\" class=\"yoast-schema-graph\">{\"@context\":\"https:\/\/schema.org\",\"@graph\":[{\"@type\":\"WebPage\",\"@id\":\"https:\/\/lfh.edu.gr\/section-francaise\/presentation-primaire\/\",\"url\":\"https:\/\/lfh.edu.gr\/section-francaise\/presentation-primaire\/\",\"name\":\"La pr\u00e9sentation du Primaire - Lyc\u00e9e Franco-Hell\u00e9nique Eug\u00e8ne Delacroix\",\"isPartOf\":{\"@id\":\"https:\/\/lfh.edu.gr\/#website\"},\"datePublished\":\"2025-08-31T15:26:13+00:00\",\"dateModified\":\"2025-10-05T10:13:11+00:00\",\"description\":\"Apprenez-en plus sur le Primaire au Lyc\u00e9e Franco-Hell\u00e9nique Eug\u00e8ne-Delacroix d'Ath\u00e8nes (LFHED).\",\"breadcrumb\":{\"@id\":\"https:\/\/lfh.edu.gr\/section-francaise\/presentation-primaire\/#breadcrumb\"},\"inLanguage\":\"el\",\"potentialAction\":[{\"@type\":\"ReadAction\",\"target\":[\"https:\/\/lfh.edu.gr\/section-francaise\/presentation-primaire\/\"]}]},{\"@type\":\"BreadcrumbList\",\"@id\":\"https:\/\/lfh.edu.gr\/section-francaise\/presentation-primaire\/#breadcrumb\",\"itemListElement\":[{\"@type\":\"ListItem\",\"position\":1,\"name\":\"Accueil\",\"item\":\"https:\/\/lfh.edu.gr\/\"},{\"@type\":\"ListItem\",\"position\":2,\"name\":\"SECTION FRAN\u00c7AISE\",\"item\":\"https:\/\/lfh.edu.gr\/section-francaise\/\"},{\"@type\":\"ListItem\",\"position\":3,\"name\":\"La pr\u00e9sentation du Primaire\"}]},{\"@type\":\"WebSite\",\"@id\":\"https:\/\/lfh.edu.gr\/#website\",\"url\":\"https:\/\/lfh.edu.gr\/\",\"name\":\"Lyc\u00e9e Franco-Hell\u00e9nique Eug\u00e8ne Delacroix\",\"description\":\"\",\"potentialAction\":[{\"@type\":\"SearchAction\",\"target\":{\"@type\":\"EntryPoint\",\"urlTemplate\":\"https:\/\/lfh.edu.gr\/?s={search_term_string}\"},\"query-input\":{\"@type\":\"PropertyValueSpecification\",\"valueRequired\":true,\"valueName\":\"search_term_string\"}}],\"inLanguage\":\"el\"}]}<\/script>\n<!-- \/ Yoast SEO plugin. -->","yoast_head_json":{"title":"La pr\u00e9sentation du Primaire - Lyc\u00e9e Franco-Hell\u00e9nique Eug\u00e8ne Delacroix","description":"Apprenez-en plus sur le Primaire au Lyc\u00e9e Franco-Hell\u00e9nique Eug\u00e8ne-Delacroix d'Ath\u00e8nes (LFHED).","robots":{"index":"index","follow":"nofollow","max-snippet":"max-snippet:-1","max-image-preview":"max-image-preview:large","max-video-preview":"max-video-preview:-1"},"canonical":"https:\/\/lfh.edu.gr\/el\/section-francaise\/presentation-primaire\/","og_locale":"el_GR","og_type":"article","og_title":"La pr\u00e9sentation du Primaire - Lyc\u00e9e Franco-Hell\u00e9nique Eug\u00e8ne Delacroix","og_description":"Apprenez-en plus sur le Primaire au Lyc\u00e9e Franco-Hell\u00e9nique Eug\u00e8ne-Delacroix d'Ath\u00e8nes (LFHED).","og_url":"https:\/\/lfh.edu.gr\/el\/section-francaise\/presentation-primaire\/","og_site_name":"Lyc\u00e9e Franco-Hell\u00e9nique Eug\u00e8ne Delacroix","article_modified_time":"2025-10-05T10:13:11+00:00","twitter_card":"summary_large_image","twitter_misc":{"\u0395\u03ba\u03c4\u03b9\u03bc\u03ce\u03bc\u03b5\u03bd\u03bf\u03c2 \u03c7\u03c1\u03cc\u03bd\u03bf\u03c2 \u03b1\u03bd\u03ac\u03b3\u03bd\u03c9\u03c3\u03b7\u03c2":"2 \u03bb\u03b5\u03c0\u03c4\u03ac"},"schema":{"@context":"https:\/\/schema.org","@graph":[{"@type":"WebPage","@id":"https:\/\/lfh.edu.gr\/section-francaise\/presentation-primaire\/","url":"https:\/\/lfh.edu.gr\/section-francaise\/presentation-primaire\/","name":"La pr\u00e9sentation du Primaire - Lyc\u00e9e Franco-Hell\u00e9nique Eug\u00e8ne Delacroix","isPartOf":{"@id":"https:\/\/lfh.edu.gr\/#website"},"datePublished":"2025-08-31T15:26:13+00:00","dateModified":"2025-10-05T10:13:11+00:00","description":"Apprenez-en plus sur le Primaire au Lyc\u00e9e Franco-Hell\u00e9nique Eug\u00e8ne-Delacroix d'Ath\u00e8nes (LFHED).","breadcrumb":{"@id":"https:\/\/lfh.edu.gr\/section-francaise\/presentation-primaire\/#breadcrumb"},"inLanguage":"el","potentialAction":[{"@type":"ReadAction","target":["https:\/\/lfh.edu.gr\/section-francaise\/presentation-primaire\/"]}]},{"@type":"BreadcrumbList","@id":"https:\/\/lfh.edu.gr\/section-francaise\/presentation-primaire\/#breadcrumb","itemListElement":[{"@type":"ListItem","position":1,"name":"Accueil","item":"https:\/\/lfh.edu.gr\/"},{"@type":"ListItem","position":2,"name":"SECTION FRAN\u00c7AISE","item":"https:\/\/lfh.edu.gr\/section-francaise\/"},{"@type":"ListItem","position":3,"name":"La pr\u00e9sentation du Primaire"}]},{"@type":"WebSite","@id":"https:\/\/lfh.edu.gr\/#website","url":"https:\/\/lfh.edu.gr\/","name":"Lyc\u00e9e Franco-Hell\u00e9nique Eug\u00e8ne Delacroix","description":"","potentialAction":[{"@type":"SearchAction","target":{"@type":"EntryPoint","urlTemplate":"https:\/\/lfh.edu.gr\/?s={search_term_string}"},"query-input":{"@type":"PropertyValueSpecification","valueRequired":true,"valueName":"search_term_string"}}],"inLanguage":"el"}]}},"jetpack_sharing_enabled":true,"_links":{"self":[{"href":"https:\/\/lfh.edu.gr\/el\/wp-json\/wp\/v2\/pages\/320","targetHints":{"allow":["GET"]}}],"collection":[{"href":"https:\/\/lfh.edu.gr\/el\/wp-json\/wp\/v2\/pages"}],"about":[{"href":"https:\/\/lfh.edu.gr\/el\/wp-json\/wp\/v2\/types\/page"}],"author":[{"embeddable":true,"href":"https:\/\/lfh.edu.gr\/el\/wp-json\/wp\/v2\/users\/1"}],"replies":[{"embeddable":true,"href":"https:\/\/lfh.edu.gr\/el\/wp-json\/wp\/v2\/comments?post=320"}],"version-history":[{"count":5,"href":"https:\/\/lfh.edu.gr\/el\/wp-json\/wp\/v2\/pages\/320\/revisions"}],"predecessor-version":[{"id":793,"href":"https:\/\/lfh.edu.gr\/el\/wp-json\/wp\/v2\/pages\/320\/revisions\/793"}],"up":[{"embeddable":true,"href":"https:\/\/lfh.edu.gr\/el\/wp-json\/wp\/v2\/pages\/361"}],"wp:attachment":[{"href":"https:\/\/lfh.edu.gr\/el\/wp-json\/wp\/v2\/media?parent=320"}],"curies":[{"name":"wp","href":"https:\/\/api.w.org\/{rel}","templated":true}]}}