{"id":316,"date":"2025-08-31T15:25:28","date_gmt":"2025-08-31T15:25:28","guid":{"rendered":"https:\/\/dev.lfh.edu.gr\/site\/?page_id=316"},"modified":"2026-01-16T14:39:32","modified_gmt":"2026-01-16T14:39:32","slug":"ecole-maternelle","status":"publish","type":"page","link":"https:\/\/lfh.edu.gr\/el\/section-francaise\/ecole-maternelle\/","title":{"rendered":"L&rsquo;\u00e9cole maternelle"},"content":{"rendered":"<section class=\"bde-section-316-106 bde-section\">\n  \n  \n\t\n\n\n\n<div class=\"section-container\"><div class=\"bde-div-316-316 bde-div\">\n  \n  \n\t\n\n\n\n<div class=\"bde-div-316-327 bde-div\">\n  \n  \n\t\n\n\n\n<div class=\"bde-button-316-328 bde-button\">\n    \n                                    \n    \n    \n    \n    \n            \n                    \n            \n            \n\n    \n    \n    \n    \n    \n    <a class=\"breakdance-link button-atom button-atom--text bde-button__button\" href=\"\/el\/\" target=\"_self\" data-type=\"url\"  >\n\n    \n        <span class=\"button-atom__text\">\u0391\u03c1\u03c7\u03b9\u03ba\u03ae \u03c3\u03b5\u03bb\u03af\u03b4\u03b1<\/span>\n\n        \n        \n                <\/a>\n\n    \n\n\n<\/div><div class=\"bde-text-316-329 bde-text\">\n\"\n<\/div><div class=\"bde-text-316-332 bde-text\">\n\u0393\u03b1\u03bb\u03bb\u03b9\u03ba\u03cc \u03c4\u03bc\u03ae\u03bc\u03b1\n<\/div><div class=\"bde-text-316-331 bde-text\">\n\"\n<\/div><div class=\"bde-text-316-407 bde-text\">\n\u03a0\u03c1\u03c9\u03c4\u03bf\u03b3\u03b5\u03bd\u03ad\u03c2\n<\/div>\n<\/div><h1 class=\"bde-heading-316-318 bde-heading\">\n\u03a4\u03bf \u03bd\u03b7\u03c0\u03b9\u03b1\u03b3\u03c9\u03b3\u03b5\u03af\u03bf\n<\/h1>\n<\/div><div class=\"bde-div-316-334 bde-div\">\n  \n  \n\t\n\n\n\n<div class=\"bde-div-316-319 bde-div\">\n  \n  \n\t\n\n\n\n<div class=\"bde-gallery-316-563 bde-gallery\">\n\n\n  \n\n\n\n\n\n\n\n  \n\n  <div class=\"ee-gallery-swiper breakdance-swiper-wrapper\" data-swiper-id=\"563\">\n    <div class=\"swiper\">\n\n<div class=\"ee-gallery ee-gallery--gallery-slider ee-gallery--slider ee-gallery--single ee-gallery--none ee-gallery-- ee-gallery--caption- ee-gallery--caption-none ee-gallery--ratio swiper-wrapper\">\n                  \n      <div class=\"ee-gallery-item ee-gallery-item--image ee-gallery-item--single swiper-slide\" href=\"https:\/\/lfh.edu.gr\/wordpress\/wp-content\/uploads\/2025\/08\/lfhed-gs-03.png\"  data-sub-html=\"\" data-category=\"1\"                  data-lg-size=\"1440-960\"\n\n      >\n        <figure class=\"ee-gallery-item-figure\">\n                        <img decoding=\"async\" class=\"breakdance-image-object\" src=\"https:\/\/lfh.edu.gr\/wordpress\/wp-content\/uploads\/2025\/08\/lfhed-gs-03-1024x683.png\" width=\"1024\" height=\"683\" srcset=\"https:\/\/lfh.edu.gr\/wordpress\/wp-content\/uploads\/2025\/08\/lfhed-gs-03.png 1440w, https:\/\/lfh.edu.gr\/wordpress\/wp-content\/uploads\/2025\/08\/lfhed-gs-03-300x200.png 300w, https:\/\/lfh.edu.gr\/wordpress\/wp-content\/uploads\/2025\/08\/lfhed-gs-03-1024x683.png 1024w, https:\/\/lfh.edu.gr\/wordpress\/wp-content\/uploads\/2025\/08\/lfhed-gs-03-768x512.png 768w\" sizes=\"auto, (max-width: 1440px) 100vw, 1440px\" loading=\"lazy\">\n          \n                  <\/figure>\n      <\/div>\n\n                \n      <div class=\"ee-gallery-item ee-gallery-item--image ee-gallery-item--single swiper-slide\" href=\"https:\/\/lfh.edu.gr\/wordpress\/wp-content\/uploads\/2025\/08\/lfhed-gs-01.png\"  data-sub-html=\"\" data-category=\"1\"                  data-lg-size=\"1440-960\"\n\n      >\n        <figure class=\"ee-gallery-item-figure\">\n                        <img decoding=\"async\" class=\"breakdance-image-object\" src=\"https:\/\/lfh.edu.gr\/wordpress\/wp-content\/uploads\/2025\/08\/lfhed-gs-01-1024x683.png\" width=\"1024\" height=\"683\" srcset=\"https:\/\/lfh.edu.gr\/wordpress\/wp-content\/uploads\/2025\/08\/lfhed-gs-01.png 1440w, https:\/\/lfh.edu.gr\/wordpress\/wp-content\/uploads\/2025\/08\/lfhed-gs-01-300x200.png 300w, https:\/\/lfh.edu.gr\/wordpress\/wp-content\/uploads\/2025\/08\/lfhed-gs-01-1024x683.png 1024w, https:\/\/lfh.edu.gr\/wordpress\/wp-content\/uploads\/2025\/08\/lfhed-gs-01-768x512.png 768w\" sizes=\"auto, (max-width: 1440px) 100vw, 1440px\" loading=\"lazy\">\n          \n                  <\/figure>\n      <\/div>\n\n                \n      <div class=\"ee-gallery-item ee-gallery-item--image ee-gallery-item--single swiper-slide\" href=\"https:\/\/lfh.edu.gr\/wordpress\/wp-content\/uploads\/2025\/08\/lfhed-gs-02.png\"  data-sub-html=\"\" data-category=\"1\"                  data-lg-size=\"1440-960\"\n\n      >\n        <figure class=\"ee-gallery-item-figure\">\n                        <img decoding=\"async\" class=\"breakdance-image-object\" src=\"https:\/\/lfh.edu.gr\/wordpress\/wp-content\/uploads\/2025\/08\/lfhed-gs-02-1024x683.png\" width=\"1024\" height=\"683\" srcset=\"https:\/\/lfh.edu.gr\/wordpress\/wp-content\/uploads\/2025\/08\/lfhed-gs-02.png 1440w, https:\/\/lfh.edu.gr\/wordpress\/wp-content\/uploads\/2025\/08\/lfhed-gs-02-300x200.png 300w, https:\/\/lfh.edu.gr\/wordpress\/wp-content\/uploads\/2025\/08\/lfhed-gs-02-1024x683.png 1024w, https:\/\/lfh.edu.gr\/wordpress\/wp-content\/uploads\/2025\/08\/lfhed-gs-02-768x512.png 768w\" sizes=\"auto, (max-width: 1440px) 100vw, 1440px\" loading=\"lazy\">\n          \n                  <\/figure>\n      <\/div>\n\n                \n      <div class=\"ee-gallery-item ee-gallery-item--image ee-gallery-item--single swiper-slide\" href=\"https:\/\/lfh.edu.gr\/wordpress\/wp-content\/uploads\/2025\/08\/lfhed-gs-05.png\"  data-sub-html=\"\" data-category=\"1\"                  data-lg-size=\"1440-960\"\n\n      >\n        <figure class=\"ee-gallery-item-figure\">\n                        <img decoding=\"async\" class=\"breakdance-image-object\" src=\"https:\/\/lfh.edu.gr\/wordpress\/wp-content\/uploads\/2025\/08\/lfhed-gs-05-1024x683.png\" width=\"1024\" height=\"683\" srcset=\"https:\/\/lfh.edu.gr\/wordpress\/wp-content\/uploads\/2025\/08\/lfhed-gs-05.png 1440w, https:\/\/lfh.edu.gr\/wordpress\/wp-content\/uploads\/2025\/08\/lfhed-gs-05-300x200.png 300w, https:\/\/lfh.edu.gr\/wordpress\/wp-content\/uploads\/2025\/08\/lfhed-gs-05-1024x683.png 1024w, https:\/\/lfh.edu.gr\/wordpress\/wp-content\/uploads\/2025\/08\/lfhed-gs-05-768x512.png 768w\" sizes=\"auto, (max-width: 1440px) 100vw, 1440px\" loading=\"lazy\">\n          \n                  <\/figure>\n      <\/div>\n\n                \n      <div class=\"ee-gallery-item ee-gallery-item--image ee-gallery-item--single swiper-slide\" href=\"https:\/\/lfh.edu.gr\/wordpress\/wp-content\/uploads\/2025\/08\/lfhed-gs-06.png\"  data-sub-html=\"\" data-category=\"1\"                  data-lg-size=\"1234-823\"\n\n      >\n        <figure class=\"ee-gallery-item-figure\">\n                        <img decoding=\"async\" class=\"breakdance-image-object\" src=\"https:\/\/lfh.edu.gr\/wordpress\/wp-content\/uploads\/2025\/08\/lfhed-gs-06-1024x683.png\" width=\"1024\" height=\"683\" srcset=\"https:\/\/lfh.edu.gr\/wordpress\/wp-content\/uploads\/2025\/08\/lfhed-gs-06.png 1234w, https:\/\/lfh.edu.gr\/wordpress\/wp-content\/uploads\/2025\/08\/lfhed-gs-06-300x200.png 300w, https:\/\/lfh.edu.gr\/wordpress\/wp-content\/uploads\/2025\/08\/lfhed-gs-06-1024x683.png 1024w, https:\/\/lfh.edu.gr\/wordpress\/wp-content\/uploads\/2025\/08\/lfhed-gs-06-768x512.png 768w\" sizes=\"auto, (max-width: 1234px) 100vw, 1234px\" loading=\"lazy\">\n          \n                  <\/figure>\n      <\/div>\n\n                \n      <div class=\"ee-gallery-item ee-gallery-item--image ee-gallery-item--single swiper-slide\" href=\"https:\/\/lfh.edu.gr\/wordpress\/wp-content\/uploads\/2025\/08\/lfhed-gs-04.png\"  data-sub-html=\"\" data-category=\"1\"                  data-lg-size=\"1440-960\"\n\n      >\n        <figure class=\"ee-gallery-item-figure\">\n                        <img decoding=\"async\" class=\"breakdance-image-object\" src=\"https:\/\/lfh.edu.gr\/wordpress\/wp-content\/uploads\/2025\/08\/lfhed-gs-04-1024x683.png\" width=\"1024\" height=\"683\" srcset=\"https:\/\/lfh.edu.gr\/wordpress\/wp-content\/uploads\/2025\/08\/lfhed-gs-04.png 1440w, https:\/\/lfh.edu.gr\/wordpress\/wp-content\/uploads\/2025\/08\/lfhed-gs-04-300x200.png 300w, https:\/\/lfh.edu.gr\/wordpress\/wp-content\/uploads\/2025\/08\/lfhed-gs-04-1024x683.png 1024w, https:\/\/lfh.edu.gr\/wordpress\/wp-content\/uploads\/2025\/08\/lfhed-gs-04-768x512.png 768w\" sizes=\"auto, (max-width: 1440px) 100vw, 1440px\" loading=\"lazy\">\n          \n                  <\/figure>\n      <\/div>\n\n        \n  <\/div>\n\n    <\/div>\n                <div class=\"swiper-button-prev\">\n            \n        <\/div>\n        <div class=\"swiper-button-next\">\n            \n        <\/div>\n    \n    \n  <\/div>\n\n\n<\/div><h2 class=\"bde-heading-316-320 bde-heading\">\n\u0388\u03bd\u03b1 \u03c3\u03c7\u03bf\u03bb\u03b5\u03af\u03bf \u03b3\u03b9\u03b1 \u03c0\u03c1\u03bf\u03c3\u03c9\u03c0\u03b9\u03ba\u03ae \u03b1\u03bd\u03ac\u03c0\u03c4\u03c5\u03be\u03b7 \u03ba\u03b1\u03b9 \u03c0\u03c1\u03ce\u03b9\u03bc\u03b7 \u03bc\u03ac\u03b8\u03b7\u03c3\u03b7\n<\/h2><div class=\"bde-rich-text-316-321 bde-rich-text breakdance-rich-text-styles\">\n<p>\u0397 \u03c0\u03c1\u03c9\u03c4\u03bf\u03c4\u03c5\u03c0\u03af\u03b1 \u03c4\u03bf\u03c5 \u03b3\u03b1\u03bb\u03bb\u03b9\u03ba\u03bf\u03cd \u03c3\u03c5\u03c3\u03c4\u03ae\u03bc\u03b1\u03c4\u03bf\u03c2 \u03b5\u03af\u03bd\u03b1\u03b9 \u03cc\u03c4\u03b9 \u03bf\u03b9 \u03c0\u03b1\u03b9\u03b4\u03b9\u03ba\u03bf\u03af \u03c3\u03c4\u03b1\u03b8\u03bc\u03bf\u03af \u03b1\u03c0\u03b5\u03c5\u03b8\u03cd\u03bd\u03bf\u03bd\u03c4\u03b1\u03b9 \u03c3\u03b5 \u03c0\u03b1\u03b9\u03b4\u03b9\u03ac \u03b1\u03c0\u03cc \u03c4\u03b7\u03bd \u03b7\u03bb\u03b9\u03ba\u03af\u03b1 \u03c4\u03c9\u03bd 3 \u03b5\u03c4\u03ce\u03bd. <br \/>\u0391\u03c0\u03bf\u03c4\u03b5\u03bb\u03b5\u03af\u03c4\u03b1\u03b9 \u03b1\u03c0\u03cc 3 \u03b5\u03c0\u03af\u03c0\u03b5\u03b4\u03b1: Petite Section PS, Moyenne Section MS \u03ba\u03b1\u03b9 Grande Section GS, \u03c4\u03b1 \u03bf\u03c0\u03bf\u03af\u03b1 \u03c3\u03c5\u03bd\u03b8\u03ad\u03c4\u03bf\u03c5\u03bd \u03c4\u03bf\u03bd \u03c0\u03c1\u03ce\u03c4\u03bf \u03ba\u03cd\u03ba\u03bb\u03bf \u03b5\u03ba\u03c0\u03b1\u03af\u03b4\u03b5\u03c5\u03c3\u03b7\u03c2.<\/p>\n<p>\u0395\u03af\u03bd\u03b1\u03b9 <strong>\u03ad\u03bd\u03b1 \u03c3\u03c7\u03bf\u03bb\u03b5\u03af\u03bf \u03b5\u03c0\u03b9\u03c4\u03c5\u03c7\u03af\u03b1\u03c2 \u03ba\u03b1\u03b9 \u03ba\u03b1\u03bb\u03bf\u03c3\u03cd\u03bd\u03b7\u03c2<\/strong>.<\/p>\n<p>\u03a4\u03bf \u03c0\u03c1\u03ce\u03c4\u03bf \u03b8\u03b5\u03bc\u03b5\u03bb\u03b9\u03ce\u03b4\u03b5\u03c2 \u03ba\u03b1\u03b8\u03ae\u03ba\u03bf\u03bd \u03c4\u03c9\u03bd \u03bd\u03b7\u03c0\u03b9\u03b1\u03b3\u03c9\u03b3\u03b5\u03af\u03c9\u03bd \u03b5\u03af\u03bd\u03b1\u03b9 \u03bd\u03b1 <strong>\u03b4\u03b7\u03bc\u03b9\u03bf\u03c5\u03c1\u03b3\u03bf\u03cd\u03bd \u03c4\u03b9\u03c2 \u03c0\u03c1\u03bf\u03cb\u03c0\u03bf\u03b8\u03ad\u03c3\u03b5\u03b9\u03c2 \u03ce\u03c3\u03c4\u03b5 \u03c4\u03b1 \u03c0\u03b1\u03b9\u03b4\u03b9\u03ac \u03bd\u03b1 \u03b1\u03b9\u03c3\u03b8\u03ac\u03bd\u03bf\u03bd\u03c4\u03b1\u03b9 \u03b1\u03c3\u03c6\u03b1\u03bb\u03ae \u03c3\u03c4\u03bf \u03c3\u03c7\u03bf\u03bb\u03b9\u03ba\u03cc \u03c4\u03bf\u03c5\u03c2 \u03c0\u03b5\u03c1\u03b9\u03b2\u03ac\u03bb\u03bb\u03bf\u03bd<\/strong>\u03ba\u03b1\u03b9 \u03c3\u03c4\u03b7 \u03bc\u03ac\u03b8\u03b7\u03c3\u03b7.<\/p>\n<p>\u0397 \u03b4\u03b5\u03cd\u03c4\u03b5\u03c1\u03b7 \u03b8\u03b5\u03bc\u03b5\u03bb\u03b9\u03ce\u03b4\u03b7\u03c2 \u03b1\u03c0\u03bf\u03c3\u03c4\u03bf\u03bb\u03ae \u03b5\u03af\u03bd\u03b1\u03b9<strong>\u03b5\u03b9\u03c3\u03b1\u03b3\u03c9\u03b3\u03ae \u03c4\u03c9\u03bd \u03c0\u03c1\u03ce\u03c4\u03c9\u03bd \u03b2\u03b1\u03c3\u03b9\u03ba\u03ce\u03bd \u03b4\u03b5\u03be\u03b9\u03bf\u03c4\u03ae\u03c4\u03c9\u03bd<\/strong>\u0391\u03c5\u03c4\u03ad\u03c2 \u03b2\u03b1\u03c3\u03af\u03b6\u03bf\u03bd\u03c4\u03b1\u03b9 \u03c3\u03b5 2 \u03c0\u03c1\u03bf\u03c4\u03b5\u03c1\u03b1\u03b9\u03cc\u03c4\u03b7\u03c4\u03b5\u03c2: \u03c4\u03b7 \u03b3\u03bb\u03ce\u03c3\u03c3\u03b1 \u03ba\u03b1\u03b9 \u03c4\u03b9\u03c2 \u03c0\u03c1\u03ce\u03c4\u03b5\u03c2 \u03bc\u03b1\u03b8\u03b7\u03bc\u03b1\u03c4\u03b9\u03ba\u03ad\u03c2 \u03ad\u03bd\u03bd\u03bf\u03b9\u03b5\u03c2.<\/p>\n<p>\u03a4\u03b1 \u03c0\u03c1\u03bf\u03b3\u03c1\u03ac\u03bc\u03bc\u03b1\u03c4\u03b1 \u03c3\u03c0\u03bf\u03c5\u03b4\u03ce\u03bd \u03c0\u03bf\u03c5 \u03c7\u03c1\u03b7\u03c3\u03b9\u03bc\u03bf\u03c0\u03bf\u03b9\u03bf\u03cd\u03bd\u03c4\u03b1\u03b9 \u03c3\u03c4\u03bf Lyc\u00e9e Franco-Hellenique \u03c3\u03c5\u03bd\u03ac\u03b4\u03bf\u03c5\u03bd \u03bc\u03b5 \u03b5\u03ba\u03b5\u03af\u03bd\u03b1 \u03c4\u03bf\u03c5 \u03b3\u03b1\u03bb\u03bb\u03b9\u03ba\u03bf\u03cd \u03b5\u03b8\u03bd\u03b9\u03ba\u03bf\u03cd \u03b5\u03ba\u03c0\u03b1\u03b9\u03b4\u03b5\u03c5\u03c4\u03b9\u03ba\u03bf\u03cd \u03c3\u03c5\u03c3\u03c4\u03ae\u03bc\u03b1\u03c4\u03bf\u03c2, \u03c4\u03bf \u03bf\u03c0\u03bf\u03af\u03bf \u03b4\u03b9\u03b4\u03ac\u03c3\u03ba\u03b5\u03c4\u03b1\u03b9 \u03c3\u03b5 \u03cc\u03bb\u03b1 \u03c4\u03b1 \u03b3\u03b1\u03bb\u03bb\u03b9\u03ba\u03ac \u03c3\u03c7\u03bf\u03bb\u03b5\u03af\u03b1.<\/p>\n<p>\u03a4\u03bf <strong>5 \u03c4\u03bf\u03bc\u03b5\u03af\u03c2 \u03bc\u03ac\u03b8\u03b7\u03c3\u03b7\u03c2<\/strong> \u03b5\u03af\u03bd\u03b1\u03b9 :<\/p>\n<ul>\n<li>\u03a7\u03c1\u03ae\u03c3\u03b7 \u03c4\u03b7\u03c2 \u03b3\u03bb\u03ce\u03c3\u03c3\u03b1\u03c2 \u03c3\u03b5 \u03cc\u03bb\u03b5\u03c2 \u03c4\u03b9\u03c2 \u03b4\u03b9\u03b1\u03c3\u03c4\u03ac\u03c3\u03b5\u03b9\u03c2 \u03c4\u03b7\u03c2<\/li>\n<li>\u039d\u03b1 \u03b5\u03bd\u03b5\u03c1\u03b3\u03bf\u03cd\u03bd, \u03bd\u03b1 \u03b5\u03ba\u03c6\u03c1\u03ac\u03b6\u03bf\u03bd\u03c4\u03b1\u03b9 \u03ba\u03b1\u03b9 \u03bd\u03b1 \u03ba\u03b1\u03c4\u03b1\u03bd\u03bf\u03bf\u03cd\u03bd \u03bc\u03ad\u03c3\u03c9 \u03c4\u03b7\u03c2 \u03c3\u03c9\u03bc\u03b1\u03c4\u03b9\u03ba\u03ae\u03c2 \u03b4\u03c1\u03b1\u03c3\u03c4\u03b7\u03c1\u03b9\u03cc\u03c4\u03b7\u03c4\u03b1\u03c2<\/li>\n<li>\u0394\u03c1\u03ac\u03c3\u03b7, \u03ad\u03ba\u03c6\u03c1\u03b1\u03c3\u03b7 \u03ba\u03b1\u03b9 \u03ba\u03b1\u03c4\u03b1\u03bd\u03cc\u03b7\u03c3\u03b7 \u03bc\u03ad\u03c3\u03c9 \u03ba\u03b1\u03bb\u03bb\u03b9\u03c4\u03b5\u03c7\u03bd\u03b9\u03ba\u03ce\u03bd \u03b4\u03c1\u03b1\u03c3\u03c4\u03b7\u03c1\u03b9\u03bf\u03c4\u03ae\u03c4\u03c9\u03bd<\/li>\n<li>\u0391\u03c0\u03cc\u03ba\u03c4\u03b7\u03c3\u03b7 \u03c4\u03c9\u03bd \u03c0\u03c1\u03ce\u03c4\u03c9\u03bd \u03bc\u03b1\u03b8\u03b7\u03bc\u03b1\u03c4\u03b9\u03ba\u03ce\u03bd \u03b5\u03c1\u03b3\u03b1\u03bb\u03b5\u03af\u03c9\u03bd<\/li>\n<li>\u0395\u03be\u03b5\u03c1\u03b5\u03c5\u03bd\u03ce\u03bd\u03c4\u03b1\u03c2 \u03c4\u03bf\u03bd \u03ba\u03cc\u03c3\u03bc\u03bf<\/li>\n<\/ul>\n<\/div>\n<\/div><div class=\"bde-div-316-557 bde-div\">\n  \n  \n\t\n\n\n\n<h2 class=\"bde-heading-316-558 bde-heading\">\n\u039f\u03c1\u03b3\u03ac\u03bd\u03c9\u03c3\u03b7 \u03c4\u03b7\u03c2 \u03b7\u03bc\u03ad\u03c1\u03b1\u03c2\n<\/h2><div class=\"bde-rich-text-316-559 bde-rich-text breakdance-rich-text-styles\">\n<p>\u03a4\u03b1 \u03bc\u03b1\u03b8\u03ae\u03bc\u03b1\u03c4\u03b1 \u03b4\u03b9\u03b1\u03c1\u03ba\u03bf\u03cd\u03bd \u03b1\u03c0\u03cc \u03c4\u03b9\u03c2 8.10 \u03c0.\u03bc. \u03ad\u03c9\u03c2 \u03c4\u03b9\u03c2 2.35 \u03bc.\u03bc. (\u03b7 \u03bc\u03b5\u03c4\u03b1\u03c3\u03c7\u03bf\u03bb\u03b9\u03ba\u03ae \u03c6\u03c1\u03bf\u03bd\u03c4\u03af\u03b4\u03b1 \u03b5\u03af\u03bd\u03b1\u03b9 \u03b4\u03b9\u03b1\u03b8\u03ad\u03c3\u03b9\u03bc\u03b7 \u03b1\u03c0\u03cc \u03c4\u03b9\u03c2 7.45 \u03c0.\u03bc. \u03ba\u03b1\u03b9 \u03bf\u03b9 \u03b5\u03be\u03c9\u03c3\u03c7\u03bf\u03bb\u03b9\u03ba\u03ad\u03c2 \u03b4\u03c1\u03b1\u03c3\u03c4\u03b7\u03c1\u03b9\u03cc\u03c4\u03b7\u03c4\u03b5\u03c2 \u03bc\u03ad\u03c7\u03c1\u03b9 \u03c4\u03b9\u03c2 4.35 \u03bc.\u03bc.).<\/p>\n<p>\u039f\u03b9 \u03b4\u03b9\u03ac\u03c6\u03bf\u03c1\u03b5\u03c2 \u03b4\u03c1\u03b1\u03c3\u03c4\u03b7\u03c1\u03b9\u03cc\u03c4\u03b7\u03c4\u03b5\u03c2 \u03ba\u03b1\u03c4\u03b1\u03bd\u03ad\u03bc\u03bf\u03bd\u03c4\u03b1\u03b9 \u03c3\u03b5 \u03cc\u03bb\u03b7 \u03c4\u03b7 \u03b4\u03b9\u03ac\u03c1\u03ba\u03b5\u03b9\u03b1 \u03c4\u03b7\u03c2 \u03b7\u03bc\u03ad\u03c1\u03b1\u03c2, \u03b1\u03bd\u03ac\u03bb\u03bf\u03b3\u03b1 \u03bc\u03b5 \u03c4\u03bf \u03b5\u03cd\u03c1\u03bf\u03c2 \u03c4\u03b7\u03c2 \u03c0\u03c1\u03bf\u03c3\u03bf\u03c7\u03ae\u03c2 \u03c4\u03c9\u03bd \u03c0\u03b1\u03b9\u03b4\u03b9\u03ce\u03bd. \u03a3\u03c4\u03b9\u03b3\u03bc\u03ad\u03c2 \u03bf\u03bc\u03b1\u03b4\u03b9\u03ba\u03ae\u03c2 \u03b5\u03c1\u03b3\u03b1\u03c3\u03af\u03b1\u03c2 \u03b5\u03bd\u03b1\u03bb\u03bb\u03ac\u03c3\u03c3\u03bf\u03bd\u03c4\u03b1\u03b9 \u03bc\u03b5 \u03ba\u03b1\u03c4\u03b1\u03c3\u03c4\u03ac\u03c3\u03b5\u03b9\u03c2 \u03bc\u03ac\u03b8\u03b7\u03c3\u03b7\u03c2 \u03c3\u03b5 \u03b5\u03c1\u03b3\u03b1\u03c3\u03c4\u03ae\u03c1\u03b9\u03b1 (\u03bf\u03bc\u03ac\u03b4\u03b5\u03c2 \u03c4\u03c9\u03bd 5 \u03ad\u03c9\u03c2 8 \u03c0\u03b1\u03b9\u03b4\u03b9\u03ce\u03bd).<\/p>\n<p>\u03a5\u03c0\u03ac\u03c1\u03c7\u03b5\u03b9 \u03b4\u03b9\u03ac\u03bb\u03b5\u03b9\u03bc\u03bc\u03b1 30 \u03bb\u03b5\u03c0\u03c4\u03ce\u03bd \u03c4\u03bf \u03c0\u03c1\u03c9\u03af \u03ba\u03b1\u03b9 \u03bc\u03b5\u03c4\u03ac \u03c4\u03bf \u03bc\u03b5\u03c3\u03b7\u03bc\u03b5\u03c1\u03b9\u03b1\u03bd\u03cc \u03b3\u03b5\u03cd\u03bc\u03b1.<\/p>\n<\/div><div class=\"bde-video-316-564 bde-video\">\n<div class=\"ee-video-container\">\n            <video class=\"ee-video\" src=\"https:\/\/lfh.edu.gr\/wordpress\/wp-content\/uploads\/2025\/08\/lfhed-gs-jpo.mp4\"\n                               controls='true'                                                muted='true'                controlslist=\"nodownload\"                playsinline\n>\n        <\/video>\n    \n    <\/div>\n\n<\/div>\n<\/div><div class=\"bde-div-316-560 bde-div\">\n  \n  \n\t\n\n\n\n<h2 class=\"bde-heading-316-561 bde-heading\">\n\u0395\u03b9\u03b4\u03b9\u03ba\u03bf\u03af \u03bd\u03b7\u03c0\u03b9\u03b1\u03b3\u03c9\u03b3\u03bf\u03af (ASEM)\n<\/h2><div class=\"bde-rich-text-316-562 bde-rich-text breakdance-rich-text-styles\">\n<p>\u03a4\u03bf ASEM \u03b2\u03bf\u03b7\u03b8\u03ac \u03c4\u03bf\u03c5\u03c2 \u03b5\u03ba\u03c0\u03b1\u03b9\u03b4\u03b5\u03c5\u03c4\u03b9\u03ba\u03bf\u03cd\u03c2 \u03c3\u03c4\u03b7\u03bd \u03c5\u03c0\u03bf\u03b4\u03bf\u03c7\u03ae, \u03c4\u03b7\u03bd \u03b5\u03bc\u03c8\u03cd\u03c7\u03c9\u03c3\u03b7 \u03ba\u03b1\u03b9 \u03c4\u03b7\u03bd \u03c5\u03b3\u03b9\u03b5\u03b9\u03bd\u03ae \u03c4\u03c9\u03bd \u03bc\u03b9\u03ba\u03c1\u03ce\u03bd \u03c0\u03b1\u03b9\u03b4\u03b9\u03ce\u03bd, \u03ba\u03b1\u03b8\u03ce\u03c2 \u03ba\u03b1\u03b9 \u03c3\u03c4\u03b7\u03bd \u03c0\u03c1\u03bf\u03b5\u03c4\u03bf\u03b9\u03bc\u03b1\u03c3\u03af\u03b1 \u03ba\u03b1\u03b9 \u03c4\u03b7\u03bd \u03ba\u03b1\u03b8\u03b1\u03c1\u03b9\u03cc\u03c4\u03b7\u03c4\u03b1 \u03c4\u03c9\u03bd \u03c7\u03ce\u03c1\u03c9\u03bd \u03ba\u03b1\u03b9 \u03c4\u03bf\u03c5 \u03b5\u03be\u03bf\u03c0\u03bb\u03b9\u03c3\u03bc\u03bf\u03cd. \u03a3\u03c5\u03bd\u03bf\u03b4\u03b5\u03cd\u03bf\u03c5\u03bd \u03c4\u03b1 \u03c0\u03b1\u03b9\u03b4\u03b9\u03ac \u03ba\u03b1\u03b8' \u03cc\u03bb\u03b7 \u03c4\u03b7 \u03b4\u03b9\u03ac\u03c1\u03ba\u03b5\u03b9\u03b1 \u03c4\u03b7\u03c2 \u03b7\u03bc\u03ad\u03c1\u03b1\u03c2 \u03ba\u03b1\u03b9 \u03b5\u03af\u03bd\u03b1\u03b9 \u03cc\u03bb\u03bf\u03b9 \u03b4\u03af\u03b3\u03bb\u03c9\u03c3\u03c3\u03bf\u03b9.<\/p>\n<\/div>\n<\/div>\n<\/div><\/div>\n<\/section>","protected":false},"excerpt":{"rendered":"<p>Accueil \u00bb Section Fran\u00e7aise \u00bb Primaire L&rsquo;\u00e9cole maternelle L\u2019\u00e9cole de l\u2019\u00e9panouissement et des premiers apprentissages scolaires L\u2019originalit\u00e9 du syst\u00e8me fran\u00e7ais est que l\u2019\u00e9cole maternelle accueille les enfants \u00e0 partir de 3 ans. Elle se compose de 3 niveaux, la petite section PS, la moyenne section MS et la grande section GS, qui forment le premier [&hellip;]<\/p>","protected":false},"author":1,"featured_media":0,"parent":361,"menu_order":0,"comment_status":"closed","ping_status":"closed","template":"","meta":{"inline_featured_image":false,"_breakdance_hide_in_design_set":false,"_breakdance_tags":"","footnotes":""},"class_list":["post-316","page","type-page","status-publish","hentry"],"yoast_head":"<!-- This site is optimized with the Yoast SEO plugin v24.4 - https:\/\/yoast.com\/wordpress\/plugins\/seo\/ -->\n<title>L&#039;\u00e9cole maternelle - Lyc\u00e9e Franco-Hell\u00e9nique Eug\u00e8ne Delacroix<\/title>\n<meta name=\"description\" content=\"Apprenez-en plus sur l&#039;\u00e9cole maternelle au Lyc\u00e9e Franco-Hell\u00e9nique Eug\u00e8ne-Delacroix d&#039;Ath\u00e8nes (LFHED).\" \/>\n<meta name=\"robots\" content=\"index, nofollow, max-snippet:-1, max-image-preview:large, max-video-preview:-1\" \/>\n<link rel=\"canonical\" href=\"https:\/\/lfh.edu.gr\/el\/section-francaise\/ecole-maternelle\/\" \/>\n<meta property=\"og:locale\" content=\"el_GR\" \/>\n<meta property=\"og:type\" content=\"article\" \/>\n<meta property=\"og:title\" content=\"L&#039;\u00e9cole maternelle - Lyc\u00e9e Franco-Hell\u00e9nique Eug\u00e8ne Delacroix\" \/>\n<meta property=\"og:description\" content=\"Apprenez-en plus sur l&#039;\u00e9cole maternelle au Lyc\u00e9e Franco-Hell\u00e9nique Eug\u00e8ne-Delacroix d&#039;Ath\u00e8nes (LFHED).\" \/>\n<meta property=\"og:url\" content=\"https:\/\/lfh.edu.gr\/el\/section-francaise\/ecole-maternelle\/\" \/>\n<meta property=\"og:site_name\" content=\"Lyc\u00e9e Franco-Hell\u00e9nique Eug\u00e8ne Delacroix\" \/>\n<meta property=\"article:modified_time\" content=\"2026-01-16T14:39:32+00:00\" \/>\n<meta name=\"twitter:card\" content=\"summary_large_image\" \/>\n<meta name=\"twitter:label1\" content=\"\u0395\u03ba\u03c4\u03b9\u03bc\u03ce\u03bc\u03b5\u03bd\u03bf\u03c2 \u03c7\u03c1\u03cc\u03bd\u03bf\u03c2 \u03b1\u03bd\u03ac\u03b3\u03bd\u03c9\u03c3\u03b7\u03c2\" \/>\n\t<meta name=\"twitter:data1\" content=\"3 \u03bb\u03b5\u03c0\u03c4\u03ac\" \/>\n<script type=\"application\/ld+json\" class=\"yoast-schema-graph\">{\"@context\":\"https:\/\/schema.org\",\"@graph\":[{\"@type\":\"WebPage\",\"@id\":\"https:\/\/lfh.edu.gr\/section-francaise\/ecole-maternelle\/\",\"url\":\"https:\/\/lfh.edu.gr\/section-francaise\/ecole-maternelle\/\",\"name\":\"L'\u00e9cole maternelle - Lyc\u00e9e Franco-Hell\u00e9nique Eug\u00e8ne Delacroix\",\"isPartOf\":{\"@id\":\"https:\/\/lfh.edu.gr\/#website\"},\"datePublished\":\"2025-08-31T15:25:28+00:00\",\"dateModified\":\"2026-01-16T14:39:32+00:00\",\"description\":\"Apprenez-en plus sur l'\u00e9cole maternelle au Lyc\u00e9e Franco-Hell\u00e9nique Eug\u00e8ne-Delacroix d'Ath\u00e8nes (LFHED).\",\"breadcrumb\":{\"@id\":\"https:\/\/lfh.edu.gr\/section-francaise\/ecole-maternelle\/#breadcrumb\"},\"inLanguage\":\"el\",\"potentialAction\":[{\"@type\":\"ReadAction\",\"target\":[\"https:\/\/lfh.edu.gr\/section-francaise\/ecole-maternelle\/\"]}]},{\"@type\":\"BreadcrumbList\",\"@id\":\"https:\/\/lfh.edu.gr\/section-francaise\/ecole-maternelle\/#breadcrumb\",\"itemListElement\":[{\"@type\":\"ListItem\",\"position\":1,\"name\":\"Accueil\",\"item\":\"https:\/\/lfh.edu.gr\/\"},{\"@type\":\"ListItem\",\"position\":2,\"name\":\"SECTION FRAN\u00c7AISE\",\"item\":\"https:\/\/lfh.edu.gr\/section-francaise\/\"},{\"@type\":\"ListItem\",\"position\":3,\"name\":\"L&rsquo;\u00e9cole maternelle\"}]},{\"@type\":\"WebSite\",\"@id\":\"https:\/\/lfh.edu.gr\/#website\",\"url\":\"https:\/\/lfh.edu.gr\/\",\"name\":\"Lyc\u00e9e Franco-Hell\u00e9nique Eug\u00e8ne Delacroix\",\"description\":\"\",\"potentialAction\":[{\"@type\":\"SearchAction\",\"target\":{\"@type\":\"EntryPoint\",\"urlTemplate\":\"https:\/\/lfh.edu.gr\/?s={search_term_string}\"},\"query-input\":{\"@type\":\"PropertyValueSpecification\",\"valueRequired\":true,\"valueName\":\"search_term_string\"}}],\"inLanguage\":\"el\"}]}<\/script>\n<!-- \/ Yoast SEO plugin. -->","yoast_head_json":{"title":"L'\u00e9cole maternelle - Lyc\u00e9e Franco-Hell\u00e9nique Eug\u00e8ne Delacroix","description":"Apprenez-en plus sur l'\u00e9cole maternelle au Lyc\u00e9e Franco-Hell\u00e9nique Eug\u00e8ne-Delacroix d'Ath\u00e8nes (LFHED).","robots":{"index":"index","follow":"nofollow","max-snippet":"max-snippet:-1","max-image-preview":"max-image-preview:large","max-video-preview":"max-video-preview:-1"},"canonical":"https:\/\/lfh.edu.gr\/el\/section-francaise\/ecole-maternelle\/","og_locale":"el_GR","og_type":"article","og_title":"L'\u00e9cole maternelle - Lyc\u00e9e Franco-Hell\u00e9nique Eug\u00e8ne Delacroix","og_description":"Apprenez-en plus sur l'\u00e9cole maternelle au Lyc\u00e9e Franco-Hell\u00e9nique Eug\u00e8ne-Delacroix d'Ath\u00e8nes (LFHED).","og_url":"https:\/\/lfh.edu.gr\/el\/section-francaise\/ecole-maternelle\/","og_site_name":"Lyc\u00e9e Franco-Hell\u00e9nique Eug\u00e8ne Delacroix","article_modified_time":"2026-01-16T14:39:32+00:00","twitter_card":"summary_large_image","twitter_misc":{"\u0395\u03ba\u03c4\u03b9\u03bc\u03ce\u03bc\u03b5\u03bd\u03bf\u03c2 \u03c7\u03c1\u03cc\u03bd\u03bf\u03c2 \u03b1\u03bd\u03ac\u03b3\u03bd\u03c9\u03c3\u03b7\u03c2":"3 \u03bb\u03b5\u03c0\u03c4\u03ac"},"schema":{"@context":"https:\/\/schema.org","@graph":[{"@type":"WebPage","@id":"https:\/\/lfh.edu.gr\/section-francaise\/ecole-maternelle\/","url":"https:\/\/lfh.edu.gr\/section-francaise\/ecole-maternelle\/","name":"L'\u00e9cole maternelle - Lyc\u00e9e Franco-Hell\u00e9nique Eug\u00e8ne Delacroix","isPartOf":{"@id":"https:\/\/lfh.edu.gr\/#website"},"datePublished":"2025-08-31T15:25:28+00:00","dateModified":"2026-01-16T14:39:32+00:00","description":"Apprenez-en plus sur l'\u00e9cole maternelle au Lyc\u00e9e Franco-Hell\u00e9nique Eug\u00e8ne-Delacroix d'Ath\u00e8nes (LFHED).","breadcrumb":{"@id":"https:\/\/lfh.edu.gr\/section-francaise\/ecole-maternelle\/#breadcrumb"},"inLanguage":"el","potentialAction":[{"@type":"ReadAction","target":["https:\/\/lfh.edu.gr\/section-francaise\/ecole-maternelle\/"]}]},{"@type":"BreadcrumbList","@id":"https:\/\/lfh.edu.gr\/section-francaise\/ecole-maternelle\/#breadcrumb","itemListElement":[{"@type":"ListItem","position":1,"name":"Accueil","item":"https:\/\/lfh.edu.gr\/"},{"@type":"ListItem","position":2,"name":"SECTION FRAN\u00c7AISE","item":"https:\/\/lfh.edu.gr\/section-francaise\/"},{"@type":"ListItem","position":3,"name":"L&rsquo;\u00e9cole maternelle"}]},{"@type":"WebSite","@id":"https:\/\/lfh.edu.gr\/#website","url":"https:\/\/lfh.edu.gr\/","name":"Lyc\u00e9e Franco-Hell\u00e9nique Eug\u00e8ne Delacroix","description":"","potentialAction":[{"@type":"SearchAction","target":{"@type":"EntryPoint","urlTemplate":"https:\/\/lfh.edu.gr\/?s={search_term_string}"},"query-input":{"@type":"PropertyValueSpecification","valueRequired":true,"valueName":"search_term_string"}}],"inLanguage":"el"}]}},"jetpack_sharing_enabled":true,"_links":{"self":[{"href":"https:\/\/lfh.edu.gr\/el\/wp-json\/wp\/v2\/pages\/316","targetHints":{"allow":["GET"]}}],"collection":[{"href":"https:\/\/lfh.edu.gr\/el\/wp-json\/wp\/v2\/pages"}],"about":[{"href":"https:\/\/lfh.edu.gr\/el\/wp-json\/wp\/v2\/types\/page"}],"author":[{"embeddable":true,"href":"https:\/\/lfh.edu.gr\/el\/wp-json\/wp\/v2\/users\/1"}],"replies":[{"embeddable":true,"href":"https:\/\/lfh.edu.gr\/el\/wp-json\/wp\/v2\/comments?post=316"}],"version-history":[{"count":5,"href":"https:\/\/lfh.edu.gr\/el\/wp-json\/wp\/v2\/pages\/316\/revisions"}],"predecessor-version":[{"id":1401,"href":"https:\/\/lfh.edu.gr\/el\/wp-json\/wp\/v2\/pages\/316\/revisions\/1401"}],"up":[{"embeddable":true,"href":"https:\/\/lfh.edu.gr\/el\/wp-json\/wp\/v2\/pages\/361"}],"wp:attachment":[{"href":"https:\/\/lfh.edu.gr\/el\/wp-json\/wp\/v2\/media?parent=316"}],"curies":[{"name":"wp","href":"https:\/\/api.w.org\/{rel}","templated":true}]}}