{"id":2973,"date":"2026-04-23T07:43:23","date_gmt":"2026-04-23T05:43:23","guid":{"rendered":"https:\/\/lfh.edu.gr\/?page_id=2973"},"modified":"2026-04-23T08:10:51","modified_gmt":"2026-04-23T06:10:51","slug":"lecho-deugene","status":"publish","type":"page","link":"https:\/\/lfh.edu.gr\/el\/lecho-deugene\/","title":{"rendered":"L'Echo d\u2019Eug\u00e8ne"},"content":{"rendered":"<h2>L'Echo d\u2019Eug\u00e8ne<\/h2>\n<ul>\n<li><a href=\"https:\/\/lfh.edu.gr\/wordpress\/wp-content\/uploads\/2026\/01\/l-echo_47.pdf\">N\u00b0 47, juin 2025<\/a><\/li>\n<li><a href=\"https:\/\/lfh.edu.gr\/wordpress\/wp-content\/uploads\/2026\/04\/N\u00b048-ECHO.pdf\">N\u00b0 48, f\u00e9vrier 2026<\/a><\/li>\n<\/ul>\n\n\n<p><\/p>","protected":false},"excerpt":{"rendered":"<p>L\u2019\u00c9cho d\u2019Eug\u00e8ne N\u00b0 47, juin 2025 N\u00b0 48, f\u00e9vrier 2026<\/p>","protected":false},"author":5,"featured_media":0,"parent":0,"menu_order":0,"comment_status":"closed","ping_status":"closed","template":"","meta":{"inline_featured_image":false,"_breakdance_hide_in_design_set":false,"_breakdance_tags":"","footnotes":""},"class_list":["post-2973","page","type-page","status-publish","hentry"],"yoast_head":"<!-- This site is optimized with the Yoast SEO plugin v24.4 - https:\/\/yoast.com\/wordpress\/plugins\/seo\/ -->\n<title>L\u2019\u00c9cho d\u2019Eug\u00e8ne - Lyc\u00e9e Franco-Hell\u00e9nique Eug\u00e8ne Delacroix<\/title>\n<meta name=\"robots\" content=\"index, follow, max-snippet:-1, max-image-preview:large, max-video-preview:-1\" \/>\n<link rel=\"canonical\" href=\"https:\/\/lfh.edu.gr\/el\/lecho-deugene\/\" \/>\n<meta property=\"og:locale\" content=\"el_GR\" \/>\n<meta property=\"og:type\" content=\"article\" \/>\n<meta property=\"og:title\" content=\"L\u2019\u00c9cho d\u2019Eug\u00e8ne - Lyc\u00e9e Franco-Hell\u00e9nique Eug\u00e8ne Delacroix\" \/>\n<meta property=\"og:description\" content=\"L\u2019\u00c9cho d\u2019Eug\u00e8ne N\u00b0 47, juin 2025 N\u00b0 48, f\u00e9vrier 2026\" \/>\n<meta property=\"og:url\" content=\"https:\/\/lfh.edu.gr\/el\/lecho-deugene\/\" \/>\n<meta property=\"og:site_name\" content=\"Lyc\u00e9e Franco-Hell\u00e9nique Eug\u00e8ne Delacroix\" \/>\n<meta property=\"article:modified_time\" content=\"2026-04-23T06:10:51+00:00\" \/>\n<meta name=\"twitter:card\" content=\"summary_large_image\" \/>\n<meta name=\"twitter:label1\" content=\"\u0395\u03ba\u03c4\u03b9\u03bc\u03ce\u03bc\u03b5\u03bd\u03bf\u03c2 \u03c7\u03c1\u03cc\u03bd\u03bf\u03c2 \u03b1\u03bd\u03ac\u03b3\u03bd\u03c9\u03c3\u03b7\u03c2\" \/>\n\t<meta name=\"twitter:data1\" content=\"1 \u03bb\u03b5\u03c0\u03c4\u03cc\" \/>\n<script type=\"application\/ld+json\" class=\"yoast-schema-graph\">{\"@context\":\"https:\/\/schema.org\",\"@graph\":[{\"@type\":\"WebPage\",\"@id\":\"https:\/\/lfh.edu.gr\/lecho-deugene\/\",\"url\":\"https:\/\/lfh.edu.gr\/lecho-deugene\/\",\"name\":\"L\u2019\u00c9cho d\u2019Eug\u00e8ne - Lyc\u00e9e Franco-Hell\u00e9nique Eug\u00e8ne Delacroix\",\"isPartOf\":{\"@id\":\"https:\/\/lfh.edu.gr\/#website\"},\"datePublished\":\"2026-04-23T05:43:23+00:00\",\"dateModified\":\"2026-04-23T06:10:51+00:00\",\"breadcrumb\":{\"@id\":\"https:\/\/lfh.edu.gr\/lecho-deugene\/#breadcrumb\"},\"inLanguage\":\"el\",\"potentialAction\":[{\"@type\":\"ReadAction\",\"target\":[\"https:\/\/lfh.edu.gr\/lecho-deugene\/\"]}]},{\"@type\":\"BreadcrumbList\",\"@id\":\"https:\/\/lfh.edu.gr\/lecho-deugene\/#breadcrumb\",\"itemListElement\":[{\"@type\":\"ListItem\",\"position\":1,\"name\":\"Accueil\",\"item\":\"https:\/\/lfh.edu.gr\/\"},{\"@type\":\"ListItem\",\"position\":2,\"name\":\"L\u2019\u00c9cho d\u2019Eug\u00e8ne\"}]},{\"@type\":\"WebSite\",\"@id\":\"https:\/\/lfh.edu.gr\/#website\",\"url\":\"https:\/\/lfh.edu.gr\/\",\"name\":\"Lyc\u00e9e Franco-Hell\u00e9nique Eug\u00e8ne Delacroix\",\"description\":\"\",\"potentialAction\":[{\"@type\":\"SearchAction\",\"target\":{\"@type\":\"EntryPoint\",\"urlTemplate\":\"https:\/\/lfh.edu.gr\/?s={search_term_string}\"},\"query-input\":{\"@type\":\"PropertyValueSpecification\",\"valueRequired\":true,\"valueName\":\"search_term_string\"}}],\"inLanguage\":\"el\"}]}<\/script>\n<!-- \/ Yoast SEO plugin. -->","yoast_head_json":{"title":"L\u2019\u00c9cho d\u2019Eug\u00e8ne - Lyc\u00e9e Franco-Hell\u00e9nique Eug\u00e8ne Delacroix","robots":{"index":"index","follow":"follow","max-snippet":"max-snippet:-1","max-image-preview":"max-image-preview:large","max-video-preview":"max-video-preview:-1"},"canonical":"https:\/\/lfh.edu.gr\/el\/lecho-deugene\/","og_locale":"el_GR","og_type":"article","og_title":"L\u2019\u00c9cho d\u2019Eug\u00e8ne - Lyc\u00e9e Franco-Hell\u00e9nique Eug\u00e8ne Delacroix","og_description":"L\u2019\u00c9cho d\u2019Eug\u00e8ne N\u00b0 47, juin 2025 N\u00b0 48, f\u00e9vrier 2026","og_url":"https:\/\/lfh.edu.gr\/el\/lecho-deugene\/","og_site_name":"Lyc\u00e9e Franco-Hell\u00e9nique Eug\u00e8ne Delacroix","article_modified_time":"2026-04-23T06:10:51+00:00","twitter_card":"summary_large_image","twitter_misc":{"\u0395\u03ba\u03c4\u03b9\u03bc\u03ce\u03bc\u03b5\u03bd\u03bf\u03c2 \u03c7\u03c1\u03cc\u03bd\u03bf\u03c2 \u03b1\u03bd\u03ac\u03b3\u03bd\u03c9\u03c3\u03b7\u03c2":"1 \u03bb\u03b5\u03c0\u03c4\u03cc"},"schema":{"@context":"https:\/\/schema.org","@graph":[{"@type":"WebPage","@id":"https:\/\/lfh.edu.gr\/lecho-deugene\/","url":"https:\/\/lfh.edu.gr\/lecho-deugene\/","name":"L\u2019\u00c9cho d\u2019Eug\u00e8ne - Lyc\u00e9e Franco-Hell\u00e9nique Eug\u00e8ne Delacroix","isPartOf":{"@id":"https:\/\/lfh.edu.gr\/#website"},"datePublished":"2026-04-23T05:43:23+00:00","dateModified":"2026-04-23T06:10:51+00:00","breadcrumb":{"@id":"https:\/\/lfh.edu.gr\/lecho-deugene\/#breadcrumb"},"inLanguage":"el","potentialAction":[{"@type":"ReadAction","target":["https:\/\/lfh.edu.gr\/lecho-deugene\/"]}]},{"@type":"BreadcrumbList","@id":"https:\/\/lfh.edu.gr\/lecho-deugene\/#breadcrumb","itemListElement":[{"@type":"ListItem","position":1,"name":"Accueil","item":"https:\/\/lfh.edu.gr\/"},{"@type":"ListItem","position":2,"name":"L\u2019\u00c9cho d\u2019Eug\u00e8ne"}]},{"@type":"WebSite","@id":"https:\/\/lfh.edu.gr\/#website","url":"https:\/\/lfh.edu.gr\/","name":"Lyc\u00e9e Franco-Hell\u00e9nique Eug\u00e8ne Delacroix","description":"","potentialAction":[{"@type":"SearchAction","target":{"@type":"EntryPoint","urlTemplate":"https:\/\/lfh.edu.gr\/?s={search_term_string}"},"query-input":{"@type":"PropertyValueSpecification","valueRequired":true,"valueName":"search_term_string"}}],"inLanguage":"el"}]}},"jetpack_sharing_enabled":true,"_links":{"self":[{"href":"https:\/\/lfh.edu.gr\/el\/wp-json\/wp\/v2\/pages\/2973","targetHints":{"allow":["GET"]}}],"collection":[{"href":"https:\/\/lfh.edu.gr\/el\/wp-json\/wp\/v2\/pages"}],"about":[{"href":"https:\/\/lfh.edu.gr\/el\/wp-json\/wp\/v2\/types\/page"}],"author":[{"embeddable":true,"href":"https:\/\/lfh.edu.gr\/el\/wp-json\/wp\/v2\/users\/5"}],"replies":[{"embeddable":true,"href":"https:\/\/lfh.edu.gr\/el\/wp-json\/wp\/v2\/comments?post=2973"}],"version-history":[{"count":5,"href":"https:\/\/lfh.edu.gr\/el\/wp-json\/wp\/v2\/pages\/2973\/revisions"}],"predecessor-version":[{"id":2984,"href":"https:\/\/lfh.edu.gr\/el\/wp-json\/wp\/v2\/pages\/2973\/revisions\/2984"}],"wp:attachment":[{"href":"https:\/\/lfh.edu.gr\/el\/wp-json\/wp\/v2\/media?parent=2973"}],"curies":[{"name":"wp","href":"https:\/\/api.w.org\/{rel}","templated":true}]}}