{"id":269,"date":"2025-08-31T14:21:49","date_gmt":"2025-08-31T14:21:49","guid":{"rendered":"https:\/\/dev.lfh.edu.gr\/site\/?page_id=269"},"modified":"2026-04-01T10:02:58","modified_gmt":"2026-04-01T08:02:58","slug":"offres-emploi","status":"publish","type":"page","link":"https:\/\/lfh.edu.gr\/el\/etablissement\/offres-emploi\/","title":{"rendered":"Offres d&#8217;emploi"},"content":{"rendered":"<section class=\"bde-section-269-106 bde-section\">\n  \n  \n\t\n\n\n\n<div class=\"section-container\"><div class=\"bde-div-269-316 bde-div\">\n  \n  \n\t\n\n\n\n<div class=\"bde-div-269-406 bde-div\">\n  \n  \n\t\n\n\n\n<div class=\"bde-button-269-407 bde-button\">\n    \n                                    \n    \n    \n    \n    \n            \n                    \n            \n            \n\n    \n    \n    \n    \n    \n    <a class=\"breakdance-link button-atom button-atom--text bde-button__button\" href=\"\/el\/\" target=\"_self\" data-type=\"url\"  >\n\n    \n        <span class=\"button-atom__text\">\u0391\u03c1\u03c7\u03b9\u03ba\u03ae \u03c3\u03b5\u03bb\u03af\u03b4\u03b1<\/span>\n\n        \n        \n                <\/a>\n\n    \n\n\n<\/div><div class=\"bde-text-269-408 bde-text\">\n\"\n<\/div><div class=\"bde-text-269-409 bde-text\">\n\u038a\u03b4\u03c1\u03c5\u03c3\u03b7\n<\/div>\n<\/div><h1 class=\"bde-heading-269-318 bde-heading\">\n\u039f\u03b9 \u03c0\u03c1\u03bf\u03c3\u03c6\u03bf\u03c1\u03ad\u03c2 \u03b5\u03c1\u03b3\u03b1\u03c3\u03af\u03b1\u03c2 \u03bc\u03b1\u03c2\n<\/h1>\n<\/div><div class=\"bde-div-269-334 bde-div\">\n  \n  \n\t\n\n\n\n<div class=\"bde-div-269-319 bde-div\">\n  \n  \n\t\n\n\n\n<h2 class=\"bde-heading-269-320 bde-heading\">\n\u03a4\u03bf\u03c0\u03b9\u03ba\u03ad\u03c2 \u03c0\u03c1\u03bf\u03c3\u03bb\u03ae\u03c8\u03b5\u03b9\u03c2\n<\/h2><div class=\"bde-rich-text-269-321 bde-rich-text breakdance-rich-text-styles\">\n<p>\u039c\u03c0\u03bf\u03c1\u03b5\u03af\u03c4\u03b5 \u03bd\u03b1 \u03c3\u03c5\u03bc\u03b2\u03bf\u03c5\u03bb\u03b5\u03c5\u03c4\u03b5\u03af\u03c4\u03b5 \u03c4\u03b9\u03c2 \u03c4\u03bf\u03c0\u03b9\u03ba\u03ad\u03c2 \u03c0\u03c1\u03bf\u03c3\u03c6\u03bf\u03c1\u03ad\u03c2 \u03b8\u03ad\u03c3\u03b5\u03c9\u03bd \u03b5\u03c1\u03b3\u03b1\u03c3\u03af\u03b1\u03c2 \u03c0\u03b1\u03c1\u03b1\u03ba\u03ac\u03c4\u03c9.<\/p>\n<\/div><div class=\"bde-accordion-269-337 bde-accordion bde-accordion--bordered-bottom\"><div class=\"bde-accordion__content-wrapper-269-400 bde-accordion__content-wrapper\">\n<h3 class=\"bde-accordion__title-tag\">\n  <button type=\"button\" class=\"bde-accordion__button\" id=\"accordion-button-400\" aria-controls=\"accordion-panel-400\" aria-expanded=\"false\">\n     <span class=\"bde-accordion__title\" >\u0398\u03ad\u03c3\u03b5\u03b9\u03c2 \u03b5\u03c1\u03b3\u03b1\u03c3\u03af\u03b1\u03c2<\/span>\n     <span class=\"bde-accordion__icon bde-accordion__icon--default\"><\/span>\n     <span class=\"bde-accordion__icon bde-accordion__icon--active\"><\/span>\n  <\/button>\n<\/h3>\n\n<div role=\"region\" class=\"bde-accordion__panel\" id=\"accordion-panel-400\" aria-labelledby=\"accordion-button-400\">\n    <div class=\"bde-accordion__panel-content\">\n        <div class=\"bde-rich-text-269-414 bde-rich-text breakdance-rich-text-styles\">\n<p class=\"x_MsoNormal\"><b><u><span data-olk-copy-source=\"MessageBody\">Assistant(e) d\u2019\u00e9ducation(e) (AED)<\/span><\/u><\/b><u><\/u><\/p>\n<p class=\"x_MsoNormal\">Le LFHED recherche pour le 1er septembre 2026,\u00a0<b>1 assistant(e) d\u2019\u00e9ducation (AED)<\/b>\u00a0<b>\u00e0 temps complet<\/b>.<\/p>\n<p class=\"x_MsoNormal\"><span style=\"color: #ff0000;\"><b>D\u00e9p\u00f4t des candidatures avant le 04 mai 2026 \u00e0 12h00<\/b><\/span>\u00a0\u00e0 l\u2019adresse mail :\u00a0<a title=\"mailto:recrutements@lfh.gr\" href=\"mailto:recrutements@lfh.gr\" data-linkindex=\"0\">recrutements@lfh.gr<\/a>\u00a0\u03ba\u03b1\u03b9\u00a0<a title=\"mailto:cpe@lfh.gr\" href=\"mailto:cpe@lfh.gr\" data-linkindex=\"1\">cpe@lfh.gr<\/a><\/p>\n<p class=\"x_MsoNormal\">Pour consultez la fiche de poste, cliquez sur le lien suivant :\u00a0<a href=\"https:\/\/lfh.edu.gr\/wordpress\/wp-content\/uploads\/2026\/04\/FICHE-DE-POSTE-2026-AED-SECONDAIRE-TPS-PLEIN.pdf\"><b>FICHE DE POSTE 2026 - AED SECONDAIRE TEMPS PLEIN<\/b><\/a><\/p>\n<p>\u00a0<\/p>\n<p class=\"x_MsoNormal\"><b><u><span data-olk-copy-source=\"MessageBody\">Professeur(e) d\u2019ESPAGNOL<\/span><\/u><\/b><\/p>\n<p class=\"x_MsoNormal\">Le LFHED recherche pour le 1er septembre 2026,\u00a0<b>1 professeur(e) d\u2019ESPAGNOL \u00e0 temps complet<\/b>.<\/p>\n<p class=\"x_MsoNormal\"><span style=\"color: #ff0000;\"><b>D\u00e9p\u00f4t des candidatures avant le 04 mai 2026 \u00e0 12h00<\/b>\u00a0<\/span>\u00e0 l\u2019adresse mail :\u00a0<a title=\"mailto:recrutements@lfh.gr\" href=\"mailto:recrutements@lfh.gr\" data-linkindex=\"3\">recrutements@lfh.gr<\/a><\/p>\n<p class=\"x_MsoNormal\">Pour consultez la fiche de poste, cliquez sur le lien suivant :\u00a0<a href=\"https:\/\/lfh.edu.gr\/wordpress\/wp-content\/uploads\/2026\/04\/Fiche-de-poste-2026-ESPAGNOL.pdf\"><b>Fiche de poste 2026 - ESPAGNOL<\/b><\/a><\/p>\n<\/div>\n    <\/div>\n<\/div>\n\n\n\n<\/div><div class=\"bde-accordion__content-wrapper-269-340 bde-accordion__content-wrapper\">\n<h3 class=\"bde-accordion__title-tag\">\n  <button type=\"button\" class=\"bde-accordion__button\" id=\"accordion-button-340\" aria-controls=\"accordion-panel-340\" aria-expanded=\"false\">\n     <span class=\"bde-accordion__title\" >\u0394\u03b9\u03b1\u03b4\u03b9\u03ba\u03b1\u03c3\u03af\u03b1<\/span>\n     <span class=\"bde-accordion__icon bde-accordion__icon--default\"><\/span>\n     <span class=\"bde-accordion__icon bde-accordion__icon--active\"><\/span>\n  <\/button>\n<\/h3>\n\n<div role=\"region\" class=\"bde-accordion__panel\" id=\"accordion-panel-340\" aria-labelledby=\"accordion-button-340\">\n    <div class=\"bde-accordion__panel-content\">\n        <div class=\"bde-rich-text-269-347 bde-rich-text breakdance-rich-text-styles\">\n<div>\u039f\u03b9 \u03c5\u03c0\u03bf\u03c8\u03ae\u03c6\u03b9\u03bf\u03b9 \u03ba\u03b1\u03bb\u03bf\u03cd\u03bd\u03c4\u03b1\u03b9 \u03bd\u03b1 \u03b1\u03c0\u03bf\u03c3\u03c4\u03b5\u03af\u03bb\u03bf\u03c5\u03bd \u03c4\u03b7\u03bd \u03b1\u03af\u03c4\u03b7\u03c3\u03ae \u03c4\u03bf\u03c5\u03c2 \u03c3\u03c4\u03b7\u03bd \u03c0\u03b1\u03c1\u03b1\u03ba\u03ac\u03c4\u03c9 \u03b4\u03b9\u03b5\u03cd\u03b8\u03c5\u03bd\u03c3\u03b7 \u03b7\u03bb\u03b5\u03ba\u03c4\u03c1\u03bf\u03bd\u03b9\u03ba\u03bf\u03cd \u03c4\u03b1\u03c7\u03c5\u03b4\u03c1\u03bf\u03bc\u03b5\u03af\u03bf\u03c5:<\/div>\n<ul>\n<li>\u03a3\u03c5\u03bd\u03bf\u03b4\u03b5\u03c5\u03c4\u03b9\u03ba\u03ae \u03b5\u03c0\u03b9\u03c3\u03c4\u03bf\u03bb\u03ae<\/li>\n<li>CV<\/li>\n<li>\u0391\u03c0\u03cc\u03c3\u03c0\u03b1\u03c3\u03bc\u03b1 \u03b1\u03c3\u03c4\u03c5\u03bd\u03bf\u03bc\u03b9\u03ba\u03bf\u03cd \u03bc\u03b7\u03c4\u03c1\u03ce\u03bf\u03c5<\/li>\n<li>\u0391\u03bd\u03c4\u03af\u03b3\u03c1\u03b1\u03c6\u03b1 \u03b4\u03b9\u03c0\u03bb\u03c9\u03bc\u03ac\u03c4\u03c9\u03bd, \u03c0\u03b9\u03c3\u03c4\u03bf\u03c0\u03bf\u03b9\u03b7\u03c4\u03b9\u03ba\u03ce\u03bd \u03ae\/\u03ba\u03b1\u03b9 \u03b5\u03c0\u03b1\u03b3\u03b3\u03b5\u03bb\u03bc\u03b1\u03c4\u03b9\u03ba\u03ce\u03bd \u03b1\u03bd\u03b1\u03c6\u03bf\u03c1\u03ce\u03bd<\/li>\n<li>\u0395\u03c0\u03b9\u03c3\u03c4\u03bf\u03bb\u03ad\u03c2 \u03b1\u03bd\u03b1\u03c6\u03bf\u03c1\u03ac\u03c2, \u03c3\u03c5\u03c3\u03c4\u03ac\u03c3\u03b5\u03b9\u03c2 \u03ba\u03b1\u03b9 \u03c0\u03b9\u03c3\u03c4\u03bf\u03c0\u03bf\u03b9\u03b7\u03c4\u03b9\u03ba\u03ac \u03b5\u03c1\u03b3\u03b1\u03c3\u03af\u03b1\u03c2, \u03b5\u03ac\u03bd \u03b5\u03af\u03bd\u03b1\u03b9 \u03b4\u03c5\u03bd\u03b1\u03c4\u03cc\u03bd<\/li>\n<li>AFIMI (\u03b1\u03c1\u03b9\u03b8\u03bc\u03cc\u03c2 \u03c6\u03bf\u03c1\u03bf\u03bb\u03bf\u03b3\u03b9\u03ba\u03bf\u03cd \u03bc\u03b7\u03c4\u03c1\u03ce\u03bf\u03c5), \u03b3\u03b9\u03b1 \u03c4\u03bf\u03c5\u03c2 \u03b1\u03b9\u03c4\u03bf\u03cd\u03bd\u03c4\u03b5\u03c2 \u03c0\u03bf\u03c5 \u03b5\u03af\u03bd\u03b1\u03b9 \u03ae\u03b4\u03b7 \u03ba\u03ac\u03c4\u03bf\u03b9\u03ba\u03bf\u03b9 \u0395\u03bb\u03bb\u03ac\u03b4\u03b1\u03c2. \u0395\u03ac\u03bd \u03b2\u03c1\u03af\u03c3\u03ba\u03b5\u03c3\u03c4\u03b5 \u03c3\u03c4\u03b7 \u03b4\u03b9\u03b1\u03b4\u03b9\u03ba\u03b1\u03c3\u03af\u03b1 \u03b5\u03b3\u03ba\u03b1\u03c4\u03ac\u03c3\u03c4\u03b1\u03c3\u03b7\u03c2, \u03c4\u03bf \u03ad\u03b3\u03b3\u03c1\u03b1\u03c6\u03bf \u03b1\u03c5\u03c4\u03cc \u03b8\u03b1 \u03c3\u03b1\u03c2 \u03b6\u03b7\u03c4\u03b7\u03b8\u03b5\u03af \u03cc\u03c4\u03b1\u03bd \u03b1\u03c1\u03c7\u03af\u03c3\u03b5\u03c4\u03b5 \u03c0\u03c1\u03b1\u03b3\u03bc\u03b1\u03c4\u03b9\u03ba\u03ac \u03bd\u03b1 \u03b5\u03c1\u03b3\u03ac\u03b6\u03b5\u03c3\u03c4\u03b5.<\/li>\n<li>\u0391\u039c\u039a\u0391 (\u03ba\u03bf\u03b9\u03bd\u03c9\u03bd\u03b9\u03ba\u03ae \u03b1\u03c3\u03c6\u03ac\u03bb\u03b9\u03c3\u03b7), \u03b3\u03b9\u03b1 \u03c4\u03bf\u03c5\u03c2 \u03b1\u03b9\u03c4\u03bf\u03cd\u03bd\u03c4\u03b5\u03c2 \u03c0\u03bf\u03c5 \u03b4\u03b9\u03b1\u03bc\u03ad\u03bd\u03bf\u03c5\u03bd \u03ae\u03b4\u03b7 \u03c3\u03c4\u03b7\u03bd \u0395\u03bb\u03bb\u03ac\u03b4\u03b1. \u0395\u03ac\u03bd \u03b2\u03c1\u03af\u03c3\u03ba\u03b5\u03c3\u03c4\u03b5 \u03c3\u03b5 \u03b4\u03b9\u03b1\u03b4\u03b9\u03ba\u03b1\u03c3\u03af\u03b1 \u03b5\u03b3\u03ba\u03b1\u03c4\u03ac\u03c3\u03c4\u03b1\u03c3\u03b7\u03c2, \u03c4\u03bf \u03ad\u03b3\u03b3\u03c1\u03b1\u03c6\u03bf \u03b1\u03c5\u03c4\u03cc \u03b8\u03b1 \u03c3\u03b1\u03c2 \u03b6\u03b7\u03c4\u03b7\u03b8\u03b5\u03af \u03cc\u03c4\u03b1\u03bd \u03b1\u03c1\u03c7\u03af\u03c3\u03b5\u03c4\u03b5 \u03bd\u03b1 \u03b5\u03c1\u03b3\u03ac\u03b6\u03b5\u03c3\u03c4\u03b5.<\/li>\n<li>\u039a\u03ac\u03b8\u03b5 \u03ad\u03b3\u03b3\u03c1\u03b1\u03c6\u03bf \u03c0\u03bf\u03c5 \u03b1\u03c0\u03b1\u03b9\u03c4\u03b5\u03af\u03c4\u03b1\u03b9 \u03b3\u03b9\u03b1 \u03c4\u03b7\u03bd \u03bf\u03c1\u03b8\u03ae \u03b5\u03c0\u03b5\u03be\u03b5\u03c1\u03b3\u03b1\u03c3\u03af\u03b1 \u03c4\u03b7\u03c2 \u03b1\u03af\u03c4\u03b7\u03c3\u03b7\u03c2<\/li>\n<\/ul>\n<\/div>\n    <\/div>\n<\/div>\n\n\n\n<\/div>\r\n\r\n<\/div>\n<\/div><div class=\"bde-div-269-392 bde-div\">\n  \n  \n\t\n\n\n\n<h2 class=\"bde-heading-269-393 bde-heading\">\n\u03a0\u03c1\u03cc\u03c3\u03bb\u03b7\u03c8\u03b7 \u03b1\u03c0\u03bf\u03c3\u03c0\u03b1\u03c3\u03bc\u03ad\u03bd\u03bf\u03c5 \u03c0\u03c1\u03bf\u03c3\u03c9\u03c0\u03b9\u03ba\u03bf\u03cd\n<\/h2><div class=\"bde-rich-text-269-394 bde-rich-text breakdance-rich-text-styles\">\n<p>\u039c\u03c0\u03bf\u03c1\u03b5\u03af\u03c4\u03b5 \u03bd\u03b1 \u03b4\u03b5\u03af\u03c4\u03b5 \u03c0\u03b1\u03c1\u03b1\u03ba\u03ac\u03c4\u03c9 \u03c4\u03b9\u03c2 \u03c0\u03c1\u03bf\u03c3\u03c6\u03bf\u03c1\u03ad\u03c2 \u03b8\u03ad\u03c3\u03b5\u03c9\u03bd \u03b5\u03c1\u03b3\u03b1\u03c3\u03af\u03b1\u03c2 \u03c0\u03bf\u03c5 \u03ad\u03c7\u03bf\u03c5\u03bc\u03b5 \u03b1\u03c0\u03bf\u03c3\u03c0\u03ac\u03c3\u03b5\u03b9.<\/p>\n<\/div><div class=\"bde-accordion-269-395 bde-accordion bde-accordion--bordered-bottom\"><div class=\"bde-accordion__content-wrapper-269-413 bde-accordion__content-wrapper\">\n<h3 class=\"bde-accordion__title-tag\">\n  <button type=\"button\" class=\"bde-accordion__button\" id=\"accordion-button-413\" aria-controls=\"accordion-panel-413\" aria-expanded=\"false\">\n     <span class=\"bde-accordion__title\" >\u0398\u03ad\u03c3\u03b5\u03b9\u03c2 \u03b5\u03c1\u03b3\u03b1\u03c3\u03af\u03b1\u03c2<\/span>\n     <span class=\"bde-accordion__icon bde-accordion__icon--default\"><\/span>\n     <span class=\"bde-accordion__icon bde-accordion__icon--active\"><\/span>\n  <\/button>\n<\/h3>\n\n<div role=\"region\" class=\"bde-accordion__panel\" id=\"accordion-panel-413\" aria-labelledby=\"accordion-button-413\">\n    <div class=\"bde-accordion__panel-content\">\n        \n    <\/div>\n<\/div>\n\n\n\n<\/div><div class=\"bde-accordion__content-wrapper-269-402 bde-accordion__content-wrapper\">\n<h3 class=\"bde-accordion__title-tag\">\n  <button type=\"button\" class=\"bde-accordion__button\" id=\"accordion-button-402\" aria-controls=\"accordion-panel-402\" aria-expanded=\"false\">\n     <span class=\"bde-accordion__title\" >\u0394\u03b9\u03b1\u03b4\u03b9\u03ba\u03b1\u03c3\u03af\u03b1<\/span>\n     <span class=\"bde-accordion__icon bde-accordion__icon--default\"><\/span>\n     <span class=\"bde-accordion__icon bde-accordion__icon--active\"><\/span>\n  <\/button>\n<\/h3>\n\n<div role=\"region\" class=\"bde-accordion__panel\" id=\"accordion-panel-402\" aria-labelledby=\"accordion-button-402\">\n    <div class=\"bde-accordion__panel-content\">\n        <div class=\"bde-rich-text-269-403 bde-rich-text breakdance-rich-text-styles\">\n<div>\u03a0\u03b1\u03c1\u03b1\u03ba\u03b1\u03bb\u03bf\u03cd\u03bc\u03b5 \u03c3\u03c4\u03b5\u03af\u03bb\u03c4\u03b5 \u03bc\u03b1\u03c2 \u03ad\u03bd\u03b1 \u03b5\u03bd\u03b9\u03b1\u03af\u03bf \u03b1\u03c1\u03c7\u03b5\u03af\u03bf PDF \u03bf\u03c1\u03b3\u03b1\u03bd\u03c9\u03bc\u03ad\u03bd\u03bf \u03bc\u03b5 \u03c4\u03b7\u03bd \u03b1\u03ba\u03cc\u03bb\u03bf\u03c5\u03b8\u03b7 \u03c3\u03b5\u03b9\u03c1\u03ac \u03c3\u03c4\u03b7\u03bd \u03c0\u03b1\u03c1\u03b1\u03ba\u03ac\u03c4\u03c9 \u03b4\u03b9\u03b5\u03cd\u03b8\u03c5\u03bd\u03c3\u03b7 \u03b7\u03bb\u03b5\u03ba\u03c4\u03c1\u03bf\u03bd\u03b9\u03ba\u03bf\u03cd \u03c4\u03b1\u03c7\u03c5\u03b4\u03c1\u03bf\u03bc\u03b5\u03af\u03bf\u03c5:<\/div>\n<ol>\n<li>\u00a0\u039f \u03ba\u03b1\u03c4\u03ac\u03bb\u03bf\u03b3\u03bf\u03c2 \u03b5\u03bb\u03ad\u03b3\u03c7\u03bf\u03c5 \u03c4\u03c9\u03bd \u03b5\u03b3\u03b3\u03c1\u03ac\u03c6\u03c9\u03bd \u03c0\u03bf\u03c5 \u03c0\u03c1\u03ad\u03c0\u03b5\u03b9 \u03bd\u03b1 \u03c0\u03c1\u03bf\u03c3\u03ba\u03bf\u03bc\u03b9\u03c3\u03c4\u03bf\u03cd\u03bd, \u03bd\u03b1 \u03c3\u03b7\u03bc\u03b5\u03b9\u03c9\u03b8\u03bf\u03cd\u03bd \u03ba\u03b1\u03b9 \u03bd\u03b1 \u03c3\u03c5\u03bc\u03c0\u03bb\u03b7\u03c1\u03c9\u03b8\u03bf\u03cd\u03bd \u03b1\u03c0\u03cc \u03c4\u03bf\u03bd \u03b1\u03b9\u03c4\u03bf\u03cd\u03bd\u03c4\u03b1<\/li>\n<li>\u03a4\u03bf \u03b1\u03c1\u03c7\u03b5\u03af\u03bf \u03b5\u03c6\u03b1\u03c1\u03bc\u03bf\u03b3\u03ae\u03c2<\/li>\n<li>\u038c\u03bb\u03b1 \u03c4\u03b1 \u03ad\u03b3\u03b3\u03c1\u03b1\u03c6\u03b1 \u03c0\u03bf\u03c5 \u03c0\u03c1\u03ad\u03c0\u03b5\u03b9 \u03bd\u03b1 \u03c0\u03c1\u03bf\u03c3\u03ba\u03bf\u03bc\u03af\u03c3\u03b5\u03c4\u03b5<\/li>\n<\/ol>\n<\/div><div class=\"bde-button-269-410 bde-button\">\n    \n                                    \n    \n    \n    \n    \n            \n                    \n            \n            \n\n    \n    \n    \n    \n    \n    <a class=\"breakdance-link button-atom button-atom--text bde-button__button\" href=\"https:\/\/lfh.edu.gr\/wordpress\/wp-content\/uploads\/2025\/10\/dossier-candidature_au_lfhed_-detaches-ens-educ-adm-2025-1.docx\" target=\"_blank\" data-type=\"url\"  >\n\n    \n        <span class=\"button-atom__text\">\u0394\u03b5\u03af\u03c4\u03b5 \u03c4\u03bf \u03ad\u03bd\u03c4\u03c5\u03c0\u03bf \u03b1\u03af\u03c4\u03b7\u03c3\u03b7\u03c2 \u03b3\u03b9\u03b1 \u03c4\u03bf \u03b1\u03c0\u03bf\u03c3\u03c0\u03b1\u03c3\u03bc\u03ad\u03bd\u03bf \u03c0\u03c1\u03bf\u03c3\u03c9\u03c0\u03b9\u03ba\u03cc<\/span>\n\n        \n                    \n    <span class=\"button-atom__icon-wrapper\">\n\n        \n            <svg class=\"un-arrow-icon\" width=\"10\" height=\"10\" viewbox=\"0 0 10 10\" aria-hidden=\"true\">\n                <g fill-rule=\"evenodd\">\n                    <path class=\"un-arrow-icon_line\" d=\"M0 5h7\"><\/path>\n                    <path class=\"un-arrow-icon_arrow\" d=\"M1 1l4 4-4 4\"><\/path>\n                <\/g>\n            <\/svg>\n\n        \n    <\/span>\n\n\n        \n                <\/a>\n\n    \n\n\n<\/div><div class=\"bde-button-269-412 bde-button\">\n    \n                                    \n    \n    \n    \n    \n            \n                    \n            \n            \n\n    \n    \n    \n    \n    \n    <a class=\"breakdance-link button-atom button-atom--text bde-button__button\" href=\"https:\/\/lfh.edu.gr\/wordpress\/wp-content\/uploads\/2025\/10\/jobs_noticedetaches.pdf\" target=\"_blank\" data-type=\"url\"  >\n\n    \n        <span class=\"button-atom__text\">\u0394\u03b5\u03af\u03c4\u03b5 \u03c4\u03bf \u03c6\u03c5\u03bb\u03bb\u03ac\u03b4\u03b9\u03bf<\/span>\n\n        \n                    \n    <span class=\"button-atom__icon-wrapper\">\n\n        \n            <svg class=\"un-arrow-icon\" width=\"10\" height=\"10\" viewbox=\"0 0 10 10\" aria-hidden=\"true\">\n                <g fill-rule=\"evenodd\">\n                    <path class=\"un-arrow-icon_line\" d=\"M0 5h7\"><\/path>\n                    <path class=\"un-arrow-icon_arrow\" d=\"M1 1l4 4-4 4\"><\/path>\n                <\/g>\n            <\/svg>\n\n        \n    <\/span>\n\n\n        \n                <\/a>\n\n    \n\n\n<\/div>\n    <\/div>\n<\/div>\n\n\n\n<\/div>\r\n\r\n<\/div><div class=\"bde-div-269-404 bde-div\">\n  \n  \n\t\n\n\n\n<div class=\"bde-rich-text-269-405 bde-rich-text breakdance-rich-text-styles\">\n<p><strong>\u03a0\u03b1\u03c1\u03b1\u03ba\u03b1\u03bb\u03b5\u03af\u03c3\u03c4\u03b5 \u03bd\u03b1 \u03b1\u03c0\u03bf\u03c3\u03c4\u03b5\u03af\u03bb\u03b5\u03c4\u03b5 \u03c4\u03b1 \u03ad\u03b3\u03b3\u03c1\u03b1\u03c6\u03b1 \u03c0\u03bf\u03c5 \u03b1\u03bd\u03b1\u03c6\u03ad\u03c1\u03bf\u03bd\u03c4\u03b1\u03b9 \u03c3\u03c4\u03b7\u03bd \u03b1\u03ba\u03cc\u03bb\u03bf\u03c5\u03b8\u03b7 \u03b4\u03b9\u03b5\u03cd\u03b8\u03c5\u03bd\u03c3\u03b7 <a href=\"mailto:recrutements@lfh.gr\" target=\"_blank\" rel=\"noopener\">recrutements@lfh.gr<\/a><\/strong>.<br \/>\u039f\u03b9 \u03b5\u03bb\u03bb\u03b9\u03c0\u03b5\u03af\u03c2 \u03b1\u03b9\u03c4\u03ae\u03c3\u03b5\u03b9\u03c2 \u03b4\u03b5\u03bd \u03b8\u03b1 \u03b4\u03b9\u03b5\u03ba\u03c0\u03b5\u03c1\u03b1\u03b9\u03ce\u03bd\u03bf\u03bd\u03c4\u03b1\u03b9.<\/p>\n<\/div>\n<\/div>\n<\/div>\n<\/div><\/div>\n<\/section>","protected":false},"excerpt":{"rendered":"<p>Accueil \u00bb \u00c9tablissement Nos offres d&#8217;emploi Recrutement local Vous pouvez consulter nos offres d&#8217;emploi locales ci-dessous. Postes vacants Assistant(e) d\u2019\u00e9ducation(e) (AED) Le LFHED recherche pour le 1er septembre 2026,\u00a01 assistant(e) d\u2019\u00e9ducation (AED)\u00a0\u00e0 temps complet. D\u00e9p\u00f4t des candidatures avant le 04 mai 2026 \u00e0 12h00\u00a0\u00e0 l\u2019adresse mail :\u00a0recrutements@lfh.gr\u00a0et\u00a0cpe@lfh.gr Pour consultez la fiche de poste, cliquez sur [&hellip;]<\/p>","protected":false},"author":1,"featured_media":0,"parent":236,"menu_order":0,"comment_status":"closed","ping_status":"closed","template":"","meta":{"inline_featured_image":false,"_breakdance_hide_in_design_set":false,"_breakdance_tags":"","footnotes":""},"class_list":["post-269","page","type-page","status-publish","hentry"],"yoast_head":"<!-- This site is optimized with the Yoast SEO plugin v24.4 - https:\/\/yoast.com\/wordpress\/plugins\/seo\/ -->\n<title>Offres d&#039;emploi - Lyc\u00e9e Franco-Hell\u00e9nique Eug\u00e8ne Delacroix<\/title>\n<meta name=\"description\" content=\"D\u00e9couvrez les offres d&#039;emploi du Lyc\u00e9e Franco-Hell\u00e9nique Eug\u00e8ne Delacroix \u00e0 Ath\u00e8nes (LFHED).\" \/>\n<meta name=\"robots\" content=\"index, nofollow, max-snippet:-1, max-image-preview:large, max-video-preview:-1\" \/>\n<link rel=\"canonical\" href=\"https:\/\/lfh.edu.gr\/el\/etablissement\/offres-emploi\/\" \/>\n<meta property=\"og:locale\" content=\"el_GR\" \/>\n<meta property=\"og:type\" content=\"article\" \/>\n<meta property=\"og:title\" content=\"Offres d&#039;emploi - Lyc\u00e9e Franco-Hell\u00e9nique Eug\u00e8ne Delacroix\" \/>\n<meta property=\"og:description\" content=\"D\u00e9couvrez les offres d&#039;emploi du Lyc\u00e9e Franco-Hell\u00e9nique Eug\u00e8ne Delacroix \u00e0 Ath\u00e8nes (LFHED).\" \/>\n<meta property=\"og:url\" content=\"https:\/\/lfh.edu.gr\/el\/etablissement\/offres-emploi\/\" \/>\n<meta property=\"og:site_name\" content=\"Lyc\u00e9e Franco-Hell\u00e9nique Eug\u00e8ne Delacroix\" \/>\n<meta property=\"article:modified_time\" content=\"2026-04-01T08:02:58+00:00\" \/>\n<meta name=\"twitter:card\" content=\"summary_large_image\" \/>\n<meta name=\"twitter:label1\" content=\"\u0395\u03ba\u03c4\u03b9\u03bc\u03ce\u03bc\u03b5\u03bd\u03bf\u03c2 \u03c7\u03c1\u03cc\u03bd\u03bf\u03c2 \u03b1\u03bd\u03ac\u03b3\u03bd\u03c9\u03c3\u03b7\u03c2\" \/>\n\t<meta name=\"twitter:data1\" content=\"2 \u03bb\u03b5\u03c0\u03c4\u03ac\" \/>\n<script type=\"application\/ld+json\" class=\"yoast-schema-graph\">{\"@context\":\"https:\/\/schema.org\",\"@graph\":[{\"@type\":\"WebPage\",\"@id\":\"https:\/\/lfh.edu.gr\/etablissement\/offres-emploi\/\",\"url\":\"https:\/\/lfh.edu.gr\/etablissement\/offres-emploi\/\",\"name\":\"Offres d'emploi - Lyc\u00e9e Franco-Hell\u00e9nique Eug\u00e8ne Delacroix\",\"isPartOf\":{\"@id\":\"https:\/\/lfh.edu.gr\/#website\"},\"datePublished\":\"2025-08-31T14:21:49+00:00\",\"dateModified\":\"2026-04-01T08:02:58+00:00\",\"description\":\"D\u00e9couvrez les offres d'emploi du Lyc\u00e9e Franco-Hell\u00e9nique Eug\u00e8ne Delacroix \u00e0 Ath\u00e8nes (LFHED).\",\"breadcrumb\":{\"@id\":\"https:\/\/lfh.edu.gr\/etablissement\/offres-emploi\/#breadcrumb\"},\"inLanguage\":\"el\",\"potentialAction\":[{\"@type\":\"ReadAction\",\"target\":[\"https:\/\/lfh.edu.gr\/etablissement\/offres-emploi\/\"]}]},{\"@type\":\"BreadcrumbList\",\"@id\":\"https:\/\/lfh.edu.gr\/etablissement\/offres-emploi\/#breadcrumb\",\"itemListElement\":[{\"@type\":\"ListItem\",\"position\":1,\"name\":\"Accueil\",\"item\":\"https:\/\/lfh.edu.gr\/\"},{\"@type\":\"ListItem\",\"position\":2,\"name\":\"\u00c9TABLISSEMENT\",\"item\":\"https:\/\/lfh.edu.gr\/etablissement\/\"},{\"@type\":\"ListItem\",\"position\":3,\"name\":\"Offres d&rsquo;emploi\"}]},{\"@type\":\"WebSite\",\"@id\":\"https:\/\/lfh.edu.gr\/#website\",\"url\":\"https:\/\/lfh.edu.gr\/\",\"name\":\"Lyc\u00e9e Franco-Hell\u00e9nique Eug\u00e8ne Delacroix\",\"description\":\"\",\"potentialAction\":[{\"@type\":\"SearchAction\",\"target\":{\"@type\":\"EntryPoint\",\"urlTemplate\":\"https:\/\/lfh.edu.gr\/?s={search_term_string}\"},\"query-input\":{\"@type\":\"PropertyValueSpecification\",\"valueRequired\":true,\"valueName\":\"search_term_string\"}}],\"inLanguage\":\"el\"}]}<\/script>\n<!-- \/ Yoast SEO plugin. -->","yoast_head_json":{"title":"Offres d'emploi - Lyc\u00e9e Franco-Hell\u00e9nique Eug\u00e8ne Delacroix","description":"D\u00e9couvrez les offres d'emploi du Lyc\u00e9e Franco-Hell\u00e9nique Eug\u00e8ne Delacroix \u00e0 Ath\u00e8nes (LFHED).","robots":{"index":"index","follow":"nofollow","max-snippet":"max-snippet:-1","max-image-preview":"max-image-preview:large","max-video-preview":"max-video-preview:-1"},"canonical":"https:\/\/lfh.edu.gr\/el\/etablissement\/offres-emploi\/","og_locale":"el_GR","og_type":"article","og_title":"Offres d'emploi - Lyc\u00e9e Franco-Hell\u00e9nique Eug\u00e8ne Delacroix","og_description":"D\u00e9couvrez les offres d'emploi du Lyc\u00e9e Franco-Hell\u00e9nique Eug\u00e8ne Delacroix \u00e0 Ath\u00e8nes (LFHED).","og_url":"https:\/\/lfh.edu.gr\/el\/etablissement\/offres-emploi\/","og_site_name":"Lyc\u00e9e Franco-Hell\u00e9nique Eug\u00e8ne Delacroix","article_modified_time":"2026-04-01T08:02:58+00:00","twitter_card":"summary_large_image","twitter_misc":{"\u0395\u03ba\u03c4\u03b9\u03bc\u03ce\u03bc\u03b5\u03bd\u03bf\u03c2 \u03c7\u03c1\u03cc\u03bd\u03bf\u03c2 \u03b1\u03bd\u03ac\u03b3\u03bd\u03c9\u03c3\u03b7\u03c2":"2 \u03bb\u03b5\u03c0\u03c4\u03ac"},"schema":{"@context":"https:\/\/schema.org","@graph":[{"@type":"WebPage","@id":"https:\/\/lfh.edu.gr\/etablissement\/offres-emploi\/","url":"https:\/\/lfh.edu.gr\/etablissement\/offres-emploi\/","name":"Offres d'emploi - Lyc\u00e9e Franco-Hell\u00e9nique Eug\u00e8ne Delacroix","isPartOf":{"@id":"https:\/\/lfh.edu.gr\/#website"},"datePublished":"2025-08-31T14:21:49+00:00","dateModified":"2026-04-01T08:02:58+00:00","description":"D\u00e9couvrez les offres d'emploi du Lyc\u00e9e Franco-Hell\u00e9nique Eug\u00e8ne Delacroix \u00e0 Ath\u00e8nes (LFHED).","breadcrumb":{"@id":"https:\/\/lfh.edu.gr\/etablissement\/offres-emploi\/#breadcrumb"},"inLanguage":"el","potentialAction":[{"@type":"ReadAction","target":["https:\/\/lfh.edu.gr\/etablissement\/offres-emploi\/"]}]},{"@type":"BreadcrumbList","@id":"https:\/\/lfh.edu.gr\/etablissement\/offres-emploi\/#breadcrumb","itemListElement":[{"@type":"ListItem","position":1,"name":"Accueil","item":"https:\/\/lfh.edu.gr\/"},{"@type":"ListItem","position":2,"name":"\u00c9TABLISSEMENT","item":"https:\/\/lfh.edu.gr\/etablissement\/"},{"@type":"ListItem","position":3,"name":"Offres d&rsquo;emploi"}]},{"@type":"WebSite","@id":"https:\/\/lfh.edu.gr\/#website","url":"https:\/\/lfh.edu.gr\/","name":"Lyc\u00e9e Franco-Hell\u00e9nique Eug\u00e8ne Delacroix","description":"","potentialAction":[{"@type":"SearchAction","target":{"@type":"EntryPoint","urlTemplate":"https:\/\/lfh.edu.gr\/?s={search_term_string}"},"query-input":{"@type":"PropertyValueSpecification","valueRequired":true,"valueName":"search_term_string"}}],"inLanguage":"el"}]}},"jetpack_sharing_enabled":true,"_links":{"self":[{"href":"https:\/\/lfh.edu.gr\/el\/wp-json\/wp\/v2\/pages\/269","targetHints":{"allow":["GET"]}}],"collection":[{"href":"https:\/\/lfh.edu.gr\/el\/wp-json\/wp\/v2\/pages"}],"about":[{"href":"https:\/\/lfh.edu.gr\/el\/wp-json\/wp\/v2\/types\/page"}],"author":[{"embeddable":true,"href":"https:\/\/lfh.edu.gr\/el\/wp-json\/wp\/v2\/users\/1"}],"replies":[{"embeddable":true,"href":"https:\/\/lfh.edu.gr\/el\/wp-json\/wp\/v2\/comments?post=269"}],"version-history":[{"count":19,"href":"https:\/\/lfh.edu.gr\/el\/wp-json\/wp\/v2\/pages\/269\/revisions"}],"predecessor-version":[{"id":2836,"href":"https:\/\/lfh.edu.gr\/el\/wp-json\/wp\/v2\/pages\/269\/revisions\/2836"}],"up":[{"embeddable":true,"href":"https:\/\/lfh.edu.gr\/el\/wp-json\/wp\/v2\/pages\/236"}],"wp:attachment":[{"href":"https:\/\/lfh.edu.gr\/el\/wp-json\/wp\/v2\/media?parent=269"}],"curies":[{"name":"wp","href":"https:\/\/api.w.org\/{rel}","templated":true}]}}