{"id":2460,"date":"2026-03-09T14:33:50","date_gmt":"2026-03-09T12:33:50","guid":{"rendered":"https:\/\/lfh.edu.gr\/?page_id=2460"},"modified":"2026-03-09T14:33:50","modified_gmt":"2026-03-09T12:33:50","slug":"les-associations-de-parents-deleves","status":"publish","type":"page","link":"https:\/\/lfh.edu.gr\/el\/etablissement\/les-associations-de-parents-deleves\/","title":{"rendered":"Les associations de Parents d&rsquo;\u00e9l\u00e8ves"},"content":{"rendered":"<section class=\"bde-section-2460-106 bde-section\">\n  \n  \n\t\n\n\n\n<div class=\"section-container\"><div class=\"bde-div-2460-316 bde-div\">\n  \n  \n\t\n\n\n\n<div class=\"bde-div-2460-327 bde-div\">\n  \n  \n\t\n\n\n\n<div class=\"bde-button-2460-328 bde-button\">\n    \n                                    \n    \n    \n    \n    \n            \n                    \n            \n            \n\n    \n    \n    \n    \n    \n    <a class=\"breakdance-link button-atom button-atom--text bde-button__button\" href=\"\/el\/\" target=\"_self\" data-type=\"url\"  >\n\n    \n        <span class=\"button-atom__text\">\u0391\u03c1\u03c7\u03b9\u03ba\u03ae \u03c3\u03b5\u03bb\u03af\u03b4\u03b1<\/span>\n\n        \n        \n                <\/a>\n\n    \n\n\n<\/div><div class=\"bde-text-2460-329 bde-text\">\n\"\n<\/div><div class=\"bde-text-2460-332 bde-text\">\n\u038a\u03b4\u03c1\u03c5\u03c3\u03b7\n<\/div>\n<\/div><h1 class=\"bde-heading-2460-318 bde-heading\">\nLes associations de parents d'\u00e9l\u00e8ves \n<\/h1>\n<\/div><div class=\"bde-rich-text-2460-321 bde-rich-text breakdance-rich-text-styles\">\n<p>Elles ont pour mission la d\u00e9fense des int\u00e9r\u00eats moraux et mat\u00e9riels communs aux parents d'\u00e9l\u00e8ves, \u00e0 travers leur participation \u00e0 diff\u00e9rentes instances que sont les conseils d\u2019\u00e9coles, les conseils de classe et les conseils d\u2019\u00e9tablissement. Leur principal interlocuteur est la direction de l\u2019\u00e9tablissement scolaire.<\/p>\n<p>Les repr\u00e9sentants des parents sont consult\u00e9s sur l'organisation de la vie scolaire (projets p\u00e9dagogiques, r\u00e8glement int\u00e9rieur, offre de langues...) et p\u00e9riscolaire (transports scolaires, restauration, AES...).<\/p>\n<p>Des parents peuvent solliciter leurs repr\u00e9sentants \u00e9lus pour soumettre une question ou un probl\u00e8me d\u2019int\u00e9r\u00eat g\u00e9n\u00e9ral au conseil d\u2019\u00e9cole et\/ou au conseil d'\u00e9tablissement.<\/p>\n<\/div><div class=\"bde-div-2460-334 bde-div\">\n  \n  \n\t\n\n\n\n<div class=\"bde-div-2460-319 bde-div\">\n  \n  \n\t\n\n\n\n<h2 class=\"bde-heading-2460-320 bde-heading\">\nles repr\u00e9sentants des parents d'\u00e9l\u00e8ves en Section Fran\u00e7aise\n<\/h2><div class=\"bde-button-2460-335 bde-button\">\n    \n                                    \n    \n    \n    \n    \n            \n                    \n            \n            \n\n    \n    \n    \n    \n    \n    <a class=\"breakdance-link button-atom button-atom--text bde-button__button\" href=\"https:\/\/ape-lfh.net\/wp\/\" target=\"_blank\" data-type=\"url\"  >\n\n    \n        <span class=\"button-atom__text\">L'association des Parents d'\u00e9l\u00e8ves APE-SF<\/span>\n\n        \n                    \n    <span class=\"button-atom__icon-wrapper\">\n\n        \n            <svg class=\"un-arrow-icon\" width=\"10\" height=\"10\" viewbox=\"0 0 10 10\" aria-hidden=\"true\">\n                <g fill-rule=\"evenodd\">\n                    <path class=\"un-arrow-icon_line\" d=\"M0 5h7\"><\/path>\n                    <path class=\"un-arrow-icon_arrow\" d=\"M1 1l4 4-4 4\"><\/path>\n                <\/g>\n            <\/svg>\n\n        \n    <\/span>\n\n\n        \n                <\/a>\n\n    \n\n\n<\/div><div class=\"bde-button-2460-338 bde-button\">\n    \n                                    \n    \n    \n    \n    \n            \n                    \n            \n            \n\n    \n    \n    \n    \n    \n    <a class=\"breakdance-link button-atom button-atom--text bde-button__button\" href=\"https:\/\/cpe-lfhed.com\/\" target=\"_blank\" data-type=\"url\"  >\n\n    \n        <span class=\"button-atom__text\">L'association des Parents d'\u00e9l\u00e8ves CPE-SF<\/span>\n\n        \n                    \n    <span class=\"button-atom__icon-wrapper\">\n\n        \n            <svg class=\"un-arrow-icon\" width=\"10\" height=\"10\" viewbox=\"0 0 10 10\" aria-hidden=\"true\">\n                <g fill-rule=\"evenodd\">\n                    <path class=\"un-arrow-icon_line\" d=\"M0 5h7\"><\/path>\n                    <path class=\"un-arrow-icon_arrow\" d=\"M1 1l4 4-4 4\"><\/path>\n                <\/g>\n            <\/svg>\n\n        \n    <\/span>\n\n\n        \n                <\/a>\n\n    \n\n\n<\/div>\n<\/div><div class=\"bde-div-2460-323 bde-div\">\n  \n  \n\t\n\n\n\n<h2 class=\"bde-heading-2460-333 bde-heading\">\nles repr\u00e9sentants des parents d'\u00e9l\u00e8ves en Section Hell\u00e9nique\n<\/h2><div class=\"bde-button-2460-336 bde-button\">\n    \n                                    \n    \n    \n    \n    \n            \n                    \n            \n            \n\n    \n    \n    \n    \n    \n    <a class=\"breakdance-link button-atom button-atom--text bde-button__button\" href=\"https:\/\/www.facebook.com\/paLFHEDsh\/?locale=el_GR\" target=\"_blank\" data-type=\"url\"  >\n\n    \n        <span class=\"button-atom__text\">L'association des parents d'\u00e9l\u00e8ves APE-SH<\/span>\n\n        \n                    \n    <span class=\"button-atom__icon-wrapper\">\n\n        \n            <svg class=\"un-arrow-icon\" width=\"10\" height=\"10\" viewbox=\"0 0 10 10\" aria-hidden=\"true\">\n                <g fill-rule=\"evenodd\">\n                    <path class=\"un-arrow-icon_line\" d=\"M0 5h7\"><\/path>\n                    <path class=\"un-arrow-icon_arrow\" d=\"M1 1l4 4-4 4\"><\/path>\n                <\/g>\n            <\/svg>\n\n        \n    <\/span>\n\n\n        \n                <\/a>\n\n    \n\n\n<\/div>\n<\/div>\n<\/div><\/div>\n<\/section>","protected":false},"excerpt":{"rendered":"<p>Accueil \u00bb \u00c9tablissement Les associations de parents d&rsquo;\u00e9l\u00e8ves Elles ont pour mission la d\u00e9fense des int\u00e9r\u00eats moraux et mat\u00e9riels communs aux parents d&rsquo;\u00e9l\u00e8ves, \u00e0 travers leur participation \u00e0 diff\u00e9rentes instances que sont les conseils d\u2019\u00e9coles, les conseils de classe et les conseils d\u2019\u00e9tablissement. Leur principal interlocuteur est la direction de l\u2019\u00e9tablissement scolaire. Les repr\u00e9sentants des [&hellip;]<\/p>","protected":false},"author":4,"featured_media":0,"parent":236,"menu_order":0,"comment_status":"closed","ping_status":"closed","template":"","meta":{"inline_featured_image":false,"_breakdance_hide_in_design_set":false,"_breakdance_tags":"","footnotes":""},"class_list":["post-2460","page","type-page","status-publish","hentry"],"yoast_head":"<!-- This site is optimized with the Yoast SEO plugin v24.4 - https:\/\/yoast.com\/wordpress\/plugins\/seo\/ -->\n<title>Les associations de Parents d&#039;\u00e9l\u00e8ves - Lyc\u00e9e Franco-Hell\u00e9nique Eug\u00e8ne Delacroix<\/title>\n<meta name=\"description\" content=\"Apprenez-en plus sur Les associations de Parents d&#039;\u00e9l\u00e8ves du Lyc\u00e9e Franco-Hell\u00e9nique Eug\u00e8ne Delacroix \u00e0 Ath\u00e8nes (LFHED).\" \/>\n<meta name=\"robots\" content=\"index, nofollow, max-snippet:-1, max-image-preview:large, max-video-preview:-1\" \/>\n<link rel=\"canonical\" href=\"https:\/\/lfh.edu.gr\/el\/etablissement\/les-associations-de-parents-deleves\/\" \/>\n<meta property=\"og:locale\" content=\"el_GR\" \/>\n<meta property=\"og:type\" content=\"article\" \/>\n<meta property=\"og:title\" content=\"Les associations de Parents d&#039;\u00e9l\u00e8ves - Lyc\u00e9e Franco-Hell\u00e9nique Eug\u00e8ne Delacroix\" \/>\n<meta property=\"og:description\" content=\"Apprenez-en plus sur Les associations de Parents d&#039;\u00e9l\u00e8ves du Lyc\u00e9e Franco-Hell\u00e9nique Eug\u00e8ne Delacroix \u00e0 Ath\u00e8nes (LFHED).\" \/>\n<meta property=\"og:url\" content=\"https:\/\/lfh.edu.gr\/el\/etablissement\/les-associations-de-parents-deleves\/\" \/>\n<meta property=\"og:site_name\" content=\"Lyc\u00e9e Franco-Hell\u00e9nique Eug\u00e8ne Delacroix\" \/>\n<meta name=\"twitter:card\" content=\"summary_large_image\" \/>\n<meta name=\"twitter:label1\" content=\"\u0395\u03ba\u03c4\u03b9\u03bc\u03ce\u03bc\u03b5\u03bd\u03bf\u03c2 \u03c7\u03c1\u03cc\u03bd\u03bf\u03c2 \u03b1\u03bd\u03ac\u03b3\u03bd\u03c9\u03c3\u03b7\u03c2\" \/>\n\t<meta name=\"twitter:data1\" content=\"1 \u03bb\u03b5\u03c0\u03c4\u03cc\" \/>\n<script type=\"application\/ld+json\" class=\"yoast-schema-graph\">{\"@context\":\"https:\/\/schema.org\",\"@graph\":[{\"@type\":\"WebPage\",\"@id\":\"https:\/\/lfh.edu.gr\/etablissement\/les-associations-de-parents-deleves\/\",\"url\":\"https:\/\/lfh.edu.gr\/etablissement\/les-associations-de-parents-deleves\/\",\"name\":\"Les associations de Parents d'\u00e9l\u00e8ves - Lyc\u00e9e Franco-Hell\u00e9nique Eug\u00e8ne Delacroix\",\"isPartOf\":{\"@id\":\"https:\/\/lfh.edu.gr\/#website\"},\"datePublished\":\"2026-03-09T12:33:50+00:00\",\"description\":\"Apprenez-en plus sur Les associations de Parents d'\u00e9l\u00e8ves du Lyc\u00e9e Franco-Hell\u00e9nique Eug\u00e8ne Delacroix \u00e0 Ath\u00e8nes (LFHED).\",\"breadcrumb\":{\"@id\":\"https:\/\/lfh.edu.gr\/etablissement\/les-associations-de-parents-deleves\/#breadcrumb\"},\"inLanguage\":\"el\",\"potentialAction\":[{\"@type\":\"ReadAction\",\"target\":[\"https:\/\/lfh.edu.gr\/etablissement\/les-associations-de-parents-deleves\/\"]}]},{\"@type\":\"BreadcrumbList\",\"@id\":\"https:\/\/lfh.edu.gr\/etablissement\/les-associations-de-parents-deleves\/#breadcrumb\",\"itemListElement\":[{\"@type\":\"ListItem\",\"position\":1,\"name\":\"Accueil\",\"item\":\"https:\/\/lfh.edu.gr\/\"},{\"@type\":\"ListItem\",\"position\":2,\"name\":\"\u00c9TABLISSEMENT\",\"item\":\"https:\/\/lfh.edu.gr\/etablissement\/\"},{\"@type\":\"ListItem\",\"position\":3,\"name\":\"Les associations de Parents d&rsquo;\u00e9l\u00e8ves\"}]},{\"@type\":\"WebSite\",\"@id\":\"https:\/\/lfh.edu.gr\/#website\",\"url\":\"https:\/\/lfh.edu.gr\/\",\"name\":\"Lyc\u00e9e Franco-Hell\u00e9nique Eug\u00e8ne Delacroix\",\"description\":\"\",\"potentialAction\":[{\"@type\":\"SearchAction\",\"target\":{\"@type\":\"EntryPoint\",\"urlTemplate\":\"https:\/\/lfh.edu.gr\/?s={search_term_string}\"},\"query-input\":{\"@type\":\"PropertyValueSpecification\",\"valueRequired\":true,\"valueName\":\"search_term_string\"}}],\"inLanguage\":\"el\"}]}<\/script>\n<!-- \/ Yoast SEO plugin. -->","yoast_head_json":{"title":"Les associations de Parents d'\u00e9l\u00e8ves - Lyc\u00e9e Franco-Hell\u00e9nique Eug\u00e8ne Delacroix","description":"Apprenez-en plus sur Les associations de Parents d'\u00e9l\u00e8ves du Lyc\u00e9e Franco-Hell\u00e9nique Eug\u00e8ne Delacroix \u00e0 Ath\u00e8nes (LFHED).","robots":{"index":"index","follow":"nofollow","max-snippet":"max-snippet:-1","max-image-preview":"max-image-preview:large","max-video-preview":"max-video-preview:-1"},"canonical":"https:\/\/lfh.edu.gr\/el\/etablissement\/les-associations-de-parents-deleves\/","og_locale":"el_GR","og_type":"article","og_title":"Les associations de Parents d'\u00e9l\u00e8ves - Lyc\u00e9e Franco-Hell\u00e9nique Eug\u00e8ne Delacroix","og_description":"Apprenez-en plus sur Les associations de Parents d'\u00e9l\u00e8ves du Lyc\u00e9e Franco-Hell\u00e9nique Eug\u00e8ne Delacroix \u00e0 Ath\u00e8nes (LFHED).","og_url":"https:\/\/lfh.edu.gr\/el\/etablissement\/les-associations-de-parents-deleves\/","og_site_name":"Lyc\u00e9e Franco-Hell\u00e9nique Eug\u00e8ne Delacroix","twitter_card":"summary_large_image","twitter_misc":{"\u0395\u03ba\u03c4\u03b9\u03bc\u03ce\u03bc\u03b5\u03bd\u03bf\u03c2 \u03c7\u03c1\u03cc\u03bd\u03bf\u03c2 \u03b1\u03bd\u03ac\u03b3\u03bd\u03c9\u03c3\u03b7\u03c2":"1 \u03bb\u03b5\u03c0\u03c4\u03cc"},"schema":{"@context":"https:\/\/schema.org","@graph":[{"@type":"WebPage","@id":"https:\/\/lfh.edu.gr\/etablissement\/les-associations-de-parents-deleves\/","url":"https:\/\/lfh.edu.gr\/etablissement\/les-associations-de-parents-deleves\/","name":"Les associations de Parents d'\u00e9l\u00e8ves - Lyc\u00e9e Franco-Hell\u00e9nique Eug\u00e8ne Delacroix","isPartOf":{"@id":"https:\/\/lfh.edu.gr\/#website"},"datePublished":"2026-03-09T12:33:50+00:00","description":"Apprenez-en plus sur Les associations de Parents d'\u00e9l\u00e8ves du Lyc\u00e9e Franco-Hell\u00e9nique Eug\u00e8ne Delacroix \u00e0 Ath\u00e8nes (LFHED).","breadcrumb":{"@id":"https:\/\/lfh.edu.gr\/etablissement\/les-associations-de-parents-deleves\/#breadcrumb"},"inLanguage":"el","potentialAction":[{"@type":"ReadAction","target":["https:\/\/lfh.edu.gr\/etablissement\/les-associations-de-parents-deleves\/"]}]},{"@type":"BreadcrumbList","@id":"https:\/\/lfh.edu.gr\/etablissement\/les-associations-de-parents-deleves\/#breadcrumb","itemListElement":[{"@type":"ListItem","position":1,"name":"Accueil","item":"https:\/\/lfh.edu.gr\/"},{"@type":"ListItem","position":2,"name":"\u00c9TABLISSEMENT","item":"https:\/\/lfh.edu.gr\/etablissement\/"},{"@type":"ListItem","position":3,"name":"Les associations de Parents d&rsquo;\u00e9l\u00e8ves"}]},{"@type":"WebSite","@id":"https:\/\/lfh.edu.gr\/#website","url":"https:\/\/lfh.edu.gr\/","name":"Lyc\u00e9e Franco-Hell\u00e9nique Eug\u00e8ne Delacroix","description":"","potentialAction":[{"@type":"SearchAction","target":{"@type":"EntryPoint","urlTemplate":"https:\/\/lfh.edu.gr\/?s={search_term_string}"},"query-input":{"@type":"PropertyValueSpecification","valueRequired":true,"valueName":"search_term_string"}}],"inLanguage":"el"}]}},"jetpack_sharing_enabled":true,"_links":{"self":[{"href":"https:\/\/lfh.edu.gr\/el\/wp-json\/wp\/v2\/pages\/2460","targetHints":{"allow":["GET"]}}],"collection":[{"href":"https:\/\/lfh.edu.gr\/el\/wp-json\/wp\/v2\/pages"}],"about":[{"href":"https:\/\/lfh.edu.gr\/el\/wp-json\/wp\/v2\/types\/page"}],"author":[{"embeddable":true,"href":"https:\/\/lfh.edu.gr\/el\/wp-json\/wp\/v2\/users\/4"}],"replies":[{"embeddable":true,"href":"https:\/\/lfh.edu.gr\/el\/wp-json\/wp\/v2\/comments?post=2460"}],"version-history":[{"count":2,"href":"https:\/\/lfh.edu.gr\/el\/wp-json\/wp\/v2\/pages\/2460\/revisions"}],"predecessor-version":[{"id":2463,"href":"https:\/\/lfh.edu.gr\/el\/wp-json\/wp\/v2\/pages\/2460\/revisions\/2463"}],"up":[{"embeddable":true,"href":"https:\/\/lfh.edu.gr\/el\/wp-json\/wp\/v2\/pages\/236"}],"wp:attachment":[{"href":"https:\/\/lfh.edu.gr\/el\/wp-json\/wp\/v2\/media?parent=2460"}],"curies":[{"name":"wp","href":"https:\/\/api.w.org\/{rel}","templated":true}]}}