{"id":2337,"date":"2026-03-03T12:35:24","date_gmt":"2026-03-03T10:35:24","guid":{"rendered":"https:\/\/lfh.edu.gr\/?page_id=2337"},"modified":"2026-03-04T13:50:26","modified_gmt":"2026-03-04T11:50:26","slug":"concours-%ce%b4%ce%b9%ce%b1%ce%b3%cf%89%ce%bd%ce%b9%cf%83%ce%bc%ce%bf%ce%b9","status":"publish","type":"page","link":"https:\/\/lfh.edu.gr\/el\/concours-%ce%b4%ce%b9%ce%b1%ce%b3%cf%89%ce%bd%ce%b9%cf%83%ce%bc%ce%bf%ce%b9\/","title":{"rendered":"CONCOURS \/ \u0394\u0399\u0391\u0393\u03a9\u039d\u0399\u03a3\u039c\u039f\u0399"},"content":{"rendered":"<section class=\"bde-section-2337-100 bde-section\">\n  \n  \n\t\n\n\n\n<div class=\"section-container\"><h1 class=\"bde-heading-2337-114 bde-heading\">\nCONCOURS \/ \u0394\u0399\u0391\u0393\u03a9\u039d\u0399\u03a3\u039c\u039f\u0399\n<\/h1><div class=\"bde-accordion-2337-103 bde-accordion bde-accordion--bordered\"><div class=\"bde-accordion__content-wrapper-2337-104 bde-accordion__content-wrapper\">\n<h3 class=\"bde-accordion__title-tag\">\n  <button type=\"button\" class=\"bde-accordion__button\" id=\"accordion-button-104\" aria-controls=\"accordion-panel-104\" aria-expanded=\"false\">\n     <span class=\"bde-accordion__title\" >\u2022\t\u039c\u03b1\u03b8\u03b7\u03c4\u03b9\u03ba\u03bf\u03c2 \u03b4\u03b9\u03b1\u03b3\u03c9\u03bd\u03b9\u03c3\u03bc\u03bf\u03c2 \u00ab\u039e\u03b5\u03ba\u03b9\u03bd\u03c9\u03bd\u03c4\u03b1\u03c2 \u03b1\u03c0\u03bf \u03b5\u03bd\u03b1 \u03c0\u03bf\u03b9\u03b7\u03bc\u03b1\u00bb<\/span>\n     <span class=\"bde-accordion__icon bde-accordion__icon--default\"><\/span>\n     <span class=\"bde-accordion__icon bde-accordion__icon--active\"><\/span>\n  <\/button>\n<\/h3>\n\n<div role=\"region\" class=\"bde-accordion__panel\" id=\"accordion-panel-104\" aria-labelledby=\"accordion-button-104\">\n    <div class=\"bde-accordion__panel-content\">\n        <div class=\"bde-button-2337-115 bde-button\">\n    \n                                    \n    \n    \n    \n    \n            \n                    \n            \n            \n\n    \n    \n    \n    \n    \n    <a class=\"breakdance-link button-atom button-atom--secondary bde-button__button\" href=\"https:\/\/lfh.edu.gr\/wordpress\/wp-content\/uploads\/2026\/03\/\u039c\u0391\u0398\u0397\u03a4\u0399\u039a\u039f\u03a3-\u0394\u0399\u0391\u0393\u03a9\u039d\u0399\u03a3\u039c\u039f\u03a3-\u039e\u03b5\u03ba\u03b9\u03bd\u03ce\u03bd\u03c4\u03b1\u03c2-\u03b1\u03c0\u03cc-\u03ad\u03bd\u03b1-\u03a0\u03bf\u03af\u03b7\u03bc\u03b1-2025-2026.pdf\" target=\"_self\" data-type=\"url\"  >\n\n    \n        <span class=\"button-atom__text\">\u03a3\u03cd\u03bd\u03b4\u03b5\u03c3\u03bc\u03bf\u03c2<\/span>\n\n        \n        \n                <\/a>\n\n    \n\n\n<\/div>\n    <\/div>\n<\/div>\n\n\n\n<\/div><div class=\"bde-accordion__content-wrapper-2337-120 bde-accordion__content-wrapper\">\n<h3 class=\"bde-accordion__title-tag\">\n  <button type=\"button\" class=\"bde-accordion__button\" id=\"accordion-button-120\" aria-controls=\"accordion-panel-120\" aria-expanded=\"false\">\n     <span class=\"bde-accordion__title\" >\u2022\t\u039c\u03b1\u03b8\u03b7\u03c4\u03b9\u03ba\u03cc\u03c2 \u0394\u03b9\u03b1\u03b3\u03c9\u03bd\u03b9\u03c3\u03bc\u03cc\u03c2 \u0399\u03c3\u03c4\u03bf\u03c1\u03af\u03b1\u03c2 \u00ab \u0398\u03bf\u03c5\u03ba\u03c5\u03b4\u03af\u03b4\u03b7\u03c2 \u00bb<\/span>\n     <span class=\"bde-accordion__icon bde-accordion__icon--default\"><\/span>\n     <span class=\"bde-accordion__icon bde-accordion__icon--active\"><\/span>\n  <\/button>\n<\/h3>\n\n<div role=\"region\" class=\"bde-accordion__panel\" id=\"accordion-panel-120\" aria-labelledby=\"accordion-button-120\">\n    <div class=\"bde-accordion__panel-content\">\n        <div class=\"bde-button-2337-121 bde-button\">\n    \n                                    \n    \n    \n    \n    \n            \n                    \n            \n            \n\n    \n    \n    \n    \n    \n    <a class=\"breakdance-link button-atom button-atom--secondary bde-button__button\" href=\"https:\/\/lfh.edu.gr\/el\/blog\/4%CE%BF%CF%82-%CE%BC%CE%B1%CE%B8%CE%B7%CF%84%CE%B9%CE%BA%CF%8C%CF%82-%CE%B4%CE%B9%CE%B1%CE%B3%CF%89%CE%BD%CE%B9%CF%83%CE%BC%CF%8C%CF%82-%CE%B9%CF%83%CF%84%CE%BF%CF%81%CE%AF%CE%B1%CF%82-%CE%B8\/\" target=\"_self\" data-type=\"url\"  >\n\n    \n        <span class=\"button-atom__text\">\u03a3\u03cd\u03bd\u03b4\u03b5\u03c3\u03bc\u03bf\u03c2<\/span>\n\n        \n        \n                <\/a>\n\n    \n\n\n<\/div>\n    <\/div>\n<\/div>\n\n\n\n<\/div><div class=\"bde-accordion__content-wrapper-2337-108 bde-accordion__content-wrapper\">\n<h3 class=\"bde-accordion__title-tag\">\n  <button type=\"button\" class=\"bde-accordion__button\" id=\"accordion-button-108\" aria-controls=\"accordion-panel-108\" aria-expanded=\"false\">\n     <span class=\"bde-accordion__title\" >\u2022\tConcours de math\u00e9matiques Henri Poincar\u00e9<\/span>\n     <span class=\"bde-accordion__icon bde-accordion__icon--default\"><\/span>\n     <span class=\"bde-accordion__icon bde-accordion__icon--active\"><\/span>\n  <\/button>\n<\/h3>\n\n<div role=\"region\" class=\"bde-accordion__panel\" id=\"accordion-panel-108\" aria-labelledby=\"accordion-button-108\">\n    <div class=\"bde-accordion__panel-content\">\n        <div class=\"bde-button-2337-117 bde-button\">\n    \n                                    \n    \n    \n    \n    \n            \n                    \n            \n            \n\n    \n    \n    \n    \n    \n    <a class=\"breakdance-link button-atom button-atom--secondary bde-button__button\" href=\"https:\/\/www.concourshenripoincare.fr\/\" target=\"_self\" data-type=\"url\"  >\n\n    \n        <span class=\"button-atom__text\">Lien<\/span>\n\n        \n        \n                <\/a>\n\n    \n\n\n<\/div>\n    <\/div>\n<\/div>\n\n\n\n<\/div><div class=\"bde-accordion__content-wrapper-2337-110 bde-accordion__content-wrapper\">\n<h3 class=\"bde-accordion__title-tag\">\n  <button type=\"button\" class=\"bde-accordion__button\" id=\"accordion-button-110\" aria-controls=\"accordion-panel-110\" aria-expanded=\"false\">\n     <span class=\"bde-accordion__title\" >\u2022\t\u0394\u03b9\u03b1\u03b3\u03c9\u03bd\u03b9\u03c3\u03bc\u03cc\u03c2 Henri Poincar\u00e9<\/span>\n     <span class=\"bde-accordion__icon bde-accordion__icon--default\"><\/span>\n     <span class=\"bde-accordion__icon bde-accordion__icon--active\"><\/span>\n  <\/button>\n<\/h3>\n\n<div role=\"region\" class=\"bde-accordion__panel\" id=\"accordion-panel-110\" aria-labelledby=\"accordion-button-110\">\n    <div class=\"bde-accordion__panel-content\">\n        <div class=\"bde-button-2337-118 bde-button\">\n    \n                                    \n    \n    \n    \n    \n            \n                    \n            \n            \n\n    \n    \n    \n    \n    \n    <a class=\"breakdance-link button-atom button-atom--secondary bde-button__button\" href=\"https:\/\/www.concourshenripoincare.fr\/le-concours-en-grece\" target=\"_self\" data-type=\"url\"  >\n\n    \n        <span class=\"button-atom__text\">\u03a3\u03cd\u03bd\u03b4\u03b5\u03c3\u03bc\u03bf\u03c2<\/span>\n\n        \n        \n                <\/a>\n\n    \n\n\n<\/div>\n    <\/div>\n<\/div>\n\n\n\n<\/div><div class=\"bde-accordion__content-wrapper-2337-112 bde-accordion__content-wrapper\">\n<h3 class=\"bde-accordion__title-tag\">\n  <button type=\"button\" class=\"bde-accordion__button\" id=\"accordion-button-112\" aria-controls=\"accordion-panel-112\" aria-expanded=\"false\">\n     <span class=\"bde-accordion__title\" >\u2022\t\u0394\u03b9\u03b1\u03b3\u03c9\u03bd\u03b9\u03c3\u03bc\u03cc\u03c2 \u0395\u03bb\u03bb\u03b7\u03bd\u03b9\u03ba\u03ae\u03c2 \u039c\u03b1\u03b8\u03b7\u03bc\u03b1\u03c4\u03b9\u03ba\u03ae\u03c2 \u0395\u03c4\u03b1\u03b9\u03c1\u03b5\u03af\u03b1\u03c2 \u03a0\u03c5\u03b8\u03b1\u03b3\u03cc\u03c1\u03b1\u03c2<\/span>\n     <span class=\"bde-accordion__icon bde-accordion__icon--default\"><\/span>\n     <span class=\"bde-accordion__icon bde-accordion__icon--active\"><\/span>\n  <\/button>\n<\/h3>\n\n<div role=\"region\" class=\"bde-accordion__panel\" id=\"accordion-panel-112\" aria-labelledby=\"accordion-button-112\">\n    <div class=\"bde-accordion__panel-content\">\n        \n    <\/div>\n<\/div>\n\n\n\n<\/div>\r\n\r\n<\/div><\/div>\n<\/section>","protected":false},"excerpt":{"rendered":"<p>CONCOURS \/ \u0394\u0399\u0391\u0393\u03a9\u039d\u0399\u03a3\u039c\u039f\u0399 \u2022 \u039c\u03b1\u03b8\u03b7\u03c4\u03b9\u03ba\u03bf\u03c2 \u03b4\u03b9\u03b1\u03b3\u03c9\u03bd\u03b9\u03c3\u03bc\u03bf\u03c2 \u00ab\u039e\u03b5\u03ba\u03b9\u03bd\u03c9\u03bd\u03c4\u03b1\u03c2 \u03b1\u03c0\u03bf \u03b5\u03bd\u03b1 \u03c0\u03bf\u03b9\u03b7\u03bc\u03b1\u00bb \u03a3\u03cd\u03bd\u03b4\u03b5\u03c3\u03bc\u03bf\u03c2 \u2022 \u039c\u03b1\u03b8\u03b7\u03c4\u03b9\u03ba\u03cc\u03c2 \u0394\u03b9\u03b1\u03b3\u03c9\u03bd\u03b9\u03c3\u03bc\u03cc\u03c2 \u0399\u03c3\u03c4\u03bf\u03c1\u03af\u03b1\u03c2 \u00ab \u0398\u03bf\u03c5\u03ba\u03c5\u03b4\u03af\u03b4\u03b7\u03c2 \u00bb \u03a3\u03cd\u03bd\u03b4\u03b5\u03c3\u03bc\u03bf\u03c2 \u2022 Concours de math\u00e9matiques Henri Poincar\u00e9 Lien \u2022 \u0394\u03b9\u03b1\u03b3\u03c9\u03bd\u03b9\u03c3\u03bc\u03cc\u03c2 Henri Poincar\u00e9 \u03a3\u03cd\u03bd\u03b4\u03b5\u03c3\u03bc\u03bf\u03c2 \u2022 \u0394\u03b9\u03b1\u03b3\u03c9\u03bd\u03b9\u03c3\u03bc\u03cc\u03c2 \u0395\u03bb\u03bb\u03b7\u03bd\u03b9\u03ba\u03ae\u03c2 \u039c\u03b1\u03b8\u03b7\u03bc\u03b1\u03c4\u03b9\u03ba\u03ae\u03c2 \u0395\u03c4\u03b1\u03b9\u03c1\u03b5\u03af\u03b1\u03c2 \u03a0\u03c5\u03b8\u03b1\u03b3\u03cc\u03c1\u03b1\u03c2<\/p>","protected":false},"author":5,"featured_media":0,"parent":0,"menu_order":0,"comment_status":"closed","ping_status":"closed","template":"","meta":{"inline_featured_image":false,"_breakdance_hide_in_design_set":false,"_breakdance_tags":"","footnotes":""},"class_list":["post-2337","page","type-page","status-publish","hentry"],"yoast_head":"<!-- This site is optimized with the Yoast SEO plugin v24.4 - https:\/\/yoast.com\/wordpress\/plugins\/seo\/ -->\n<title>CONCOURS \/ \u0394\u0399\u0391\u0393\u03a9\u039d\u0399\u03a3\u039c\u039f\u0399 - Lyc\u00e9e Franco-Hell\u00e9nique Eug\u00e8ne Delacroix<\/title>\n<meta name=\"robots\" content=\"index, follow, max-snippet:-1, max-image-preview:large, max-video-preview:-1\" \/>\n<link rel=\"canonical\" href=\"https:\/\/lfh.edu.gr\/el\/concours-\u03b4\u03b9\u03b1\u03b3\u03c9\u03bd\u03b9\u03c3\u03bc\u03bf\u03b9\/\" \/>\n<meta property=\"og:locale\" content=\"el_GR\" \/>\n<meta property=\"og:type\" content=\"article\" \/>\n<meta property=\"og:title\" content=\"CONCOURS \/ \u0394\u0399\u0391\u0393\u03a9\u039d\u0399\u03a3\u039c\u039f\u0399 - Lyc\u00e9e Franco-Hell\u00e9nique Eug\u00e8ne Delacroix\" \/>\n<meta property=\"og:description\" content=\"CONCOURS \/ \u0394\u0399\u0391\u0393\u03a9\u039d\u0399\u03a3\u039c\u039f\u0399 \u2022 \u039c\u03b1\u03b8\u03b7\u03c4\u03b9\u03ba\u03bf\u03c2 \u03b4\u03b9\u03b1\u03b3\u03c9\u03bd\u03b9\u03c3\u03bc\u03bf\u03c2 \u00ab\u039e\u03b5\u03ba\u03b9\u03bd\u03c9\u03bd\u03c4\u03b1\u03c2 \u03b1\u03c0\u03bf \u03b5\u03bd\u03b1 \u03c0\u03bf\u03b9\u03b7\u03bc\u03b1\u00bb \u03a3\u03cd\u03bd\u03b4\u03b5\u03c3\u03bc\u03bf\u03c2 \u2022 \u039c\u03b1\u03b8\u03b7\u03c4\u03b9\u03ba\u03cc\u03c2 \u0394\u03b9\u03b1\u03b3\u03c9\u03bd\u03b9\u03c3\u03bc\u03cc\u03c2 \u0399\u03c3\u03c4\u03bf\u03c1\u03af\u03b1\u03c2 \u00ab \u0398\u03bf\u03c5\u03ba\u03c5\u03b4\u03af\u03b4\u03b7\u03c2 \u00bb \u03a3\u03cd\u03bd\u03b4\u03b5\u03c3\u03bc\u03bf\u03c2 \u2022 Concours de math\u00e9matiques Henri Poincar\u00e9 Lien \u2022 \u0394\u03b9\u03b1\u03b3\u03c9\u03bd\u03b9\u03c3\u03bc\u03cc\u03c2 Henri Poincar\u00e9 \u03a3\u03cd\u03bd\u03b4\u03b5\u03c3\u03bc\u03bf\u03c2 \u2022 \u0394\u03b9\u03b1\u03b3\u03c9\u03bd\u03b9\u03c3\u03bc\u03cc\u03c2 \u0395\u03bb\u03bb\u03b7\u03bd\u03b9\u03ba\u03ae\u03c2 \u039c\u03b1\u03b8\u03b7\u03bc\u03b1\u03c4\u03b9\u03ba\u03ae\u03c2 \u0395\u03c4\u03b1\u03b9\u03c1\u03b5\u03af\u03b1\u03c2 \u03a0\u03c5\u03b8\u03b1\u03b3\u03cc\u03c1\u03b1\u03c2\" \/>\n<meta property=\"og:url\" content=\"https:\/\/lfh.edu.gr\/el\/concours-\u03b4\u03b9\u03b1\u03b3\u03c9\u03bd\u03b9\u03c3\u03bc\u03bf\u03b9\/\" \/>\n<meta property=\"og:site_name\" content=\"Lyc\u00e9e Franco-Hell\u00e9nique Eug\u00e8ne Delacroix\" \/>\n<meta property=\"article:modified_time\" content=\"2026-03-04T11:50:26+00:00\" \/>\n<meta name=\"twitter:card\" content=\"summary_large_image\" \/>\n<meta name=\"twitter:label1\" content=\"\u0395\u03ba\u03c4\u03b9\u03bc\u03ce\u03bc\u03b5\u03bd\u03bf\u03c2 \u03c7\u03c1\u03cc\u03bd\u03bf\u03c2 \u03b1\u03bd\u03ac\u03b3\u03bd\u03c9\u03c3\u03b7\u03c2\" \/>\n\t<meta name=\"twitter:data1\" content=\"1 \u03bb\u03b5\u03c0\u03c4\u03cc\" \/>\n<script type=\"application\/ld+json\" class=\"yoast-schema-graph\">{\"@context\":\"https:\/\/schema.org\",\"@graph\":[{\"@type\":\"WebPage\",\"@id\":\"https:\/\/lfh.edu.gr\/concours-%ce%b4%ce%b9%ce%b1%ce%b3%cf%89%ce%bd%ce%b9%cf%83%ce%bc%ce%bf%ce%b9\/\",\"url\":\"https:\/\/lfh.edu.gr\/concours-%ce%b4%ce%b9%ce%b1%ce%b3%cf%89%ce%bd%ce%b9%cf%83%ce%bc%ce%bf%ce%b9\/\",\"name\":\"CONCOURS \/ \u0394\u0399\u0391\u0393\u03a9\u039d\u0399\u03a3\u039c\u039f\u0399 - Lyc\u00e9e Franco-Hell\u00e9nique Eug\u00e8ne Delacroix\",\"isPartOf\":{\"@id\":\"https:\/\/lfh.edu.gr\/#website\"},\"datePublished\":\"2026-03-03T10:35:24+00:00\",\"dateModified\":\"2026-03-04T11:50:26+00:00\",\"breadcrumb\":{\"@id\":\"https:\/\/lfh.edu.gr\/concours-%ce%b4%ce%b9%ce%b1%ce%b3%cf%89%ce%bd%ce%b9%cf%83%ce%bc%ce%bf%ce%b9\/#breadcrumb\"},\"inLanguage\":\"el\",\"potentialAction\":[{\"@type\":\"ReadAction\",\"target\":[\"https:\/\/lfh.edu.gr\/concours-%ce%b4%ce%b9%ce%b1%ce%b3%cf%89%ce%bd%ce%b9%cf%83%ce%bc%ce%bf%ce%b9\/\"]}]},{\"@type\":\"BreadcrumbList\",\"@id\":\"https:\/\/lfh.edu.gr\/concours-%ce%b4%ce%b9%ce%b1%ce%b3%cf%89%ce%bd%ce%b9%cf%83%ce%bc%ce%bf%ce%b9\/#breadcrumb\",\"itemListElement\":[{\"@type\":\"ListItem\",\"position\":1,\"name\":\"Accueil\",\"item\":\"https:\/\/lfh.edu.gr\/\"},{\"@type\":\"ListItem\",\"position\":2,\"name\":\"CONCOURS \/ \u0394\u0399\u0391\u0393\u03a9\u039d\u0399\u03a3\u039c\u039f\u0399\"}]},{\"@type\":\"WebSite\",\"@id\":\"https:\/\/lfh.edu.gr\/#website\",\"url\":\"https:\/\/lfh.edu.gr\/\",\"name\":\"Lyc\u00e9e Franco-Hell\u00e9nique Eug\u00e8ne Delacroix\",\"description\":\"\",\"potentialAction\":[{\"@type\":\"SearchAction\",\"target\":{\"@type\":\"EntryPoint\",\"urlTemplate\":\"https:\/\/lfh.edu.gr\/?s={search_term_string}\"},\"query-input\":{\"@type\":\"PropertyValueSpecification\",\"valueRequired\":true,\"valueName\":\"search_term_string\"}}],\"inLanguage\":\"el\"}]}<\/script>\n<!-- \/ Yoast SEO plugin. -->","yoast_head_json":{"title":"CONCOURS \/ \u0394\u0399\u0391\u0393\u03a9\u039d\u0399\u03a3\u039c\u039f\u0399 - Lyc\u00e9e Franco-Hell\u00e9nique Eug\u00e8ne Delacroix","robots":{"index":"index","follow":"follow","max-snippet":"max-snippet:-1","max-image-preview":"max-image-preview:large","max-video-preview":"max-video-preview:-1"},"canonical":"https:\/\/lfh.edu.gr\/el\/concours-\u03b4\u03b9\u03b1\u03b3\u03c9\u03bd\u03b9\u03c3\u03bc\u03bf\u03b9\/","og_locale":"el_GR","og_type":"article","og_title":"CONCOURS \/ \u0394\u0399\u0391\u0393\u03a9\u039d\u0399\u03a3\u039c\u039f\u0399 - Lyc\u00e9e Franco-Hell\u00e9nique Eug\u00e8ne Delacroix","og_description":"CONCOURS \/ \u0394\u0399\u0391\u0393\u03a9\u039d\u0399\u03a3\u039c\u039f\u0399 \u2022 \u039c\u03b1\u03b8\u03b7\u03c4\u03b9\u03ba\u03bf\u03c2 \u03b4\u03b9\u03b1\u03b3\u03c9\u03bd\u03b9\u03c3\u03bc\u03bf\u03c2 \u00ab\u039e\u03b5\u03ba\u03b9\u03bd\u03c9\u03bd\u03c4\u03b1\u03c2 \u03b1\u03c0\u03bf \u03b5\u03bd\u03b1 \u03c0\u03bf\u03b9\u03b7\u03bc\u03b1\u00bb \u03a3\u03cd\u03bd\u03b4\u03b5\u03c3\u03bc\u03bf\u03c2 \u2022 \u039c\u03b1\u03b8\u03b7\u03c4\u03b9\u03ba\u03cc\u03c2 \u0394\u03b9\u03b1\u03b3\u03c9\u03bd\u03b9\u03c3\u03bc\u03cc\u03c2 \u0399\u03c3\u03c4\u03bf\u03c1\u03af\u03b1\u03c2 \u00ab \u0398\u03bf\u03c5\u03ba\u03c5\u03b4\u03af\u03b4\u03b7\u03c2 \u00bb \u03a3\u03cd\u03bd\u03b4\u03b5\u03c3\u03bc\u03bf\u03c2 \u2022 Concours de math\u00e9matiques Henri Poincar\u00e9 Lien \u2022 \u0394\u03b9\u03b1\u03b3\u03c9\u03bd\u03b9\u03c3\u03bc\u03cc\u03c2 Henri Poincar\u00e9 \u03a3\u03cd\u03bd\u03b4\u03b5\u03c3\u03bc\u03bf\u03c2 \u2022 \u0394\u03b9\u03b1\u03b3\u03c9\u03bd\u03b9\u03c3\u03bc\u03cc\u03c2 \u0395\u03bb\u03bb\u03b7\u03bd\u03b9\u03ba\u03ae\u03c2 \u039c\u03b1\u03b8\u03b7\u03bc\u03b1\u03c4\u03b9\u03ba\u03ae\u03c2 \u0395\u03c4\u03b1\u03b9\u03c1\u03b5\u03af\u03b1\u03c2 \u03a0\u03c5\u03b8\u03b1\u03b3\u03cc\u03c1\u03b1\u03c2","og_url":"https:\/\/lfh.edu.gr\/el\/concours-\u03b4\u03b9\u03b1\u03b3\u03c9\u03bd\u03b9\u03c3\u03bc\u03bf\u03b9\/","og_site_name":"Lyc\u00e9e Franco-Hell\u00e9nique Eug\u00e8ne Delacroix","article_modified_time":"2026-03-04T11:50:26+00:00","twitter_card":"summary_large_image","twitter_misc":{"\u0395\u03ba\u03c4\u03b9\u03bc\u03ce\u03bc\u03b5\u03bd\u03bf\u03c2 \u03c7\u03c1\u03cc\u03bd\u03bf\u03c2 \u03b1\u03bd\u03ac\u03b3\u03bd\u03c9\u03c3\u03b7\u03c2":"1 \u03bb\u03b5\u03c0\u03c4\u03cc"},"schema":{"@context":"https:\/\/schema.org","@graph":[{"@type":"WebPage","@id":"https:\/\/lfh.edu.gr\/concours-%ce%b4%ce%b9%ce%b1%ce%b3%cf%89%ce%bd%ce%b9%cf%83%ce%bc%ce%bf%ce%b9\/","url":"https:\/\/lfh.edu.gr\/concours-%ce%b4%ce%b9%ce%b1%ce%b3%cf%89%ce%bd%ce%b9%cf%83%ce%bc%ce%bf%ce%b9\/","name":"CONCOURS \/ \u0394\u0399\u0391\u0393\u03a9\u039d\u0399\u03a3\u039c\u039f\u0399 - Lyc\u00e9e Franco-Hell\u00e9nique Eug\u00e8ne Delacroix","isPartOf":{"@id":"https:\/\/lfh.edu.gr\/#website"},"datePublished":"2026-03-03T10:35:24+00:00","dateModified":"2026-03-04T11:50:26+00:00","breadcrumb":{"@id":"https:\/\/lfh.edu.gr\/concours-%ce%b4%ce%b9%ce%b1%ce%b3%cf%89%ce%bd%ce%b9%cf%83%ce%bc%ce%bf%ce%b9\/#breadcrumb"},"inLanguage":"el","potentialAction":[{"@type":"ReadAction","target":["https:\/\/lfh.edu.gr\/concours-%ce%b4%ce%b9%ce%b1%ce%b3%cf%89%ce%bd%ce%b9%cf%83%ce%bc%ce%bf%ce%b9\/"]}]},{"@type":"BreadcrumbList","@id":"https:\/\/lfh.edu.gr\/concours-%ce%b4%ce%b9%ce%b1%ce%b3%cf%89%ce%bd%ce%b9%cf%83%ce%bc%ce%bf%ce%b9\/#breadcrumb","itemListElement":[{"@type":"ListItem","position":1,"name":"Accueil","item":"https:\/\/lfh.edu.gr\/"},{"@type":"ListItem","position":2,"name":"CONCOURS \/ \u0394\u0399\u0391\u0393\u03a9\u039d\u0399\u03a3\u039c\u039f\u0399"}]},{"@type":"WebSite","@id":"https:\/\/lfh.edu.gr\/#website","url":"https:\/\/lfh.edu.gr\/","name":"Lyc\u00e9e Franco-Hell\u00e9nique Eug\u00e8ne Delacroix","description":"","potentialAction":[{"@type":"SearchAction","target":{"@type":"EntryPoint","urlTemplate":"https:\/\/lfh.edu.gr\/?s={search_term_string}"},"query-input":{"@type":"PropertyValueSpecification","valueRequired":true,"valueName":"search_term_string"}}],"inLanguage":"el"}]}},"jetpack_sharing_enabled":true,"_links":{"self":[{"href":"https:\/\/lfh.edu.gr\/el\/wp-json\/wp\/v2\/pages\/2337","targetHints":{"allow":["GET"]}}],"collection":[{"href":"https:\/\/lfh.edu.gr\/el\/wp-json\/wp\/v2\/pages"}],"about":[{"href":"https:\/\/lfh.edu.gr\/el\/wp-json\/wp\/v2\/types\/page"}],"author":[{"embeddable":true,"href":"https:\/\/lfh.edu.gr\/el\/wp-json\/wp\/v2\/users\/5"}],"replies":[{"embeddable":true,"href":"https:\/\/lfh.edu.gr\/el\/wp-json\/wp\/v2\/comments?post=2337"}],"version-history":[{"count":13,"href":"https:\/\/lfh.edu.gr\/el\/wp-json\/wp\/v2\/pages\/2337\/revisions"}],"predecessor-version":[{"id":2386,"href":"https:\/\/lfh.edu.gr\/el\/wp-json\/wp\/v2\/pages\/2337\/revisions\/2386"}],"wp:attachment":[{"href":"https:\/\/lfh.edu.gr\/el\/wp-json\/wp\/v2\/media?parent=2337"}],"curies":[{"name":"wp","href":"https:\/\/api.w.org\/{rel}","templated":true}]}}