{"id":226,"date":"2025-08-31T14:22:24","date_gmt":"2025-08-31T14:22:24","guid":{"rendered":"https:\/\/dev.lfh.edu.gr\/site\/?page_id=226"},"modified":"2025-10-04T15:58:42","modified_gmt":"2025-10-04T15:58:42","slug":"manifeste","status":"publish","type":"page","link":"https:\/\/lfh.edu.gr\/el\/etablissement\/manifeste\/","title":{"rendered":"\u039c\u03b9\u03b1 \u03bb\u03ad\u03be\u03b7 \u03b1\u03c0\u03cc \u03c4\u03bf\u03bd \u03b4\u03b9\u03b5\u03c5\u03b8\u03c5\u03bd\u03c4\u03ae"},"content":{"rendered":"<section class=\"bde-section-226-106 bde-section\">\n  \n  \n\t\n\n\n\n<div class=\"section-container\"><div class=\"bde-div-226-316 bde-div\">\n  \n  \n\t\n\n\n\n<div class=\"bde-div-226-327 bde-div\">\n  \n  \n\t\n\n\n\n<div class=\"bde-button-226-328 bde-button\">\n    \n                                    \n    \n    \n    \n    \n            \n                    \n            \n            \n\n    \n    \n    \n    \n    \n    <a class=\"breakdance-link button-atom button-atom--text bde-button__button\" href=\"\/el\/\" target=\"_self\" data-type=\"url\"  >\n\n    \n        <span class=\"button-atom__text\">\u0391\u03c1\u03c7\u03b9\u03ba\u03ae \u03c3\u03b5\u03bb\u03af\u03b4\u03b1<\/span>\n\n        \n        \n                <\/a>\n\n    \n\n\n<\/div><div class=\"bde-text-226-329 bde-text\">\n\"\n<\/div><div class=\"bde-text-226-332 bde-text\">\n\u038a\u03b4\u03c1\u03c5\u03c3\u03b7\n<\/div>\n<\/div><h1 class=\"bde-heading-226-318 bde-heading\">\n\u039c\u03b9\u03b1 \u03bb\u03ad\u03be\u03b7 \u03b1\u03c0\u03cc \u03c4\u03bf\u03bd \u03b4\u03b9\u03b5\u03c5\u03b8\u03c5\u03bd\u03c4\u03ae\n<\/h1>\n<\/div><div class=\"bde-div-226-334 bde-div\">\n  \n  \n\t\n\n\n\n<div class=\"bde-div-226-319 bde-div\">\n  \n  \n\t\n\n\n\n<h2 class=\"bde-heading-226-320 bde-heading\">\n\u039a\u03b1\u03bb\u03ce\u03c2 \u03ae\u03c1\u03b8\u03b1\u03c4\u03b5 \u03c3\u03c4\u03b7\u03bd \u03b9\u03c3\u03c4\u03bf\u03c3\u03b5\u03bb\u03af\u03b4\u03b1 \u03c4\u03bf\u03c5 Lyc\u00e9e Franco-Hell\u00e9nique Eug\u00e8ne Delacroix!\n<\/h2><div class=\"bde-div-226-342 bde-div\">\n  \n  \n\t\n\n\n\n<div class=\"bde-rich-text-226-344 bde-rich-text breakdance-rich-text-styles\">\n<p>\u0395\u03af\u03c4\u03b5 \u03b5\u03af\u03c3\u03c4\u03b5 \u03bc\u03ad\u03bb\u03bf\u03c2 \u03c4\u03b7\u03c2 \u03c3\u03c7\u03bf\u03bb\u03b9\u03ba\u03ae\u03c2 \u03bc\u03b1\u03c2 \u03ba\u03bf\u03b9\u03bd\u03cc\u03c4\u03b7\u03c4\u03b1\u03c2 \u03b5\u03af\u03c4\u03b5 \u03b1\u03c0\u03bb\u03ac \u03c4\u03b7\u03bd \u03b5\u03c0\u03b9\u03c3\u03ba\u03ad\u03c0\u03c4\u03b5\u03c3\u03c4\u03b5 \u03b1\u03c0\u03cc \u03c0\u03b5\u03c1\u03b9\u03ad\u03c1\u03b3\u03b5\u03b9\u03b1, \u03ba\u03b1\u03b8\u03ce\u03c2 \u03b8\u03b1 \u03b4\u03b9\u03b1\u03b2\u03ac\u03b6\u03b5\u03c4\u03b5 \u03c4\u03b9\u03c2 \u03c3\u03b5\u03bb\u03af\u03b4\u03b5\u03c2 \u03ba\u03b1\u03b9 \u03c4\u03b1 \u03ac\u03c1\u03b8\u03c1\u03b1 \u03b8\u03b1 \u03c3\u03c5\u03bd\u03b5\u03b9\u03b4\u03b7\u03c4\u03bf\u03c0\u03bf\u03b9\u03ae\u03c3\u03b5\u03c4\u03b5 \u03c0\u03cc\u03c3\u03bf \u03c0\u03bb\u03bf\u03cd\u03c3\u03b9\u03bf\u03b9 \u03ba\u03b1\u03b9 \u03b1\u03c6\u03bf\u03c3\u03b9\u03c9\u03bc\u03ad\u03bd\u03bf\u03b9 \u03b5\u03af\u03bd\u03b1\u03b9 \u03bf\u03b9 \u03ac\u03bd\u03b8\u03c1\u03c9\u03c0\u03bf\u03b9 \u03c0\u03bf\u03c5 \u03c6\u03c4\u03b9\u03ac\u03c7\u03bd\u03bf\u03c5\u03bd \u03ba\u03b1\u03b9 \u03ad\u03c7\u03bf\u03c5\u03bd \u03c6\u03c4\u03b9\u03ac\u03be\u03b5\u03b9 \u03b1\u03c5\u03c4\u03cc \u03c4\u03bf \u03c3\u03c7\u03bf\u03bb\u03b5\u03af\u03bf, \u03c4\u03bf \u03bf\u03c0\u03bf\u03af\u03bf \u03b1\u03bd\u03ae\u03ba\u03b5\u03b9 \u03c3\u03c4\u03bf \u03b4\u03af\u03ba\u03c4\u03c5\u03bf AEFE \u03ba\u03b1\u03b9 \u03b5\u03af\u03bd\u03b1\u03b9 \u03b5\u03b3\u03ba\u03b5\u03ba\u03c1\u03b9\u03bc\u03ad\u03bd\u03bf \u03b1\u03c0\u03cc \u03c4\u03bf \u03b3\u03b1\u03bb\u03bb\u03b9\u03ba\u03cc \u03a5\u03c0\u03bf\u03c5\u03c1\u03b3\u03b5\u03af\u03bf \u03a0\u03b1\u03b9\u03b4\u03b5\u03af\u03b1\u03c2.<\/p>\n<p>\u03a0\u03bb\u03bf\u03cd\u03c4\u03bf\u03c2 \u03bc\u03ad\u03c3\u03c9 \u03c4\u03b7\u03c2 \u03c0\u03bf\u03b9\u03ba\u03b9\u03bb\u03af\u03b1\u03c2 \u03c4\u03c9\u03bd \u03b4\u03c1\u03ac\u03c3\u03b5\u03c9\u03bd, \u03c4\u03c9\u03bd \u03b5\u03ba\u03b4\u03b7\u03bb\u03ce\u03c3\u03b5\u03c9\u03bd \u03ba\u03b1\u03b9 \u03c4\u03c9\u03bd \u03c0\u03c1\u03bf\u03b3\u03c1\u03b1\u03bc\u03bc\u03ac\u03c4\u03c9\u03bd \u03c0\u03bf\u03c5 \u03c0\u03c1\u03bf\u03c3\u03c6\u03ad\u03c1\u03b5\u03b9 \u03c4\u03bf Lyc\u00e9e Franco-Hellenique (\u03c3\u03c4\u03bf\u03c1\u03b3\u03b9\u03ba\u03ac \u03b3\u03bd\u03c9\u03c3\u03c4\u03cc \u03c9\u03c2 LFH) \u03c3\u03c4\u03bf\u03c5\u03c2 \u03bc\u03b1\u03b8\u03b7\u03c4\u03ad\u03c2 \u03c4\u03bf\u03c5. \u0395\u03ba\u03c4\u03cc\u03c2 \u03b1\u03c0\u03cc \u03c4\u03b7\u03bd \u03b5\u03c6\u03b1\u03c1\u03bc\u03bf\u03b3\u03ae \u03ba\u03b1\u03b9 \u03c4\u03bf\u03bd \u03c3\u03b5\u03b2\u03b1\u03c3\u03bc\u03cc \u03c4\u03bf\u03c5 \u03b3\u03b1\u03bb\u03bb\u03b9\u03ba\u03bf\u03cd \u03c0\u03c1\u03bf\u03b3\u03c1\u03ac\u03bc\u03bc\u03b1\u03c4\u03bf\u03c2 \u03c3\u03c0\u03bf\u03c5\u03b4\u03ce\u03bd, \u03b7 \u03c0\u03bf\u03bb\u03c5\u03c0\u03bf\u03bb\u03b9\u03c4\u03b9\u03c3\u03bc\u03b9\u03ba\u03cc\u03c4\u03b7\u03c4\u03b1 \u03ba\u03b1\u03b9 \u03b7 \u03c0\u03bf\u03bb\u03c5\u03b3\u03bb\u03c9\u03c3\u03c3\u03af\u03b1 \u03ad\u03c7\u03bf\u03c5\u03bd \u03b5\u03c0\u03af\u03c3\u03b7\u03c2 \u03b5\u03be\u03ad\u03c7\u03bf\u03c5\u03c3\u03b1 \u03b8\u03ad\u03c3\u03b7. \u0393\u03b9\u03b1 \u03c4\u03bf \u03bb\u03cc\u03b3\u03bf \u03b1\u03c5\u03c4\u03cc, \u03c4\u03bf \u03c3\u03c7\u03bf\u03bb\u03b5\u03af\u03bf \u03b4\u03b9\u03b1\u03b8\u03ad\u03c4\u03b5\u03b9 \u03b5\u03bb\u03bb\u03b7\u03bd\u03b9\u03ba\u03cc \u03c4\u03bc\u03ae\u03bc\u03b1 \u03c3\u03c4\u03b9\u03c2 \u03b5\u03b3\u03ba\u03b1\u03c4\u03b1\u03c3\u03c4\u03ac\u03c3\u03b5\u03b9\u03c2 \u03c4\u03bf\u03c5, \u03c4\u03bf \u03bf\u03c0\u03bf\u03af\u03bf \u03b1\u03ba\u03bf\u03bb\u03bf\u03c5\u03b8\u03b5\u03af \u03c4\u03bf \u03c0\u03c1\u03cc\u03b3\u03c1\u03b1\u03bc\u03bc\u03b1 \u03c3\u03c0\u03bf\u03c5\u03b4\u03ce\u03bd \u03c0\u03bf\u03c5 \u03bf\u03c1\u03af\u03b6\u03b5\u03b9 \u03c4\u03bf \u03b5\u03bb\u03bb\u03b7\u03bd\u03b9\u03ba\u03cc \u03a5\u03c0\u03bf\u03c5\u03c1\u03b3\u03b5\u03af\u03bf \u03a0\u03b1\u03b9\u03b4\u03b5\u03af\u03b1\u03c2. \u0397 \u03c0\u03b1\u03c1\u03bf\u03c5\u03c3\u03af\u03b1 \u03b5\u03bd\u03cc\u03c2 \u03b4\u03b9\u03b5\u03b8\u03bd\u03bf\u03cd\u03c2 \u03b2\u03c1\u03b5\u03c4\u03b1\u03bd\u03b9\u03ba\u03bf\u03cd \u03c4\u03bc\u03ae\u03bc\u03b1\u03c4\u03bf\u03c2, \u03bc\u03b5 \u03c4\u03b7\u03bd \u03b5\u03b9\u03c3\u03b1\u03b3\u03c9\u03b3\u03ae \u03c4\u03bf\u03c5 \u0394\u03b9\u03b5\u03b8\u03bd\u03bf\u03cd\u03c2 \u0393\u03b1\u03bb\u03bb\u03b9\u03ba\u03bf\u03cd \u0391\u03c0\u03bf\u03bb\u03c5\u03c4\u03b7\u03c1\u03af\u03bf\u03c5 \u03c0\u03c1\u03b9\u03bd \u03b1\u03c0\u03cc \u03bb\u03af\u03b3\u03b1 \u03c7\u03c1\u03cc\u03bd\u03b9\u03b1, \u03b5\u03c0\u03b9\u03b2\u03b5\u03b2\u03b1\u03b9\u03ce\u03bd\u03b5\u03b9 \u03b1\u03c5\u03c4\u03ae \u03c4\u03b7\u03bd \u03c0\u03c1\u03bf\u03c4\u03b5\u03c1\u03b1\u03b9\u03cc\u03c4\u03b7\u03c4\u03b1 \u03c4\u03bf\u03c5 \u03c3\u03c7\u03bf\u03bb\u03b5\u03af\u03bf\u03c5 \u03bc\u03b1\u03c2.<\/p>\n<p>\u0394\u03ad\u03c3\u03bc\u03b5\u03c5\u03c3\u03b7 \u03bc\u03ad\u03c3\u03c9 \u03c4\u03b7\u03c2 \u03ba\u03b1\u03b8\u03b7\u03bc\u03b5\u03c1\u03b9\u03bd\u03ae\u03c2 \u03c3\u03c5\u03bc\u03bc\u03b5\u03c4\u03bf\u03c7\u03ae\u03c2 \u03c4\u03c9\u03bd \u03bf\u03bc\u03ac\u03b4\u03c9\u03bd \u03c0\u03bf\u03c5 \u03c0\u03c1\u03bf\u03c3\u03c6\u03ad\u03c1\u03bf\u03c5\u03bd, \u03ba\u03b1\u03b9\u03bd\u03bf\u03c4\u03bf\u03bc\u03bf\u03cd\u03bd \u03ba\u03b1\u03b9 \u03c5\u03c0\u03bf\u03c3\u03c4\u03b7\u03c1\u03af\u03b6\u03bf\u03c5\u03bd \u03cc\u03bb\u03bf\u03c5\u03c2 \u03c4\u03bf\u03c5\u03c2 \u03bc\u03b1\u03b8\u03b7\u03c4\u03ad\u03c2 \u03bc\u03b1\u03c2. \u039a\u03b1\u03b9 \u03b5\u03b4\u03ce \u03b8\u03b1 \u03b4\u03b9\u03b1\u03c0\u03b9\u03c3\u03c4\u03ce\u03c3\u03b5\u03c4\u03b5 \u03c4\u03bf\u03bd \u03b4\u03c5\u03bd\u03b1\u03bc\u03b9\u03c3\u03bc\u03cc \u03ba\u03b1\u03b9 \u03c4\u03bf\u03bd \u03b5\u03bd\u03b8\u03bf\u03c5\u03c3\u03b9\u03b1\u03c3\u03bc\u03cc \u03c4\u03bf\u03c5 \u03c0\u03c1\u03bf\u03c3\u03c9\u03c0\u03b9\u03ba\u03bf\u03cd \u03c4\u03c9\u03bd 250 \u03c0\u03b5\u03c1\u03af\u03c0\u03bf\u03c5 \u03b1\u03c4\u03cc\u03bc\u03c9\u03bd \u03c0\u03bf\u03c5 \u03c6\u03c1\u03bf\u03bd\u03c4\u03af\u03b6\u03bf\u03c5\u03bd \u03c4\u03bf\u03c5\u03c2 \u03c3\u03c7\u03b5\u03b4\u03cc\u03bd 2.000 \u03c6\u03bf\u03b9\u03c4\u03b7\u03c4\u03ad\u03c2 \u03c4\u03bf\u03c5 LFHED. \u0398\u03b1 \u03b4\u03b5\u03af\u03c4\u03b5 \u03c0\u03cc\u03c3\u03bf \u03b1\u03c6\u03bf\u03c3\u03b9\u03c9\u03bc\u03ad\u03bd\u03bf\u03b9 \u03b5\u03af\u03bd\u03b1\u03b9 \u03cc\u03bb\u03bf\u03b9 \u03c3\u03c4\u03bf \u03bd\u03b1 \u03b4\u03b9\u03b1\u03c3\u03c6\u03b1\u03bb\u03af\u03c3\u03bf\u03c5\u03bd \u03cc\u03c4\u03b9 \u03cc\u03bb\u03bf\u03b9 \u03bf\u03b9 \u03bc\u03b1\u03b8\u03b7\u03c4\u03ad\u03c2 \u03bc\u03b1\u03c2 \u03b8\u03b1 \u03b5\u03c5\u03b4\u03bf\u03ba\u03b9\u03bc\u03ae\u03c3\u03bf\u03c5\u03bd \u03ba\u03b1\u03b9 \u03b8\u03b1 \u03c0\u03b5\u03c4\u03cd\u03c7\u03bf\u03c5\u03bd. \u0391\u03c0\u03cc \u03b1\u03c5\u03c4\u03ae \u03c4\u03b7\u03bd \u03ac\u03c0\u03bf\u03c8\u03b7, \u03b1\u03be\u03af\u03b6\u03b5\u03b9 \u03bd\u03b1 \u03c3\u03b7\u03bc\u03b5\u03b9\u03c9\u03b8\u03b5\u03af \u03b7 \u03c4\u03b5\u03c1\u03ac\u03c3\u03c4\u03b9\u03b1 \u03b4\u03ad\u03c3\u03bc\u03b5\u03c5\u03c3\u03b7 \u03cc\u03bb\u03c9\u03bd \u03c4\u03c9\u03bd \u03bf\u03bc\u03ac\u03b4\u03c9\u03bd \u03b3\u03b9\u03b1 \u03c4\u03bf\u03c5\u03c2 \u03bc\u03b1\u03b8\u03b7\u03c4\u03ad\u03c2 \u03bc\u03b5 \u03b5\u03b9\u03b4\u03b9\u03ba\u03ad\u03c2 \u03b5\u03ba\u03c0\u03b1\u03b9\u03b4\u03b5\u03c5\u03c4\u03b9\u03ba\u03ad\u03c2 \u03b1\u03bd\u03ac\u03b3\u03ba\u03b5\u03c2.<\/p>\n<p>\u0388\u03bd\u03b1 \u03c3\u03c7\u03bf\u03bb\u03b5\u03af\u03bf \u03b5\u03af\u03bd\u03b1\u03b9 \u03c0\u03c1\u03c9\u03c4\u03af\u03c3\u03c4\u03c9\u03c2 \u03bc\u03b9\u03b1 \u03c3\u03c7\u03bf\u03bb\u03b9\u03ba\u03ae \u03ba\u03bf\u03b9\u03bd\u03cc\u03c4\u03b7\u03c4\u03b1 \u03c0\u03bf\u03c5 \u03b1\u03c0\u03bf\u03c4\u03b5\u03bb\u03b5\u03af\u03c4\u03b1\u03b9 \u03b1\u03c0\u03cc \u03bc\u03b1\u03b8\u03b7\u03c4\u03ad\u03c2, \u03c0\u03c1\u03bf\u03c3\u03c9\u03c0\u03b9\u03ba\u03cc, \u03b3\u03bf\u03bd\u03b5\u03af\u03c2 \u03ba\u03b1\u03b9 \u03b5\u03be\u03c9\u03c4\u03b5\u03c1\u03b9\u03ba\u03bf\u03cd\u03c2 \u03c3\u03c5\u03bd\u03b5\u03c1\u03b3\u03ac\u03c4\u03b5\u03c2 \u03c0\u03bf\u03c5 \u03bc\u03bf\u03b9\u03c1\u03ac\u03b6\u03bf\u03bd\u03c4\u03b1\u03b9 \u03c4\u03b9\u03c2 \u03af\u03b4\u03b9\u03b5\u03c2 \u03b1\u03be\u03af\u03b5\u03c2. \u0391\u03be\u03af\u03b5\u03c2 \u03cc\u03c0\u03c9\u03c2 \u03b7 \u03b1\u03bd\u03b5\u03ba\u03c4\u03b9\u03ba\u03cc\u03c4\u03b7\u03c4\u03b1, \u03b7 \u03c3\u03c5\u03bc\u03b2\u03af\u03c9\u03c3\u03b7, \u03b7 \u03b9\u03c3\u03cc\u03c4\u03b7\u03c4\u03b1, \u03b7 \u03b4\u03ad\u03c3\u03bc\u03b5\u03c5\u03c3\u03b7, \u03b7 \u03b9\u03b4\u03b9\u03cc\u03c4\u03b7\u03c4\u03b1 \u03c4\u03bf\u03c5 \u03c0\u03bf\u03bb\u03af\u03c4\u03b7... \u038c\u03bb\u03b5\u03c2 \u03bf\u03b9 \u03b1\u03be\u03af\u03b5\u03c2 \u03c0\u03bf\u03c5 \u03ba\u03ac\u03bd\u03bf\u03c5\u03bd \u03b1\u03c5\u03c4\u03cc \u03c4\u03bf \u03c3\u03c7\u03bf\u03bb\u03b5\u03af\u03bf \u03c4\u03cc\u03c3\u03bf \u03be\u03b5\u03c7\u03c9\u03c1\u03b9\u03c3\u03c4\u03cc, \u03ad\u03bd\u03b1 \u03c0\u03c1\u03cc\u03c4\u03c5\u03c0\u03bf \u03b3\u03b1\u03bb\u03bb\u03b9\u03ba\u03ae\u03c2 \u03c0\u03b1\u03b9\u03b4\u03b1\u03b3\u03c9\u03b3\u03b9\u03ba\u03ae\u03c2 \u03ba\u03b1\u03b9 \u03b5\u03ba\u03c0\u03b1\u03b9\u03b4\u03b5\u03c5\u03c4\u03b9\u03ba\u03ae\u03c2 \u03c4\u03b5\u03c7\u03bd\u03bf\u03b3\u03bd\u03c9\u03c3\u03af\u03b1\u03c2. \u0388\u03bd\u03b1 \u03bc\u03bf\u03bd\u03c4\u03ad\u03bb\u03bf \u03c0\u03bf\u03c5 \u03bf\u03b9 \u03c0\u03c1\u03ce\u03b7\u03bd \u03bc\u03b1\u03b8\u03b7\u03c4\u03ad\u03c2 \u03bc\u03b1\u03c2, \u03bf\u03b9 Alumnis, \u03bf\u03b9 \u03bf\u03c0\u03bf\u03af\u03bf\u03b9 \u03c3\u03c5\u03bc\u03bc\u03b5\u03c4\u03ad\u03c7\u03bf\u03c5\u03bd \u03b5\u03c0\u03af\u03c3\u03b7\u03c2 \u03c3\u03c4\u03b7 \u03b6\u03c9\u03ae \u03c4\u03bf\u03c5 \u03c3\u03c7\u03bf\u03bb\u03b5\u03af\u03bf\u03c5, \u03c0\u03c1\u03bf\u03c3\u03c0\u03b1\u03b8\u03bf\u03cd\u03bd \u03bd\u03b1 \u03bc\u03b5\u03c4\u03b1\u03b4\u03ce\u03c3\u03bf\u03c5\u03bd, \u03bd\u03b1 \u03bc\u03b5\u03c4\u03b1\u03bb\u03b1\u03bc\u03c0\u03b1\u03b4\u03b5\u03cd\u03c3\u03bf\u03c5\u03bd \u03ba\u03b1\u03b9 \u03bd\u03b1 \u03c0\u03c1\u03bf\u03c9\u03b8\u03ae\u03c3\u03bf\u03c5\u03bd.<\/p>\n<p>\u0398\u03b1 \u03b1\u03bd\u03b1\u03ba\u03b1\u03bb\u03cd\u03c8\u03b5\u03c4\u03b5 \u03cc\u03bb\u03b1 \u03b1\u03c5\u03c4\u03ac \u03ba\u03b1\u03b9 \u03c0\u03bf\u03bb\u03bb\u03ac \u03ac\u03bb\u03bb\u03b1 \u03ba\u03b1\u03b8\u03ce\u03c2 \u03b8\u03b1 \u03b4\u03b9\u03b1\u03b2\u03ac\u03b6\u03b5\u03c4\u03b5 \u03b1\u03c5\u03c4\u03cc\u03bd \u03c4\u03bf\u03bd \u03b9\u03c3\u03c4\u03cc\u03c4\u03bf\u03c0\u03bf. \u0395\u03af\u03bc\u03b1\u03b9 \u03b2\u03ad\u03b2\u03b1\u03b9\u03bf\u03c2 \u03cc\u03c4\u03b9 \u03b8\u03b1 \u03b3\u03bd\u03c9\u03c1\u03af\u03c3\u03b5\u03c4\u03b5 \u03cc\u03bb\u03b5\u03c2 \u03c4\u03b9\u03c2 \u03c0\u03c4\u03c5\u03c7\u03ad\u03c2 \u03c4\u03b7\u03c2 \u03c4\u03b1\u03c5\u03c4\u03cc\u03c4\u03b7\u03c4\u03b1\u03c2 \u03c4\u03bf\u03c5 \u0393\u03b1\u03bb\u03bb\u03bf\u03b5\u03bb\u03bb\u03b7\u03bd\u03b9\u03ba\u03bf\u03cd \u039b\u03c5\u03ba\u03b5\u03af\u03bf\u03c5 \u03c4\u03b7\u03c2 \u0391\u03b8\u03ae\u03bd\u03b1\u03c2.<\/p>\n<\/div><div class=\"bde-div-226-345 bde-div\">\n  \n  \n\t\n\n\n\n<img decoding=\"async\" class=\"bde-image2-226-343 bde-image2\" src=\"https:\/\/lfh.edu.gr\/wordpress\/wp-content\/uploads\/2025\/08\/lfhed-team-01.jpg\" loading=\"lazy\" srcset=\"https:\/\/lfh.edu.gr\/wordpress\/wp-content\/uploads\/2025\/08\/lfhed-team-01.jpg 300w, https:\/\/lfh.edu.gr\/wordpress\/wp-content\/uploads\/2025\/08\/lfhed-team-01-200x300.jpg 200w\" sizes=\"(max-width: 300px) 100vw, 300px\"><div class=\"bde-text-226-347 bde-text\">\nMiguel Tesson, \u0394\u03b9\u03b5\u03c5\u03b8\u03c5\u03bd\u03c4\u03ae\u03c2\n<\/div>\n<\/div>\n<\/div>\n<\/div>\n<\/div><\/div>\n<\/section>","protected":false},"excerpt":{"rendered":"<p>Accueil \u00bb \u00c9tablissement Le mot du proviseur Bienvenue sur le site du lyc\u00e9e Franco-Hell\u00e9nique Eug\u00e8ne Delacroix ! Que vous soyez membres de notre communaut\u00e9 scolaire ou simplement en visite par curiosit\u00e9, vous allez vous apercevoir au fil des pages et des articles de toute la richesse et de tout l\u2019engagement de ceux qui font et [&hellip;]<\/p>","protected":false},"author":1,"featured_media":0,"parent":236,"menu_order":0,"comment_status":"closed","ping_status":"closed","template":"","meta":{"inline_featured_image":false,"_breakdance_hide_in_design_set":false,"_breakdance_tags":"","footnotes":""},"class_list":["post-226","page","type-page","status-publish","hentry"],"yoast_head":"<!-- This site is optimized with the Yoast SEO plugin v24.4 - https:\/\/yoast.com\/wordpress\/plugins\/seo\/ -->\n<title>Le mot du proviseur - Lyc\u00e9e Franco-Hell\u00e9nique Eug\u00e8ne Delacroix<\/title>\n<meta name=\"description\" content=\"Lisez le mot du Proviseur du Lyc\u00e9e Franco-Hell\u00e9nique Eug\u00e8ne Delacroix \u00e0 Ath\u00e8nes (LFHED).\" \/>\n<meta name=\"robots\" content=\"index, nofollow, max-snippet:-1, max-image-preview:large, max-video-preview:-1\" \/>\n<link rel=\"canonical\" href=\"https:\/\/lfh.edu.gr\/el\/etablissement\/manifeste\/\" \/>\n<meta property=\"og:locale\" content=\"el_GR\" \/>\n<meta property=\"og:type\" content=\"article\" \/>\n<meta property=\"og:title\" content=\"Le mot du proviseur - Lyc\u00e9e Franco-Hell\u00e9nique Eug\u00e8ne Delacroix\" \/>\n<meta property=\"og:description\" content=\"Lisez le mot du Proviseur du Lyc\u00e9e Franco-Hell\u00e9nique Eug\u00e8ne Delacroix \u00e0 Ath\u00e8nes (LFHED).\" \/>\n<meta property=\"og:url\" content=\"https:\/\/lfh.edu.gr\/el\/etablissement\/manifeste\/\" \/>\n<meta property=\"og:site_name\" content=\"Lyc\u00e9e Franco-Hell\u00e9nique Eug\u00e8ne Delacroix\" \/>\n<meta property=\"article:modified_time\" content=\"2025-10-04T15:58:42+00:00\" \/>\n<meta name=\"twitter:card\" content=\"summary_large_image\" \/>\n<meta name=\"twitter:label1\" content=\"\u0395\u03ba\u03c4\u03b9\u03bc\u03ce\u03bc\u03b5\u03bd\u03bf\u03c2 \u03c7\u03c1\u03cc\u03bd\u03bf\u03c2 \u03b1\u03bd\u03ac\u03b3\u03bd\u03c9\u03c3\u03b7\u03c2\" \/>\n\t<meta name=\"twitter:data1\" content=\"2 \u03bb\u03b5\u03c0\u03c4\u03ac\" \/>\n<script type=\"application\/ld+json\" class=\"yoast-schema-graph\">{\"@context\":\"https:\/\/schema.org\",\"@graph\":[{\"@type\":\"WebPage\",\"@id\":\"https:\/\/lfh.edu.gr\/etablissement\/manifeste\/\",\"url\":\"https:\/\/lfh.edu.gr\/etablissement\/manifeste\/\",\"name\":\"Le mot du proviseur - Lyc\u00e9e Franco-Hell\u00e9nique Eug\u00e8ne Delacroix\",\"isPartOf\":{\"@id\":\"https:\/\/lfh.edu.gr\/#website\"},\"datePublished\":\"2025-08-31T14:22:24+00:00\",\"dateModified\":\"2025-10-04T15:58:42+00:00\",\"description\":\"Lisez le mot du Proviseur du Lyc\u00e9e Franco-Hell\u00e9nique Eug\u00e8ne Delacroix \u00e0 Ath\u00e8nes (LFHED).\",\"breadcrumb\":{\"@id\":\"https:\/\/lfh.edu.gr\/etablissement\/manifeste\/#breadcrumb\"},\"inLanguage\":\"el\",\"potentialAction\":[{\"@type\":\"ReadAction\",\"target\":[\"https:\/\/lfh.edu.gr\/etablissement\/manifeste\/\"]}]},{\"@type\":\"BreadcrumbList\",\"@id\":\"https:\/\/lfh.edu.gr\/etablissement\/manifeste\/#breadcrumb\",\"itemListElement\":[{\"@type\":\"ListItem\",\"position\":1,\"name\":\"Accueil\",\"item\":\"https:\/\/lfh.edu.gr\/\"},{\"@type\":\"ListItem\",\"position\":2,\"name\":\"\u00c9TABLISSEMENT\",\"item\":\"https:\/\/lfh.edu.gr\/etablissement\/\"},{\"@type\":\"ListItem\",\"position\":3,\"name\":\"Le mot du proviseur\"}]},{\"@type\":\"WebSite\",\"@id\":\"https:\/\/lfh.edu.gr\/#website\",\"url\":\"https:\/\/lfh.edu.gr\/\",\"name\":\"Lyc\u00e9e Franco-Hell\u00e9nique Eug\u00e8ne Delacroix\",\"description\":\"\",\"potentialAction\":[{\"@type\":\"SearchAction\",\"target\":{\"@type\":\"EntryPoint\",\"urlTemplate\":\"https:\/\/lfh.edu.gr\/?s={search_term_string}\"},\"query-input\":{\"@type\":\"PropertyValueSpecification\",\"valueRequired\":true,\"valueName\":\"search_term_string\"}}],\"inLanguage\":\"el\"}]}<\/script>\n<!-- \/ Yoast SEO plugin. -->","yoast_head_json":{"title":"Le mot du proviseur - Lyc\u00e9e Franco-Hell\u00e9nique Eug\u00e8ne Delacroix","description":"Lisez le mot du Proviseur du Lyc\u00e9e Franco-Hell\u00e9nique Eug\u00e8ne Delacroix \u00e0 Ath\u00e8nes (LFHED).","robots":{"index":"index","follow":"nofollow","max-snippet":"max-snippet:-1","max-image-preview":"max-image-preview:large","max-video-preview":"max-video-preview:-1"},"canonical":"https:\/\/lfh.edu.gr\/el\/etablissement\/manifeste\/","og_locale":"el_GR","og_type":"article","og_title":"Le mot du proviseur - Lyc\u00e9e Franco-Hell\u00e9nique Eug\u00e8ne Delacroix","og_description":"Lisez le mot du Proviseur du Lyc\u00e9e Franco-Hell\u00e9nique Eug\u00e8ne Delacroix \u00e0 Ath\u00e8nes (LFHED).","og_url":"https:\/\/lfh.edu.gr\/el\/etablissement\/manifeste\/","og_site_name":"Lyc\u00e9e Franco-Hell\u00e9nique Eug\u00e8ne Delacroix","article_modified_time":"2025-10-04T15:58:42+00:00","twitter_card":"summary_large_image","twitter_misc":{"\u0395\u03ba\u03c4\u03b9\u03bc\u03ce\u03bc\u03b5\u03bd\u03bf\u03c2 \u03c7\u03c1\u03cc\u03bd\u03bf\u03c2 \u03b1\u03bd\u03ac\u03b3\u03bd\u03c9\u03c3\u03b7\u03c2":"2 \u03bb\u03b5\u03c0\u03c4\u03ac"},"schema":{"@context":"https:\/\/schema.org","@graph":[{"@type":"WebPage","@id":"https:\/\/lfh.edu.gr\/etablissement\/manifeste\/","url":"https:\/\/lfh.edu.gr\/etablissement\/manifeste\/","name":"Le mot du proviseur - Lyc\u00e9e Franco-Hell\u00e9nique Eug\u00e8ne Delacroix","isPartOf":{"@id":"https:\/\/lfh.edu.gr\/#website"},"datePublished":"2025-08-31T14:22:24+00:00","dateModified":"2025-10-04T15:58:42+00:00","description":"Lisez le mot du Proviseur du Lyc\u00e9e Franco-Hell\u00e9nique Eug\u00e8ne Delacroix \u00e0 Ath\u00e8nes (LFHED).","breadcrumb":{"@id":"https:\/\/lfh.edu.gr\/etablissement\/manifeste\/#breadcrumb"},"inLanguage":"el","potentialAction":[{"@type":"ReadAction","target":["https:\/\/lfh.edu.gr\/etablissement\/manifeste\/"]}]},{"@type":"BreadcrumbList","@id":"https:\/\/lfh.edu.gr\/etablissement\/manifeste\/#breadcrumb","itemListElement":[{"@type":"ListItem","position":1,"name":"Accueil","item":"https:\/\/lfh.edu.gr\/"},{"@type":"ListItem","position":2,"name":"\u00c9TABLISSEMENT","item":"https:\/\/lfh.edu.gr\/etablissement\/"},{"@type":"ListItem","position":3,"name":"Le mot du proviseur"}]},{"@type":"WebSite","@id":"https:\/\/lfh.edu.gr\/#website","url":"https:\/\/lfh.edu.gr\/","name":"Lyc\u00e9e Franco-Hell\u00e9nique Eug\u00e8ne Delacroix","description":"","potentialAction":[{"@type":"SearchAction","target":{"@type":"EntryPoint","urlTemplate":"https:\/\/lfh.edu.gr\/?s={search_term_string}"},"query-input":{"@type":"PropertyValueSpecification","valueRequired":true,"valueName":"search_term_string"}}],"inLanguage":"el"}]}},"jetpack_sharing_enabled":true,"_links":{"self":[{"href":"https:\/\/lfh.edu.gr\/el\/wp-json\/wp\/v2\/pages\/226","targetHints":{"allow":["GET"]}}],"collection":[{"href":"https:\/\/lfh.edu.gr\/el\/wp-json\/wp\/v2\/pages"}],"about":[{"href":"https:\/\/lfh.edu.gr\/el\/wp-json\/wp\/v2\/types\/page"}],"author":[{"embeddable":true,"href":"https:\/\/lfh.edu.gr\/el\/wp-json\/wp\/v2\/users\/1"}],"replies":[{"embeddable":true,"href":"https:\/\/lfh.edu.gr\/el\/wp-json\/wp\/v2\/comments?post=226"}],"version-history":[{"count":3,"href":"https:\/\/lfh.edu.gr\/el\/wp-json\/wp\/v2\/pages\/226\/revisions"}],"predecessor-version":[{"id":384,"href":"https:\/\/lfh.edu.gr\/el\/wp-json\/wp\/v2\/pages\/226\/revisions\/384"}],"up":[{"embeddable":true,"href":"https:\/\/lfh.edu.gr\/el\/wp-json\/wp\/v2\/pages\/236"}],"wp:attachment":[{"href":"https:\/\/lfh.edu.gr\/el\/wp-json\/wp\/v2\/media?parent=226"}],"curies":[{"name":"wp","href":"https:\/\/api.w.org\/{rel}","templated":true}]}}