{"id":218,"date":"2025-07-30T08:59:30","date_gmt":"2025-07-30T08:59:30","guid":{"rendered":"https:\/\/dev.lfh.edu.gr\/site\/?page_id=218"},"modified":"2025-10-04T15:59:02","modified_gmt":"2025-10-04T15:59:02","slug":"reseau-aefe","status":"publish","type":"page","link":"https:\/\/lfh.edu.gr\/el\/etablissement\/reseau-aefe\/","title":{"rendered":"\u03a4\u03bf \u03b4\u03af\u03ba\u03c4\u03c5\u03bf AEFE"},"content":{"rendered":"<section class=\"bde-section-218-106 bde-section\">\n  \n  \n\t\n\n\n\n<div class=\"section-container\"><div class=\"bde-div-218-316 bde-div\">\n  \n  \n\t\n\n\n\n<div class=\"bde-div-218-327 bde-div\">\n  \n  \n\t\n\n\n\n<div class=\"bde-button-218-328 bde-button\">\n    \n                                    \n    \n    \n    \n    \n            \n                    \n            \n            \n\n    \n    \n    \n    \n    \n    <a class=\"breakdance-link button-atom button-atom--text bde-button__button\" href=\"\/el\/\" target=\"_self\" data-type=\"url\"  >\n\n    \n        <span class=\"button-atom__text\">\u0391\u03c1\u03c7\u03b9\u03ba\u03ae \u03c3\u03b5\u03bb\u03af\u03b4\u03b1<\/span>\n\n        \n        \n                <\/a>\n\n    \n\n\n<\/div><div class=\"bde-text-218-329 bde-text\">\n\"\n<\/div><div class=\"bde-text-218-332 bde-text\">\n\u038a\u03b4\u03c1\u03c5\u03c3\u03b7\n<\/div>\n<\/div><h1 class=\"bde-heading-218-318 bde-heading\">\n\u03a4\u03bf \u03b4\u03af\u03ba\u03c4\u03c5\u03bf AEFE\n<\/h1>\n<\/div><div class=\"bde-div-218-334 bde-div\">\n  \n  \n\t\n\n\n\n<div class=\"bde-div-218-319 bde-div\">\n  \n  \n\t\n\n\n\n<h2 class=\"bde-heading-218-320 bde-heading\">\n\u039f \u039f\u03c1\u03b3\u03b1\u03bd\u03b9\u03c3\u03bc\u03cc\u03c2 \u03b3\u03b9\u03b1 \u03c4\u03b7 \u03b4\u03b9\u03b4\u03b1\u03c3\u03ba\u03b1\u03bb\u03af\u03b1 \u03c4\u03b7\u03c2 \u03b3\u03b1\u03bb\u03bb\u03b9\u03ba\u03ae\u03c2 \u03b3\u03bb\u03ce\u03c3\u03c3\u03b1\u03c2 \u03c3\u03c4\u03bf \u03b5\u03be\u03c9\u03c4\u03b5\u03c1\u03b9\u03ba\u03cc\n<\/h2><div class=\"bde-div-218-337 bde-div\">\n  \n  \n\t\n\n\n\n<a class=\"bde-container-link-218-341 bde-container-link breakdance-link\" href=\"https:\/\/www.calameo.com\/read\/003138381a6fb78cc1bda\" target=\"_self\" data-type=\"url\">\n  \n  \n\t\n\n\n\n<img decoding=\"async\" class=\"bde-image2-218-338 bde-image2\" src=\"https:\/\/lfh.edu.gr\/wordpress\/wp-content\/uploads\/2025\/07\/lfhed-aefe-brochure.png\" loading=\"lazy\" srcset=\"https:\/\/lfh.edu.gr\/wordpress\/wp-content\/uploads\/2025\/07\/lfhed-aefe-brochure.png 894w, https:\/\/lfh.edu.gr\/wordpress\/wp-content\/uploads\/2025\/07\/lfhed-aefe-brochure-208x300.png 208w, https:\/\/lfh.edu.gr\/wordpress\/wp-content\/uploads\/2025\/07\/lfhed-aefe-brochure-709x1024.png 709w, https:\/\/lfh.edu.gr\/wordpress\/wp-content\/uploads\/2025\/07\/lfhed-aefe-brochure-768x1110.png 768w\" sizes=\"(max-width: 894px) 100vw, 894px\">\n\n<\/a><div class=\"bde-div-218-340 bde-div\">\n  \n  \n\t\n\n\n\n<div class=\"bde-rich-text-218-339 bde-rich-text breakdance-rich-text-styles\">\n<p>\u03a4\u03bf Lyc\u00e9e Franco-Hell\u00e9nique Eug\u00e8ne Delacroix \u03b5\u03af\u03bd\u03b1\u03b9 \u03c5\u03c0\u03b5\u03c1\u03ae\u03c6\u03b1\u03bd\u03bf \u03c0\u03bf\u03c5 \u03b1\u03c0\u03bf\u03c4\u03b5\u03bb\u03b5\u03af \u03bc\u03ad\u03c1\u03bf\u03c2 \u03c4\u03bf\u03c5 <a href=\"https:\/\/www.aefe.fr\/\" target=\"_blank\" rel=\"noopener\">Agence pour l'Enseignement Fran\u00e7ais \u00e0 l'\u00c9tranger (\u039f\u03c1\u03b3\u03b1\u03bd\u03b9\u03c3\u03bc\u03cc\u03c2 \u03b3\u03b9\u03b1 \u03c4\u03b7 \u03b4\u03b9\u03b4\u03b1\u03c3\u03ba\u03b1\u03bb\u03af\u03b1 \u03b3\u03b1\u03bb\u03bb\u03b9\u03ba\u03ce\u03bd \u03c3\u03c4\u03bf \u03b5\u03be\u03c9\u03c4\u03b5\u03c1\u03b9\u03ba\u03cc)<\/a>\u00a0(AEFE), \u03b7 \u03bf\u03c0\u03bf\u03af\u03b1 \u03c3\u03c5\u03bd\u03c4\u03bf\u03bd\u03af\u03b6\u03b5\u03b9 \u03c4\u03bf \u03b4\u03af\u03ba\u03c4\u03c5\u03bf \u03c4\u03c9\u03bd \u03b3\u03b1\u03bb\u03bb\u03b9\u03ba\u03ce\u03bd \u03b5\u03ba\u03c0\u03b1\u03b9\u03b4\u03b5\u03c5\u03c4\u03b9\u03ba\u03ce\u03bd \u03b9\u03b4\u03c1\u03c5\u03bc\u03ac\u03c4\u03c9\u03bd \u03c3\u03c4\u03bf \u03b5\u03be\u03c9\u03c4\u03b5\u03c1\u03b9\u03ba\u03cc.<\/p>\n<p>\u0393\u03b9\u03b1 \u03bd\u03b1 \u03bc\u03ac\u03b8\u03b5\u03c4\u03b5 \u03c0\u03b5\u03c1\u03b9\u03c3\u03c3\u03cc\u03c4\u03b5\u03c1\u03b1 \u03b3\u03b9\u03b1 \u03c4\u03b7 \u03b3\u03b1\u03bb\u03bb\u03b9\u03ba\u03ae \u03b5\u03ba\u03c0\u03b1\u03af\u03b4\u03b5\u03c5\u03c3\u03b7 \u03c3\u03c4\u03bf \u03b5\u03be\u03c9\u03c4\u03b5\u03c1\u03b9\u03ba\u03cc, \u03bc\u03c0\u03bf\u03c1\u03b5\u03af\u03c4\u03b5 \u03bd\u03b1 \u03c3\u03c5\u03bc\u03b2\u03bf\u03c5\u03bb\u03b5\u03c5\u03c4\u03b5\u03af\u03c4\u03b5 \u03c4\u03bf \u03c0\u03b9\u03bf \u03c0\u03c1\u03cc\u03c3\u03c6\u03b1\u03c4\u03bf \u03c6\u03c5\u03bb\u03bb\u03ac\u03b4\u03b9\u03bf \u03c4\u03b7\u03c2 AEFE \u03c0\u03b1\u03c1\u03b1\u03ba\u03ac\u03c4\u03c9.<\/p>\n<\/div><div class=\"bde-button-218-335 bde-button\">\n    \n                                    \n    \n    \n    \n    \n            \n                    \n            \n            \n\n    \n    \n    \n    \n    \n    <a class=\"breakdance-link button-atom button-atom--text bde-button__button\" href=\"https:\/\/www.calameo.com\/read\/003138381a6fb78cc1bda\" target=\"_self\" data-type=\"url\"  >\n\n    \n        <span class=\"button-atom__text\">\u039c\u03ac\u03b8\u03b5\u03c4\u03b5 \u03c0\u03b5\u03c1\u03b9\u03c3\u03c3\u03cc\u03c4\u03b5\u03c1\u03b1 \u03b3\u03b9\u03b1 \u03c4\u03b7 \u03b3\u03b1\u03bb\u03bb\u03b9\u03ba\u03ae \u03b5\u03ba\u03c0\u03b1\u03af\u03b4\u03b5\u03c5\u03c3\u03b7 \u03c3\u03c4\u03bf \u03b5\u03be\u03c9\u03c4\u03b5\u03c1\u03b9\u03ba\u03cc<\/span>\n\n        \n                    \n    <span class=\"button-atom__icon-wrapper\">\n\n        \n            <svg class=\"un-arrow-icon\" width=\"10\" height=\"10\" viewbox=\"0 0 10 10\" aria-hidden=\"true\">\n                <g fill-rule=\"evenodd\">\n                    <path class=\"un-arrow-icon_line\" d=\"M0 5h7\"><\/path>\n                    <path class=\"un-arrow-icon_arrow\" d=\"M1 1l4 4-4 4\"><\/path>\n                <\/g>\n            <\/svg>\n\n        \n    <\/span>\n\n\n        \n                <\/a>\n\n    \n\n\n<\/div>\n<\/div>\n<\/div>\n<\/div>\n<\/div><\/div>\n<\/section>","protected":false},"excerpt":{"rendered":"<p>Accueil \u00bb \u00c9tablissement Le r\u00e9seau AEFE L&rsquo;Agence pour l&rsquo;Enseignement Fran\u00e7ais \u00e0 l&rsquo;\u00c9tranger Le Lyc\u00e9e Franco-Hell\u00e9nique Eug\u00e8ne Delacroix est fier de faire partie de l\u2019Agence pour l\u2019Enseignement Fran\u00e7ais \u00e0 l\u2019\u00c9tranger\u00a0(AEFE) qui coordonne le r\u00e9seau des \u00e9tablissements d\u2019enseignement fran\u00e7ais \u00e0 l\u2019\u00e9tranger. Pour en apprendre plus sur l&rsquo;enseignement fran\u00e7ais \u00e0 l&rsquo;\u00e9tranger, vous pouvez consulter la brochure de l&rsquo;AEFE [&hellip;]<\/p>","protected":false},"author":1,"featured_media":0,"parent":236,"menu_order":0,"comment_status":"closed","ping_status":"closed","template":"","meta":{"inline_featured_image":false,"_breakdance_hide_in_design_set":false,"_breakdance_tags":"","footnotes":""},"class_list":["post-218","page","type-page","status-publish","hentry"],"yoast_head":"<!-- This site is optimized with the Yoast SEO plugin v24.4 - https:\/\/yoast.com\/wordpress\/plugins\/seo\/ -->\n<title>Le r\u00e9seau AEFE - Lyc\u00e9e Franco-Hell\u00e9nique Eug\u00e8ne Delacroix<\/title>\n<meta name=\"description\" content=\"Apprenez-en plus sur Le r\u00e9seau AEFE et le Lyc\u00e9e Franco-Hell\u00e9nique Eug\u00e8ne Delacroix \u00e0 Ath\u00e8nes (LFHED).\" \/>\n<meta name=\"robots\" content=\"index, nofollow, max-snippet:-1, max-image-preview:large, max-video-preview:-1\" \/>\n<link rel=\"canonical\" href=\"https:\/\/lfh.edu.gr\/el\/etablissement\/reseau-aefe\/\" \/>\n<meta property=\"og:locale\" content=\"el_GR\" \/>\n<meta property=\"og:type\" content=\"article\" \/>\n<meta property=\"og:title\" content=\"Le r\u00e9seau AEFE - Lyc\u00e9e Franco-Hell\u00e9nique Eug\u00e8ne Delacroix\" \/>\n<meta property=\"og:description\" content=\"Apprenez-en plus sur Le r\u00e9seau AEFE et le Lyc\u00e9e Franco-Hell\u00e9nique Eug\u00e8ne Delacroix \u00e0 Ath\u00e8nes (LFHED).\" \/>\n<meta property=\"og:url\" content=\"https:\/\/lfh.edu.gr\/el\/etablissement\/reseau-aefe\/\" \/>\n<meta property=\"og:site_name\" content=\"Lyc\u00e9e Franco-Hell\u00e9nique Eug\u00e8ne Delacroix\" \/>\n<meta property=\"article:modified_time\" content=\"2025-10-04T15:59:02+00:00\" \/>\n<meta name=\"twitter:card\" content=\"summary_large_image\" \/>\n<meta name=\"twitter:label1\" content=\"\u0395\u03ba\u03c4\u03b9\u03bc\u03ce\u03bc\u03b5\u03bd\u03bf\u03c2 \u03c7\u03c1\u03cc\u03bd\u03bf\u03c2 \u03b1\u03bd\u03ac\u03b3\u03bd\u03c9\u03c3\u03b7\u03c2\" \/>\n\t<meta name=\"twitter:data1\" content=\"1 \u03bb\u03b5\u03c0\u03c4\u03cc\" \/>\n<script type=\"application\/ld+json\" class=\"yoast-schema-graph\">{\"@context\":\"https:\/\/schema.org\",\"@graph\":[{\"@type\":\"WebPage\",\"@id\":\"https:\/\/lfh.edu.gr\/etablissement\/reseau-aefe\/\",\"url\":\"https:\/\/lfh.edu.gr\/etablissement\/reseau-aefe\/\",\"name\":\"Le r\u00e9seau AEFE - Lyc\u00e9e Franco-Hell\u00e9nique Eug\u00e8ne Delacroix\",\"isPartOf\":{\"@id\":\"https:\/\/lfh.edu.gr\/#website\"},\"datePublished\":\"2025-07-30T08:59:30+00:00\",\"dateModified\":\"2025-10-04T15:59:02+00:00\",\"description\":\"Apprenez-en plus sur Le r\u00e9seau AEFE et le Lyc\u00e9e Franco-Hell\u00e9nique Eug\u00e8ne Delacroix \u00e0 Ath\u00e8nes (LFHED).\",\"breadcrumb\":{\"@id\":\"https:\/\/lfh.edu.gr\/etablissement\/reseau-aefe\/#breadcrumb\"},\"inLanguage\":\"el\",\"potentialAction\":[{\"@type\":\"ReadAction\",\"target\":[\"https:\/\/lfh.edu.gr\/etablissement\/reseau-aefe\/\"]}]},{\"@type\":\"BreadcrumbList\",\"@id\":\"https:\/\/lfh.edu.gr\/etablissement\/reseau-aefe\/#breadcrumb\",\"itemListElement\":[{\"@type\":\"ListItem\",\"position\":1,\"name\":\"Accueil\",\"item\":\"https:\/\/lfh.edu.gr\/\"},{\"@type\":\"ListItem\",\"position\":2,\"name\":\"\u00c9TABLISSEMENT\",\"item\":\"https:\/\/lfh.edu.gr\/etablissement\/\"},{\"@type\":\"ListItem\",\"position\":3,\"name\":\"Le r\u00e9seau AEFE\"}]},{\"@type\":\"WebSite\",\"@id\":\"https:\/\/lfh.edu.gr\/#website\",\"url\":\"https:\/\/lfh.edu.gr\/\",\"name\":\"Lyc\u00e9e Franco-Hell\u00e9nique Eug\u00e8ne Delacroix\",\"description\":\"\",\"potentialAction\":[{\"@type\":\"SearchAction\",\"target\":{\"@type\":\"EntryPoint\",\"urlTemplate\":\"https:\/\/lfh.edu.gr\/?s={search_term_string}\"},\"query-input\":{\"@type\":\"PropertyValueSpecification\",\"valueRequired\":true,\"valueName\":\"search_term_string\"}}],\"inLanguage\":\"el\"}]}<\/script>\n<!-- \/ Yoast SEO plugin. -->","yoast_head_json":{"title":"Le r\u00e9seau AEFE - Lyc\u00e9e Franco-Hell\u00e9nique Eug\u00e8ne Delacroix","description":"Apprenez-en plus sur Le r\u00e9seau AEFE et le Lyc\u00e9e Franco-Hell\u00e9nique Eug\u00e8ne Delacroix \u00e0 Ath\u00e8nes (LFHED).","robots":{"index":"index","follow":"nofollow","max-snippet":"max-snippet:-1","max-image-preview":"max-image-preview:large","max-video-preview":"max-video-preview:-1"},"canonical":"https:\/\/lfh.edu.gr\/el\/etablissement\/reseau-aefe\/","og_locale":"el_GR","og_type":"article","og_title":"Le r\u00e9seau AEFE - Lyc\u00e9e Franco-Hell\u00e9nique Eug\u00e8ne Delacroix","og_description":"Apprenez-en plus sur Le r\u00e9seau AEFE et le Lyc\u00e9e Franco-Hell\u00e9nique Eug\u00e8ne Delacroix \u00e0 Ath\u00e8nes (LFHED).","og_url":"https:\/\/lfh.edu.gr\/el\/etablissement\/reseau-aefe\/","og_site_name":"Lyc\u00e9e Franco-Hell\u00e9nique Eug\u00e8ne Delacroix","article_modified_time":"2025-10-04T15:59:02+00:00","twitter_card":"summary_large_image","twitter_misc":{"\u0395\u03ba\u03c4\u03b9\u03bc\u03ce\u03bc\u03b5\u03bd\u03bf\u03c2 \u03c7\u03c1\u03cc\u03bd\u03bf\u03c2 \u03b1\u03bd\u03ac\u03b3\u03bd\u03c9\u03c3\u03b7\u03c2":"1 \u03bb\u03b5\u03c0\u03c4\u03cc"},"schema":{"@context":"https:\/\/schema.org","@graph":[{"@type":"WebPage","@id":"https:\/\/lfh.edu.gr\/etablissement\/reseau-aefe\/","url":"https:\/\/lfh.edu.gr\/etablissement\/reseau-aefe\/","name":"Le r\u00e9seau AEFE - Lyc\u00e9e Franco-Hell\u00e9nique Eug\u00e8ne Delacroix","isPartOf":{"@id":"https:\/\/lfh.edu.gr\/#website"},"datePublished":"2025-07-30T08:59:30+00:00","dateModified":"2025-10-04T15:59:02+00:00","description":"Apprenez-en plus sur Le r\u00e9seau AEFE et le Lyc\u00e9e Franco-Hell\u00e9nique Eug\u00e8ne Delacroix \u00e0 Ath\u00e8nes (LFHED).","breadcrumb":{"@id":"https:\/\/lfh.edu.gr\/etablissement\/reseau-aefe\/#breadcrumb"},"inLanguage":"el","potentialAction":[{"@type":"ReadAction","target":["https:\/\/lfh.edu.gr\/etablissement\/reseau-aefe\/"]}]},{"@type":"BreadcrumbList","@id":"https:\/\/lfh.edu.gr\/etablissement\/reseau-aefe\/#breadcrumb","itemListElement":[{"@type":"ListItem","position":1,"name":"Accueil","item":"https:\/\/lfh.edu.gr\/"},{"@type":"ListItem","position":2,"name":"\u00c9TABLISSEMENT","item":"https:\/\/lfh.edu.gr\/etablissement\/"},{"@type":"ListItem","position":3,"name":"Le r\u00e9seau AEFE"}]},{"@type":"WebSite","@id":"https:\/\/lfh.edu.gr\/#website","url":"https:\/\/lfh.edu.gr\/","name":"Lyc\u00e9e Franco-Hell\u00e9nique Eug\u00e8ne Delacroix","description":"","potentialAction":[{"@type":"SearchAction","target":{"@type":"EntryPoint","urlTemplate":"https:\/\/lfh.edu.gr\/?s={search_term_string}"},"query-input":{"@type":"PropertyValueSpecification","valueRequired":true,"valueName":"search_term_string"}}],"inLanguage":"el"}]}},"jetpack_sharing_enabled":true,"_links":{"self":[{"href":"https:\/\/lfh.edu.gr\/el\/wp-json\/wp\/v2\/pages\/218","targetHints":{"allow":["GET"]}}],"collection":[{"href":"https:\/\/lfh.edu.gr\/el\/wp-json\/wp\/v2\/pages"}],"about":[{"href":"https:\/\/lfh.edu.gr\/el\/wp-json\/wp\/v2\/types\/page"}],"author":[{"embeddable":true,"href":"https:\/\/lfh.edu.gr\/el\/wp-json\/wp\/v2\/users\/1"}],"replies":[{"embeddable":true,"href":"https:\/\/lfh.edu.gr\/el\/wp-json\/wp\/v2\/comments?post=218"}],"version-history":[{"count":6,"href":"https:\/\/lfh.edu.gr\/el\/wp-json\/wp\/v2\/pages\/218\/revisions"}],"predecessor-version":[{"id":383,"href":"https:\/\/lfh.edu.gr\/el\/wp-json\/wp\/v2\/pages\/218\/revisions\/383"}],"up":[{"embeddable":true,"href":"https:\/\/lfh.edu.gr\/el\/wp-json\/wp\/v2\/pages\/236"}],"wp:attachment":[{"href":"https:\/\/lfh.edu.gr\/el\/wp-json\/wp\/v2\/media?parent=218"}],"curies":[{"name":"wp","href":"https:\/\/api.w.org\/{rel}","templated":true}]}}