{"id":186,"date":"2025-06-12T12:05:28","date_gmt":"2025-06-12T12:05:28","guid":{"rendered":"https:\/\/dev.lfh.edu.gr\/site\/?page_id=186"},"modified":"2026-03-19T08:16:16","modified_gmt":"2026-03-19T06:16:16","slug":"instances","status":"publish","type":"page","link":"https:\/\/lfh.edu.gr\/el\/etablissement\/instances\/","title":{"rendered":"\u03a4\u03b1 \u03c3\u03ce\u03bc\u03b1\u03c4\u03b1"},"content":{"rendered":"<section class=\"bde-section-186-106 bde-section\">\n  \n  \n\t\n\n\n\n<div class=\"section-container\"><div class=\"bde-div-186-316 bde-div\">\n  \n  \n\t\n\n\n\n<div class=\"bde-div-186-327 bde-div\">\n  \n  \n\t\n\n\n\n<div class=\"bde-button-186-328 bde-button\">\n    \n                                    \n    \n    \n    \n    \n            \n                    \n            \n            \n\n    \n    \n    \n    \n    \n    <a class=\"breakdance-link button-atom button-atom--text bde-button__button\" href=\"\/el\/\" target=\"_self\" data-type=\"url\"  >\n\n    \n        <span class=\"button-atom__text\">\u0391\u03c1\u03c7\u03b9\u03ba\u03ae \u03c3\u03b5\u03bb\u03af\u03b4\u03b1<\/span>\n\n        \n        \n                <\/a>\n\n    \n\n\n<\/div><div class=\"bde-text-186-329 bde-text\">\n\"\n<\/div><div class=\"bde-text-186-332 bde-text\">\n\u038a\u03b4\u03c1\u03c5\u03c3\u03b7\n<\/div>\n<\/div><h1 class=\"bde-heading-186-318 bde-heading\">\n\u03a4\u03b1 \u03cc\u03c1\u03b3\u03b1\u03bd\u03b1 \u03b4\u03b9\u03bf\u03af\u03ba\u03b7\u03c3\u03b7\u03c2 \u03c4\u03bf\u03c5 \u039b\u03c5\u03ba\u03b5\u03af\u03bf\u03c5\n<\/h1>\n<\/div><div class=\"bde-div-186-334 bde-div\">\n  \n  \n\t\n\n\n\n<div class=\"bde-div-186-319 bde-div\">\n  \n  \n\t\n\n\n\n<h2 class=\"bde-heading-186-320 bde-heading\">\n\u03a4\u03bf \u03a3\u03c7\u03bf\u03bb\u03b9\u03ba\u03cc \u03a3\u03c5\u03bc\u03b2\u03bf\u03cd\u03bb\u03b9\u03bf\n<\/h2><div class=\"bde-rich-text-186-321 bde-rich-text breakdance-rich-text-styles\">\n<p>\u0395\u03be\u03b1\u03c3\u03c6\u03b1\u03bb\u03af\u03b6\u03b5\u03b9 <strong>\u03c4\u03b7\u03bd \u03ba\u03b1\u03b8\u03b7\u03bc\u03b5\u03c1\u03b9\u03bd\u03ae \u03b4\u03b9\u03b1\u03c7\u03b5\u03af\u03c1\u03b9\u03c3\u03b7 \u03c4\u03bf\u03c5 \u03c3\u03c7\u03bf\u03bb\u03b5\u03af\u03bf\u03c5 \u03ba\u03b1\u03b9 \u03c4\u03bf\u03c5 \u03b4\u03b9\u03b4\u03b1\u03ba\u03c4\u03b9\u03ba\u03bf\u03cd \u03c0\u03c1\u03bf\u03c3\u03c9\u03c0\u03b9\u03ba\u03bf\u03cd \u03c4\u03bf\u03c5<\/strong>\u0391\u03c3\u03c7\u03bf\u03bb\u03b5\u03af\u03c4\u03b1\u03b9 \u03b5\u03b9\u03b4\u03b9\u03ba\u03cc\u03c4\u03b5\u03c1\u03b1 \u03bc\u03b5 \u03c4\u03bf \u03a3\u03c7\u03bf\u03bb\u03b9\u03ba\u03cc \u03a3\u03c7\u03ad\u03b4\u03b9\u03bf, \u03c4\u03bf \u03b7\u03bc\u03b5\u03c1\u03bf\u03bb\u03cc\u03b3\u03b9\u03bf, \u03c4\u03b1 \u03c9\u03c1\u03bf\u03bb\u03cc\u03b3\u03b9\u03b1 \u03c0\u03c1\u03bf\u03b3\u03c1\u03ac\u03bc\u03bc\u03b1\u03c4\u03b1, \u03c4\u03b7 \u03c3\u03c7\u03bf\u03bb\u03b9\u03ba\u03ae \u03b6\u03c9\u03ae, \u03c4\u03bf \u03c3\u03c7\u03ad\u03b4\u03b9\u03bf \u03ba\u03b1\u03b8\u03bf\u03b4\u03ae\u03b3\u03b7\u03c3\u03b7\u03c2, \u03c4\u03b9\u03c2 \u03b5\u03ba\u03b4\u03c1\u03bf\u03bc\u03ad\u03c2 \u03ba\u03b1\u03b9 \u03c4\u03b7\u03bd \u03c0\u03bf\u03bb\u03b9\u03c4\u03b9\u03ba\u03ae \u03b3\u03b9\u03b1 \u03c4\u03b7\u03bd \u03c5\u03b3\u03b5\u03af\u03b1 \u03ba\u03b1\u03b9 \u03c4\u03b7\u03bd \u03b1\u03b3\u03c9\u03b3\u03ae \u03c4\u03bf\u03c5 \u03c0\u03bf\u03bb\u03af\u03c4\u03b7.<\/p>\n<p>\u0391\u03bd\u03c4\u03b1\u03c0\u03bf\u03ba\u03c1\u03af\u03bd\u03b5\u03c4\u03b1\u03b9 <strong>\u03c4\u03bf\u03c5\u03bb\u03ac\u03c7\u03b9\u03c3\u03c4\u03bf\u03bd 3 \u03c6\u03bf\u03c1\u03ad\u03c2 \u03c4\u03bf \u03c7\u03c1\u03cc\u03bd\u03bf<\/strong>. \u03a0\u03c1\u03cc\u03ba\u03b5\u03b9\u03c4\u03b1\u03b9 \u03b3\u03b9\u03b1 \u03ad\u03bd\u03b1 \u03c4\u03c1\u03b9\u03bc\u03b5\u03c1\u03ad\u03c2 \u03cc\u03c1\u03b3\u03b1\u03bd\u03bf \u03c0\u03bf\u03c5 \u03b1\u03c0\u03bf\u03c4\u03b5\u03bb\u03b5\u03af\u03c4\u03b1\u03b9 \u03b1\u03c0\u03cc \u03b9\u03c3\u03ac\u03c1\u03b9\u03b8\u03bc\u03b1 ex-officio \u03bc\u03ad\u03bb\u03b7 \u03c0\u03bf\u03c5 \u03b5\u03ba\u03c0\u03c1\u03bf\u03c3\u03c9\u03c0\u03bf\u03cd\u03bd \u03c4\u03b7 \u03b4\u03b9\u03bf\u03af\u03ba\u03b7\u03c3\u03b7, \u03b5\u03ba\u03c0\u03c1\u03bf\u03c3\u03ce\u03c0\u03bf\u03c5\u03c2 \u03c4\u03bf\u03c5 \u03c0\u03c1\u03bf\u03c3\u03c9\u03c0\u03b9\u03ba\u03bf\u03cd \u03ba\u03b1\u03b9 \u03b5\u03ba\u03c0\u03c1\u03bf\u03c3\u03ce\u03c0\u03bf\u03c5\u03c2 \u03c4\u03c9\u03bd \u03b3\u03bf\u03bd\u03ad\u03c9\u03bd \u03ba\u03b1\u03b9 \u03c4\u03c9\u03bd \u03bc\u03b1\u03b8\u03b7\u03c4\u03ce\u03bd.<\/p>\n<p>\u0391\u03c5\u03c4\u03cc \u03c4\u03bf \u03c3\u03c5\u03bc\u03b2\u03bf\u03cd\u03bb\u03b9\u03bf \u03b5\u03af\u03bd\u03b1\u03b9 <strong>\u03c5\u03c0\u03cc \u03c4\u03b7\u03bd \u03c0\u03c1\u03bf\u03b5\u03b4\u03c1\u03af\u03b1 \u03c4\u03bf\u03c5 \u03b4\u03b9\u03b5\u03c5\u03b8\u03c5\u03bd\u03c4\u03ae<\/strong>.<\/p>\n<\/div><div class=\"bde-button-186-335 bde-button\">\n    \n                                    \n    \n    \n    \n    \n            \n                    \n            \n            \n\n    \n    \n    \n    \n    \n    <a class=\"breakdance-link button-atom button-atom--text bde-button__button\" href=\"https:\/\/lfh.edu.gr\/wordpress\/wp-content\/uploads\/2025\/10\/instances_procesverbal_du_ce-no1_voteaucedu11mars2025.pdf\" target=\"_blank\" data-type=\"url\"  >\n\n    \n        <span class=\"button-atom__text\">Lire le compte-rendu du conseil d'\u00e9tablissement du 03 d\u00e9cembre 2024<\/span>\n\n        \n                    \n    <span class=\"button-atom__icon-wrapper\">\n\n        \n            <svg class=\"un-arrow-icon\" width=\"10\" height=\"10\" viewbox=\"0 0 10 10\" aria-hidden=\"true\">\n                <g fill-rule=\"evenodd\">\n                    <path class=\"un-arrow-icon_line\" d=\"M0 5h7\"><\/path>\n                    <path class=\"un-arrow-icon_arrow\" d=\"M1 1l4 4-4 4\"><\/path>\n                <\/g>\n            <\/svg>\n\n        \n    <\/span>\n\n\n        \n                <\/a>\n\n    \n\n\n<\/div><div class=\"bde-button-186-338 bde-button\">\n    \n                                    \n    \n    \n    \n    \n            \n                    \n            \n            \n\n    \n    \n    \n    \n    \n    <a class=\"breakdance-link button-atom button-atom--text bde-button__button\" href=\"https:\/\/lfh.edu.gr\/wordpress\/wp-content\/uploads\/2026\/03\/Proces-Verbal_du_CE-No2_du11mars-Vote_au_CE_du23juin2025.pdf\" target=\"_blank\" data-type=\"url\"  >\n\n    \n        <span class=\"button-atom__text\">Lire le compte-rendu du conseil d'\u00e9tablissement du 11 mars 2025<\/span>\n\n        \n                    \n    <span class=\"button-atom__icon-wrapper\">\n\n        \n            <svg class=\"un-arrow-icon\" width=\"10\" height=\"10\" viewbox=\"0 0 10 10\" aria-hidden=\"true\">\n                <g fill-rule=\"evenodd\">\n                    <path class=\"un-arrow-icon_line\" d=\"M0 5h7\"><\/path>\n                    <path class=\"un-arrow-icon_arrow\" d=\"M1 1l4 4-4 4\"><\/path>\n                <\/g>\n            <\/svg>\n\n        \n    <\/span>\n\n\n        \n                <\/a>\n\n    \n\n\n<\/div><div class=\"bde-button-186-337 bde-button\">\n    \n                                    \n    \n    \n    \n    \n            \n                    \n            \n            \n\n    \n    \n    \n    \n    \n    <a class=\"breakdance-link button-atom button-atom--text bde-button__button\" href=\"https:\/\/lfh.edu.gr\/wordpress\/wp-content\/uploads\/2026\/03\/Proces-verbal_du_CE_No3_du_23_juin_2025-voteAuCEdu18novembre2025.pdf\" target=\"_self\" data-type=\"url\"  >\n\n    \n        <span class=\"button-atom__text\">Lire le compte-rendu du conseil d'\u00e9tablissement du 23 juin 2025<\/span>\n\n        \n                    \n    <span class=\"button-atom__icon-wrapper\">\n\n        \n            <svg class=\"un-arrow-icon\" width=\"10\" height=\"10\" viewbox=\"0 0 10 10\" aria-hidden=\"true\">\n                <g fill-rule=\"evenodd\">\n                    <path class=\"un-arrow-icon_line\" d=\"M0 5h7\"><\/path>\n                    <path class=\"un-arrow-icon_arrow\" d=\"M1 1l4 4-4 4\"><\/path>\n                <\/g>\n            <\/svg>\n\n        \n    <\/span>\n\n\n        \n                <\/a>\n\n    \n\n\n<\/div><div class=\"bde-button-186-339 bde-button\">\n    \n                                    \n    \n    \n    \n    \n            \n                    \n            \n            \n\n    \n    \n    \n    \n    \n    <a class=\"breakdance-link button-atom button-atom--text bde-button__button\" href=\"https:\/\/lfh.edu.gr\/wordpress\/wp-content\/uploads\/2026\/03\/Proces-verbal_du_CE_No1_du_18_novembre_2025-voteAuCEdu5mars2026.pdf\" target=\"_self\" data-type=\"url\"  >\n\n    \n        <span class=\"button-atom__text\">Lire le compte-rendu du conseil d'\u00e9tablissement du 28 novembre 2025<\/span>\n\n        \n                    \n    <span class=\"button-atom__icon-wrapper\">\n\n        \n            <svg class=\"un-arrow-icon\" width=\"10\" height=\"10\" viewbox=\"0 0 10 10\" aria-hidden=\"true\">\n                <g fill-rule=\"evenodd\">\n                    <path class=\"un-arrow-icon_line\" d=\"M0 5h7\"><\/path>\n                    <path class=\"un-arrow-icon_arrow\" d=\"M1 1l4 4-4 4\"><\/path>\n                <\/g>\n            <\/svg>\n\n        \n    <\/span>\n\n\n        \n                <\/a>\n\n    \n\n\n<\/div>\n<\/div><div class=\"bde-div-186-323 bde-div\">\n  \n  \n\t\n\n\n\n<h2 class=\"bde-heading-186-333 bde-heading\">\n\u03a3\u03c7\u03bf\u03bb\u03b9\u03ba\u03cc \u03a3\u03c5\u03bc\u03b2\u03bf\u03cd\u03bb\u03b9\u03bf\n<\/h2><div class=\"bde-rich-text-186-325 bde-rich-text breakdance-rich-text-styles\">\n<p>\u0395\u03c0\u03bf\u03c0\u03c4\u03b5\u03cd\u03b5\u03b9 <strong>\u03c4\u03b7 \u03c3\u03c7\u03bf\u03bb\u03b9\u03ba\u03ae \u03b6\u03c9\u03ae \u03ba\u03b1\u03b9 \u03cc\u03bb\u03b5\u03c2 \u03c4\u03b9\u03c2 \u03b5\u03be\u03c9\u03c3\u03c7\u03bf\u03bb\u03b9\u03ba\u03ad\u03c2 \u03b4\u03c1\u03b1\u03c3\u03c4\u03b7\u03c1\u03b9\u03cc\u03c4\u03b7\u03c4\u03b5\u03c2<\/strong> \u03b1\u03c0\u03cc \u03c4\u03bf Petite Section de Maternelle \u03c3\u03c4\u03bf CM2.<\/p>\n<p>\u0391\u03bd\u03c4\u03b1\u03c0\u03bf\u03ba\u03c1\u03af\u03bd\u03b5\u03c4\u03b1\u03b9 <strong>3 \u03c6\u03bf\u03c1\u03ad\u03c2 \u03c4\u03bf \u03c7\u03c1\u03cc\u03bd\u03bf<\/strong> \u03bc\u03b5 \u03c4\u03cc\u03c3\u03bf\u03c5\u03c2 \u03b1\u03bd\u03c4\u03b9\u03c0\u03c1\u03bf\u03c3\u03ce\u03c0\u03bf\u03c5\u03c2 \u03b3\u03bf\u03bd\u03ad\u03c9\u03bd (\u03c0\u03bf\u03c5 \u03b5\u03ba\u03bb\u03ad\u03b3\u03bf\u03bd\u03c4\u03b1\u03b9 \u03c3\u03c4\u03b7\u03bd \u03b1\u03c1\u03c7\u03ae \u03c4\u03bf\u03c5 \u03ad\u03c4\u03bf\u03c5\u03c2) \u03cc\u03c3\u03b5\u03c2 \u03ba\u03b1\u03b9 \u03bf\u03b9 \u03c4\u03ac\u03be\u03b5\u03b9\u03c2.<\/p>\n<p>\u0395\u03af\u03bd\u03b1\u03b9 <strong>\u03c5\u03c0\u03cc \u03c4\u03b7\u03bd \u03c0\u03c1\u03bf\u03b5\u03b4\u03c1\u03af\u03b1 \u03c4\u03bf\u03c5 \u0394\u03b9\u03b5\u03c5\u03b8\u03c5\u03bd\u03c4\u03ae \u03c4\u03bf\u03c5 \u0394\u03b7\u03bc\u03bf\u03c4\u03b9\u03ba\u03bf\u03cd \u03a3\u03c7\u03bf\u03bb\u03b5\u03af\u03bf\u03c5<\/strong>.<\/p>\n<\/div><div class=\"bde-button-186-336 bde-button\">\n    \n                                    \n    \n    \n    \n    \n            \n                    \n            \n            \n\n    \n    \n    \n    \n    \n    <a class=\"breakdance-link button-atom button-atom--text bde-button__button\" href=\"https:\/\/lfh.edu.gr\/wordpress\/wp-content\/uploads\/2025\/10\/instances_cr-conseil_decole_n3_03-06-25.pdf\" target=\"_blank\" data-type=\"url\"  >\n\n    \n        <span class=\"button-atom__text\">\u0394\u03b9\u03b1\u03b2\u03ac\u03c3\u03c4\u03b5 \u03c4\u03b1 \u03c0\u03c1\u03b1\u03ba\u03c4\u03b9\u03ba\u03ac \u03c4\u03b7\u03c2 \u03c4\u03b5\u03bb\u03b5\u03c5\u03c4\u03b1\u03af\u03b1\u03c2 \u03c3\u03c5\u03bd\u03b5\u03b4\u03c1\u03af\u03b1\u03c3\u03b7\u03c2 \u03c4\u03bf\u03c5 \u03c3\u03c7\u03bf\u03bb\u03b9\u03ba\u03bf\u03cd \u03c3\u03c5\u03bc\u03b2\u03bf\u03c5\u03bb\u03af\u03bf\u03c5<\/span>\n\n        \n                    \n    <span class=\"button-atom__icon-wrapper\">\n\n        \n            <svg class=\"un-arrow-icon\" width=\"10\" height=\"10\" viewbox=\"0 0 10 10\" aria-hidden=\"true\">\n                <g fill-rule=\"evenodd\">\n                    <path class=\"un-arrow-icon_line\" d=\"M0 5h7\"><\/path>\n                    <path class=\"un-arrow-icon_arrow\" d=\"M1 1l4 4-4 4\"><\/path>\n                <\/g>\n            <\/svg>\n\n        \n    <\/span>\n\n\n        \n                <\/a>\n\n    \n\n\n<\/div>\n<\/div>\n<\/div><\/div>\n<\/section>","protected":false},"excerpt":{"rendered":"<p>Accueil \u00bb \u00c9tablissement Les instances du Lyc\u00e9e Le conseil d&rsquo;\u00e9tablissement Il assure la gestion p\u00e9dagogique et quotidienne de l\u2019\u00e9tablissement, et traite notamment des questions du Projet d\u2019\u00c9tablissement, du calendrier, des horaires, de la vie scolaire, du plan d\u2019orientation, des voyages et de la politique d\u2019\u00e9ducation \u00e0 la sant\u00e9 et \u00e0 la citoyennet\u00e9. Il se r\u00e9unit [&hellip;]<\/p>","protected":false},"author":1,"featured_media":0,"parent":236,"menu_order":0,"comment_status":"closed","ping_status":"closed","template":"","meta":{"inline_featured_image":false,"_breakdance_hide_in_design_set":false,"_breakdance_tags":"","footnotes":""},"class_list":["post-186","page","type-page","status-publish","hentry"],"yoast_head":"<!-- This site is optimized with the Yoast SEO plugin v24.4 - https:\/\/yoast.com\/wordpress\/plugins\/seo\/ -->\n<title>Les instances - Lyc\u00e9e Franco-Hell\u00e9nique Eug\u00e8ne Delacroix<\/title>\n<meta name=\"description\" content=\"Apprenez-en plus sur Les instances du Lyc\u00e9e Franco-Hell\u00e9nique Eug\u00e8ne Delacroix \u00e0 Ath\u00e8nes (LFHED).\" \/>\n<meta name=\"robots\" content=\"index, nofollow, max-snippet:-1, max-image-preview:large, max-video-preview:-1\" \/>\n<link rel=\"canonical\" href=\"https:\/\/lfh.edu.gr\/el\/etablissement\/instances\/\" \/>\n<meta property=\"og:locale\" content=\"el_GR\" \/>\n<meta property=\"og:type\" content=\"article\" \/>\n<meta property=\"og:title\" content=\"Les instances - Lyc\u00e9e Franco-Hell\u00e9nique Eug\u00e8ne Delacroix\" \/>\n<meta property=\"og:description\" content=\"Apprenez-en plus sur Les instances du Lyc\u00e9e Franco-Hell\u00e9nique Eug\u00e8ne Delacroix \u00e0 Ath\u00e8nes (LFHED).\" \/>\n<meta property=\"og:url\" content=\"https:\/\/lfh.edu.gr\/el\/etablissement\/instances\/\" \/>\n<meta property=\"og:site_name\" content=\"Lyc\u00e9e Franco-Hell\u00e9nique Eug\u00e8ne Delacroix\" \/>\n<meta property=\"article:modified_time\" content=\"2026-03-19T06:16:16+00:00\" \/>\n<meta name=\"twitter:card\" content=\"summary_large_image\" \/>\n<meta name=\"twitter:label1\" content=\"\u0395\u03ba\u03c4\u03b9\u03bc\u03ce\u03bc\u03b5\u03bd\u03bf\u03c2 \u03c7\u03c1\u03cc\u03bd\u03bf\u03c2 \u03b1\u03bd\u03ac\u03b3\u03bd\u03c9\u03c3\u03b7\u03c2\" \/>\n\t<meta name=\"twitter:data1\" content=\"1 \u03bb\u03b5\u03c0\u03c4\u03cc\" \/>\n<script type=\"application\/ld+json\" class=\"yoast-schema-graph\">{\"@context\":\"https:\/\/schema.org\",\"@graph\":[{\"@type\":\"WebPage\",\"@id\":\"https:\/\/lfh.edu.gr\/etablissement\/instances\/\",\"url\":\"https:\/\/lfh.edu.gr\/etablissement\/instances\/\",\"name\":\"Les instances - Lyc\u00e9e Franco-Hell\u00e9nique Eug\u00e8ne Delacroix\",\"isPartOf\":{\"@id\":\"https:\/\/lfh.edu.gr\/#website\"},\"datePublished\":\"2025-06-12T12:05:28+00:00\",\"dateModified\":\"2026-03-19T06:16:16+00:00\",\"description\":\"Apprenez-en plus sur Les instances du Lyc\u00e9e Franco-Hell\u00e9nique Eug\u00e8ne Delacroix \u00e0 Ath\u00e8nes (LFHED).\",\"breadcrumb\":{\"@id\":\"https:\/\/lfh.edu.gr\/etablissement\/instances\/#breadcrumb\"},\"inLanguage\":\"el\",\"potentialAction\":[{\"@type\":\"ReadAction\",\"target\":[\"https:\/\/lfh.edu.gr\/etablissement\/instances\/\"]}]},{\"@type\":\"BreadcrumbList\",\"@id\":\"https:\/\/lfh.edu.gr\/etablissement\/instances\/#breadcrumb\",\"itemListElement\":[{\"@type\":\"ListItem\",\"position\":1,\"name\":\"Accueil\",\"item\":\"https:\/\/lfh.edu.gr\/\"},{\"@type\":\"ListItem\",\"position\":2,\"name\":\"\u00c9TABLISSEMENT\",\"item\":\"https:\/\/lfh.edu.gr\/etablissement\/\"},{\"@type\":\"ListItem\",\"position\":3,\"name\":\"Les instances\"}]},{\"@type\":\"WebSite\",\"@id\":\"https:\/\/lfh.edu.gr\/#website\",\"url\":\"https:\/\/lfh.edu.gr\/\",\"name\":\"Lyc\u00e9e Franco-Hell\u00e9nique Eug\u00e8ne Delacroix\",\"description\":\"\",\"potentialAction\":[{\"@type\":\"SearchAction\",\"target\":{\"@type\":\"EntryPoint\",\"urlTemplate\":\"https:\/\/lfh.edu.gr\/?s={search_term_string}\"},\"query-input\":{\"@type\":\"PropertyValueSpecification\",\"valueRequired\":true,\"valueName\":\"search_term_string\"}}],\"inLanguage\":\"el\"}]}<\/script>\n<!-- \/ Yoast SEO plugin. -->","yoast_head_json":{"title":"Les instances - Lyc\u00e9e Franco-Hell\u00e9nique Eug\u00e8ne Delacroix","description":"Apprenez-en plus sur Les instances du Lyc\u00e9e Franco-Hell\u00e9nique Eug\u00e8ne Delacroix \u00e0 Ath\u00e8nes (LFHED).","robots":{"index":"index","follow":"nofollow","max-snippet":"max-snippet:-1","max-image-preview":"max-image-preview:large","max-video-preview":"max-video-preview:-1"},"canonical":"https:\/\/lfh.edu.gr\/el\/etablissement\/instances\/","og_locale":"el_GR","og_type":"article","og_title":"Les instances - Lyc\u00e9e Franco-Hell\u00e9nique Eug\u00e8ne Delacroix","og_description":"Apprenez-en plus sur Les instances du Lyc\u00e9e Franco-Hell\u00e9nique Eug\u00e8ne Delacroix \u00e0 Ath\u00e8nes (LFHED).","og_url":"https:\/\/lfh.edu.gr\/el\/etablissement\/instances\/","og_site_name":"Lyc\u00e9e Franco-Hell\u00e9nique Eug\u00e8ne Delacroix","article_modified_time":"2026-03-19T06:16:16+00:00","twitter_card":"summary_large_image","twitter_misc":{"\u0395\u03ba\u03c4\u03b9\u03bc\u03ce\u03bc\u03b5\u03bd\u03bf\u03c2 \u03c7\u03c1\u03cc\u03bd\u03bf\u03c2 \u03b1\u03bd\u03ac\u03b3\u03bd\u03c9\u03c3\u03b7\u03c2":"1 \u03bb\u03b5\u03c0\u03c4\u03cc"},"schema":{"@context":"https:\/\/schema.org","@graph":[{"@type":"WebPage","@id":"https:\/\/lfh.edu.gr\/etablissement\/instances\/","url":"https:\/\/lfh.edu.gr\/etablissement\/instances\/","name":"Les instances - Lyc\u00e9e Franco-Hell\u00e9nique Eug\u00e8ne Delacroix","isPartOf":{"@id":"https:\/\/lfh.edu.gr\/#website"},"datePublished":"2025-06-12T12:05:28+00:00","dateModified":"2026-03-19T06:16:16+00:00","description":"Apprenez-en plus sur Les instances du Lyc\u00e9e Franco-Hell\u00e9nique Eug\u00e8ne Delacroix \u00e0 Ath\u00e8nes (LFHED).","breadcrumb":{"@id":"https:\/\/lfh.edu.gr\/etablissement\/instances\/#breadcrumb"},"inLanguage":"el","potentialAction":[{"@type":"ReadAction","target":["https:\/\/lfh.edu.gr\/etablissement\/instances\/"]}]},{"@type":"BreadcrumbList","@id":"https:\/\/lfh.edu.gr\/etablissement\/instances\/#breadcrumb","itemListElement":[{"@type":"ListItem","position":1,"name":"Accueil","item":"https:\/\/lfh.edu.gr\/"},{"@type":"ListItem","position":2,"name":"\u00c9TABLISSEMENT","item":"https:\/\/lfh.edu.gr\/etablissement\/"},{"@type":"ListItem","position":3,"name":"Les instances"}]},{"@type":"WebSite","@id":"https:\/\/lfh.edu.gr\/#website","url":"https:\/\/lfh.edu.gr\/","name":"Lyc\u00e9e Franco-Hell\u00e9nique Eug\u00e8ne Delacroix","description":"","potentialAction":[{"@type":"SearchAction","target":{"@type":"EntryPoint","urlTemplate":"https:\/\/lfh.edu.gr\/?s={search_term_string}"},"query-input":{"@type":"PropertyValueSpecification","valueRequired":true,"valueName":"search_term_string"}}],"inLanguage":"el"}]}},"jetpack_sharing_enabled":true,"_links":{"self":[{"href":"https:\/\/lfh.edu.gr\/el\/wp-json\/wp\/v2\/pages\/186","targetHints":{"allow":["GET"]}}],"collection":[{"href":"https:\/\/lfh.edu.gr\/el\/wp-json\/wp\/v2\/pages"}],"about":[{"href":"https:\/\/lfh.edu.gr\/el\/wp-json\/wp\/v2\/types\/page"}],"author":[{"embeddable":true,"href":"https:\/\/lfh.edu.gr\/el\/wp-json\/wp\/v2\/users\/1"}],"replies":[{"embeddable":true,"href":"https:\/\/lfh.edu.gr\/el\/wp-json\/wp\/v2\/comments?post=186"}],"version-history":[{"count":19,"href":"https:\/\/lfh.edu.gr\/el\/wp-json\/wp\/v2\/pages\/186\/revisions"}],"predecessor-version":[{"id":2582,"href":"https:\/\/lfh.edu.gr\/el\/wp-json\/wp\/v2\/pages\/186\/revisions\/2582"}],"up":[{"embeddable":true,"href":"https:\/\/lfh.edu.gr\/el\/wp-json\/wp\/v2\/pages\/236"}],"wp:attachment":[{"href":"https:\/\/lfh.edu.gr\/el\/wp-json\/wp\/v2\/media?parent=186"}],"curies":[{"name":"wp","href":"https:\/\/api.w.org\/{rel}","templated":true}]}}