{"id":1768,"date":"2026-02-10T14:36:02","date_gmt":"2026-02-10T12:36:02","guid":{"rendered":"https:\/\/lfh.edu.gr\/?page_id=1768"},"modified":"2026-03-18T11:41:47","modified_gmt":"2026-03-18T09:41:47","slug":"ecole-inclusive-lfhed","status":"publish","type":"page","link":"https:\/\/lfh.edu.gr\/el\/ecole-inclusive-lfhed\/","title":{"rendered":"\u00c9COLE INCLUSIVE &#8211; LFHED"},"content":{"rendered":"<h4>\u00c9COLE INCLUSIVE &#8211; LFHED<\/h4>\n<p>Notre \u00e9tablissement s\u2019inscrit dans une d\u00e9marche d\u2019\u00e9cole inclusive visant \u00e0 r\u00e9pondre aux besoins de tous les \u00e9l\u00e8ves, dans le respect de la diversit\u00e9 de leurs profils, de leurs parcours et de leurs rythmes d\u2019apprentissage. Cette d\u00e9marche repose sur la conviction que chaque \u00e9l\u00e8ve peut apprendre et progresser lorsque l\u2019environnement scolaire est pr\u00e9par\u00e9, s\u00e9curisant et adapt\u00e9.<\/p>\n<p>L\u2019\u00e9cole inclusive suppose une volont\u00e9 constante d\u2019apprendre, de s\u2019interroger et de s\u2019am\u00e9liorer. Elle s\u2019appuie sur une communaut\u00e9 \u00e9ducative engag\u00e9e, attentive aux besoins des \u00e9l\u00e8ves et ouverte \u00e0 l\u2019\u00e9volution des pratiques p\u00e9dagogiques. Les am\u00e9nagements propos\u00e9s et les adaptations mises en place ont pour objectif de favoriser l\u2019acc\u00e8s aux apprentissages, l\u2019autonomie et la participation de chacun \u00e0 la vie scolaire.<\/p>\n<p>Un suivi attentif des \u00e9l\u00e8ves est assur\u00e9 tout au long de leur scolarit\u00e9, en lien \u00e9troit avec les \u00e9quipes p\u00e9dagogiques, les \u00e9l\u00e8ves eux-m\u00eames et leurs familles. Des rencontres permettent de mieux comprendre les besoins des \u00e9l\u00e8ves tandis que des r\u00e9unions avec les parents favorisent le dialogue, l\u2019accompagnement et la co-construction de r\u00e9ponses adapt\u00e9es. L\u2019\u00e9cole veille \u00e9galement \u00e0 informer et \u00e0 soutenir les familles, en leur proposant des temps d\u2019\u00e9change et un accompagnement personnalis\u00e9 lorsque cela est n\u00e9cessaire.<\/p>\n<p>L\u2019accueil et l\u2019int\u00e9gration des AESH font pleinement partie de cette d\u00e9marche inclusive. Leur pr\u00e9sence contribue \u00e0 soutenir les \u00e9l\u00e8ves dans leur parcours scolaire et \u00e0 renforcer la coop\u00e9ration au sein de la communaut\u00e9 \u00e9ducative.<\/p>\n<p>Enfin, l\u2019\u00e9tablissement m\u00e8ne des actions de sensibilisation aupr\u00e8s des \u00e9l\u00e8ves et des adultes afin de promouvoir une culture de la bienveillance, du respect des diff\u00e9rences et de la solidarit\u00e9. L\u2019\u00e9cole inclusive se construit ainsi comme une communaut\u00e9 apprenante, dans laquelle chacun, \u00e9l\u00e8ves comme adultes, progresse ensemble au service de la r\u00e9ussite et de l\u2019\u00e9panouissement de tous.<\/p>\n<p>Pour toute information concernant l\u2019\u00e9cole inclusive, n\u2019h\u00e9sitez pas \u00e0 contacter la r\u00e9f\u00e9rente \u00e9cole inclusive, Mme Georgia Gounari, \u00e0 l\u2019adresse suivante :\u00a0<span style=\"color: #3366ff;\"><a style=\"color: #3366ff;\" href=\"mailto:georgia.gounari@lfh.gr\" data-linkindex=\"0\">georgia.gounari@lfh.gr<\/a><\/span>.<\/p>\n<p><span style=\"color: #3366ff;\"><a style=\"color: #3366ff;\" href=\"https:\/\/padlet.com\/lfhed\/semaine-ecole-inclusive-au-lfhed-lfhed-6t3cq1zezmm0?fbclid=IwY2xjawQnS3RleHRuA2FlbQIxMABicmlkETBMRDg0ZVh2TWhEYnhaTUh3c3J0YwZhcHBfaWQQMjIyMDM5MTc4ODIwMDg5MgABHu2UBOzRw338PJJlX_7ZXSIeDbt62HoLK5Q-LtoLZ3mR8zifs-pEPp-n9B8U_aem_2ZwedwVR6TtMwFHV1RL-Aw\">Les actions de la Semaine de l\u2019\u00e9cole inclusive \u00e0 partir de 2023<\/a><\/span><\/p>\n\n\n<div class=\"wp-block-embedpress-youtube-block\"><div id=\"ep-gutenberg-content-d41d8cd98f00b204e9800998ecf8427e\" class=\"ep-gutenberg-content\"><div class=\"embedpress-youtube-embed ep-fixed-width\" style=\"width:600px;height:450px\" data-embed-type=\"YouTube\"><iframe loading=\"lazy\" src=\"https:\/\/www.youtube.com\/embed\/FbN-08bOWx8\" style=\"max-width:100%;height:100%\" frameborder=\"0\" width=\"600\" height=\"450\" allowfullscreen title=\"FbN 08bOWx8\"><\/iframe><\/div><\/div><\/div>\n\n\n\n<p><\/p>","protected":false},"excerpt":{"rendered":"<p>\u00c9COLE INCLUSIVE &#8211; LFHED Notre \u00e9tablissement s\u2019inscrit dans une d\u00e9marche d\u2019\u00e9cole inclusive visant \u00e0 r\u00e9pondre aux besoins de tous les \u00e9l\u00e8ves, dans le respect de la diversit\u00e9 de leurs profils, de leurs parcours et de leurs rythmes d\u2019apprentissage. Cette d\u00e9marche repose sur la conviction que chaque \u00e9l\u00e8ve peut apprendre et progresser lorsque l\u2019environnement scolaire est [&hellip;]<\/p>","protected":false},"author":5,"featured_media":1777,"parent":0,"menu_order":0,"comment_status":"closed","ping_status":"closed","template":"","meta":{"inline_featured_image":false,"_breakdance_hide_in_design_set":false,"_breakdance_tags":"","footnotes":""},"class_list":["post-1768","page","type-page","status-publish","has-post-thumbnail","hentry"],"yoast_head":"<!-- This site is optimized with the Yoast SEO plugin v24.4 - https:\/\/yoast.com\/wordpress\/plugins\/seo\/ -->\n<title>\u00c9COLE INCLUSIVE - LFHED - Lyc\u00e9e Franco-Hell\u00e9nique Eug\u00e8ne Delacroix<\/title>\n<meta name=\"robots\" content=\"index, follow, max-snippet:-1, max-image-preview:large, max-video-preview:-1\" \/>\n<link rel=\"canonical\" href=\"https:\/\/lfh.edu.gr\/el\/ecole-inclusive-lfhed\/\" \/>\n<meta property=\"og:locale\" content=\"el_GR\" \/>\n<meta property=\"og:type\" content=\"article\" \/>\n<meta property=\"og:title\" content=\"\u00c9COLE INCLUSIVE - LFHED - Lyc\u00e9e Franco-Hell\u00e9nique Eug\u00e8ne Delacroix\" \/>\n<meta property=\"og:description\" content=\"\u00c9COLE INCLUSIVE &#8211; LFHED Notre \u00e9tablissement s\u2019inscrit dans une d\u00e9marche d\u2019\u00e9cole inclusive visant \u00e0 r\u00e9pondre aux besoins de tous les \u00e9l\u00e8ves, dans le respect de la diversit\u00e9 de leurs profils, de leurs parcours et de leurs rythmes d\u2019apprentissage. Cette d\u00e9marche repose sur la conviction que chaque \u00e9l\u00e8ve peut apprendre et progresser lorsque l\u2019environnement scolaire est [&hellip;]\" \/>\n<meta property=\"og:url\" content=\"https:\/\/lfh.edu.gr\/el\/ecole-inclusive-lfhed\/\" \/>\n<meta property=\"og:site_name\" content=\"Lyc\u00e9e Franco-Hell\u00e9nique Eug\u00e8ne Delacroix\" \/>\n<meta property=\"article:modified_time\" content=\"2026-03-18T09:41:47+00:00\" \/>\n<meta property=\"og:image\" content=\"https:\/\/lfh.edu.gr\/wordpress\/wp-content\/uploads\/2026\/02\/th-1200x1000-2025-02-episode-webserie-athenes.jpg.jpg\" \/>\n\t<meta property=\"og:image:width\" content=\"1200\" \/>\n\t<meta property=\"og:image:height\" content=\"675\" \/>\n\t<meta property=\"og:image:type\" content=\"image\/jpeg\" \/>\n<meta name=\"twitter:card\" content=\"summary_large_image\" \/>\n<meta name=\"twitter:label1\" content=\"\u0395\u03ba\u03c4\u03b9\u03bc\u03ce\u03bc\u03b5\u03bd\u03bf\u03c2 \u03c7\u03c1\u03cc\u03bd\u03bf\u03c2 \u03b1\u03bd\u03ac\u03b3\u03bd\u03c9\u03c3\u03b7\u03c2\" \/>\n\t<meta name=\"twitter:data1\" content=\"2 \u03bb\u03b5\u03c0\u03c4\u03ac\" \/>\n<script type=\"application\/ld+json\" class=\"yoast-schema-graph\">{\"@context\":\"https:\/\/schema.org\",\"@graph\":[{\"@type\":\"WebPage\",\"@id\":\"https:\/\/lfh.edu.gr\/ecole-inclusive-lfhed\/\",\"url\":\"https:\/\/lfh.edu.gr\/ecole-inclusive-lfhed\/\",\"name\":\"\u00c9COLE INCLUSIVE - LFHED - Lyc\u00e9e Franco-Hell\u00e9nique Eug\u00e8ne Delacroix\",\"isPartOf\":{\"@id\":\"https:\/\/lfh.edu.gr\/#website\"},\"primaryImageOfPage\":{\"@id\":\"https:\/\/lfh.edu.gr\/ecole-inclusive-lfhed\/#primaryimage\"},\"image\":{\"@id\":\"https:\/\/lfh.edu.gr\/ecole-inclusive-lfhed\/#primaryimage\"},\"thumbnailUrl\":\"https:\/\/lfh.edu.gr\/wordpress\/wp-content\/uploads\/2026\/02\/th-1200x1000-2025-02-episode-webserie-athenes.jpg.jpg\",\"datePublished\":\"2026-02-10T12:36:02+00:00\",\"dateModified\":\"2026-03-18T09:41:47+00:00\",\"breadcrumb\":{\"@id\":\"https:\/\/lfh.edu.gr\/ecole-inclusive-lfhed\/#breadcrumb\"},\"inLanguage\":\"el\",\"potentialAction\":[{\"@type\":\"ReadAction\",\"target\":[\"https:\/\/lfh.edu.gr\/ecole-inclusive-lfhed\/\"]}]},{\"@type\":\"ImageObject\",\"inLanguage\":\"el\",\"@id\":\"https:\/\/lfh.edu.gr\/ecole-inclusive-lfhed\/#primaryimage\",\"url\":\"https:\/\/lfh.edu.gr\/wordpress\/wp-content\/uploads\/2026\/02\/th-1200x1000-2025-02-episode-webserie-athenes.jpg.jpg\",\"contentUrl\":\"https:\/\/lfh.edu.gr\/wordpress\/wp-content\/uploads\/2026\/02\/th-1200x1000-2025-02-episode-webserie-athenes.jpg.jpg\",\"width\":1200,\"height\":675},{\"@type\":\"BreadcrumbList\",\"@id\":\"https:\/\/lfh.edu.gr\/ecole-inclusive-lfhed\/#breadcrumb\",\"itemListElement\":[{\"@type\":\"ListItem\",\"position\":1,\"name\":\"Accueil\",\"item\":\"https:\/\/lfh.edu.gr\/\"},{\"@type\":\"ListItem\",\"position\":2,\"name\":\"\u00c9COLE INCLUSIVE &#8211; LFHED\"}]},{\"@type\":\"WebSite\",\"@id\":\"https:\/\/lfh.edu.gr\/#website\",\"url\":\"https:\/\/lfh.edu.gr\/\",\"name\":\"Lyc\u00e9e Franco-Hell\u00e9nique Eug\u00e8ne Delacroix\",\"description\":\"\",\"potentialAction\":[{\"@type\":\"SearchAction\",\"target\":{\"@type\":\"EntryPoint\",\"urlTemplate\":\"https:\/\/lfh.edu.gr\/?s={search_term_string}\"},\"query-input\":{\"@type\":\"PropertyValueSpecification\",\"valueRequired\":true,\"valueName\":\"search_term_string\"}}],\"inLanguage\":\"el\"}]}<\/script>\n<!-- \/ Yoast SEO plugin. -->","yoast_head_json":{"title":"\u00c9COLE INCLUSIVE - LFHED - Lyc\u00e9e Franco-Hell\u00e9nique Eug\u00e8ne Delacroix","robots":{"index":"index","follow":"follow","max-snippet":"max-snippet:-1","max-image-preview":"max-image-preview:large","max-video-preview":"max-video-preview:-1"},"canonical":"https:\/\/lfh.edu.gr\/el\/ecole-inclusive-lfhed\/","og_locale":"el_GR","og_type":"article","og_title":"\u00c9COLE INCLUSIVE - LFHED - Lyc\u00e9e Franco-Hell\u00e9nique Eug\u00e8ne Delacroix","og_description":"\u00c9COLE INCLUSIVE &#8211; LFHED Notre \u00e9tablissement s\u2019inscrit dans une d\u00e9marche d\u2019\u00e9cole inclusive visant \u00e0 r\u00e9pondre aux besoins de tous les \u00e9l\u00e8ves, dans le respect de la diversit\u00e9 de leurs profils, de leurs parcours et de leurs rythmes d\u2019apprentissage. Cette d\u00e9marche repose sur la conviction que chaque \u00e9l\u00e8ve peut apprendre et progresser lorsque l\u2019environnement scolaire est [&hellip;]","og_url":"https:\/\/lfh.edu.gr\/el\/ecole-inclusive-lfhed\/","og_site_name":"Lyc\u00e9e Franco-Hell\u00e9nique Eug\u00e8ne Delacroix","article_modified_time":"2026-03-18T09:41:47+00:00","og_image":[{"width":1200,"height":675,"url":"https:\/\/lfh.edu.gr\/wordpress\/wp-content\/uploads\/2026\/02\/th-1200x1000-2025-02-episode-webserie-athenes.jpg.jpg","type":"image\/jpeg"}],"twitter_card":"summary_large_image","twitter_misc":{"\u0395\u03ba\u03c4\u03b9\u03bc\u03ce\u03bc\u03b5\u03bd\u03bf\u03c2 \u03c7\u03c1\u03cc\u03bd\u03bf\u03c2 \u03b1\u03bd\u03ac\u03b3\u03bd\u03c9\u03c3\u03b7\u03c2":"2 \u03bb\u03b5\u03c0\u03c4\u03ac"},"schema":{"@context":"https:\/\/schema.org","@graph":[{"@type":"WebPage","@id":"https:\/\/lfh.edu.gr\/ecole-inclusive-lfhed\/","url":"https:\/\/lfh.edu.gr\/ecole-inclusive-lfhed\/","name":"\u00c9COLE INCLUSIVE - LFHED - Lyc\u00e9e Franco-Hell\u00e9nique Eug\u00e8ne Delacroix","isPartOf":{"@id":"https:\/\/lfh.edu.gr\/#website"},"primaryImageOfPage":{"@id":"https:\/\/lfh.edu.gr\/ecole-inclusive-lfhed\/#primaryimage"},"image":{"@id":"https:\/\/lfh.edu.gr\/ecole-inclusive-lfhed\/#primaryimage"},"thumbnailUrl":"https:\/\/lfh.edu.gr\/wordpress\/wp-content\/uploads\/2026\/02\/th-1200x1000-2025-02-episode-webserie-athenes.jpg.jpg","datePublished":"2026-02-10T12:36:02+00:00","dateModified":"2026-03-18T09:41:47+00:00","breadcrumb":{"@id":"https:\/\/lfh.edu.gr\/ecole-inclusive-lfhed\/#breadcrumb"},"inLanguage":"el","potentialAction":[{"@type":"ReadAction","target":["https:\/\/lfh.edu.gr\/ecole-inclusive-lfhed\/"]}]},{"@type":"ImageObject","inLanguage":"el","@id":"https:\/\/lfh.edu.gr\/ecole-inclusive-lfhed\/#primaryimage","url":"https:\/\/lfh.edu.gr\/wordpress\/wp-content\/uploads\/2026\/02\/th-1200x1000-2025-02-episode-webserie-athenes.jpg.jpg","contentUrl":"https:\/\/lfh.edu.gr\/wordpress\/wp-content\/uploads\/2026\/02\/th-1200x1000-2025-02-episode-webserie-athenes.jpg.jpg","width":1200,"height":675},{"@type":"BreadcrumbList","@id":"https:\/\/lfh.edu.gr\/ecole-inclusive-lfhed\/#breadcrumb","itemListElement":[{"@type":"ListItem","position":1,"name":"Accueil","item":"https:\/\/lfh.edu.gr\/"},{"@type":"ListItem","position":2,"name":"\u00c9COLE INCLUSIVE &#8211; LFHED"}]},{"@type":"WebSite","@id":"https:\/\/lfh.edu.gr\/#website","url":"https:\/\/lfh.edu.gr\/","name":"Lyc\u00e9e Franco-Hell\u00e9nique Eug\u00e8ne Delacroix","description":"","potentialAction":[{"@type":"SearchAction","target":{"@type":"EntryPoint","urlTemplate":"https:\/\/lfh.edu.gr\/?s={search_term_string}"},"query-input":{"@type":"PropertyValueSpecification","valueRequired":true,"valueName":"search_term_string"}}],"inLanguage":"el"}]}},"jetpack_sharing_enabled":true,"_links":{"self":[{"href":"https:\/\/lfh.edu.gr\/el\/wp-json\/wp\/v2\/pages\/1768","targetHints":{"allow":["GET"]}}],"collection":[{"href":"https:\/\/lfh.edu.gr\/el\/wp-json\/wp\/v2\/pages"}],"about":[{"href":"https:\/\/lfh.edu.gr\/el\/wp-json\/wp\/v2\/types\/page"}],"author":[{"embeddable":true,"href":"https:\/\/lfh.edu.gr\/el\/wp-json\/wp\/v2\/users\/5"}],"replies":[{"embeddable":true,"href":"https:\/\/lfh.edu.gr\/el\/wp-json\/wp\/v2\/comments?post=1768"}],"version-history":[{"count":18,"href":"https:\/\/lfh.edu.gr\/el\/wp-json\/wp\/v2\/pages\/1768\/revisions"}],"predecessor-version":[{"id":2547,"href":"https:\/\/lfh.edu.gr\/el\/wp-json\/wp\/v2\/pages\/1768\/revisions\/2547"}],"wp:featuredmedia":[{"embeddable":true,"href":"https:\/\/lfh.edu.gr\/el\/wp-json\/wp\/v2\/media\/1777"}],"wp:attachment":[{"href":"https:\/\/lfh.edu.gr\/el\/wp-json\/wp\/v2\/media?parent=1768"}],"curies":[{"name":"wp","href":"https:\/\/api.w.org\/{rel}","templated":true}]}}