{"id":1198,"date":"2026-01-12T12:46:35","date_gmt":"2026-01-12T12:46:35","guid":{"rendered":"https:\/\/lfh.edu.gr\/?page_id=1198"},"modified":"2026-01-12T12:46:35","modified_gmt":"2026-01-12T12:46:35","slug":"les-resultats-aux-examens","status":"publish","type":"page","link":"https:\/\/lfh.edu.gr\/el\/les-resultats-aux-examens\/","title":{"rendered":"Les r\u00e9sultats aux examens"},"content":{"rendered":"<section class=\"bde-section-1198-100 bde-section\">\n  \n  \n\t\n\n\n\n<div class=\"section-container\"><img decoding=\"async\" class=\"bde-image2-1198-101 bde-image2\" src=\"https:\/\/lfh.edu.gr\/wordpress\/wp-content\/uploads\/2026\/01\/Presentation1.jpg\" loading=\"lazy\" srcset=\"https:\/\/lfh.edu.gr\/wordpress\/wp-content\/uploads\/2026\/01\/Presentation1.jpg 1280w, https:\/\/lfh.edu.gr\/wordpress\/wp-content\/uploads\/2026\/01\/Presentation1-300x169.jpg 300w, https:\/\/lfh.edu.gr\/wordpress\/wp-content\/uploads\/2026\/01\/Presentation1-1024x576.jpg 1024w, https:\/\/lfh.edu.gr\/wordpress\/wp-content\/uploads\/2026\/01\/Presentation1-768x432.jpg 768w, https:\/\/lfh.edu.gr\/wordpress\/wp-content\/uploads\/2026\/01\/Presentation1-18x10.jpg 18w\" sizes=\"(max-width: 1280px) 100vw, 1280px\"><img decoding=\"async\" class=\"bde-image2-1198-102 bde-image2\" src=\"https:\/\/lfh.edu.gr\/wordpress\/wp-content\/uploads\/2026\/01\/Presentation2.jpg\" loading=\"lazy\" srcset=\"https:\/\/lfh.edu.gr\/wordpress\/wp-content\/uploads\/2026\/01\/Presentation2.jpg 1280w, https:\/\/lfh.edu.gr\/wordpress\/wp-content\/uploads\/2026\/01\/Presentation2-300x169.jpg 300w, https:\/\/lfh.edu.gr\/wordpress\/wp-content\/uploads\/2026\/01\/Presentation2-1024x576.jpg 1024w, https:\/\/lfh.edu.gr\/wordpress\/wp-content\/uploads\/2026\/01\/Presentation2-768x432.jpg 768w, https:\/\/lfh.edu.gr\/wordpress\/wp-content\/uploads\/2026\/01\/Presentation2-18x10.jpg 18w\" sizes=\"(max-width: 1280px) 100vw, 1280px\"><\/div>\n<\/section>","protected":false},"excerpt":{"rendered":"","protected":false},"author":4,"featured_media":0,"parent":0,"menu_order":0,"comment_status":"closed","ping_status":"closed","template":"","meta":{"inline_featured_image":false,"_breakdance_hide_in_design_set":false,"_breakdance_tags":"","footnotes":""},"class_list":["post-1198","page","type-page","status-publish","hentry"],"yoast_head":"<!-- This site is optimized with the Yoast SEO plugin v24.4 - https:\/\/yoast.com\/wordpress\/plugins\/seo\/ -->\n<title>Les r\u00e9sultats aux examens - Lyc\u00e9e Franco-Hell\u00e9nique Eug\u00e8ne Delacroix<\/title>\n<meta name=\"robots\" content=\"index, follow, max-snippet:-1, max-image-preview:large, max-video-preview:-1\" \/>\n<link rel=\"canonical\" href=\"https:\/\/lfh.edu.gr\/el\/les-resultats-aux-examens\/\" \/>\n<meta property=\"og:locale\" content=\"el_GR\" \/>\n<meta property=\"og:type\" content=\"article\" \/>\n<meta property=\"og:title\" content=\"Les r\u00e9sultats aux examens - Lyc\u00e9e Franco-Hell\u00e9nique Eug\u00e8ne Delacroix\" \/>\n<meta property=\"og:url\" content=\"https:\/\/lfh.edu.gr\/el\/les-resultats-aux-examens\/\" \/>\n<meta property=\"og:site_name\" content=\"Lyc\u00e9e Franco-Hell\u00e9nique Eug\u00e8ne Delacroix\" \/>\n<meta name=\"twitter:card\" content=\"summary_large_image\" \/>\n<script type=\"application\/ld+json\" class=\"yoast-schema-graph\">{\"@context\":\"https:\/\/schema.org\",\"@graph\":[{\"@type\":\"WebPage\",\"@id\":\"https:\/\/lfh.edu.gr\/les-resultats-aux-examens\/\",\"url\":\"https:\/\/lfh.edu.gr\/les-resultats-aux-examens\/\",\"name\":\"Les r\u00e9sultats aux examens - Lyc\u00e9e Franco-Hell\u00e9nique Eug\u00e8ne Delacroix\",\"isPartOf\":{\"@id\":\"https:\/\/lfh.edu.gr\/#website\"},\"datePublished\":\"2026-01-12T12:46:35+00:00\",\"breadcrumb\":{\"@id\":\"https:\/\/lfh.edu.gr\/les-resultats-aux-examens\/#breadcrumb\"},\"inLanguage\":\"el\",\"potentialAction\":[{\"@type\":\"ReadAction\",\"target\":[\"https:\/\/lfh.edu.gr\/les-resultats-aux-examens\/\"]}]},{\"@type\":\"BreadcrumbList\",\"@id\":\"https:\/\/lfh.edu.gr\/les-resultats-aux-examens\/#breadcrumb\",\"itemListElement\":[{\"@type\":\"ListItem\",\"position\":1,\"name\":\"Accueil\",\"item\":\"https:\/\/lfh.edu.gr\/\"},{\"@type\":\"ListItem\",\"position\":2,\"name\":\"Les r\u00e9sultats aux examens\"}]},{\"@type\":\"WebSite\",\"@id\":\"https:\/\/lfh.edu.gr\/#website\",\"url\":\"https:\/\/lfh.edu.gr\/\",\"name\":\"Lyc\u00e9e Franco-Hell\u00e9nique Eug\u00e8ne Delacroix\",\"description\":\"\",\"potentialAction\":[{\"@type\":\"SearchAction\",\"target\":{\"@type\":\"EntryPoint\",\"urlTemplate\":\"https:\/\/lfh.edu.gr\/?s={search_term_string}\"},\"query-input\":{\"@type\":\"PropertyValueSpecification\",\"valueRequired\":true,\"valueName\":\"search_term_string\"}}],\"inLanguage\":\"el\"}]}<\/script>\n<!-- \/ Yoast SEO plugin. -->","yoast_head_json":{"title":"Les r\u00e9sultats aux examens - Lyc\u00e9e Franco-Hell\u00e9nique Eug\u00e8ne Delacroix","robots":{"index":"index","follow":"follow","max-snippet":"max-snippet:-1","max-image-preview":"max-image-preview:large","max-video-preview":"max-video-preview:-1"},"canonical":"https:\/\/lfh.edu.gr\/el\/les-resultats-aux-examens\/","og_locale":"el_GR","og_type":"article","og_title":"Les r\u00e9sultats aux examens - Lyc\u00e9e Franco-Hell\u00e9nique Eug\u00e8ne Delacroix","og_url":"https:\/\/lfh.edu.gr\/el\/les-resultats-aux-examens\/","og_site_name":"Lyc\u00e9e Franco-Hell\u00e9nique Eug\u00e8ne Delacroix","twitter_card":"summary_large_image","schema":{"@context":"https:\/\/schema.org","@graph":[{"@type":"WebPage","@id":"https:\/\/lfh.edu.gr\/les-resultats-aux-examens\/","url":"https:\/\/lfh.edu.gr\/les-resultats-aux-examens\/","name":"Les r\u00e9sultats aux examens - Lyc\u00e9e Franco-Hell\u00e9nique Eug\u00e8ne Delacroix","isPartOf":{"@id":"https:\/\/lfh.edu.gr\/#website"},"datePublished":"2026-01-12T12:46:35+00:00","breadcrumb":{"@id":"https:\/\/lfh.edu.gr\/les-resultats-aux-examens\/#breadcrumb"},"inLanguage":"el","potentialAction":[{"@type":"ReadAction","target":["https:\/\/lfh.edu.gr\/les-resultats-aux-examens\/"]}]},{"@type":"BreadcrumbList","@id":"https:\/\/lfh.edu.gr\/les-resultats-aux-examens\/#breadcrumb","itemListElement":[{"@type":"ListItem","position":1,"name":"Accueil","item":"https:\/\/lfh.edu.gr\/"},{"@type":"ListItem","position":2,"name":"Les r\u00e9sultats aux examens"}]},{"@type":"WebSite","@id":"https:\/\/lfh.edu.gr\/#website","url":"https:\/\/lfh.edu.gr\/","name":"Lyc\u00e9e Franco-Hell\u00e9nique Eug\u00e8ne Delacroix","description":"","potentialAction":[{"@type":"SearchAction","target":{"@type":"EntryPoint","urlTemplate":"https:\/\/lfh.edu.gr\/?s={search_term_string}"},"query-input":{"@type":"PropertyValueSpecification","valueRequired":true,"valueName":"search_term_string"}}],"inLanguage":"el"}]}},"jetpack_sharing_enabled":true,"_links":{"self":[{"href":"https:\/\/lfh.edu.gr\/el\/wp-json\/wp\/v2\/pages\/1198","targetHints":{"allow":["GET"]}}],"collection":[{"href":"https:\/\/lfh.edu.gr\/el\/wp-json\/wp\/v2\/pages"}],"about":[{"href":"https:\/\/lfh.edu.gr\/el\/wp-json\/wp\/v2\/types\/page"}],"author":[{"embeddable":true,"href":"https:\/\/lfh.edu.gr\/el\/wp-json\/wp\/v2\/users\/4"}],"replies":[{"embeddable":true,"href":"https:\/\/lfh.edu.gr\/el\/wp-json\/wp\/v2\/comments?post=1198"}],"version-history":[{"count":2,"href":"https:\/\/lfh.edu.gr\/el\/wp-json\/wp\/v2\/pages\/1198\/revisions"}],"predecessor-version":[{"id":1205,"href":"https:\/\/lfh.edu.gr\/el\/wp-json\/wp\/v2\/pages\/1198\/revisions\/1205"}],"wp:attachment":[{"href":"https:\/\/lfh.edu.gr\/el\/wp-json\/wp\/v2\/media?parent=1198"}],"curies":[{"name":"wp","href":"https:\/\/api.w.org\/{rel}","templated":true}]}}